{"id":2254,"date":"2026-04-15T05:46:39","date_gmt":"2026-04-15T05:46:39","guid":{"rendered":"https:\/\/www.zmsh-semitech.com\/?post_type=product&#038;p=2254"},"modified":"2026-04-15T06:50:20","modified_gmt":"2026-04-15T06:50:20","slug":"8-inch-high-purity-fused-quartz-wafer-200mm-for-precision-sensors-and-optical-applications","status":"publish","type":"product","link":"https:\/\/www.zmsh-semitech.com\/cs\/product\/8-inch-high-purity-fused-quartz-wafer-200mm-for-precision-sensors-and-optical-applications\/","title":{"rendered":"8palcov\u00e1 desti\u010dka z taven\u00e9ho k\u0159emene vysok\u00e9 \u010distoty (200 mm) pro p\u0159esn\u00e9 senzory a optick\u00e9 aplikace"},"content":{"rendered":"<p data-start=\"363\" data-end=\"808\"><img fetchpriority=\"high\" decoding=\"async\" class=\"size-medium wp-image-2491 alignleft\" src=\"https:\/\/www.fuyao-quartz.com\/wp-content\/uploads\/2026\/03\/8inch_quartz_wafer_diameter_200mm_ttv_10_m_ra_1_0_nm_for_high_precision_sensors2-300x300.jpg\" alt=\"\" width=\"300\" height=\"300\" \/>8palcov\u00e1 desti\u010dka z taven\u00e9ho k\u0159emene je pr\u00e9miov\u00fd substr\u00e1t z vysoce \u010dist\u00e9ho syntetick\u00e9ho k\u0159emene (SiO\u2082 \u226599,99%) ur\u010den\u00fd pro vysoce p\u0159esn\u00e9 aplikace v polovodi\u010dov\u00fdch, optick\u00fdch a laserov\u00fdch syst\u00e9mech. Jeho ultra n\u00edzk\u00e1 tepeln\u00e1 rozta\u017enost, v\u00fdjime\u010dn\u00e1 propustnost UV-IR z\u00e1\u0159en\u00ed a vynikaj\u00edc\u00ed chemick\u00e1 odolnost z n\u011bj \u010din\u00ed ide\u00e1ln\u00ed materi\u00e1l pro n\u00e1ro\u010dn\u00e1 prost\u0159ed\u00ed, jako je fotolitografie, lept\u00e1n\u00ed, nan\u00e1\u0161en\u00ed tenk\u00fdch vrstev a v\u00fdroba vysoce p\u0159esn\u00fdch senzor\u016f.<\/p>\n<p data-start=\"810\" data-end=\"1058\">Ka\u017ed\u00fd pl\u00e1tek je pe\u010dliv\u011b vyr\u00e1b\u011bn pod p\u0159\u00edsnou kontrolou kvality v \u010dist\u00fdch prostor\u00e1ch, aby byla zaji\u0161t\u011bna vynikaj\u00edc\u00ed rovinnost, povrchov\u00e1 \u00faprava a \u010distota. To zaru\u010duje spolehliv\u00fd v\u00fdkon pro kritick\u00e9 pr\u016fmyslov\u00e9, v\u00fdzkumn\u00e9 a leteck\u00e9 aplikace.<\/p>\n<h3 data-start=\"1065\" data-end=\"1096\">Kl\u00ed\u010dov\u00e9 vlastnosti a v\u00fdhody<\/h3>\n<ul data-start=\"1098\" data-end=\"2065\">\n<li data-section-id=\"kgj1c0\" data-start=\"1098\" data-end=\"1198\">\n<p data-start=\"1100\" data-end=\"1198\"><strong data-start=\"1100\" data-end=\"1131\">Velmi vysok\u00e1 \u010distota (\u226599,99%)<\/strong>: Minimalizuje kontaminaci v polovodi\u010dov\u00fdch a optick\u00fdch procesech.<\/p>\n<\/li>\n<li data-section-id=\"7e6lqo\" data-start=\"1199\" data-end=\"1328\">\n<p data-start=\"1201\" data-end=\"1328\"><strong data-start=\"1201\" data-end=\"1234\">V\u00fdjime\u010dn\u00e1 tepeln\u00e1 stabilita<\/strong>: Bod m\u011bknut\u00ed ~1683 \u00b0C, kr\u00e1tkodob\u00e1 tolerance a\u017e 1450 \u00b0C pro vysokoteplotn\u00ed procesy.<img decoding=\"async\" class=\"size-medium wp-image-2488 alignright\" src=\"https:\/\/www.fuyao-quartz.com\/wp-content\/uploads\/2026\/03\/8inch_quartz_wafer_diameter_200mm_ttv_10_m_ra_1_0_nm_for_high_precision_sensors4-300x300.jpg\" alt=\"\" width=\"300\" height=\"300\" \/><\/p>\n<\/li>\n<li data-section-id=\"pxp023\" data-start=\"1329\" data-end=\"1433\">\n<p data-start=\"1331\" data-end=\"1433\"><strong data-start=\"1331\" data-end=\"1378\">Velmi n\u00edzk\u00e1 tepeln\u00e1 rozta\u017enost (0,55 \u00d7 10-\u2076\/K)<\/strong>: Zaji\u0161\u0165uje rozm\u011brovou stabilitu p\u0159i tepeln\u00e9m nam\u00e1h\u00e1n\u00ed.<\/p>\n<\/li>\n<li data-section-id=\"14xwsrz\" data-start=\"1434\" data-end=\"1557\">\n<p data-start=\"1436\" data-end=\"1557\"><strong data-start=\"1436\" data-end=\"1469\">Vynikaj\u00edc\u00ed optick\u00fd p\u0159enos<\/strong>: UV-IR rozsah 185 nm-2,5 \u00b5m, ide\u00e1ln\u00ed pro fotolitografii, laserovou optiku a UV senzory.<\/p>\n<\/li>\n<li data-section-id=\"yw53fa\" data-start=\"1558\" data-end=\"1678\">\n<p data-start=\"1560\" data-end=\"1678\"><strong data-start=\"1560\" data-end=\"1584\">Vysok\u00e1 kvalita povrchu<\/strong>: Ra \u22641,0 nm a TTV \u226410 \u00b5m pro rovnom\u011brn\u00e9 nan\u00e1\u0161en\u00ed tenk\u00fdch vrstev a p\u0159esnou integraci senzoru.<\/p>\n<\/li>\n<li data-section-id=\"w93pn9\" data-start=\"1679\" data-end=\"1805\">\n<p data-start=\"1681\" data-end=\"1805\"><strong data-start=\"1681\" data-end=\"1704\">Chemick\u00e1 odolnost<\/strong>: Odoln\u00fd v\u016f\u010di v\u011bt\u0161in\u011b kyselin (krom\u011b HF) a louh\u016f, vhodn\u00fd pro mokr\u00e9 lept\u00e1n\u00ed a drsn\u00e9 prost\u0159ed\u00ed.<\/p>\n<\/li>\n<li data-section-id=\"1n1qt20\" data-start=\"1806\" data-end=\"1915\">\n<p data-start=\"1808\" data-end=\"1915\"><strong data-start=\"1808\" data-end=\"1855\">Odolnost proti z\u00e1\u0159en\u00ed a dielektrick\u00e1 stabilita<\/strong>: Podporuje aplikace pro leteck\u00fd pr\u016fmysl a fyziku vysok\u00fdch energi\u00ed.<\/p>\n<\/li>\n<li data-section-id=\"dgvd7c\" data-start=\"1916\" data-end=\"2065\">\n<p data-start=\"1918\" data-end=\"2065\"><strong data-start=\"1918\" data-end=\"1949\">P\u0159izp\u016fsobiteln\u00e9 tvary a velikosti<\/strong>: Kulat\u00e9, \u010dtvercov\u00e9, prstencov\u00e9 nebo sektorov\u00e9 desti\u010dky s voliteln\u00fdm le\u0161t\u011bn\u00edm, AR\/IR\/DLC povlaky a mikrofabrikac\u00ed.<\/p>\n<\/li>\n<\/ul>\n<h3 data-start=\"2072\" data-end=\"2090\"><strong data-start=\"2072\" data-end=\"2088\">Aplikace<\/strong><\/h3>\n<div class=\"TyagGW_tableContainer\">\n<div class=\"group TyagGW_tableWrapper flex flex-col-reverse w-fit\" tabindex=\"-1\">\n<table class=\"w-fit min-w-(--thread-content-width)\" data-start=\"2092\" data-end=\"3021\">\n<thead data-start=\"2092\" data-end=\"2128\">\n<tr data-start=\"2092\" data-end=\"2128\">\n<th class=\"\" data-start=\"2092\" data-end=\"2103\" data-col-size=\"sm\">Pr\u016fmysl<\/th>\n<th class=\"\" data-start=\"2103\" data-end=\"2117\" data-col-size=\"md\">Aplikace<\/th>\n<th class=\"\" data-start=\"2117\" data-end=\"2128\" data-col-size=\"md\">Benefit<\/th>\n<\/tr>\n<\/thead>\n<tbody data-start=\"2165\" data-end=\"3021\">\n<tr data-start=\"2165\" data-end=\"2329\">\n<td data-start=\"2165\" data-end=\"2181\" data-col-size=\"sm\">Polovodi\u010de<\/td>\n<td data-start=\"2181\" data-end=\"2242\" data-col-size=\"md\">Substr\u00e1ty pro fotomasky, leptac\u00ed nosi\u010de, le\u0161tic\u00ed podlo\u017eky pro CMP<\/td>\n<td data-col-size=\"md\" data-start=\"2242\" data-end=\"2329\">Vysokoteplotn\u00ed stabilita, velmi n\u00edzk\u00e1 \u00farove\u0148 defekt\u016f, p\u0159esnost v\u00fdroby \u010dip\u016f<\/td>\n<\/tr>\n<tr data-start=\"2330\" data-end=\"2462\">\n<td data-start=\"2330\" data-end=\"2346\" data-col-size=\"sm\">Fotovoltaika<\/td>\n<td data-col-size=\"md\" data-start=\"2346\" data-end=\"2402\">Desky pro proces PECVD, substr\u00e1ty pro nan\u00e1\u0161en\u00ed tenk\u00fdch vrstev<\/td>\n<td data-col-size=\"md\" data-start=\"2402\" data-end=\"2462\">Odolnost proti teplotn\u00edm \u0161ok\u016fm, zvy\u0161uje \u00fa\u010dinnost sol\u00e1rn\u00edch \u010dl\u00e1nk\u016f<\/td>\n<\/tr>\n<tr data-start=\"2463\" data-end=\"2611\">\n<td data-start=\"2463\" data-end=\"2481\" data-col-size=\"sm\">Optoelektronika<\/td>\n<td data-col-size=\"md\" data-start=\"2481\" data-end=\"2533\">LED\/LD substr\u00e1ty, laserov\u00e1 okna, optick\u00e9 senzory<\/td>\n<td data-col-size=\"md\" data-start=\"2533\" data-end=\"2611\">Vysok\u00e1 UV-IR propustnost, n\u00edzk\u00e1 autofluorescence, zvy\u0161uje v\u00fdkon za\u0159\u00edzen\u00ed<\/td>\n<\/tr>\n<tr data-start=\"2612\" data-end=\"2755\">\n<td data-start=\"2612\" data-end=\"2631\" data-col-size=\"sm\">P\u0159esn\u00e1 optika<\/td>\n<td data-col-size=\"md\" data-start=\"2631\" data-end=\"2685\">Substr\u00e1ty \u010do\u010dek, hranoly, d\u011bli\u010de paprsk\u016f, IR okna<\/td>\n<td data-col-size=\"md\" data-start=\"2685\" data-end=\"2755\">N\u00edzk\u00e1 tepeln\u00e1 rozta\u017enost, vysok\u00e1 homogenita, optick\u00e1 stabilita<\/td>\n<\/tr>\n<tr data-start=\"2756\" data-end=\"2891\">\n<td data-start=\"2756\" data-end=\"2773\" data-col-size=\"sm\">V\u00fdzkum a laborato\u0159<\/td>\n<td data-col-size=\"md\" data-start=\"2773\" data-end=\"2837\">Synchrotronov\u00e9 z\u00e1\u0159en\u00ed, VUV experimenty, vysokoenergetick\u00e9 detektory<\/td>\n<td data-col-size=\"md\" data-start=\"2837\" data-end=\"2891\">Odolnost v\u016f\u010di z\u00e1\u0159en\u00ed, odolnost v\u016f\u010di extr\u00e9mn\u00edm podm\u00ednk\u00e1m<\/td>\n<\/tr>\n<tr data-start=\"2892\" data-end=\"3021\">\n<td data-start=\"2892\" data-end=\"2904\" data-col-size=\"sm\">Letectv\u00ed a kosmonautika<\/td>\n<td data-col-size=\"md\" data-start=\"2904\" data-end=\"2969\">Satelitn\u00ed optick\u00e1 okna, vysokoteplotn\u00ed pozorovac\u00ed panely<\/td>\n<td data-col-size=\"md\" data-start=\"2969\" data-end=\"3021\">Odolnost proti teplotn\u00edm \u0161ok\u016fm, spolehlivost na vesm\u00edrn\u00e9 \u00farovni<\/td>\n<\/tr>\n<\/tbody>\n<\/table>\n<\/div>\n<\/div>\n<h3 data-start=\"3028\" data-end=\"3058\"><strong data-start=\"3028\" data-end=\"3056\">Technick\u00e9 specifikace<\/strong><\/h3>\n<div class=\"TyagGW_tableContainer\">\n<div class=\"group TyagGW_tableWrapper flex flex-col-reverse w-fit\" tabindex=\"-1\">\n<table class=\"w-fit min-w-(--thread-content-width)\" data-start=\"3060\" data-end=\"3704\">\n<thead data-start=\"3060\" data-end=\"3089\">\n<tr data-start=\"3060\" data-end=\"3089\">\n<th class=\"\" data-start=\"3060\" data-end=\"3072\" data-col-size=\"sm\">Parametr<\/th>\n<th class=\"\" data-start=\"3072\" data-end=\"3089\" data-col-size=\"md\">Specifikace<\/th>\n<\/tr>\n<\/thead>\n<tbody data-start=\"3120\" data-end=\"3704\">\n<tr data-start=\"3120\" data-end=\"3172\">\n<td data-start=\"3120\" data-end=\"3131\" data-col-size=\"sm\">Materi\u00e1l<\/td>\n<td data-col-size=\"md\" data-start=\"3131\" data-end=\"3172\">Syntetick\u00fd taven\u00fd k\u0159emen (SiO\u2082 \u226599.99%)<\/td>\n<\/tr>\n<tr data-start=\"3173\" data-end=\"3203\">\n<td data-start=\"3173\" data-end=\"3184\" data-col-size=\"sm\">Pr\u016fm\u011br<\/td>\n<td data-col-size=\"md\" data-start=\"3184\" data-end=\"3203\">200 mm (8 palc\u016f)<\/td>\n<\/tr>\n<tr data-start=\"3204\" data-end=\"3257\">\n<td data-start=\"3204\" data-end=\"3222\" data-col-size=\"sm\">Rozsah tlou\u0161\u0165ky<\/td>\n<td data-col-size=\"md\" data-start=\"3222\" data-end=\"3257\">100 \u00b5m - 3000 \u00b5m (p\u0159izp\u016fsobiteln\u00e9)<\/td>\n<\/tr>\n<tr data-start=\"3258\" data-end=\"3302\">\n<td data-start=\"3258\" data-end=\"3292\" data-col-size=\"sm\">Celkov\u00e1 odchylka tlou\u0161\u0165ky (TTV)<\/td>\n<td data-col-size=\"md\" data-start=\"3292\" data-end=\"3302\">\u226410 \u00b5m<\/td>\n<\/tr>\n<tr data-start=\"3303\" data-end=\"3339\">\n<td data-start=\"3303\" data-end=\"3328\" data-col-size=\"sm\">Drsnost povrchu (Ra)<\/td>\n<td data-col-size=\"md\" data-start=\"3328\" data-end=\"3339\">\u22641,0 nm<\/td>\n<\/tr>\n<tr data-start=\"3340\" data-end=\"3378\">\n<td data-start=\"3340\" data-end=\"3365\" data-col-size=\"sm\">Celkov\u00fd obsah ne\u010distot<\/td>\n<td data-col-size=\"md\" data-start=\"3365\" data-end=\"3378\">\u22642,0 \u00b5g\/g<\/td>\n<\/tr>\n<tr data-start=\"3379\" data-end=\"3439\">\n<td data-start=\"3379\" data-end=\"3411\" data-col-size=\"sm\">Koeficient tepeln\u00e9 rozta\u017enosti<\/td>\n<td data-col-size=\"md\" data-start=\"3411\" data-end=\"3439\">0,55 \u00d7 10-\u2076\/K (20-300 \u00b0C)<\/td>\n<\/tr>\n<tr data-start=\"3440\" data-end=\"3516\">\n<td data-start=\"3440\" data-end=\"3465\" data-col-size=\"sm\">Teplotn\u00ed odolnost<\/td>\n<td data-col-size=\"md\" data-start=\"3465\" data-end=\"3516\">Bod m\u011bknut\u00ed 1683 \u00b0C, kr\u00e1tkodob\u011b a\u017e 1450 \u00b0C<\/td>\n<\/tr>\n<tr data-start=\"3517\" data-end=\"3557\">\n<td data-start=\"3517\" data-end=\"3536\" data-col-size=\"sm\">Propustnost UV z\u00e1\u0159en\u00ed<\/td>\n<td data-start=\"3536\" data-end=\"3557\" data-col-size=\"md\">&gt;90% (200-260 nm)<\/td>\n<\/tr>\n<tr data-start=\"3558\" data-end=\"3607\">\n<td data-start=\"3558\" data-end=\"3577\" data-col-size=\"sm\">Rovinnost povrchu<\/td>\n<td data-start=\"3577\" data-end=\"3607\" data-col-size=\"md\">Vysok\u00e1 p\u0159esnost, TTV \u226410 \u00b5m<\/td>\n<\/tr>\n<tr data-start=\"3608\" data-end=\"3669\">\n<td data-start=\"3608\" data-end=\"3624\" data-col-size=\"sm\">Mo\u017enosti tvaru<\/td>\n<td data-start=\"3624\" data-end=\"3669\" data-col-size=\"md\">Kulat\u00e9 (standardn\u00ed), k dispozici jsou i tvary na zak\u00e1zku<\/td>\n<\/tr>\n<tr data-start=\"3670\" data-end=\"3704\">\n<td data-start=\"3670\" data-end=\"3687\" data-col-size=\"sm\">Certifikace<\/td>\n<td data-start=\"3687\" data-end=\"3704\" data-col-size=\"md\">RoHS, ISO9001<\/td>\n<\/tr>\n<\/tbody>\n<\/table>\n<\/div>\n<\/div>\n<h3 data-start=\"3711\" data-end=\"3720\"><strong data-start=\"3711\" data-end=\"3718\"><img decoding=\"async\" class=\"size-medium wp-image-2487 alignleft\" src=\"https:\/\/www.fuyao-quartz.com\/wp-content\/uploads\/2026\/03\/8inch_quartz_wafer_diameter_200mm_ttv_10_m_ra_1_0_nm_for_high_precision_sensors3-300x300.jpg\" alt=\"\" width=\"300\" height=\"300\" \/>\u010cASTO KLADEN\u00c9 DOTAZY<\/strong><\/h3>\n<ol data-start=\"3722\" data-end=\"4461\">\n<li data-section-id=\"1p6zuwb\" data-start=\"3722\" data-end=\"3925\">\n<p data-start=\"3725\" data-end=\"3925\"><strong data-start=\"3725\" data-end=\"3789\">Ot\u00e1zka: Jak\u00e1 je standardn\u00ed tlou\u0161\u0165ka 8palcov\u00e9ho k\u0159emenn\u00e9ho pl\u00e1tku?<\/strong><br data-start=\"3789\" data-end=\"3792\" \/><strong data-start=\"3795\" data-end=\"3801\">A:<\/strong> Standardn\u00ed tlou\u0161\u0165ka je 0,5-1,0 mm, p\u0159i\u010dem\u017e pro specializovan\u00e9 polovodi\u010dov\u00e9 a optick\u00e9 aplikace lze zvolit a\u017e 10 mm.<\/p>\n<\/li>\n<li data-section-id=\"douphg\" data-start=\"3927\" data-end=\"4215\">\n<p data-start=\"3930\" data-end=\"4215\"><strong data-start=\"3930\" data-end=\"3988\">Ot\u00e1zka: Pro\u010d si vybrat taven\u00e9 k\u0159emenn\u00e9 desti\u010dky m\u00edsto k\u0159em\u00edkov\u00fdch?<\/strong><br data-start=\"3988\" data-end=\"3991\" \/><strong data-start=\"3994\" data-end=\"4000\">A:<\/strong> Taven\u00e9 k\u0159emenn\u00e9 desti\u010dky poskytuj\u00ed vynikaj\u00edc\u00ed UV pr\u016fhlednost, vy\u0161\u0161\u00ed tepelnou stabilitu (a\u017e do 1730 \u00b0C), chemickou odolnost a rozm\u011brovou st\u00e1lost, tak\u017ee jsou ide\u00e1ln\u00ed pro vysoce p\u0159esnou litografii a n\u00e1ro\u010dn\u00e9 procesy.<\/p>\n<\/li>\n<li data-section-id=\"1mys3u\" data-start=\"4217\" data-end=\"4461\">\n<p data-start=\"4220\" data-end=\"4461\"><strong data-start=\"4220\" data-end=\"4287\">Ot\u00e1zka: M\u016f\u017ee spole\u010dnost FUYAO poskytovat vlastn\u00ed tvary desti\u010dek a povrchov\u00e9 \u00fapravy?<\/strong><br data-start=\"4287\" data-end=\"4290\" \/><strong data-start=\"4293\" data-end=\"4299\">A:<\/strong> Ano. Na v\u00fdb\u011br jsou desti\u010dky kulat\u00e9, \u010dtvercov\u00e9, prstencov\u00e9, sektorov\u00e9, s povrchovou \u00fapravou, jako je optick\u00e9 le\u0161t\u011bn\u00ed, povlaky AR\/IR\/DLC, vrt\u00e1n\u00ed a dr\u00e1\u017ekov\u00e1n\u00ed.<\/p>\n<\/li>\n<\/ol>","protected":false},"excerpt":{"rendered":"<p>8palcov\u00e1 desti\u010dka z taven\u00e9ho k\u0159emene je pr\u00e9miov\u00fd substr\u00e1t z vysoce \u010dist\u00e9ho syntetick\u00e9ho k\u0159emene (SiO\u2082 \u226599,99%) ur\u010den\u00fd pro vysoce p\u0159esn\u00e9 aplikace v polovodi\u010dov\u00fdch, optick\u00fdch a laserov\u00fdch syst\u00e9mech. Jeho ultra n\u00edzk\u00e1 tepeln\u00e1 rozta\u017enost, v\u00fdjime\u010dn\u00e1 propustnost UV-IR z\u00e1\u0159en\u00ed a vynikaj\u00edc\u00ed chemick\u00e1 odolnost z n\u011bj \u010din\u00ed ide\u00e1ln\u00ed materi\u00e1l pro n\u00e1ro\u010dn\u00e1 prost\u0159ed\u00ed, jako je fotolitografie, lept\u00e1n\u00ed, nan\u00e1\u0161en\u00ed tenk\u00fdch vrstev a v\u00fdroba vysoce p\u0159esn\u00fdch senzor\u016f.<\/p>","protected":false},"featured_media":2265,"comment_status":"open","ping_status":"closed","template":"","meta":{"site-sidebar-layout":"default","site-content-layout":"","ast-site-content-layout":"default","site-content-style":"default","site-sidebar-style":"default","ast-global-header-display":"","ast-banner-title-visibility":"","ast-main-header-display":"","ast-hfb-above-header-display":"","ast-hfb-below-header-display":"","ast-hfb-mobile-header-display":"","site-post-title":"","ast-breadcrumbs-content":"","ast-featured-img":"","footer-sml-layout":"","ast-disable-related-posts":"","theme-transparent-header-meta":"default","adv-header-id-meta":"","stick-header-meta":"default","header-above-stick-meta":"","header-main-stick-meta":"","header-below-stick-meta":"","astra-migrate-meta-layouts":"set","ast-page-background-enabled":"default","ast-page-background-meta":{"desktop":{"background-color":"var(--ast-global-color-4)","background-image":"","background-repeat":"repeat","background-position":"center center","background-size":"auto","background-attachment":"scroll","background-type":"","background-media":"","overlay-type":"","overlay-color":"","overlay-opacity":"","overlay-gradient":""},"tablet":{"background-color":"","background-image":"","background-repeat":"repeat","background-position":"center center","background-size":"auto","background-attachment":"scroll","background-type":"","background-media":"","overlay-type":"","overlay-color":"","overlay-opacity":"","overlay-gradient":""},"mobile":{"background-color":"","background-image":"","background-repeat":"repeat","background-position":"center center","background-size":"auto","background-attachment":"scroll","background-type":"","background-media":"","overlay-type":"","overlay-color":"","overlay-opacity":"","overlay-gradient":""}},"ast-content-background-meta":{"desktop":{"background-color":"var(--ast-global-color-5)","background-image":"","background-repeat":"repeat","background-position":"center center","background-size":"auto","background-attachment":"scroll","background-type":"","background-media":"","overlay-type":"","overlay-color":"","overlay-opacity":"","overlay-gradient":""},"tablet":{"background-color":"var(--ast-global-color-5)","background-image":"","background-repeat":"repeat","background-position":"center center","background-size":"auto","background-attachment":"scroll","background-type":"","background-media":"","overlay-type":"","overlay-color":"","overlay-opacity":"","overlay-gradient":""},"mobile":{"background-color":"var(--ast-global-color-5)","background-image":"","background-repeat":"repeat","background-position":"center center","background-size":"auto","background-attachment":"scroll","background-type":"","background-media":"","overlay-type":"","overlay-color":"","overlay-opacity":"","overlay-gradient":""}}},"product_brand":[],"product_cat":[729],"product_tag":[1070,1071,1072,1073,1054,1074,1075,1058,1076,1077,1078,1079,1080,1081,1082,1083,1084,1085,1086,1087],"class_list":{"0":"post-2254","1":"product","2":"type-product","3":"status-publish","4":"has-post-thumbnail","6":"product_cat-wafer","7":"product_tag-200mm-quartz-wafer","8":"product_tag-8-inch-quartz-wafer","9":"product_tag-aerospace-quartz-wafer","10":"product_tag-chemical-resistant-quartz","11":"product_tag-custom-quartz-wafer","12":"product_tag-fused-quartz-plate","13":"product_tag-high-purity-fused-quartz","14":"product_tag-high-temperature-quartz-wafer","15":"product_tag-laser-system-wafer","16":"product_tag-low-thermal-expansion-quartz","17":"product_tag-mems-wafer","18":"product_tag-optical-grade-quartz-wafer","19":"product_tag-precision-sensors-wafer","20":"product_tag-ra-1-0nm","21":"product_tag-semiconductor-wafer-substrate","22":"product_tag-sio2-wafer","23":"product_tag-synthetic-quartz-wafer","24":"product_tag-thin-film-deposition-substrate","25":"product_tag-ttv-10m","26":"product_tag-uv-optical-device-wafer","27":"desktop-align-left","28":"tablet-align-left","29":"mobile-align-left","30":"ast-product-gallery-layout-horizontal-slider","31":"ast-product-tabs-layout-horizontal","33":"first","34":"instock","35":"shipping-taxable","36":"product-type-simple"},"_links":{"self":[{"href":"https:\/\/www.zmsh-semitech.com\/cs\/wp-json\/wp\/v2\/product\/2254","targetHints":{"allow":["GET"]}}],"collection":[{"href":"https:\/\/www.zmsh-semitech.com\/cs\/wp-json\/wp\/v2\/product"}],"about":[{"href":"https:\/\/www.zmsh-semitech.com\/cs\/wp-json\/wp\/v2\/types\/product"}],"replies":[{"embeddable":true,"href":"https:\/\/www.zmsh-semitech.com\/cs\/wp-json\/wp\/v2\/comments?post=2254"}],"version-history":[{"count":4,"href":"https:\/\/www.zmsh-semitech.com\/cs\/wp-json\/wp\/v2\/product\/2254\/revisions"}],"predecessor-version":[{"id":2269,"href":"https:\/\/www.zmsh-semitech.com\/cs\/wp-json\/wp\/v2\/product\/2254\/revisions\/2269"}],"wp:featuredmedia":[{"embeddable":true,"href":"https:\/\/www.zmsh-semitech.com\/cs\/wp-json\/wp\/v2\/media\/2265"}],"wp:attachment":[{"href":"https:\/\/www.zmsh-semitech.com\/cs\/wp-json\/wp\/v2\/media?parent=2254"}],"wp:term":[{"taxonomy":"product_brand","embeddable":true,"href":"https:\/\/www.zmsh-semitech.com\/cs\/wp-json\/wp\/v2\/product_brand?post=2254"},{"taxonomy":"product_cat","embeddable":true,"href":"https:\/\/www.zmsh-semitech.com\/cs\/wp-json\/wp\/v2\/product_cat?post=2254"},{"taxonomy":"product_tag","embeddable":true,"href":"https:\/\/www.zmsh-semitech.com\/cs\/wp-json\/wp\/v2\/product_tag?post=2254"}],"curies":[{"name":"wp","href":"https:\/\/api.w.org\/{rel}","templated":true}]}}