{"id":2253,"date":"2026-04-15T05:46:37","date_gmt":"2026-04-15T05:46:37","guid":{"rendered":"https:\/\/www.zmsh-semitech.com\/?post_type=product&#038;p=2253"},"modified":"2026-04-20T01:22:42","modified_gmt":"2026-04-20T01:22:42","slug":"2-inch-quartz-wafer-dsp-ssp-polished-substrate-for-mems-semiconductor-optical-use","status":"publish","type":"product","link":"https:\/\/www.zmsh-semitech.com\/cs\/product\/2-inch-quartz-wafer-dsp-ssp-polished-substrate-for-mems-semiconductor-optical-use\/","title":{"rendered":"2palcov\u00e1 k\u0159emenn\u00e1 desti\u010dka DSP\/SSP Le\u0161t\u011bn\u00fd substr\u00e1t pro pou\u017eit\u00ed v MEMS, polovodi\u010d\u00edch a optice"},"content":{"rendered":"<h2 data-section-id=\"1bovg99\" data-start=\"217\" data-end=\"240\"><strong data-start=\"220\" data-end=\"240\">P\u0159ehled produkt\u016f<\/strong><\/h2>\n<p data-start=\"242\" data-end=\"689\"><img fetchpriority=\"high\" decoding=\"async\" class=\"alignleft wp-image-2132 size-medium\" src=\"https:\/\/www.fuyao-quartz.com\/wp-content\/uploads\/2026\/03\/2-Inch-Quartz-Glass-Wafer-DSP-SSP-Diameter-50.8mm22-300x300.jpg\" alt=\"2palcov\u00e1 k\u0159emenn\u00e1 desti\u010dka DSP\/SSP Le\u0161t\u011bn\u00fd substr\u00e1t pro pou\u017eit\u00ed v MEMS, polovodi\u010d\u00edch a optice\" width=\"300\" height=\"300\" \/>Dvoupalcov\u00e1 k\u0159emenn\u00e1 desti\u010dka je polovodi\u010dov\u00fd substr\u00e1t vyroben\u00fd z vysoce \u010dist\u00e9ho oxidu k\u0159emi\u010dit\u00e9ho (SiO\u2082). D\u00edky p\u0159esn\u00fdm technik\u00e1m zpracov\u00e1n\u00ed, jako je CNC \u0159ez\u00e1n\u00ed a laserov\u00e9 le\u0161t\u011bn\u00ed, dosahuje mikronov\u00e9 rovinnosti. Tyto desti\u010dky spl\u0148uj\u00ed normy SEMI a podporuj\u00ed p\u0159izp\u016fsoben\u00ed rozm\u011br\u016f a tlou\u0161\u0165ky (tolerance \u00b10,02 mm), tak\u017ee jsou vhodn\u00e9 pro optoelektroniku, MEMS (mikroelektromechanick\u00e9 syst\u00e9my) a balen\u00ed polovodi\u010d\u016f.<\/p>\n<p data-start=\"691\" data-end=\"1119\">Spole\u010dnost Fuyao poskytuje v\u00fdrobu na m\u00edru pro nestandardn\u00ed geometrie, v\u010detn\u011b voln\u00fdch tvar\u016f, odstup\u0148ovan\u00e9 tlou\u0161\u0165ky a pokro\u010dil\u00fdch povrchov\u00fdch \u00faprav, jako jsou antireflexn\u00ed (AR) povlaky a hydrofobn\u00ed f\u00f3lie. Kontrola kvality cel\u00e9ho procesu zaji\u0161\u0165uje celkovou odchylku tlou\u0161\u0165ky (TTV) &lt;0,005 mm a drsnost povrchu Ra &lt;1,5 nm. Pro \u010dasov\u011b n\u00e1ro\u010dn\u00e9 projekty je k dispozici v\u00fdroba prototyp\u016f v mal\u00fdch s\u00e9ri\u00edch (minim\u00e1ln\u011b 10 kus\u016f) a mo\u017enost rychl\u00e9ho dod\u00e1n\u00ed.<\/p>\n<h1 data-section-id=\"w7qc3s\" data-start=\"1126\" data-end=\"1146\"><strong data-start=\"1128\" data-end=\"1146\">Specifikace<\/strong><\/h1>\n<table class=\"w-fit min-w-(--thread-content-width)\" data-start=\"1148\" data-end=\"1633\">\n<thead data-start=\"1148\" data-end=\"1177\">\n<tr data-start=\"1148\" data-end=\"1177\">\n<th class=\"\" data-start=\"1148\" data-end=\"1160\" data-col-size=\"sm\">Parametr<\/th>\n<th class=\"\" data-start=\"1160\" data-end=\"1177\" data-col-size=\"sm\">Specifikace<\/th>\n<\/tr>\n<\/thead>\n<tbody data-start=\"1188\" data-end=\"1633\">\n<tr data-start=\"1188\" data-end=\"1219\">\n<td data-start=\"1188\" data-end=\"1199\" data-col-size=\"sm\">Pr\u016fm\u011br<\/td>\n<td data-col-size=\"sm\" data-start=\"1199\" data-end=\"1219\">2 palce (50,8 mm)<\/td>\n<\/tr>\n<tr data-start=\"1220\" data-end=\"1257\">\n<td data-start=\"1220\" data-end=\"1238\" data-col-size=\"sm\">Rozsah tlou\u0161\u0165ky<\/td>\n<td data-col-size=\"sm\" data-start=\"1238\" data-end=\"1257\">0,1 mm - 1,0 mm<\/td>\n<\/tr>\n<tr data-start=\"1258\" data-end=\"1287\">\n<td data-start=\"1258\" data-end=\"1276\" data-col-size=\"sm\">\u010cistota materi\u00e1lu<\/td>\n<td data-col-size=\"sm\" data-start=\"1276\" data-end=\"1287\">\u226599.99%<\/td>\n<\/tr>\n<tr data-start=\"1288\" data-end=\"1322\">\n<td data-start=\"1288\" data-end=\"1313\" data-col-size=\"sm\">Drsnost povrchu (Ra)<\/td>\n<td data-col-size=\"sm\" data-start=\"1313\" data-end=\"1322\">\u22645 nm<\/td>\n<\/tr>\n<tr data-start=\"1323\" data-end=\"1361\">\n<td data-start=\"1323\" data-end=\"1351\" data-col-size=\"sm\">Celkov\u00e1 odchylka tlou\u0161\u0165ky<\/td>\n<td data-col-size=\"sm\" data-start=\"1351\" data-end=\"1361\">\u226410 \u03bcm<\/td>\n<\/tr>\n<tr data-start=\"1362\" data-end=\"1396\">\n<td data-start=\"1362\" data-end=\"1388\" data-col-size=\"sm\">Propustnost (@193 nm)<\/td>\n<td data-col-size=\"sm\" data-start=\"1388\" data-end=\"1396\">&gt;90%<\/td>\n<\/tr>\n<tr data-start=\"1397\" data-end=\"1449\">\n<td data-start=\"1397\" data-end=\"1432\" data-col-size=\"sm\">Koeficient tepeln\u00e9 rozta\u017enosti<\/td>\n<td data-col-size=\"sm\" data-start=\"1432\" data-end=\"1449\">~0.55\u00d710-\u2076\/\u00b0C<\/td>\n<\/tr>\n<tr data-start=\"1450\" data-end=\"1479\">\n<td data-start=\"1450\" data-end=\"1468\" data-col-size=\"sm\">Bod m\u011bknut\u00ed<\/td>\n<td data-col-size=\"sm\" data-start=\"1468\" data-end=\"1479\">~1665\u00b0C<\/td>\n<\/tr>\n<tr data-start=\"1480\" data-end=\"1515\">\n<td data-start=\"1480\" data-end=\"1492\" data-col-size=\"sm\">Balen\u00ed<\/td>\n<td data-col-size=\"sm\" data-start=\"1492\" data-end=\"1515\">\u010cist\u00e9 prostory 100 \u00farovn\u00ed<\/td>\n<\/tr>\n<\/tbody>\n<\/table>\n<div class=\"TyagGW_tableContainer\">\n<div class=\"group TyagGW_tableWrapper flex flex-col-reverse w-fit\" tabindex=\"-1\"><strong style=\"font-size: 2em;\" data-start=\"1642\" data-end=\"1665\">Kl\u00ed\u010dov\u00e9 charakteristiky<\/strong><\/div>\n<\/div>\n<p data-start=\"1667\" data-end=\"1689\">1 Optick\u00e1 dokonalost<\/p>\n<ul data-start=\"1690\" data-end=\"1956\">\n<li data-section-id=\"nemsbs\" data-start=\"1690\" data-end=\"1818\">\n<p data-start=\"1692\" data-end=\"1818\">\u0160irok\u00e9 spektrum propustnosti: &gt;V ultrafialov\u00e9m p\u00e1smu (185-3500 nm) s vynikaj\u00edc\u00edm v\u00fdkonem v kr\u00e1tkovlnn\u00e9m UV z\u00e1\u0159en\u00ed (185 nm).<img decoding=\"async\" class=\"size-medium wp-image-2133 alignright\" src=\"https:\/\/www.fuyao-quartz.com\/wp-content\/uploads\/2026\/03\/2-Inch-Quartz-Glass-Wafer-DSP-SSP-Diameter-50.8mm11-300x300.jpg\" alt=\"2 palcov\u00e9 k\u0159emenn\u00e9 sklen\u011bn\u00e9 desti\u010dky dsp ssp pr\u016fm\u011br 50,8 mm\" width=\"300\" height=\"300\" \/><\/p>\n<\/li>\n<li data-section-id=\"1up6lta\" data-start=\"1819\" data-end=\"1956\">\n<p data-start=\"1821\" data-end=\"1956\">N\u00edzk\u00e1 tepeln\u00e1 rozta\u017enost: CTE ~0,52\u00d710-\u2076\/\u00b0C (5-35\u00b0C), vydr\u017e\u00ed dlouhodob\u00e9 teploty a\u017e 1100\u00b0C a kr\u00e1tkodob\u00e9 p\u016fsoben\u00ed a\u017e 1450\u00b0C.<\/p>\n<\/li>\n<\/ul>\n<p data-start=\"1958\" data-end=\"1995\">2 Mechanick\u00e1 a chemick\u00e1 stabilita<\/p>\n<ul data-start=\"1996\" data-end=\"2190\">\n<li data-section-id=\"xr75lz\" data-start=\"1996\" data-end=\"2082\">\n<p data-start=\"1998\" data-end=\"2082\">Vysok\u00e1 pevnost: Tvrdost v ohybu 2-3\u00d7 vy\u0161\u0161\u00ed ne\u017e u standardn\u00edho skla, tvrdost podle Mohse 7.<\/p>\n<\/li>\n<li data-section-id=\"qdqhw0\" data-start=\"2083\" data-end=\"2190\">\n<p data-start=\"2085\" data-end=\"2190\">Odolnost proti korozi: Odolnost v\u016f\u010di kyselin\u00e1m je 30\u00d7 vy\u0161\u0161\u00ed ne\u017e u keramiky, vhodn\u00e1 do n\u00e1ro\u010dn\u00e9ho chemick\u00e9ho prost\u0159ed\u00ed.<\/p>\n<\/li>\n<\/ul>\n<p data-start=\"2192\" data-end=\"2217\">3 Elektrick\u00e1 izolace<\/p>\n<ul data-start=\"2218\" data-end=\"2332\">\n<li data-section-id=\"q09nlj\" data-start=\"2218\" data-end=\"2332\">\n<p data-start=\"2220\" data-end=\"2332\">Odpor p\u0159esahuj\u00edc\u00ed 10\u00b9\u2078 \u03a9-cm s n\u00edzk\u00fdmi dielektrick\u00fdmi ztr\u00e1tami p\u0159i vysok\u00fdch frekvenc\u00edch, ide\u00e1ln\u00ed pro VF obvody a senzory.<\/p>\n<\/li>\n<\/ul>\n<h1 data-section-id=\"1suq60z\" data-start=\"2339\" data-end=\"2365\"><strong data-start=\"2341\" data-end=\"2365\">Prim\u00e1rn\u00ed aplikace<\/strong><\/h1>\n<p data-start=\"2367\" data-end=\"2398\">1 V\u00fdroba polovodi\u010d\u016f<\/p>\n<ul data-start=\"2399\" data-end=\"2642\">\n<li data-section-id=\"ay8lkm\" data-start=\"2399\" data-end=\"2524\">\n<p data-start=\"2401\" data-end=\"2524\">Substr\u00e1ty pro obrazov\u00e9 senzory CMOS a balen\u00ed \u010dip\u016f RFID, kter\u00e9 podporuj\u00ed balen\u00ed na \u00farovni waferu (WLP) pro vy\u0161\u0161\u00ed integraci.<\/p>\n<\/li>\n<li data-section-id=\"mkidgm\" data-start=\"2525\" data-end=\"2642\">\n<p data-start=\"2527\" data-end=\"2642\">substr\u00e1ty pro za\u0159\u00edzen\u00ed MEMS (nap\u0159. sn\u00edma\u010de tlaku, akcelerometry) zaji\u0161\u0165uj\u00edc\u00ed struktur\u00e1ln\u00ed stabilitu mikrosou\u010d\u00e1stek.<\/p>\n<\/li>\n<\/ul>\n<p data-start=\"2644\" data-end=\"2670\">2 Optoelektronick\u00e9 syst\u00e9my<\/p>\n<ul data-start=\"2671\" data-end=\"2841\">\n<li data-section-id=\"105rzi4\" data-start=\"2671\" data-end=\"2769\">\n<p data-start=\"2673\" data-end=\"2769\">UV laserov\u00e1 okna a optick\u00e9 komunika\u010dn\u00ed spojky, kter\u00e9 vyu\u017e\u00edvaj\u00ed vynikaj\u00edc\u00ed p\u0159enos UV z\u00e1\u0159en\u00ed.<\/p>\n<\/li>\n<li data-section-id=\"1e9auxg\" data-start=\"2770\" data-end=\"2841\">\n<p data-start=\"2772\" data-end=\"2841\">Leteck\u00e1 optick\u00e1 okna odoln\u00e1 v\u016f\u010di z\u00e1\u0159en\u00ed a tepeln\u00fdm cykl\u016fm.<\/p>\n<\/li>\n<\/ul>\n<p data-start=\"2843\" data-end=\"2867\">3 Zdravotnictv\u00ed a v\u00fdzkum<\/p>\n<ul data-start=\"2868\" data-end=\"3001\">\n<li data-section-id=\"kj96yb\" data-start=\"2868\" data-end=\"2939\">\n<p data-start=\"2870\" data-end=\"2939\">Vysokoteplotn\u00ed optick\u00e9 komponenty pro endoskopick\u00e9 zobrazovac\u00ed syst\u00e9my.<\/p>\n<\/li>\n<li data-section-id=\"18y49e0\" data-start=\"2940\" data-end=\"3001\">\n<p data-start=\"2942\" data-end=\"3001\">Tepeln\u011b odoln\u00e1 pozorovac\u00ed okna pro laboratorn\u00ed reaktory.<\/p>\n<\/li>\n<\/ul>\n<p data-start=\"3003\" data-end=\"3039\">4 specializovan\u00e9 k\u0159emenn\u00e9 okenn\u00ed desky<\/p>\n<ul data-start=\"3040\" data-end=\"3372\">\n<li data-section-id=\"toaotg\" data-start=\"3040\" data-end=\"3102\">\n<p data-start=\"3042\" data-end=\"3102\">Voln\u011b tvarovan\u00e9 povrchy, asymetrick\u00e9 otvory, odstup\u0148ovan\u00e1 tlou\u0161\u0165ka.<\/p>\n<\/li>\n<li data-section-id=\"17bkuwy\" data-start=\"3103\" data-end=\"3156\">\n<p data-start=\"3105\" data-end=\"3156\">Okna s \u00fahlov\u00fdm \u0159ezem pro minimalizaci ztr\u00e1t odrazem.<\/p>\n<\/li>\n<li data-section-id=\"hue61i\" data-start=\"3157\" data-end=\"3211\">\n<p data-start=\"3159\" data-end=\"3211\">Pr\u016fchoz\u00ed okna pro integraci v\u00edce senzor\u016f.<\/p>\n<\/li>\n<li data-section-id=\"hhfdk8\" data-start=\"3212\" data-end=\"3372\">\n<p data-start=\"3214\" data-end=\"3372\">Rychl\u00e9 prototypov\u00e1n\u00ed: Voliteln\u00e9 vakuov\u00e9 povlaky (AR nebo reflexn\u00ed povlaky) pro v\u00fdzkum a vojensk\u00e9 aplikace.<\/p>\n<\/li>\n<\/ul>\n<h1 data-section-id=\"1iusff4\" data-start=\"3379\" data-end=\"3388\"><strong data-start=\"3381\" data-end=\"3388\">\u010cASTO KLADEN\u00c9 DOTAZY<\/strong><\/h1>\n<p data-start=\"3390\" data-end=\"3791\"><strong>1 Pro\u010d si vybrat 2palcov\u00e9 k\u0159emenn\u00e9 desti\u010dky ?<\/strong><br data-start=\"3423\" data-end=\"3426\" \/>Dvoupalcov\u00e9 k\u0159emenn\u00e9 desti\u010dky jsou polovodi\u010dov\u00e9 substr\u00e1ty vyroben\u00e9 z vysoce \u010dist\u00e9ho oxidu k\u0159emi\u010dit\u00e9ho (SiO\u2082). Dosahuj\u00ed mikronov\u00e9 rovinnosti pomoc\u00ed p\u0159esn\u00e9ho CNC \u0159ez\u00e1n\u00ed a laserov\u00e9ho le\u0161t\u011bn\u00ed. Tyto desti\u010dky umo\u017e\u0148uj\u00ed p\u0159izp\u016fsoben\u00ed rozm\u011br\u016f a tlou\u0161\u0165ky (\u00b10,02 mm) a spl\u0148uj\u00ed normy SEMI, tak\u017ee jsou ide\u00e1ln\u00ed pro optoelektroniku, MEMS a balen\u00ed polovodi\u010d\u016f.<\/p>\n<p data-start=\"3793\" data-end=\"4146\"><strong>2 Jak\u00e9 jsou hlavn\u00ed aplikace dvoupalcov\u00fdch k\u0159emenn\u00fdch desti\u010dek ?<\/strong><br data-start=\"3852\" data-end=\"3855\" \/>Pou\u017e\u00edvaj\u00ed se p\u0159edev\u0161\u00edm p\u0159i v\u00fdrob\u011b polovodi\u010d\u016f (obrazov\u00e9 senzory CMOS, balen\u00ed \u010dip\u016f RFID), v oknech UV laser\u016f, v optick\u00fdch komunika\u010dn\u00edch spojk\u00e1ch a v optick\u00fdch sou\u010d\u00e1stk\u00e1ch pro letectv\u00ed a kosmonautiku. Vlastn\u00ed povrchov\u00e9 \u00fapravy, jako jsou antireflexn\u00ed povlaky, zvy\u0161uj\u00ed v\u00fdkonnost vysoce p\u0159esn\u00fdch syst\u00e9m\u016f.<\/p>","protected":false},"excerpt":{"rendered":"<p>Dvoupalcov\u00e1 k\u0159emenn\u00e1 desti\u010dka je polovodi\u010dov\u00fd substr\u00e1t vyroben\u00fd z vysoce \u010dist\u00e9ho oxidu k\u0159emi\u010dit\u00e9ho (SiO\u2082). D\u00edky p\u0159esn\u00fdm technik\u00e1m zpracov\u00e1n\u00ed, jako je CNC \u0159ez\u00e1n\u00ed a laserov\u00e9 le\u0161t\u011bn\u00ed, dosahuje mikronov\u00e9 rovinnosti. Tyto desti\u010dky spl\u0148uj\u00ed normy SEMI a podporuj\u00ed p\u0159izp\u016fsoben\u00ed rozm\u011br\u016f a tlou\u0161\u0165ky (tolerance \u00b10,02 mm), tak\u017ee jsou vhodn\u00e9 pro optoelektroniku, MEMS (mikroelektromechanick\u00e9 syst\u00e9my) a balen\u00ed polovodi\u010d\u016f.<\/p>","protected":false},"featured_media":2272,"comment_status":"open","ping_status":"closed","template":"","meta":{"site-sidebar-layout":"default","site-content-layout":"","ast-site-content-layout":"default","site-content-style":"default","site-sidebar-style":"default","ast-global-header-display":"","ast-banner-title-visibility":"","ast-main-header-display":"","ast-hfb-above-header-display":"","ast-hfb-below-header-display":"","ast-hfb-mobile-header-display":"","site-post-title":"","ast-breadcrumbs-content":"","ast-featured-img":"","footer-sml-layout":"","ast-disable-related-posts":"","theme-transparent-header-meta":"default","adv-header-id-meta":"","stick-header-meta":"default","header-above-stick-meta":"","header-main-stick-meta":"","header-below-stick-meta":"","astra-migrate-meta-layouts":"set","ast-page-background-enabled":"default","ast-page-background-meta":{"desktop":{"background-color":"var(--ast-global-color-4)","background-image":"","background-repeat":"repeat","background-position":"center center","background-size":"auto","background-attachment":"scroll","background-type":"","background-media":"","overlay-type":"","overlay-color":"","overlay-opacity":"","overlay-gradient":""},"tablet":{"background-color":"","background-image":"","background-repeat":"repeat","background-position":"center center","background-size":"auto","background-attachment":"scroll","background-type":"","background-media":"","overlay-type":"","overlay-color":"","overlay-opacity":"","overlay-gradient":""},"mobile":{"background-color":"","background-image":"","background-repeat":"repeat","background-position":"center center","background-size":"auto","background-attachment":"scroll","background-type":"","background-media":"","overlay-type":"","overlay-color":"","overlay-opacity":"","overlay-gradient":""}},"ast-content-background-meta":{"desktop":{"background-color":"var(--ast-global-color-5)","background-image":"","background-repeat":"repeat","background-position":"center center","background-size":"auto","background-attachment":"scroll","background-type":"","background-media":"","overlay-type":"","overlay-color":"","overlay-opacity":"","overlay-gradient":""},"tablet":{"background-color":"var(--ast-global-color-5)","background-image":"","background-repeat":"repeat","background-position":"center center","background-size":"auto","background-attachment":"scroll","background-type":"","background-media":"","overlay-type":"","overlay-color":"","overlay-opacity":"","overlay-gradient":""},"mobile":{"background-color":"var(--ast-global-color-5)","background-image":"","background-repeat":"repeat","background-position":"center center","background-size":"auto","background-attachment":"scroll","background-type":"","background-media":"","overlay-type":"","overlay-color":"","overlay-opacity":"","overlay-gradient":""}}},"product_brand":[],"product_cat":[729],"product_tag":[1050,1051,1052,1053,1054,1055,1056,1057,1058,1059,1060,1061,1062,1063,1064,1065,1066,1067,1068,1069],"class_list":{"0":"post-2253","1":"product","2":"type-product","3":"status-publish","4":"has-post-thumbnail","6":"product_cat-wafer","7":"product_tag-2-inch-quartz-wafer","8":"product_tag-50-8mm-quartz-wafer","9":"product_tag-anti-reflective-coated-quartz","10":"product_tag-cmos-wafer","11":"product_tag-custom-quartz-wafer","12":"product_tag-dsp-quartz-wafer","13":"product_tag-fused-silica-wafer","14":"product_tag-high-purity-quartz-wafer","15":"product_tag-high-temperature-quartz-wafer","16":"product_tag-laboratory-quartz-window","17":"product_tag-mems-substrate","18":"product_tag-optical-quartz-wafer","19":"product_tag-precision-quartz-substrate","20":"product_tag-quartz-glass-wafer","21":"product_tag-quartz-wafer-for-photolithography","22":"product_tag-rfid-chip-wafer","23":"product_tag-semiconductor-quartz-wafer","24":"product_tag-ssp-quartz-wafer","25":"product_tag-thin-quartz-wafer","26":"product_tag-uv-quartz-wafer","27":"desktop-align-left","28":"tablet-align-left","29":"mobile-align-left","30":"ast-product-gallery-layout-horizontal-slider","31":"ast-product-tabs-layout-horizontal","33":"first","34":"instock","35":"shipping-taxable","36":"product-type-simple"},"_links":{"self":[{"href":"https:\/\/www.zmsh-semitech.com\/cs\/wp-json\/wp\/v2\/product\/2253","targetHints":{"allow":["GET"]}}],"collection":[{"href":"https:\/\/www.zmsh-semitech.com\/cs\/wp-json\/wp\/v2\/product"}],"about":[{"href":"https:\/\/www.zmsh-semitech.com\/cs\/wp-json\/wp\/v2\/types\/product"}],"replies":[{"embeddable":true,"href":"https:\/\/www.zmsh-semitech.com\/cs\/wp-json\/wp\/v2\/comments?post=2253"}],"version-history":[{"count":4,"href":"https:\/\/www.zmsh-semitech.com\/cs\/wp-json\/wp\/v2\/product\/2253\/revisions"}],"predecessor-version":[{"id":2271,"href":"https:\/\/www.zmsh-semitech.com\/cs\/wp-json\/wp\/v2\/product\/2253\/revisions\/2271"}],"wp:featuredmedia":[{"embeddable":true,"href":"https:\/\/www.zmsh-semitech.com\/cs\/wp-json\/wp\/v2\/media\/2272"}],"wp:attachment":[{"href":"https:\/\/www.zmsh-semitech.com\/cs\/wp-json\/wp\/v2\/media?parent=2253"}],"wp:term":[{"taxonomy":"product_brand","embeddable":true,"href":"https:\/\/www.zmsh-semitech.com\/cs\/wp-json\/wp\/v2\/product_brand?post=2253"},{"taxonomy":"product_cat","embeddable":true,"href":"https:\/\/www.zmsh-semitech.com\/cs\/wp-json\/wp\/v2\/product_cat?post=2253"},{"taxonomy":"product_tag","embeddable":true,"href":"https:\/\/www.zmsh-semitech.com\/cs\/wp-json\/wp\/v2\/product_tag?post=2253"}],"curies":[{"name":"wp","href":"https:\/\/api.w.org\/{rel}","templated":true}]}}