{"id":2226,"date":"2026-04-15T03:41:10","date_gmt":"2026-04-15T03:41:10","guid":{"rendered":"https:\/\/www.zmsh-semitech.com\/?post_type=product&#038;p=2226"},"modified":"2026-04-15T04:01:00","modified_gmt":"2026-04-15T04:01:00","slug":"wp-301d-double-side-wafer-grinding-machine-for-6-inch-semiconductor-materials-and-precision-lapping","status":"publish","type":"product","link":"https:\/\/www.zmsh-semitech.com\/cs\/product\/wp-301d-double-side-wafer-grinding-machine-for-6-inch-semiconductor-materials-and-precision-lapping\/","title":{"rendered":"Oboustrann\u00e1 bruska WP-301D na 6palcov\u00e9 polovodi\u010dov\u00e9 materi\u00e1ly a p\u0159esn\u00e9 lapov\u00e1n\u00ed"},"content":{"rendered":"<p data-start=\"284\" data-end=\"683\"><img fetchpriority=\"high\" decoding=\"async\" class=\"alignright wp-image-2229\" src=\"https:\/\/www.zmsh-semitech.com\/wp-content\/uploads\/2026\/04\/WP-301D-Double-Side-Wafer-Grinding-Machine-for-6-Inch-Semiconductor-Materials-and-Precision-Lapping-1-300x300.png\" alt=\"Oboustrann\u00e1 bruska WP-301D na 6palcov\u00e9 polovodi\u010dov\u00e9 materi\u00e1ly a p\u0159esn\u00e9 lapov\u00e1n\u00ed\" width=\"283\" height=\"283\" srcset=\"https:\/\/www.zmsh-semitech.com\/wp-content\/uploads\/2026\/04\/WP-301D-Double-Side-Wafer-Grinding-Machine-for-6-Inch-Semiconductor-Materials-and-Precision-Lapping-1-300x300.png 300w, https:\/\/www.zmsh-semitech.com\/wp-content\/uploads\/2026\/04\/WP-301D-Double-Side-Wafer-Grinding-Machine-for-6-Inch-Semiconductor-Materials-and-Precision-Lapping-1-150x150.png 150w, https:\/\/www.zmsh-semitech.com\/wp-content\/uploads\/2026\/04\/WP-301D-Double-Side-Wafer-Grinding-Machine-for-6-Inch-Semiconductor-Materials-and-Precision-Lapping-1-768x768.png 768w, https:\/\/www.zmsh-semitech.com\/wp-content\/uploads\/2026\/04\/WP-301D-Double-Side-Wafer-Grinding-Machine-for-6-Inch-Semiconductor-Materials-and-Precision-Lapping-1-12x12.png 12w, https:\/\/www.zmsh-semitech.com\/wp-content\/uploads\/2026\/04\/WP-301D-Double-Side-Wafer-Grinding-Machine-for-6-Inch-Semiconductor-Materials-and-Precision-Lapping-1-600x600.png 600w, https:\/\/www.zmsh-semitech.com\/wp-content\/uploads\/2026\/04\/WP-301D-Double-Side-Wafer-Grinding-Machine-for-6-Inch-Semiconductor-Materials-and-Precision-Lapping-1-100x100.png 100w, https:\/\/www.zmsh-semitech.com\/wp-content\/uploads\/2026\/04\/WP-301D-Double-Side-Wafer-Grinding-Machine-for-6-Inch-Semiconductor-Materials-and-Precision-Lapping-1.png 1000w\" sizes=\"(max-width: 283px) 100vw, 283px\" \/>Oboustrann\u00e1 bruska na desti\u010dky WP-301D je vysoce p\u0159esn\u00fd syst\u00e9m ur\u010den\u00fd k sou\u010dasn\u00e9mu oboustrann\u00e9mu brou\u0161en\u00ed a le\u0161t\u011bn\u00ed polovodi\u010dov\u00fdch desti\u010dek a k\u0159ehk\u00fdch materi\u00e1l\u016f. Stroj vyu\u017e\u00edv\u00e1 pokro\u010dil\u00fd syst\u00e9m pohybu poh\u00e1n\u011bn\u00fd planetovou p\u0159evodovkou a umo\u017e\u0148uje rovnom\u011brn\u00fd \u00fab\u011br materi\u00e1lu na horn\u00edm i doln\u00edm povrchu desti\u010dky, \u010d\u00edm\u017e v\u00fdrazn\u011b zlep\u0161uje rovinnost a rovnob\u011b\u017enost.<\/p>\n<p data-start=\"685\" data-end=\"996\">Za\u0159\u00edzen\u00ed WP-301D je ur\u010deno pro 6palcov\u00e9 (150 mm) a men\u0161\u00ed desti\u010dky a je \u0161iroce pou\u017e\u00edv\u00e1no p\u0159i zpracov\u00e1n\u00ed slo\u017een\u00fdch polovodi\u010dov\u00fdch materi\u00e1l\u016f, jako jsou CdZnTe (CZT), HgCdTe (MCT), GaAs, InP a InSb. Tyto materi\u00e1ly maj\u00ed z\u00e1sadn\u00ed v\u00fdznam pro aplikace v\u010detn\u011b infra\u010derven\u00e9 detekce, optoelektroniky a vysokofrekven\u010dn\u00edch za\u0159\u00edzen\u00ed.<\/p>\n<p data-start=\"998\" data-end=\"1200\">D\u00edky robustn\u00ed mechanick\u00e9 konstrukci, p\u0159esn\u00e9mu \u0159\u00eddic\u00edmu syst\u00e9mu a optimalizovan\u00e9 konstrukci v\u0159etena zaji\u0161\u0165uje WP-301D vysokou \u00fa\u010dinnost, vynikaj\u00edc\u00ed kvalitu povrchu a stabiln\u00ed v\u00fdkon p\u0159i d\u00e1vkov\u00e9m zpracov\u00e1n\u00ed.<\/p>\n<hr data-start=\"1202\" data-end=\"1205\" \/>\n<h2 data-section-id=\"m7ukan\" data-start=\"1207\" data-end=\"1250\">Kl\u00ed\u010dov\u00e9 vlastnosti a technick\u00e9 v\u00fdhody<\/h2>\n<h3 data-section-id=\"1ggl47b\" data-start=\"1252\" data-end=\"1296\">Oboustrann\u00e9 simult\u00e1nn\u00ed zpracov\u00e1n\u00ed<\/h3>\n<p data-start=\"1297\" data-end=\"1372\">Stroj zpracov\u00e1v\u00e1 ob\u011b strany pl\u00e1tku sou\u010dasn\u011b, \u010d\u00edm\u017e zaji\u0161\u0165uje:<\/p>\n<ul data-start=\"1373\" data-end=\"1463\">\n<li data-section-id=\"1i7ktds\" data-start=\"1373\" data-end=\"1406\">Zlep\u0161en\u00e1 rovnom\u011brnost tlou\u0161\u0165ky<\/li>\n<li data-section-id=\"1da8f9g\" data-start=\"1407\" data-end=\"1429\">Lep\u0161\u00ed paralelismus<\/li>\n<li data-section-id=\"12e74mo\" data-start=\"1430\" data-end=\"1463\">Zkr\u00e1cen\u00ed celkov\u00e9 doby zpracov\u00e1n\u00ed<\/li>\n<\/ul>\n<h3 data-section-id=\"2t7dsg\" data-start=\"1465\" data-end=\"1501\">Planetov\u00fd p\u0159evodov\u00fd pohybov\u00fd syst\u00e9m<\/h3>\n<p data-start=\"1502\" data-end=\"1689\">Integrovan\u00fd syst\u00e9m slune\u010dn\u00edho a kruhov\u00e9ho p\u0159evodu m\u016f\u017ee pracovat synchronn\u011b nebo nez\u00e1visle, co\u017e umo\u017e\u0148uje flexibiln\u00ed \u0159\u00edzen\u00ed procesu a optimalizovan\u00e9 dr\u00e1hy brou\u0161en\u00ed r\u016fzn\u00fdch materi\u00e1l\u016f.<\/p>\n<h3 data-section-id=\"dbg2ti\" data-start=\"1691\" data-end=\"1728\">Vysoce p\u0159esn\u00fd v\u0159etenov\u00fd syst\u00e9m<\/h3>\n<p data-start=\"1729\" data-end=\"1901\">Model WP-301D je vybaven vysoce p\u0159esn\u00fdm vestav\u011bn\u00fdm v\u0159etenem, kter\u00e9 zaji\u0161\u0165uje stabiln\u00ed rotaci a minim\u00e1ln\u00ed vibrace, co\u017e je nezbytn\u00e9 pro dosa\u017een\u00ed konzistentn\u00ed kvality povrchu.<\/p>\n<h3 data-section-id=\"bbwmxj\" data-start=\"1903\" data-end=\"1944\">Syst\u00e9m \u0159\u00edzen\u00ed tlaku v re\u00e1ln\u00e9m \u010dase<\/h3>\n<p data-start=\"1945\" data-end=\"2030\">Stroj je vybaven pokro\u010dil\u00fdm syst\u00e9mem \u0159\u00edzen\u00ed tlaku v uzav\u0159en\u00e9 smy\u010dce, kter\u00fd umo\u017e\u0148uje:<\/p>\n<ul data-start=\"2031\" data-end=\"2200\">\n<li data-section-id=\"5pkops\" data-start=\"2031\" data-end=\"2077\">P\u0159esn\u00e9 nastaven\u00ed tlaku (0,1 - 50 kg)<\/li>\n<li data-section-id=\"18clroc\" data-start=\"2078\" data-end=\"2200\">Monitorov\u00e1n\u00ed v re\u00e1ln\u00e9m \u010dase a automatick\u00e1 korekce<br data-start=\"2125\" data-end=\"2128\" \/>T\u00edm je zaji\u0161t\u011bn rovnom\u011brn\u00fd \u00fab\u011br materi\u00e1lu a nedoch\u00e1z\u00ed k nadm\u011brn\u00e9mu le\u0161t\u011bn\u00ed.<\/li>\n<\/ul>\n<h3 data-section-id=\"mqy6u6\" data-start=\"2202\" data-end=\"2237\">Konstrukce plovouc\u00ed horn\u00ed desky<\/h3>\n<p data-start=\"2238\" data-end=\"2440\">Horn\u00ed deska m\u00e1 plovouc\u00ed spojovac\u00ed konstrukci, kter\u00e1 zaji\u0161\u0165uje, \u017ee b\u011bhem zpracov\u00e1n\u00ed z\u016fst\u00e1v\u00e1 rovnob\u011b\u017en\u00e1 se spodn\u00ed deskou. T\u00edm se v\u00fdrazn\u011b zlep\u0161uje rovinnost desti\u010dky a sni\u017euj\u00ed se odchylky tlou\u0161\u0165ky.<\/p>\n<h2 data-section-id=\"8lu2ky\" data-start=\"2447\" data-end=\"2477\">Technick\u00e9 specifikace<\/h2>\n<div class=\"TyagGW_tableContainer\">\n<div class=\"group TyagGW_tableWrapper flex flex-col-reverse w-fit\" tabindex=\"-1\">\n<table class=\"w-fit min-w-(--thread-content-width)\" data-start=\"2479\" data-end=\"2829\">\n<thead data-start=\"2479\" data-end=\"2503\">\n<tr data-start=\"2479\" data-end=\"2503\">\n<th class=\"\" data-start=\"2479\" data-end=\"2486\" data-col-size=\"sm\">Polo\u017eka<\/th>\n<th class=\"\" data-start=\"2486\" data-end=\"2503\" data-col-size=\"sm\">Specifikace<\/th>\n<\/tr>\n<\/thead>\n<tbody data-start=\"2527\" data-end=\"2829\">\n<tr data-start=\"2527\" data-end=\"2570\">\n<td data-start=\"2527\" data-end=\"2544\" data-col-size=\"sm\">Velikost obrobku<\/td>\n<td data-start=\"2544\" data-end=\"2570\" data-col-size=\"sm\">Do \u00d8150 mm (6 palc\u016f)<\/td>\n<\/tr>\n<tr data-start=\"2571\" data-end=\"2605\">\n<td data-start=\"2571\" data-end=\"2591\" data-col-size=\"sm\">Ni\u017e\u0161\u00ed rychlost desky<\/td>\n<td data-start=\"2591\" data-end=\"2605\" data-col-size=\"sm\">0 - 30 ot\u00e1\u010dek za minutu<\/td>\n<\/tr>\n<tr data-start=\"2606\" data-end=\"2658\">\n<td data-start=\"2606\" data-end=\"2624\" data-col-size=\"sm\">Metoda brou\u0161en\u00ed<\/td>\n<td data-start=\"2624\" data-end=\"2658\" data-col-size=\"sm\">Oboustrann\u00e9 planetov\u00e9 brou\u0161en\u00ed<\/td>\n<\/tr>\n<tr data-start=\"2659\" data-end=\"2683\">\n<td data-start=\"2659\" data-end=\"2678\" data-col-size=\"sm\">Mno\u017estv\u00ed nosi\u010de<\/td>\n<td data-start=\"2678\" data-end=\"2683\" data-col-size=\"sm\">5<\/td>\n<\/tr>\n<tr data-start=\"2684\" data-end=\"2716\">\n<td data-start=\"2684\" data-end=\"2701\" data-col-size=\"sm\">Rozsah tlaku<\/td>\n<td data-start=\"2701\" data-end=\"2716\" data-col-size=\"sm\">0,1 - 50 kg<\/td>\n<\/tr>\n<tr data-start=\"2717\" data-end=\"2753\">\n<td data-start=\"2717\" data-end=\"2734\" data-col-size=\"sm\">Materi\u00e1l desky<\/td>\n<td data-start=\"2734\" data-end=\"2753\" data-col-size=\"sm\">Sklo \/ keramika<\/td>\n<\/tr>\n<tr data-start=\"2754\" data-end=\"2800\">\n<td data-start=\"2754\" data-end=\"2775\" data-col-size=\"sm\">Rozm\u011bry stroje<\/td>\n<td data-start=\"2775\" data-end=\"2800\" data-col-size=\"sm\">1572 \u00d7 1053 \u00d7 2533 mm<\/td>\n<\/tr>\n<tr data-start=\"2801\" data-end=\"2829\">\n<td data-start=\"2801\" data-end=\"2810\" data-col-size=\"sm\">Hmotnost<\/td>\n<td data-start=\"2810\" data-end=\"2829\" data-col-size=\"sm\">P\u0159ibli\u017en\u011b 2300 kg<\/td>\n<\/tr>\n<\/tbody>\n<\/table>\n<\/div>\n<\/div>\n<hr data-start=\"2831\" data-end=\"2834\" \/>\n<h2 data-section-id=\"13yq5fc\" data-start=\"2836\" data-end=\"2859\">Princip fungov\u00e1n\u00ed<\/h2>\n<p data-start=\"2903\" data-end=\"3050\">WP-301D pracuje s planet\u00e1rn\u00edm pohybov\u00fdm mechanismem, kdy jsou desti\u010dky um\u00edst\u011bny v nosi\u010d\u00edch um\u00edst\u011bn\u00fdch mezi horn\u00ed a doln\u00ed deskou.<\/p>\n<p data-start=\"3052\" data-end=\"3069\">B\u011bhem provozu:<\/p>\n<ul data-start=\"3071\" data-end=\"3205\">\n<li data-section-id=\"307xpo\" data-start=\"3071\" data-end=\"3115\">Spodn\u00ed deska se ot\u00e1\u010d\u00ed nep\u0159etr\u017eit\u011b<\/li>\n<li data-section-id=\"155dzsx\" data-start=\"3116\" data-end=\"3156\">Slune\u010dn\u00ed p\u0159evodovka poh\u00e1n\u00ed nosi\u010de<\/li>\n<li data-section-id=\"1h7nv9d\" data-start=\"3157\" data-end=\"3205\">Krou\u017ekov\u00fd p\u0159evod \u0159\u00edd\u00ed ot\u00e1\u010div\u00fd pohyb<\/li>\n<\/ul>\n<p data-start=\"3207\" data-end=\"3357\">Tato kombinace vytv\u00e1\u0159\u00ed komplexn\u00ed relativn\u00ed pohyb mezi desti\u010dkou a le\u0161tic\u00edmi deskami a zaji\u0161\u0165uje rovnom\u011brn\u00fd \u00fab\u011br materi\u00e1lu na obou povr\u0161\u00edch.<\/p>\n<p data-start=\"3359\" data-end=\"3527\">Syst\u00e9m \u0159\u00edzen\u00ed tlaku sou\u010dasn\u011b udr\u017euje st\u00e1lou s\u00edlu, zat\u00edmco plovouc\u00ed horn\u00ed deska se dynamicky p\u0159izp\u016fsobuje, aby udr\u017eovala paraleln\u00ed kontakt. V\u00fdsledkem je:<\/p>\n<ul data-start=\"3529\" data-end=\"3598\">\n<li data-section-id=\"5m7g9e\" data-start=\"3529\" data-end=\"3546\">Vysok\u00e1 rovinnost<\/li>\n<li data-section-id=\"1uescvu\" data-start=\"3547\" data-end=\"3568\">Jednotn\u00e1 tlou\u0161\u0165ka<\/li>\n<li data-section-id=\"19qiivl\" data-start=\"3569\" data-end=\"3598\">Minim\u00e1ln\u00ed podpovrchov\u00e9 po\u0161kozen\u00ed<\/li>\n<\/ul>\n<hr data-start=\"3600\" data-end=\"3603\" \/>\n<h2 data-section-id=\"4t5b8m\" data-start=\"3605\" data-end=\"3623\"><img decoding=\"async\" class=\"size-medium wp-image-2176 alignright\" src=\"https:\/\/www.zmsh-semitech.com\/wp-content\/uploads\/2026\/04\/silicon_carbide_wafer_4inch_hpsi_350um_widely_used_for_ar_glasses3-300x300.webp\" alt=\"\" width=\"300\" height=\"300\" srcset=\"https:\/\/www.zmsh-semitech.com\/wp-content\/uploads\/2026\/04\/silicon_carbide_wafer_4inch_hpsi_350um_widely_used_for_ar_glasses3-300x300.webp 300w, https:\/\/www.zmsh-semitech.com\/wp-content\/uploads\/2026\/04\/silicon_carbide_wafer_4inch_hpsi_350um_widely_used_for_ar_glasses3-150x150.webp 150w, https:\/\/www.zmsh-semitech.com\/wp-content\/uploads\/2026\/04\/silicon_carbide_wafer_4inch_hpsi_350um_widely_used_for_ar_glasses3-768x768.webp 768w, https:\/\/www.zmsh-semitech.com\/wp-content\/uploads\/2026\/04\/silicon_carbide_wafer_4inch_hpsi_350um_widely_used_for_ar_glasses3-12x12.webp 12w, https:\/\/www.zmsh-semitech.com\/wp-content\/uploads\/2026\/04\/silicon_carbide_wafer_4inch_hpsi_350um_widely_used_for_ar_glasses3-600x600.webp 600w, https:\/\/www.zmsh-semitech.com\/wp-content\/uploads\/2026\/04\/silicon_carbide_wafer_4inch_hpsi_350um_widely_used_for_ar_glasses3-100x100.webp 100w, https:\/\/www.zmsh-semitech.com\/wp-content\/uploads\/2026\/04\/silicon_carbide_wafer_4inch_hpsi_350um_widely_used_for_ar_glasses3.webp 800w\" sizes=\"(max-width: 300px) 100vw, 300px\" \/>Aplikace<\/h2>\n<p data-start=\"3625\" data-end=\"3684\">Oboustrann\u00e1 bruska WP-301D se \u0161iroce pou\u017e\u00edv\u00e1 v:<\/p>\n<ul data-start=\"3686\" data-end=\"3896\">\n<li data-section-id=\"lsdmsu\" data-start=\"3686\" data-end=\"3729\">Zpracov\u00e1n\u00ed polovodi\u010dov\u00fdch desti\u010dek<\/li>\n<li data-section-id=\"1re9cdn\" data-start=\"3730\" data-end=\"3763\">Infra\u010derven\u00e9 materi\u00e1ly (CZT, MCT)<\/li>\n<li data-section-id=\"1kwz9qu\" data-start=\"3764\" data-end=\"3801\">Materi\u00e1ly III-V (GaAs, InP, InSb)<\/li>\n<li data-section-id=\"qagg2f\" data-start=\"3802\" data-end=\"3849\">Optick\u00e9 substr\u00e1ty a p\u0159esn\u00e9 komponenty<\/li>\n<li data-section-id=\"ir3gdc\" data-start=\"3850\" data-end=\"3896\">V\u00fdzkumn\u00e9 laborato\u0159e a s\u00e9riov\u00e1 v\u00fdroba<\/li>\n<\/ul>\n<p data-start=\"3898\" data-end=\"4021\">Je vhodn\u00fd zejm\u00e9na pro k\u0159ehk\u00e9 materi\u00e1ly o velikosti 6 palc\u016f a m\u00e9n\u011b, kde je rozhoduj\u00edc\u00ed p\u0159esnost a celistvost povrchu.<\/p>\n<hr data-start=\"4023\" data-end=\"4026\" \/>\n<h2 data-section-id=\"1116wfg\" data-start=\"4028\" data-end=\"4049\"><img decoding=\"async\" class=\"size-medium wp-image-2122 alignright\" src=\"https:\/\/www.zmsh-semitech.com\/wp-content\/uploads\/2026\/04\/Wafer-Back-Grinding-Machine-300x300.png\" alt=\"\" width=\"300\" height=\"300\" srcset=\"https:\/\/www.zmsh-semitech.com\/wp-content\/uploads\/2026\/04\/Wafer-Back-Grinding-Machine-300x300.png 300w, https:\/\/www.zmsh-semitech.com\/wp-content\/uploads\/2026\/04\/Wafer-Back-Grinding-Machine-150x150.png 150w, https:\/\/www.zmsh-semitech.com\/wp-content\/uploads\/2026\/04\/Wafer-Back-Grinding-Machine-768x768.png 768w, https:\/\/www.zmsh-semitech.com\/wp-content\/uploads\/2026\/04\/Wafer-Back-Grinding-Machine-12x12.png 12w, https:\/\/www.zmsh-semitech.com\/wp-content\/uploads\/2026\/04\/Wafer-Back-Grinding-Machine-600x600.png 600w, https:\/\/www.zmsh-semitech.com\/wp-content\/uploads\/2026\/04\/Wafer-Back-Grinding-Machine-100x100.png 100w, https:\/\/www.zmsh-semitech.com\/wp-content\/uploads\/2026\/04\/Wafer-Back-Grinding-Machine.png 1000w\" sizes=\"(max-width: 300px) 100vw, 300px\" \/>Hlavn\u00ed v\u00fdhody<\/h2>\n<ul data-start=\"4051\" data-end=\"4440\">\n<li data-section-id=\"1ar7oz7\" data-start=\"4051\" data-end=\"4131\">Vysok\u00e1 \u00fa\u010dinnost<br data-start=\"4072\" data-end=\"4075\" \/>Oboustrann\u00e9 zpracov\u00e1n\u00ed zkracuje celkovou dobu obr\u00e1b\u011bn\u00ed<\/li>\n<li data-section-id=\"1wr2j5g\" data-start=\"4133\" data-end=\"4202\">Vysok\u00e1 p\u0159esnost<br data-start=\"4153\" data-end=\"4156\" \/>Zaji\u0161\u0165uje vynikaj\u00edc\u00ed rovinnost a rovnob\u011b\u017enost<\/li>\n<li data-section-id=\"esn72i\" data-start=\"4204\" data-end=\"4283\">Stabilita procesu<br data-start=\"4227\" data-end=\"4230\" \/>Uzav\u0159en\u00e1 smy\u010dka \u0159\u00edzen\u00ed tlaku zlep\u0161uje konzistenci<\/li>\n<li data-section-id=\"1crbhdt\" data-start=\"4285\" data-end=\"4356\">Flexibiln\u00ed provoz<br data-start=\"4309\" data-end=\"4312\" \/>Nez\u00e1visl\u00e9 nebo synchronizovan\u00e9 ovl\u00e1d\u00e1n\u00ed p\u0159evodovky<\/li>\n<li data-section-id=\"1hbjrp7\" data-start=\"4358\" data-end=\"4440\">Optimalizov\u00e1no pro k\u0159ehk\u00e9 materi\u00e1ly<br data-start=\"4395\" data-end=\"4398\" \/>Minimalizuje nap\u011bt\u00ed a zabra\u0148uje prask\u00e1n\u00ed<\/li>\n<\/ul>\n<hr data-start=\"4442\" data-end=\"4445\" \/>\n<h2 data-section-id=\"w1cnyx\" data-start=\"4447\" data-end=\"4456\">\u010cASTO KLADEN\u00c9 DOTAZY<\/h2>\n<p data-start=\"4458\" data-end=\"4662\">Ot\u00e1zka 1: Jak\u00e1 je hlavn\u00ed v\u00fdhoda oboustrann\u00e9ho brou\u0161en\u00ed?<br data-start=\"4517\" data-end=\"4520\" \/>Odpov\u011b\u010f: Umo\u017e\u0148uje sou\u010dasn\u00e9 opracov\u00e1n\u00ed obou povrch\u016f desti\u010dek, co\u017e zlep\u0161uje rovinnost, rovnob\u011b\u017enost a \u00fa\u010dinnost ve srovn\u00e1n\u00ed s jednostrann\u00fdm brou\u0161en\u00edm.<\/p>\n<p data-start=\"4664\" data-end=\"4820\">O2: Jak\u00e9 materi\u00e1ly lze zpracov\u00e1vat?<br data-start=\"4704\" data-end=\"4707\" \/>Odpov\u011b\u010f: Stroj je vhodn\u00fd pro CZT, MCT, GaAs, InP, InSb a dal\u0161\u00ed m\u011bkk\u00e9 a k\u0159ehk\u00e9 polovodi\u010dov\u00e9 materi\u00e1ly.<\/p>\n<p data-start=\"4822\" data-end=\"4924\">Ot\u00e1zka 3: Jakou velikost desti\u010dek podporuje WP-301D?<br data-start=\"4871\" data-end=\"4874\" \/>Odpov\u011b\u010f: Podporuje desti\u010dky o pr\u016fm\u011bru a\u017e 150 mm (6 palc\u016f).<\/p>","protected":false},"excerpt":{"rendered":"<p>Oboustrann\u00e1 bruska na desti\u010dky WP-301D je vysoce p\u0159esn\u00fd syst\u00e9m ur\u010den\u00fd k sou\u010dasn\u00e9mu oboustrann\u00e9mu brou\u0161en\u00ed a le\u0161t\u011bn\u00ed polovodi\u010dov\u00fdch desti\u010dek a k\u0159ehk\u00fdch materi\u00e1l\u016f. Stroj vyu\u017e\u00edv\u00e1 pokro\u010dil\u00fd syst\u00e9m pohybu poh\u00e1n\u011bn\u00fd planetovou p\u0159evodovkou a umo\u017e\u0148uje rovnom\u011brn\u00fd \u00fab\u011br materi\u00e1lu na horn\u00edm i doln\u00edm povrchu desti\u010dky, \u010d\u00edm\u017e v\u00fdrazn\u011b zlep\u0161uje rovinnost a rovnob\u011b\u017enost.<\/p>","protected":false},"featured_media":2229,"comment_status":"open","ping_status":"closed","template":"","meta":{"site-sidebar-layout":"default","site-content-layout":"","ast-site-content-layout":"default","site-content-style":"default","site-sidebar-style":"default","ast-global-header-display":"","ast-banner-title-visibility":"","ast-main-header-display":"","ast-hfb-above-header-display":"","ast-hfb-below-header-display":"","ast-hfb-mobile-header-display":"","site-post-title":"","ast-breadcrumbs-content":"","ast-featured-img":"","footer-sml-layout":"","ast-disable-related-posts":"","theme-transparent-header-meta":"default","adv-header-id-meta":"","stick-header-meta":"default","header-above-stick-meta":"","header-main-stick-meta":"","header-below-stick-meta":"","astra-migrate-meta-layouts":"set","ast-page-background-enabled":"default","ast-page-background-meta":{"desktop":{"background-color":"var(--ast-global-color-4)","background-image":"","background-repeat":"repeat","background-position":"center center","background-size":"auto","background-attachment":"scroll","background-type":"","background-media":"","overlay-type":"","overlay-color":"","overlay-opacity":"","overlay-gradient":""},"tablet":{"background-color":"","background-image":"","background-repeat":"repeat","background-position":"center center","background-size":"auto","background-attachment":"scroll","background-type":"","background-media":"","overlay-type":"","overlay-color":"","overlay-opacity":"","overlay-gradient":""},"mobile":{"background-color":"","background-image":"","background-repeat":"repeat","background-position":"center center","background-size":"auto","background-attachment":"scroll","background-type":"","background-media":"","overlay-type":"","overlay-color":"","overlay-opacity":"","overlay-gradient":""}},"ast-content-background-meta":{"desktop":{"background-color":"var(--ast-global-color-5)","background-image":"","background-repeat":"repeat","background-position":"center center","background-size":"auto","background-attachment":"scroll","background-type":"","background-media":"","overlay-type":"","overlay-color":"","overlay-opacity":"","overlay-gradient":""},"tablet":{"background-color":"var(--ast-global-color-5)","background-image":"","background-repeat":"repeat","background-position":"center center","background-size":"auto","background-attachment":"scroll","background-type":"","background-media":"","overlay-type":"","overlay-color":"","overlay-opacity":"","overlay-gradient":""},"mobile":{"background-color":"var(--ast-global-color-5)","background-image":"","background-repeat":"repeat","background-position":"center center","background-size":"auto","background-attachment":"scroll","background-type":"","background-media":"","overlay-type":"","overlay-color":"","overlay-opacity":"","overlay-gradient":""}}},"product_brand":[],"product_cat":[724],"product_tag":[1005,1017,1015,1012,1018,1016,1019,1014,1020,1013],"class_list":{"0":"post-2226","1":"product","2":"type-product","3":"status-publish","4":"has-post-thumbnail","6":"product_cat-grinding-machine","7":"product_tag-6-inch-wafer-grinding","8":"product_tag-czt-grinding-machine","9":"product_tag-double-side-polishing-machine","10":"product_tag-double-side-wafer-grinding-machine","11":"product_tag-gaas-wafer-polishing","12":"product_tag-planetary-lapping-system","13":"product_tag-precision-wafer-lapping","14":"product_tag-semiconductor-grinding-equipment","15":"product_tag-semiconductor-surface-grinding","16":"product_tag-wafer-lapping-machine","17":"desktop-align-left","18":"tablet-align-left","19":"mobile-align-left","20":"ast-product-gallery-layout-horizontal-slider","21":"ast-product-tabs-layout-horizontal","23":"first","24":"instock","25":"shipping-taxable","26":"product-type-simple"},"_links":{"self":[{"href":"https:\/\/www.zmsh-semitech.com\/cs\/wp-json\/wp\/v2\/product\/2226","targetHints":{"allow":["GET"]}}],"collection":[{"href":"https:\/\/www.zmsh-semitech.com\/cs\/wp-json\/wp\/v2\/product"}],"about":[{"href":"https:\/\/www.zmsh-semitech.com\/cs\/wp-json\/wp\/v2\/types\/product"}],"replies":[{"embeddable":true,"href":"https:\/\/www.zmsh-semitech.com\/cs\/wp-json\/wp\/v2\/comments?post=2226"}],"version-history":[{"count":5,"href":"https:\/\/www.zmsh-semitech.com\/cs\/wp-json\/wp\/v2\/product\/2226\/revisions"}],"predecessor-version":[{"id":2233,"href":"https:\/\/www.zmsh-semitech.com\/cs\/wp-json\/wp\/v2\/product\/2226\/revisions\/2233"}],"wp:featuredmedia":[{"embeddable":true,"href":"https:\/\/www.zmsh-semitech.com\/cs\/wp-json\/wp\/v2\/media\/2229"}],"wp:attachment":[{"href":"https:\/\/www.zmsh-semitech.com\/cs\/wp-json\/wp\/v2\/media?parent=2226"}],"wp:term":[{"taxonomy":"product_brand","embeddable":true,"href":"https:\/\/www.zmsh-semitech.com\/cs\/wp-json\/wp\/v2\/product_brand?post=2226"},{"taxonomy":"product_cat","embeddable":true,"href":"https:\/\/www.zmsh-semitech.com\/cs\/wp-json\/wp\/v2\/product_cat?post=2226"},{"taxonomy":"product_tag","embeddable":true,"href":"https:\/\/www.zmsh-semitech.com\/cs\/wp-json\/wp\/v2\/product_tag?post=2226"}],"curies":[{"name":"wp","href":"https:\/\/api.w.org\/{rel}","templated":true}]}}