{"id":2215,"date":"2026-04-15T02:54:20","date_gmt":"2026-04-15T02:54:20","guid":{"rendered":"https:\/\/www.zmsh-semitech.com\/?post_type=product&#038;p=2215"},"modified":"2026-04-15T02:57:45","modified_gmt":"2026-04-15T02:57:45","slug":"wdp-1240-series-dry-polishing-machine","status":"publish","type":"product","link":"https:\/\/www.zmsh-semitech.com\/cs\/product\/wdp-1240-series-dry-polishing-machine\/","title":{"rendered":"Such\u00e9 le\u0161tic\u00ed za\u0159\u00edzen\u00ed \u0159ady WDP-1240 pro 300mm desti\u010dky pro odleh\u010den\u00ed nap\u011bt\u00ed a zpracov\u00e1n\u00ed zadn\u00ed strany"},"content":{"rendered":"<p data-start=\"281\" data-end=\"650\"><img fetchpriority=\"high\" decoding=\"async\" class=\"alignright wp-image-2217\" src=\"https:\/\/www.zmsh-semitech.com\/wp-content\/uploads\/2026\/04\/WDP-1240-Series-Dry-Polishing-Machine-for-300mm-Wafer-Stress-Relief-and-Backside-Processing-300x300.png\" alt=\"Such\u00e9 le\u0161tic\u00ed za\u0159\u00edzen\u00ed \u0159ady WDP-1240 pro 300mm desti\u010dky pro odleh\u010den\u00ed nap\u011bt\u00ed a zpracov\u00e1n\u00ed zadn\u00ed strany\" width=\"290\" height=\"290\" srcset=\"https:\/\/www.zmsh-semitech.com\/wp-content\/uploads\/2026\/04\/WDP-1240-Series-Dry-Polishing-Machine-for-300mm-Wafer-Stress-Relief-and-Backside-Processing-300x300.png 300w, https:\/\/www.zmsh-semitech.com\/wp-content\/uploads\/2026\/04\/WDP-1240-Series-Dry-Polishing-Machine-for-300mm-Wafer-Stress-Relief-and-Backside-Processing-150x150.png 150w, https:\/\/www.zmsh-semitech.com\/wp-content\/uploads\/2026\/04\/WDP-1240-Series-Dry-Polishing-Machine-for-300mm-Wafer-Stress-Relief-and-Backside-Processing-768x768.png 768w, https:\/\/www.zmsh-semitech.com\/wp-content\/uploads\/2026\/04\/WDP-1240-Series-Dry-Polishing-Machine-for-300mm-Wafer-Stress-Relief-and-Backside-Processing-12x12.png 12w, https:\/\/www.zmsh-semitech.com\/wp-content\/uploads\/2026\/04\/WDP-1240-Series-Dry-Polishing-Machine-for-300mm-Wafer-Stress-Relief-and-Backside-Processing-600x600.png 600w, https:\/\/www.zmsh-semitech.com\/wp-content\/uploads\/2026\/04\/WDP-1240-Series-Dry-Polishing-Machine-for-300mm-Wafer-Stress-Relief-and-Backside-Processing-100x100.png 100w, https:\/\/www.zmsh-semitech.com\/wp-content\/uploads\/2026\/04\/WDP-1240-Series-Dry-Polishing-Machine-for-300mm-Wafer-Stress-Relief-and-Backside-Processing.png 1000w\" sizes=\"(max-width: 290px) 100vw, 290px\" \/>Such\u00e1 le\u0161ti\u010dka \u0159ady WDP-1240 je pokro\u010dil\u00fd p\u0159esn\u00fd syst\u00e9m vyvinut\u00fd pro odstra\u0148ov\u00e1n\u00ed nap\u011bt\u00ed na zadn\u00ed stran\u011b desti\u010dek a odstra\u0148ov\u00e1n\u00ed po\u0161kozen\u00fdch vrstev p\u0159i v\u00fdrob\u011b polovodi\u010d\u016f. Toto za\u0159\u00edzen\u00ed, speci\u00e1ln\u011b navr\u017een\u00e9 pro zpracov\u00e1n\u00ed 300mm desti\u010dek, vyu\u017e\u00edv\u00e1 proces such\u00e9ho le\u0161t\u011bn\u00ed k dosa\u017een\u00ed vysoce kvalitn\u00ed povrchov\u00e9 \u00fapravy p\u0159i minimalizaci dopadu na \u017eivotn\u00ed prost\u0159ed\u00ed.<\/p>\n<p data-start=\"652\" data-end=\"959\">Tento syst\u00e9m je obzvl\u00e1\u0161t\u011b vhodn\u00fd pro pokro\u010dil\u00e9 balic\u00ed aplikace, kde je rozhoduj\u00edc\u00ed zten\u010den\u00ed pl\u00e1tk\u016f a kontrola nap\u011bt\u00ed. \u00da\u010dinn\u00fdm odstra\u0148ov\u00e1n\u00edm podpovrchov\u00fdch vrstev po\u0161kozen\u00ed zp\u016fsoben\u00fdch p\u0159i brou\u0161en\u00ed pom\u00e1h\u00e1 syst\u00e9m WDP-1240 zlep\u0161it integritu desti\u010dek, sn\u00ed\u017eit deformace a zv\u00fd\u0161it mechanickou pevnost.<\/p>\n<p data-start=\"961\" data-end=\"1182\">V porovn\u00e1n\u00ed s tradi\u010dn\u00edmi syst\u00e9my mokr\u00e9ho le\u0161t\u011bn\u00ed eliminuje such\u00fd proces kontaminaci kalem a sni\u017euje po\u017eadavky na zpracov\u00e1n\u00ed odpadu, co\u017e z n\u011bj \u010din\u00ed ekologi\u010dt\u011bj\u0161\u00ed a n\u00e1kladov\u011b efektivn\u011bj\u0161\u00ed \u0159e\u0161en\u00ed.<\/p>\n<hr data-start=\"1184\" data-end=\"1187\" \/>\n<h2 data-section-id=\"m7ukan\" data-start=\"1189\" data-end=\"1232\">Kl\u00ed\u010dov\u00e9 vlastnosti a technick\u00e9 v\u00fdhody<\/h2>\n<h3 data-section-id=\"capa5r\" data-start=\"1234\" data-end=\"1295\">Technologie such\u00e9ho le\u0161t\u011bn\u00ed pro n\u00edzk\u00fd dopad na \u017eivotn\u00ed prost\u0159ed\u00ed<\/h3>\n<p data-start=\"1296\" data-end=\"1491\">Model WDP-1240 vyu\u017e\u00edv\u00e1 zcela such\u00fd proces le\u0161t\u011bn\u00ed, kter\u00fd eliminuje pot\u0159ebu pou\u017eit\u00ed chemick\u00e9 suspenze. To v\u00fdrazn\u011b sni\u017euje z\u00e1t\u011b\u017e \u017eivotn\u00edho prost\u0159ed\u00ed, zjednodu\u0161uje \u00fadr\u017ebu a sni\u017euje provozn\u00ed n\u00e1klady.<\/p>\n<h3 data-section-id=\"1awlizo\" data-start=\"1493\" data-end=\"1543\">\u00da\u010dinn\u00e9 odstra\u0148ov\u00e1n\u00ed stresu a \u0161kod<\/h3>\n<p data-start=\"1544\" data-end=\"1722\">Syst\u00e9m je navr\u017een tak, aby po brou\u0161en\u00ed desti\u010dek odstranil po\u0161kozenou vrstvu na zadn\u00ed stran\u011b a \u00fa\u010dinn\u011b uvolnil vnit\u0159n\u00ed nap\u011bt\u00ed, \u010d\u00edm\u017e zajist\u00ed lep\u0161\u00ed rovinnost a struktur\u00e1ln\u00ed stabilitu desti\u010dek.<\/p>\n<h3 data-section-id=\"90fwyd\" data-start=\"1724\" data-end=\"1762\">Zv\u00fd\u0161en\u00e1 v\u00fdt\u011b\u017enost tenk\u00fdch pl\u00e1tk\u016f<\/h3>\n<p data-start=\"1763\" data-end=\"1827\">Minimalizac\u00ed koncentrace nap\u011bt\u00ed pom\u00e1h\u00e1 stroj p\u0159edch\u00e1zet:<\/p>\n<ul data-start=\"1828\" data-end=\"1876\">\n<li data-section-id=\"pus2hj\" data-start=\"1828\" data-end=\"1846\">Prask\u00e1n\u00ed oplatek<\/li>\n<li data-section-id=\"wcbb49\" data-start=\"1847\" data-end=\"1864\">Odlamov\u00e1n\u00ed hran<\/li>\n<li data-section-id=\"bpnlvj\" data-start=\"1865\" data-end=\"1876\">Deformace<\/li>\n<\/ul>\n<p data-start=\"1878\" data-end=\"1965\">To vede k vy\u0161\u0161\u00ed v\u00fdt\u011b\u017enosti, zejm\u00e9na u velk\u00fdch a velmi tenk\u00fdch desti\u010dek.<\/p>\n<h3 data-section-id=\"98a0im\" data-start=\"1967\" data-end=\"2017\">Bezprobl\u00e9mov\u00e1 integrace s \u0159edic\u00edmi syst\u00e9my<\/h3>\n<p data-start=\"2018\" data-end=\"2217\">Za\u0159\u00edzen\u00ed WDP-1240 lze integrovat s p\u0159edch\u00e1zej\u00edc\u00edmi za\u0159\u00edzen\u00edmi, jako je automatick\u00e1 bruska na oplatky WG1251, co\u017e umo\u017e\u0148uje pln\u011b automatizovan\u00e9 v\u00fdrobn\u00ed linky s bezpe\u010dn\u00fdm a stabiln\u00edm p\u0159enosem oplatek mezi procesy.<\/p>\n<h3 data-section-id=\"1pvq7tz\" data-start=\"2219\" data-end=\"2265\">Stabiln\u00ed a robustn\u00ed mechanick\u00e1 konstrukce<\/h3>\n<p data-start=\"2266\" data-end=\"2435\">Za\u0159\u00edzen\u00ed je vybaveno jedn\u00edm v\u0159etenem, jedn\u00edm skl\u00ed\u010didlem a konfigurac\u00ed obtahovac\u00ed jednotky, co\u017e zaji\u0161\u0165uje konzistentn\u00ed le\u0161tic\u00ed v\u00fdkon a dlouhodobou provozn\u00ed stabilitu.<\/p>\n<hr data-start=\"2437\" data-end=\"2440\" \/>\n<h2 data-section-id=\"8lu2ky\" data-start=\"2442\" data-end=\"2472\">\u00a0Technick\u00e9 specifikace<\/h2>\n<div class=\"TyagGW_tableContainer\">\n<div class=\"group TyagGW_tableWrapper flex flex-col-reverse w-fit\" tabindex=\"-1\">\n<table class=\"w-fit min-w-(--thread-content-width)\" data-start=\"2474\" data-end=\"2738\">\n<thead data-start=\"2474\" data-end=\"2498\">\n<tr data-start=\"2474\" data-end=\"2498\">\n<th class=\"\" data-start=\"2474\" data-end=\"2481\" data-col-size=\"sm\">Polo\u017eka<\/th>\n<th class=\"\" data-start=\"2481\" data-end=\"2498\" data-col-size=\"md\">Specifikace<\/th>\n<\/tr>\n<\/thead>\n<tbody data-start=\"2522\" data-end=\"2738\">\n<tr data-start=\"2522\" data-end=\"2583\">\n<td data-start=\"2522\" data-end=\"2534\" data-col-size=\"sm\">Struktura<\/td>\n<td data-start=\"2534\" data-end=\"2583\" data-col-size=\"md\">V\u0159eteno \u00d71 \/ Skl\u00ed\u010didlo \u00d71 \/ Obl\u00e9kac\u00ed jednotka \u00d71<\/td>\n<\/tr>\n<tr data-start=\"2584\" data-end=\"2618\">\n<td data-start=\"2584\" data-end=\"2600\" data-col-size=\"sm\">V\u00fdkon v\u0159etena<\/td>\n<td data-start=\"2600\" data-end=\"2618\" data-col-size=\"md\">7,5 kW \/ 11 kW<\/td>\n<\/tr>\n<tr data-start=\"2619\" data-end=\"2658\">\n<td data-start=\"2619\" data-end=\"2632\" data-col-size=\"sm\">Velikost oplatky<\/td>\n<td data-start=\"2632\" data-end=\"2658\" data-col-size=\"md\">A\u017e 12 palc\u016f (300 mm)<\/td>\n<\/tr>\n<tr data-start=\"2659\" data-end=\"2691\">\n<td data-start=\"2659\" data-end=\"2674\" data-col-size=\"sm\">Typ procesu<\/td>\n<td data-start=\"2674\" data-end=\"2691\" data-col-size=\"md\">Such\u00e9 le\u0161t\u011bn\u00ed<\/td>\n<\/tr>\n<tr data-start=\"2692\" data-end=\"2738\">\n<td data-start=\"2692\" data-end=\"2713\" data-col-size=\"sm\">Rozm\u011bry stroje<\/td>\n<td data-start=\"2713\" data-end=\"2738\" data-col-size=\"md\">1450 \u00d7 3380 \u00d7 1900 mm<\/td>\n<\/tr>\n<\/tbody>\n<\/table>\n<\/div>\n<\/div>\n<hr data-start=\"2740\" data-end=\"2743\" \/>\n<h2 data-section-id=\"13yq5fc\" data-start=\"2745\" data-end=\"2768\">Princip fungov\u00e1n\u00ed<\/h2>\n<p data-start=\"2812\" data-end=\"2954\">Za\u0159\u00edzen\u00ed WDP-1240 pracuje na z\u00e1klad\u011b \u0159\u00edzen\u00e9ho mechanick\u00e9ho le\u0161t\u011bn\u00ed zadn\u00ed strany desti\u010dky pomoc\u00ed vysokorychlostn\u00edho v\u0159etena a p\u0159esn\u00e9ho up\u00ednac\u00edho syst\u00e9mu.<\/p>\n<p data-start=\"2956\" data-end=\"3193\">Po zten\u010den\u00ed desti\u010dky \u010dasto z\u016fst\u00e1v\u00e1 pod povrchem po\u0161kozen\u00e1 vrstva, kter\u00e1 zp\u016fsobuje vnit\u0159n\u00ed pnut\u00ed. Proces such\u00e9ho le\u0161t\u011bn\u00ed tuto vrstvu odstran\u00ed p\u0159i zachov\u00e1n\u00ed p\u0159\u00edsn\u00e9 kontroly tlaku a rychlosti odstra\u0148ov\u00e1n\u00ed materi\u00e1lu. V\u00fdsledkem je:<\/p>\n<ul data-start=\"3195\" data-end=\"3278\">\n<li data-section-id=\"1r1ex1w\" data-start=\"3195\" data-end=\"3222\">Jednotn\u00e1 kvalita povrchu<\/li>\n<li data-section-id=\"bhqqr1\" data-start=\"3223\" data-end=\"3250\">Sn\u00ed\u017een\u00e9 zbytkov\u00e9 nap\u011bt\u00ed<\/li>\n<li data-section-id=\"1iz8bdx\" data-start=\"3251\" data-end=\"3278\">Zlep\u0161en\u00e1 rovinnost desti\u010dek<\/li>\n<\/ul>\n<p data-start=\"3280\" data-end=\"3392\">Integrovan\u00e1 obtahovac\u00ed jednotka zaji\u0161\u0165uje, \u017ee si le\u0161tic\u00ed n\u00e1stroje zachov\u00e1vaj\u00ed st\u00e1l\u00fd v\u00fdkon po celou dobu procesu.<\/p>\n<hr data-start=\"3394\" data-end=\"3397\" \/>\n<h2 data-section-id=\"1mpxdoq\" data-start=\"3399\" data-end=\"3422\"><img decoding=\"async\" class=\"size-medium wp-image-2171 alignright\" src=\"https:\/\/www.zmsh-semitech.com\/wp-content\/uploads\/2026\/04\/4inch_silicon_carbide_wafers-300x300.webp\" alt=\"\" width=\"300\" height=\"300\" srcset=\"https:\/\/www.zmsh-semitech.com\/wp-content\/uploads\/2026\/04\/4inch_silicon_carbide_wafers-300x300.webp 300w, https:\/\/www.zmsh-semitech.com\/wp-content\/uploads\/2026\/04\/4inch_silicon_carbide_wafers-150x150.webp 150w, https:\/\/www.zmsh-semitech.com\/wp-content\/uploads\/2026\/04\/4inch_silicon_carbide_wafers-768x768.webp 768w, https:\/\/www.zmsh-semitech.com\/wp-content\/uploads\/2026\/04\/4inch_silicon_carbide_wafers-12x12.webp 12w, https:\/\/www.zmsh-semitech.com\/wp-content\/uploads\/2026\/04\/4inch_silicon_carbide_wafers-600x600.webp 600w, https:\/\/www.zmsh-semitech.com\/wp-content\/uploads\/2026\/04\/4inch_silicon_carbide_wafers-100x100.webp 100w, https:\/\/www.zmsh-semitech.com\/wp-content\/uploads\/2026\/04\/4inch_silicon_carbide_wafers.webp 800w\" sizes=\"(max-width: 300px) 100vw, 300px\" \/>Rozsah pou\u017eit\u00ed<\/h2>\n<p data-start=\"3424\" data-end=\"3462\">\u0158ada WDP-1240 se \u0161iroce pou\u017e\u00edv\u00e1 v:<\/p>\n<ul data-start=\"3464\" data-end=\"3675\">\n<li data-section-id=\"thioxr\" data-start=\"3464\" data-end=\"3507\">Zpracov\u00e1n\u00ed zadn\u00ed strany polovodi\u010dov\u00fdch desti\u010dek<\/li>\n<li data-section-id=\"1b52adm\" data-start=\"3508\" data-end=\"3557\">Pokro\u010dil\u00e9 balen\u00ed (WLCSP, fan-out packaging)<\/li>\n<li data-section-id=\"1lhtczs\" data-start=\"3558\" data-end=\"3590\">Le\u0161t\u011bn\u00ed k\u0159em\u00edkov\u00fdch (Si) desti\u010dek<\/li>\n<li data-section-id=\"zqmbwb\" data-start=\"3591\" data-end=\"3633\">Zpracov\u00e1n\u00ed desti\u010dek z karbidu k\u0159em\u00edku (SiC)<\/li>\n<li data-section-id=\"1xtbjfg\" data-start=\"3634\" data-end=\"3675\">Aplikace pro odleh\u010den\u00ed tenk\u00fdch desti\u010dek<\/li>\n<\/ul>\n<p data-start=\"3677\" data-end=\"3828\">Podporuje 12palcov\u00e9 a men\u0161\u00ed wafery, tak\u017ee je vhodn\u00fd jak pro b\u011b\u017enou v\u00fdrobu polovodi\u010d\u016f, tak pro nov\u00e9 pokro\u010dil\u00e9 obalov\u00e9 technologie.<\/p>\n<hr data-start=\"3830\" data-end=\"3833\" \/>\n<h2 data-section-id=\"1116wfg\" data-start=\"3835\" data-end=\"3856\"><img decoding=\"async\" class=\"size-medium wp-image-2122 alignright\" src=\"https:\/\/www.zmsh-semitech.com\/wp-content\/uploads\/2026\/04\/Wafer-Back-Grinding-Machine-300x300.png\" alt=\"\" width=\"300\" height=\"300\" srcset=\"https:\/\/www.zmsh-semitech.com\/wp-content\/uploads\/2026\/04\/Wafer-Back-Grinding-Machine-300x300.png 300w, https:\/\/www.zmsh-semitech.com\/wp-content\/uploads\/2026\/04\/Wafer-Back-Grinding-Machine-150x150.png 150w, https:\/\/www.zmsh-semitech.com\/wp-content\/uploads\/2026\/04\/Wafer-Back-Grinding-Machine-768x768.png 768w, https:\/\/www.zmsh-semitech.com\/wp-content\/uploads\/2026\/04\/Wafer-Back-Grinding-Machine-12x12.png 12w, https:\/\/www.zmsh-semitech.com\/wp-content\/uploads\/2026\/04\/Wafer-Back-Grinding-Machine-600x600.png 600w, https:\/\/www.zmsh-semitech.com\/wp-content\/uploads\/2026\/04\/Wafer-Back-Grinding-Machine-100x100.png 100w, https:\/\/www.zmsh-semitech.com\/wp-content\/uploads\/2026\/04\/Wafer-Back-Grinding-Machine.png 1000w\" sizes=\"(max-width: 300px) 100vw, 300px\" \/>Hlavn\u00ed v\u00fdhody<\/h2>\n<ul data-start=\"3858\" data-end=\"4293\">\n<li data-section-id=\"6czk3i\" data-start=\"3858\" data-end=\"3942\">N\u00edzk\u00fd dopad na \u017eivotn\u00ed prost\u0159ed\u00ed<br data-start=\"3888\" data-end=\"3891\" \/>Such\u00fd proces eliminuje vznik kalu a sni\u017euje mno\u017estv\u00ed odpadu<\/li>\n<li data-section-id=\"7ceake\" data-start=\"3944\" data-end=\"4024\">Zlep\u0161en\u00ed vysok\u00e9ho v\u00fdnosu<br data-start=\"3972\" data-end=\"3975\" \/>Minimalizuje prask\u00e1n\u00ed a deformace tenk\u00fdch desti\u010dek<\/li>\n<li data-section-id=\"aztc7d\" data-start=\"4026\" data-end=\"4104\">Vysok\u00e1 stabilita procesu<br data-start=\"4054\" data-end=\"4057\" \/>Robustn\u00ed struktura zaji\u0161\u0165uje konzistentn\u00ed v\u00fdsledky<\/li>\n<li data-section-id=\"1viz6br\" data-start=\"4106\" data-end=\"4194\">Integrace v\u00fdrobn\u00ed linky<br data-start=\"4139\" data-end=\"4142\" \/>Kompatibilita s automatizovan\u00fdmi syst\u00e9my pro zten\u010dov\u00e1n\u00ed desti\u010dek<\/li>\n<li data-section-id=\"vz1nvb\" data-start=\"4196\" data-end=\"4293\">Optimalizov\u00e1no pro pokro\u010dil\u00e9 balen\u00ed<br data-start=\"4234\" data-end=\"4237\" \/>Navr\u017eeno pro polovodi\u010dov\u00e9 procesy nov\u00e9 generace<\/li>\n<\/ul>\n<hr data-start=\"4295\" data-end=\"4298\" \/>\n<h2 data-section-id=\"w1cnyx\" data-start=\"4300\" data-end=\"4309\">\u010cASTO KLADEN\u00c9 DOTAZY<\/h2>\n<p data-start=\"4311\" data-end=\"4563\">Ot\u00e1zka 1: Jak\u00e1 je hlavn\u00ed v\u00fdhoda le\u0161t\u011bn\u00ed za sucha ve srovn\u00e1n\u00ed s le\u0161t\u011bn\u00edm za mokra?<br data-start=\"4389\" data-end=\"4392\" \/>Odpov\u011b\u010f: Such\u00e9 le\u0161t\u011bn\u00ed eliminuje pou\u017eit\u00ed kalu, \u010d\u00edm\u017e se sni\u017euje dopad na \u017eivotn\u00ed prost\u0159ed\u00ed, zjednodu\u0161uje \u00fadr\u017eba a sni\u017euj\u00ed provozn\u00ed n\u00e1klady p\u0159i zachov\u00e1n\u00ed vysok\u00e9 kvality povrchu.<\/p>\n<p data-start=\"4565\" data-end=\"4700\">O2: Jak\u00e9 velikosti desti\u010dek jsou podporov\u00e1ny?<br data-start=\"4604\" data-end=\"4607\" \/>Odpov\u011b\u010f: WDP-1240 podporuje desti\u010dky o velikosti a\u017e 12 palc\u016f (300 mm), v\u010detn\u011b materi\u00e1l\u016f Si a SiC.<\/p>\n<p data-start=\"4702\" data-end=\"4916\">Ot\u00e1zka 3: Lze tento stroj integrovat do v\u00fdrobn\u00ed linky?<br data-start=\"4764\" data-end=\"4767\" \/>Odpov\u011b\u010f: Ano. Lze jej bez probl\u00e9m\u016f propojit se za\u0159\u00edzen\u00edm na zten\u010dov\u00e1n\u00ed desti\u010dek, jako je WG1251, co\u017e umo\u017e\u0148uje automatizovan\u00fd p\u0159enos desti\u010dek a kontinu\u00e1ln\u00ed zpracov\u00e1n\u00ed.<\/p>","protected":false},"excerpt":{"rendered":"<p>Such\u00e1 le\u0161ti\u010dka \u0159ady WDP-1240 je pokro\u010dil\u00fd p\u0159esn\u00fd syst\u00e9m vyvinut\u00fd pro odstra\u0148ov\u00e1n\u00ed nap\u011bt\u00ed na zadn\u00ed stran\u011b desti\u010dek a odstra\u0148ov\u00e1n\u00ed po\u0161kozen\u00fdch vrstev p\u0159i v\u00fdrob\u011b polovodi\u010d\u016f. Toto za\u0159\u00edzen\u00ed, speci\u00e1ln\u011b navr\u017een\u00e9 pro zpracov\u00e1n\u00ed 300mm desti\u010dek, vyu\u017e\u00edv\u00e1 proces such\u00e9ho le\u0161t\u011bn\u00ed k dosa\u017een\u00ed vysoce kvalitn\u00ed povrchov\u00e9 \u00fapravy p\u0159i minimalizaci dopadu na \u017eivotn\u00ed prost\u0159ed\u00ed.<\/p>","protected":false},"featured_media":2217,"comment_status":"open","ping_status":"closed","template":"","meta":{"site-sidebar-layout":"default","site-content-layout":"","ast-site-content-layout":"default","site-content-style":"default","site-sidebar-style":"default","ast-global-header-display":"","ast-banner-title-visibility":"","ast-main-header-display":"","ast-hfb-above-header-display":"","ast-hfb-below-header-display":"","ast-hfb-mobile-header-display":"","site-post-title":"","ast-breadcrumbs-content":"","ast-featured-img":"","footer-sml-layout":"","ast-disable-related-posts":"","theme-transparent-header-meta":"default","adv-header-id-meta":"","stick-header-meta":"default","header-above-stick-meta":"","header-main-stick-meta":"","header-below-stick-meta":"","astra-migrate-meta-layouts":"set","ast-page-background-enabled":"default","ast-page-background-meta":{"desktop":{"background-color":"var(--ast-global-color-4)","background-image":"","background-repeat":"repeat","background-position":"center center","background-size":"auto","background-attachment":"scroll","background-type":"","background-media":"","overlay-type":"","overlay-color":"","overlay-opacity":"","overlay-gradient":""},"tablet":{"background-color":"","background-image":"","background-repeat":"repeat","background-position":"center center","background-size":"auto","background-attachment":"scroll","background-type":"","background-media":"","overlay-type":"","overlay-color":"","overlay-opacity":"","overlay-gradient":""},"mobile":{"background-color":"","background-image":"","background-repeat":"repeat","background-position":"center center","background-size":"auto","background-attachment":"scroll","background-type":"","background-media":"","overlay-type":"","overlay-color":"","overlay-opacity":"","overlay-gradient":""}},"ast-content-background-meta":{"desktop":{"background-color":"var(--ast-global-color-5)","background-image":"","background-repeat":"repeat","background-position":"center center","background-size":"auto","background-attachment":"scroll","background-type":"","background-media":"","overlay-type":"","overlay-color":"","overlay-opacity":"","overlay-gradient":""},"tablet":{"background-color":"var(--ast-global-color-5)","background-image":"","background-repeat":"repeat","background-position":"center center","background-size":"auto","background-attachment":"scroll","background-type":"","background-media":"","overlay-type":"","overlay-color":"","overlay-opacity":"","overlay-gradient":""},"mobile":{"background-color":"var(--ast-global-color-5)","background-image":"","background-repeat":"repeat","background-position":"center center","background-size":"auto","background-attachment":"scroll","background-type":"","background-media":"","overlay-type":"","overlay-color":"","overlay-opacity":"","overlay-gradient":""}}},"product_brand":[],"product_cat":[725],"product_tag":[995,1000,993,1001,996,997,999,998,994,1002],"class_list":{"0":"post-2215","1":"product","2":"type-product","3":"status-publish","4":"has-post-thumbnail","6":"product_cat-polishing-machine","7":"product_tag-300mm-wafer-polishing","8":"product_tag-advanced-packaging-equipment","9":"product_tag-dry-polishing-machine","10":"product_tag-dry-wafer-processing","11":"product_tag-semiconductor-polishing-machine","12":"product_tag-sic-wafer-polishing","13":"product_tag-stress-relief-polishing-machine","14":"product_tag-wafer-backside-polishing","15":"product_tag-wafer-polishing-equipment","16":"product_tag-wafer-thinning-line-equipment","17":"desktop-align-left","18":"tablet-align-left","19":"mobile-align-left","20":"ast-product-gallery-layout-horizontal-slider","21":"ast-product-gallery-with-no-image","22":"ast-product-tabs-layout-horizontal","24":"first","25":"instock","26":"shipping-taxable","27":"product-type-simple"},"_links":{"self":[{"href":"https:\/\/www.zmsh-semitech.com\/cs\/wp-json\/wp\/v2\/product\/2215","targetHints":{"allow":["GET"]}}],"collection":[{"href":"https:\/\/www.zmsh-semitech.com\/cs\/wp-json\/wp\/v2\/product"}],"about":[{"href":"https:\/\/www.zmsh-semitech.com\/cs\/wp-json\/wp\/v2\/types\/product"}],"replies":[{"embeddable":true,"href":"https:\/\/www.zmsh-semitech.com\/cs\/wp-json\/wp\/v2\/comments?post=2215"}],"version-history":[{"count":3,"href":"https:\/\/www.zmsh-semitech.com\/cs\/wp-json\/wp\/v2\/product\/2215\/revisions"}],"predecessor-version":[{"id":2219,"href":"https:\/\/www.zmsh-semitech.com\/cs\/wp-json\/wp\/v2\/product\/2215\/revisions\/2219"}],"wp:featuredmedia":[{"embeddable":true,"href":"https:\/\/www.zmsh-semitech.com\/cs\/wp-json\/wp\/v2\/media\/2217"}],"wp:attachment":[{"href":"https:\/\/www.zmsh-semitech.com\/cs\/wp-json\/wp\/v2\/media?parent=2215"}],"wp:term":[{"taxonomy":"product_brand","embeddable":true,"href":"https:\/\/www.zmsh-semitech.com\/cs\/wp-json\/wp\/v2\/product_brand?post=2215"},{"taxonomy":"product_cat","embeddable":true,"href":"https:\/\/www.zmsh-semitech.com\/cs\/wp-json\/wp\/v2\/product_cat?post=2215"},{"taxonomy":"product_tag","embeddable":true,"href":"https:\/\/www.zmsh-semitech.com\/cs\/wp-json\/wp\/v2\/product_tag?post=2215"}],"curies":[{"name":"wp","href":"https:\/\/api.w.org\/{rel}","templated":true}]}}