{"id":2203,"date":"2026-04-15T01:57:37","date_gmt":"2026-04-15T01:57:37","guid":{"rendered":"https:\/\/www.zmsh-semitech.com\/?post_type=product&#038;p=2203"},"modified":"2026-04-15T01:57:39","modified_gmt":"2026-04-15T01:57:39","slug":"cnc-robot-polishing-machine-for-large-optical-surfaces","status":"publish","type":"product","link":"https:\/\/www.zmsh-semitech.com\/cs\/product\/cnc-robot-polishing-machine-for-large-optical-surfaces\/","title":{"rendered":"CNC robotick\u00fd le\u0161tic\u00ed stroj pro velk\u00e9 optick\u00e9 plochy"},"content":{"rendered":"<p data-start=\"593\" data-end=\"978\"><img decoding=\"async\" class=\"alignright wp-image-2207\" src=\"https:\/\/www.zmsh-semitech.com\/wp-content\/uploads\/2026\/04\/robot_polishing_machine_for_large_and_complex_optical_surfaces-150x150.webp\" alt=\"\" width=\"179\" height=\"179\" srcset=\"https:\/\/www.zmsh-semitech.com\/wp-content\/uploads\/2026\/04\/robot_polishing_machine_for_large_and_complex_optical_surfaces-150x150.webp 150w, https:\/\/www.zmsh-semitech.com\/wp-content\/uploads\/2026\/04\/robot_polishing_machine_for_large_and_complex_optical_surfaces-300x300.webp 300w, https:\/\/www.zmsh-semitech.com\/wp-content\/uploads\/2026\/04\/robot_polishing_machine_for_large_and_complex_optical_surfaces-768x768.webp 768w, https:\/\/www.zmsh-semitech.com\/wp-content\/uploads\/2026\/04\/robot_polishing_machine_for_large_and_complex_optical_surfaces-12x12.webp 12w, https:\/\/www.zmsh-semitech.com\/wp-content\/uploads\/2026\/04\/robot_polishing_machine_for_large_and_complex_optical_surfaces-600x600.webp 600w, https:\/\/www.zmsh-semitech.com\/wp-content\/uploads\/2026\/04\/robot_polishing_machine_for_large_and_complex_optical_surfaces-100x100.webp 100w, https:\/\/www.zmsh-semitech.com\/wp-content\/uploads\/2026\/04\/robot_polishing_machine_for_large_and_complex_optical_surfaces.webp 800w\" sizes=\"(max-width: 179px) 100vw, 179px\" \/>Robotick\u00e1 le\u0161ti\u010dka je vysoce p\u0159esn\u00fd automatizovan\u00fd syst\u00e9m ur\u010den\u00fd k le\u0161t\u011bn\u00ed velk\u00fdch a slo\u017eit\u00fdch optick\u00fdch povrch\u016f. Integruje \u0161estiosou pr\u016fmyslovou robotickou platformu (nap\u0159. <span class=\"hover:entity-accent entity-underline inline cursor-pointer align-baseline\"><span class=\"whitespace-normal\">KUKA<\/span><\/span>, <span class=\"hover:entity-accent entity-underline inline cursor-pointer align-baseline\"><span class=\"whitespace-normal\">ABB<\/span><\/span>, nebo <span class=\"hover:entity-accent entity-underline inline cursor-pointer align-baseline\"><span class=\"whitespace-normal\">St\u00e4ubli<\/span><\/span>) s pokro\u010dil\u00fdmi le\u0161tic\u00edmi moduly a inteligentn\u00edm \u0159\u00eddic\u00edm softwarem.<\/p>\n<p data-start=\"980\" data-end=\"1301\">Tento syst\u00e9m umo\u017e\u0148uje pln\u011b digit\u00e1ln\u00ed optickou v\u00fdrobu a pokr\u00fdv\u00e1 cel\u00fd pracovn\u00ed postup od modelov\u00e1n\u00ed povrchu a generov\u00e1n\u00ed dr\u00e1hy n\u00e1stroje a\u017e po \u0159\u00edzen\u00ed s\u00edly v re\u00e1ln\u00e9m \u010dase a monitorov\u00e1n\u00ed procesu. Ve srovn\u00e1n\u00ed s tradi\u010dn\u00edm ru\u010dn\u00edm le\u0161t\u011bn\u00edm p\u0159in\u00e1\u0161\u00ed vy\u0161\u0161\u00ed konzistenci, lep\u0161\u00ed efektivitu a vynikaj\u00edc\u00ed p\u0159esnost povrchu.<\/p>\n<h2 data-section-id=\"1rr2lw1\" data-start=\"1308\" data-end=\"1338\">Kl\u00ed\u010dov\u00e9 technick\u00e9 parametry<\/h2>\n<div class=\"TyagGW_tableContainer\">\n<div class=\"group TyagGW_tableWrapper flex flex-col-reverse w-fit\" tabindex=\"-1\">\n<table class=\"w-fit min-w-(--thread-content-width)\" data-start=\"1340\" data-end=\"1713\">\n<thead data-start=\"1340\" data-end=\"1369\">\n<tr data-start=\"1340\" data-end=\"1369\">\n<th class=\"\" data-start=\"1340\" data-end=\"1352\" data-col-size=\"sm\">Parametr<\/th>\n<th class=\"\" data-start=\"1352\" data-end=\"1369\" data-col-size=\"md\">Specifikace<\/th>\n<\/tr>\n<\/thead>\n<tbody data-start=\"1397\" data-end=\"1713\">\n<tr data-start=\"1397\" data-end=\"1461\">\n<td data-start=\"1397\" data-end=\"1427\" data-col-size=\"sm\">P\u0159esnost opakovan\u00e9ho polohov\u00e1n\u00ed<\/td>\n<td data-col-size=\"md\" data-start=\"1427\" data-end=\"1461\">\u00b10,04 mm \/ \u00b10,05 mm \/ \u00b10,10 mm<\/td>\n<\/tr>\n<tr data-start=\"1462\" data-end=\"1502\">\n<td data-start=\"1462\" data-end=\"1484\" data-col-size=\"sm\">Pr\u016fm\u011br zpracov\u00e1n\u00ed<\/td>\n<td data-col-size=\"md\" data-start=\"1484\" data-end=\"1502\">\u03a650 - \u03a62000 mm<\/td>\n<\/tr>\n<tr data-start=\"1503\" data-end=\"1563\">\n<td data-start=\"1503\" data-end=\"1526\" data-col-size=\"sm\">Typy le\u0161tic\u00edch hlavic<\/td>\n<td data-col-size=\"md\" data-start=\"1526\" data-end=\"1563\">Airbag \/ Pevn\u00fd \/ Kole\u010dko \/ Kombinovan\u00fd<\/td>\n<\/tr>\n<tr data-start=\"1564\" data-end=\"1598\">\n<td data-start=\"1564\" data-end=\"1580\" data-col-size=\"sm\">Ot\u00e1\u010dky v\u0159etena<\/td>\n<td data-col-size=\"md\" data-start=\"1580\" data-end=\"1598\">A\u017e 1500 ot\u00e1\u010dek za minutu<\/td>\n<\/tr>\n<tr data-start=\"1599\" data-end=\"1636\">\n<td data-start=\"1599\" data-end=\"1622\" data-col-size=\"sm\">Nep\u0159etr\u017eit\u00fd provoz<\/td>\n<td data-col-size=\"md\" data-start=\"1622\" data-end=\"1636\">\u2265300 hodin<\/td>\n<\/tr>\n<tr data-start=\"1637\" data-end=\"1713\">\n<td data-start=\"1637\" data-end=\"1657\" data-col-size=\"sm\">Voliteln\u00e9 funkce<\/td>\n<td data-col-size=\"md\" data-start=\"1657\" data-end=\"1713\">Automatick\u00e1 kalibrace, online monitorov\u00e1n\u00ed, NC oto\u010dn\u00fd st\u016fl<\/td>\n<\/tr>\n<\/tbody>\n<\/table>\n<\/div>\n<\/div>\n<h2 data-section-id=\"13yq5fc\" data-start=\"1720\" data-end=\"1743\">Princip fungov\u00e1n\u00ed<\/h2>\n<p><img fetchpriority=\"high\" decoding=\"async\" class=\"alignleft wp-image-2206\" src=\"https:\/\/www.zmsh-semitech.com\/wp-content\/uploads\/2026\/04\/robot_polishing_machine_for_large_and_complex_optical_surfaces2-300x300.webp\" alt=\"\" width=\"350\" height=\"350\" srcset=\"https:\/\/www.zmsh-semitech.com\/wp-content\/uploads\/2026\/04\/robot_polishing_machine_for_large_and_complex_optical_surfaces2-300x300.webp 300w, https:\/\/www.zmsh-semitech.com\/wp-content\/uploads\/2026\/04\/robot_polishing_machine_for_large_and_complex_optical_surfaces2-150x150.webp 150w, https:\/\/www.zmsh-semitech.com\/wp-content\/uploads\/2026\/04\/robot_polishing_machine_for_large_and_complex_optical_surfaces2-768x768.webp 768w, https:\/\/www.zmsh-semitech.com\/wp-content\/uploads\/2026\/04\/robot_polishing_machine_for_large_and_complex_optical_surfaces2-12x12.webp 12w, https:\/\/www.zmsh-semitech.com\/wp-content\/uploads\/2026\/04\/robot_polishing_machine_for_large_and_complex_optical_surfaces2-600x600.webp 600w, https:\/\/www.zmsh-semitech.com\/wp-content\/uploads\/2026\/04\/robot_polishing_machine_for_large_and_complex_optical_surfaces2-100x100.webp 100w, https:\/\/www.zmsh-semitech.com\/wp-content\/uploads\/2026\/04\/robot_polishing_machine_for_large_and_complex_optical_surfaces2.webp 800w\" sizes=\"(max-width: 350px) 100vw, 350px\" \/><img decoding=\"async\" class=\"alignnone wp-image-2205\" src=\"https:\/\/www.zmsh-semitech.com\/wp-content\/uploads\/2026\/04\/robot_polishing_machine_for_large_and_complex_optical_surfaces3-300x300.webp\" alt=\"\" width=\"350\" height=\"350\" srcset=\"https:\/\/www.zmsh-semitech.com\/wp-content\/uploads\/2026\/04\/robot_polishing_machine_for_large_and_complex_optical_surfaces3-300x300.webp 300w, https:\/\/www.zmsh-semitech.com\/wp-content\/uploads\/2026\/04\/robot_polishing_machine_for_large_and_complex_optical_surfaces3-150x150.webp 150w, https:\/\/www.zmsh-semitech.com\/wp-content\/uploads\/2026\/04\/robot_polishing_machine_for_large_and_complex_optical_surfaces3-768x768.webp 768w, https:\/\/www.zmsh-semitech.com\/wp-content\/uploads\/2026\/04\/robot_polishing_machine_for_large_and_complex_optical_surfaces3-12x12.webp 12w, https:\/\/www.zmsh-semitech.com\/wp-content\/uploads\/2026\/04\/robot_polishing_machine_for_large_and_complex_optical_surfaces3-600x600.webp 600w, https:\/\/www.zmsh-semitech.com\/wp-content\/uploads\/2026\/04\/robot_polishing_machine_for_large_and_complex_optical_surfaces3-100x100.webp 100w, https:\/\/www.zmsh-semitech.com\/wp-content\/uploads\/2026\/04\/robot_polishing_machine_for_large_and_complex_optical_surfaces3.webp 800w\" sizes=\"(max-width: 350px) 100vw, 350px\" \/>\u00a0 \u00a0\u00a0 <img loading=\"lazy\" decoding=\"async\" class=\"alignnone wp-image-2204\" src=\"https:\/\/www.zmsh-semitech.com\/wp-content\/uploads\/2026\/04\/robot_polishing_machine_for_large_and_complex_optical_surfaces4-300x300.webp\" alt=\"\" width=\"350\" height=\"350\" srcset=\"https:\/\/www.zmsh-semitech.com\/wp-content\/uploads\/2026\/04\/robot_polishing_machine_for_large_and_complex_optical_surfaces4-300x300.webp 300w, https:\/\/www.zmsh-semitech.com\/wp-content\/uploads\/2026\/04\/robot_polishing_machine_for_large_and_complex_optical_surfaces4-150x150.webp 150w, https:\/\/www.zmsh-semitech.com\/wp-content\/uploads\/2026\/04\/robot_polishing_machine_for_large_and_complex_optical_surfaces4-768x768.webp 768w, https:\/\/www.zmsh-semitech.com\/wp-content\/uploads\/2026\/04\/robot_polishing_machine_for_large_and_complex_optical_surfaces4-12x12.webp 12w, https:\/\/www.zmsh-semitech.com\/wp-content\/uploads\/2026\/04\/robot_polishing_machine_for_large_and_complex_optical_surfaces4-600x600.webp 600w, https:\/\/www.zmsh-semitech.com\/wp-content\/uploads\/2026\/04\/robot_polishing_machine_for_large_and_complex_optical_surfaces4-100x100.webp 100w, https:\/\/www.zmsh-semitech.com\/wp-content\/uploads\/2026\/04\/robot_polishing_machine_for_large_and_complex_optical_surfaces4.webp 800w\" sizes=\"(max-width: 350px) 100vw, 350px\" \/><\/p>\n<h3 data-section-id=\"g5bn65\" data-start=\"1787\" data-end=\"1823\">1. Koordinovan\u00fd pohyb v \u0161esti os\u00e1ch<\/h3>\n<p data-start=\"1824\" data-end=\"1968\">Stroj vyu\u017e\u00edv\u00e1 pln\u011b \u0161estios\u00fd robotick\u00fd pohyb k dosa\u017een\u00ed rovnom\u011brn\u00e9ho pokryt\u00ed slo\u017eit\u00fdch geometri\u00ed, v\u010detn\u011b voln\u00fdch tvar\u016f a povrch\u016f mimo osu.<\/p>\n<h3 data-section-id=\"p0vb8b\" data-start=\"1970\" data-end=\"2008\">2. Syst\u00e9m \u0159\u00edzen\u00ed konstantn\u00ed s\u00edly<\/h3>\n<p data-start=\"2009\" data-end=\"2145\">Integrovan\u00fd elektronick\u00fd tlakov\u00fd v\u00e1lec zaji\u0161\u0165uje stabiln\u00ed a p\u0159izp\u016fsobivou le\u0161tic\u00ed s\u00edlu a zabra\u0148uje nadm\u011brn\u00e9mu le\u0161t\u011bn\u00ed nebo po\u0161kozen\u00ed povrchu.<\/p>\n<h3 data-section-id=\"1jvzz5\" data-start=\"2147\" data-end=\"2176\">3. Adaptivn\u00ed rota\u010dn\u00ed osa<\/h3>\n<p data-start=\"2177\" data-end=\"2321\">Nastaviteln\u00e9 v\u0159eteno se automaticky p\u0159izp\u016fsobuje zak\u0159iven\u00ed povrchu, co\u017e umo\u017e\u0148uje p\u0159esn\u00e9 zpracov\u00e1n\u00ed koul\u00ed, asf\u00e9r a voln\u00fdch tvar\u016f optiky.<\/p>\n<h3 data-section-id=\"16qvuf4\" data-start=\"2323\" data-end=\"2359\">4. Uzav\u0159en\u00e1 zp\u011btn\u00e1 vazba senzor\u016f<\/h3>\n<p data-start=\"2360\" data-end=\"2464\">Monitorov\u00e1n\u00ed v re\u00e1ln\u00e9m \u010dase prost\u0159ednictv\u00edm sn\u00edma\u010d\u016f s\u00edly a polohy zaji\u0161\u0165uje stabilitu a opakovatelnost procesu.<\/p>\n<h3 data-section-id=\"wz5e0w\" data-start=\"2466\" data-end=\"2503\">5. Integrace optick\u00e9ho softwaru<\/h3>\n<p data-start=\"2504\" data-end=\"2648\">Pokro\u010dil\u00fd software podporuje 3D modelov\u00e1n\u00ed, simulaci, optimalizaci dr\u00e1hy a anal\u00fdzu dat, \u010d\u00edm\u017e vytv\u00e1\u0159\u00ed kompletn\u00ed inteligentn\u00ed \u0159e\u0161en\u00ed pro le\u0161t\u011bn\u00ed.<\/p>\n<h2 data-section-id=\"y88pv7\" data-start=\"2655\" data-end=\"2674\">\u00a0Z\u00e1kladn\u00ed funkce<\/h2>\n<ul data-start=\"2676\" data-end=\"3144\">\n<li data-section-id=\"1tubb3r\" data-start=\"2676\" data-end=\"2769\"><strong data-start=\"2678\" data-end=\"2704\">Vysoce p\u0159esn\u00e9 \u0159\u00edzen\u00ed<\/strong><br data-start=\"2704\" data-end=\"2707\" \/>Dosahuje p\u0159esnosti povrchu na optick\u00e9 \u00farovni s <strong data-start=\"2754\" data-end=\"2769\">RMS &lt; 10 nm<\/strong><\/li>\n<li data-section-id=\"1xnkmo0\" data-start=\"2771\" data-end=\"2867\"><strong data-start=\"2773\" data-end=\"2800\">Flexibiln\u00ed n\u00e1strojov\u00fd syst\u00e9m<\/strong><br data-start=\"2800\" data-end=\"2803\" \/>Podporuje v\u00edce le\u0161tic\u00edch hlav s mo\u017enost\u00ed rychl\u00e9 v\u00fdm\u011bny<\/li>\n<li data-section-id=\"oi7kbz\" data-start=\"2869\" data-end=\"2971\"><strong data-start=\"2871\" data-end=\"2899\">Pln\u011b automatizovan\u00fd pracovn\u00ed postup<\/strong><br data-start=\"2899\" data-end=\"2902\" \/>Od modelov\u00e1n\u00ed a\u017e po kontrolu jsou v\u0161echny procesy digit\u00e1ln\u011b integrov\u00e1ny.<\/li>\n<li data-section-id=\"1ioky9v\" data-start=\"2973\" data-end=\"3044\"><strong data-start=\"2975\" data-end=\"2998\">Dlouhodob\u00e1 stabilita<\/strong><br data-start=\"2998\" data-end=\"3001\" \/>Nep\u0159etr\u017eit\u00fd provoz a\u017e do <strong data-start=\"3030\" data-end=\"3044\">V\u00edce ne\u017e 300 hodin<\/strong><\/li>\n<li data-section-id=\"fq6r64\" data-start=\"3046\" data-end=\"3144\"><strong data-start=\"3048\" data-end=\"3075\">Inteligentn\u00ed monitorovac\u00ed syst\u00e9m<\/strong><br data-start=\"3075\" data-end=\"3078\" \/>Diagnostika v re\u00e1ln\u00e9m \u010dase a adaptivn\u00ed \u0159\u00edzen\u00ed zaji\u0161\u0165uj\u00ed bezpe\u010dn\u00fd provoz<\/li>\n<\/ul>\n<h2 data-section-id=\"a2tw4p\" data-start=\"3151\" data-end=\"3179\">Aplikace Odv\u011btv\u00ed<\/h2>\n<h3 data-section-id=\"wndtbo\" data-start=\"3223\" data-end=\"3235\">Optika<\/h3>\n<ul data-start=\"3236\" data-end=\"3318\">\n<li data-section-id=\"nna2i8\" data-start=\"3236\" data-end=\"3257\">Zrcadla teleskop\u016f<\/li>\n<li data-section-id=\"1wcjpov\" data-start=\"3258\" data-end=\"3285\">V\u00fdkonn\u00e1 laserov\u00e1 optika<\/li>\n<li data-section-id=\"1twd372\" data-start=\"3286\" data-end=\"3318\">P\u0159esn\u00e9 optick\u00e9 komponenty<\/li>\n<\/ul>\n<h3 data-section-id=\"87pyt7\" data-start=\"3320\" data-end=\"3335\">Letectv\u00ed a kosmonautika<\/h3>\n<ul data-start=\"3336\" data-end=\"3391\">\n<li data-section-id=\"qb512f\" data-start=\"3336\" data-end=\"3365\">Satelitn\u00ed zobrazovac\u00ed syst\u00e9my<\/li>\n<li data-section-id=\"nec7at\" data-start=\"3366\" data-end=\"3391\">Optika d\u00e1lkov\u00e9ho pr\u016fzkumu Zem\u011b<\/li>\n<\/ul>\n<h3 data-section-id=\"1lwhl68\" data-start=\"3393\" data-end=\"3422\">P\u0159esn\u00e1 v\u00fdroba<\/h3>\n<ul data-start=\"3423\" data-end=\"3485\">\n<li data-section-id=\"1765ksz\" data-start=\"3423\" data-end=\"3459\">Polovodi\u010dov\u00e9 optick\u00e9 sou\u010d\u00e1stky<\/li>\n<li data-section-id=\"1mkkqxg\" data-start=\"3460\" data-end=\"3485\">Velmi p\u0159esn\u00e9 formy<\/li>\n<\/ul>\n<h3 data-section-id=\"103x7s5\" data-start=\"3487\" data-end=\"3503\">Automobilov\u00fd pr\u016fmysl<\/h3>\n<ul data-start=\"3504\" data-end=\"3559\">\n<li data-section-id=\"15v6wa1\" data-start=\"3504\" data-end=\"3522\">Formy na sv\u011btlomety<\/li>\n<li data-section-id=\"rx4pur\" data-start=\"3523\" data-end=\"3559\">Dekorativn\u00ed sou\u010d\u00e1sti s vysok\u00fdm leskem<\/li>\n<\/ul>\n<h2 data-section-id=\"24joy1\" data-start=\"3566\" data-end=\"3586\">Typick\u00e9 modely<\/h2>\n<div class=\"TyagGW_tableContainer\">\n<div class=\"group TyagGW_tableWrapper flex flex-col-reverse w-fit\" tabindex=\"-1\">\n<table class=\"w-fit min-w-(--thread-content-width)\" data-start=\"3588\" data-end=\"3851\">\n<thead data-start=\"3588\" data-end=\"3638\">\n<tr data-start=\"3588\" data-end=\"3638\">\n<th class=\"\" data-start=\"3588\" data-end=\"3596\" data-col-size=\"sm\">Model<\/th>\n<th class=\"\" data-start=\"3596\" data-end=\"3609\" data-col-size=\"sm\">Z\u00e1kladna robota<\/th>\n<th class=\"\" data-start=\"3609\" data-end=\"3620\" data-col-size=\"sm\">P\u0159esnost<\/th>\n<th class=\"\" data-start=\"3620\" data-end=\"3638\" data-col-size=\"sm\">Rozsah pr\u016fm\u011br\u016f<\/th>\n<\/tr>\n<\/thead>\n<tbody data-start=\"3686\" data-end=\"3851\">\n<tr data-start=\"3686\" data-end=\"3740\">\n<td data-start=\"3686\" data-end=\"3696\" data-col-size=\"sm\">IRP500S<\/td>\n<td data-col-size=\"sm\" data-start=\"3696\" data-end=\"3714\">St\u00e4ubli TX2-90L<\/td>\n<td data-col-size=\"sm\" data-start=\"3714\" data-end=\"3725\">\u00b10,04 mm<\/td>\n<td data-col-size=\"sm\" data-start=\"3725\" data-end=\"3740\">\u03a650-\u03a6500 mm<\/td>\n<\/tr>\n<tr data-start=\"3741\" data-end=\"3797\">\n<td data-start=\"3741\" data-end=\"3752\" data-col-size=\"sm\">IRP1000S<\/td>\n<td data-col-size=\"sm\" data-start=\"3752\" data-end=\"3770\">St\u00e4ubli TX200\/L<\/td>\n<td data-col-size=\"sm\" data-start=\"3770\" data-end=\"3781\">\u00b10,05 mm<\/td>\n<td data-col-size=\"sm\" data-start=\"3781\" data-end=\"3797\">\u03a680-\u03a61000 mm<\/td>\n<\/tr>\n<tr data-start=\"3798\" data-end=\"3851\">\n<td data-start=\"3798\" data-end=\"3809\" data-col-size=\"sm\">IRP2000A<\/td>\n<td data-col-size=\"sm\" data-start=\"3809\" data-end=\"3823\">ABB IRB6700<\/td>\n<td data-col-size=\"sm\" data-start=\"3823\" data-end=\"3834\">\u00b10,10 mm<\/td>\n<td data-col-size=\"sm\" data-start=\"3834\" data-end=\"3851\">\u03a6200-\u03a62000 mm<\/td>\n<\/tr>\n<\/tbody>\n<\/table>\n<\/div>\n<\/div>\n<h2 data-section-id=\"5604o0\" data-start=\"3858\" data-end=\"3878\">Hlavn\u00ed v\u00fdhody<\/h2>\n<ul data-start=\"3880\" data-end=\"4311\">\n<li data-section-id=\"jhcmsn\" data-start=\"3880\" data-end=\"3966\"><strong data-start=\"3882\" data-end=\"3912\">Velmi vysok\u00e1 kvalita povrchu<\/strong><br data-start=\"3912\" data-end=\"3915\" \/>Optick\u00e9 povrchy s p\u0159esnost\u00ed na \u00farovni nanometr\u016f<\/li>\n<li data-section-id=\"r1lpdh\" data-start=\"3968\" data-end=\"4066\"><strong data-start=\"3970\" data-end=\"4000\">Vysoce efektivn\u00ed v\u00fdroba<\/strong><br data-start=\"4000\" data-end=\"4003\" \/>V\u00edceos\u00e1 automatizace v\u00fdrazn\u011b zkracuje dobu zpracov\u00e1n\u00ed<\/li>\n<li data-section-id=\"1ljbgqb\" data-start=\"4068\" data-end=\"4152\"><strong data-start=\"4070\" data-end=\"4092\">\u0160irok\u00e1 kompatibilita<\/strong><br data-start=\"4092\" data-end=\"4095\" \/>Vhodn\u00e9 pro r\u016fzn\u00e9 materi\u00e1ly a slo\u017eit\u00e9 geometrie<\/li>\n<li data-section-id=\"cwm8hl\" data-start=\"4154\" data-end=\"4233\"><strong data-start=\"4156\" data-end=\"4178\">Sn\u00ed\u017een\u00ed n\u00e1klad\u016f na pracovn\u00ed s\u00edlu<\/strong><br data-start=\"4178\" data-end=\"4181\" \/>Nahrazuje ru\u010dn\u00ed le\u0161t\u011bn\u00ed automatizovan\u00fdmi syst\u00e9my.<\/li>\n<li data-section-id=\"1k2po7u\" data-start=\"4235\" data-end=\"4311\"><strong data-start=\"4237\" data-end=\"4263\">\u0160k\u00e1lovateln\u00e1 v\u00fdroba<\/strong><br data-start=\"4263\" data-end=\"4266\" \/>Vhodn\u00e9 pro v\u00fdzkum a v\u00fdvoj i s\u00e9riovou v\u00fdrobu<\/li>\n<\/ul>\n<h2 data-section-id=\"w1cnyx\" data-start=\"4318\" data-end=\"4327\">\u010cASTO KLADEN\u00c9 DOTAZY<\/h2>\n<p data-start=\"4329\" data-end=\"4455\"><strong data-start=\"4329\" data-end=\"4377\">Ot\u00e1zka 1: Jak\u00e9 typy povrch\u016f lze zpracov\u00e1vat?<\/strong><br data-start=\"4377\" data-end=\"4380\" \/>A: Ploch\u00e9, sf\u00e9rick\u00e9, asf\u00e9rick\u00e9, mimoos\u00e9 asf\u00e9rick\u00e9 a voln\u00e9 povrchy.<\/p>\n<p data-start=\"4457\" data-end=\"4557\"><strong data-start=\"4457\" data-end=\"4503\">Ot\u00e1zka 2: Jak\u00e9 p\u0159esnosti povrchu lze dos\u00e1hnout?<\/strong><br data-start=\"4503\" data-end=\"4506\" \/>A: RMS &lt; 10 nm, spl\u0148uje \u0161pi\u010dkov\u00e9 optick\u00e9 standardy.<\/p>\n<p data-start=\"4559\" data-end=\"4658\"><strong data-start=\"4559\" data-end=\"4607\">Ot\u00e1zka 3: Je syst\u00e9m vhodn\u00fd pro velkou optiku?<\/strong><br data-start=\"4607\" data-end=\"4610\" \/>Odpov\u011b\u010f: Ano, podporuje pr\u016fm\u011bry a\u017e do <strong data-start=\"4646\" data-end=\"4657\">2000 mm<\/strong>.<\/p>\n<p data-start=\"4660\" data-end=\"4777\"><strong data-start=\"4660\" data-end=\"4710\">Ot\u00e1zka 4: Podporuje r\u016fzn\u00e9 le\u0161tic\u00ed n\u00e1stroje?<\/strong><br data-start=\"4710\" data-end=\"4713\" \/>Odpov\u011b\u010f: Ano, v\u010detn\u011b le\u0161tic\u00edch hlavic s airbagem, pevn\u00fdch hlavic a le\u0161tic\u00edch hlavic s kole\u010dky.<\/p>\n<p data-start=\"4779\" data-end=\"4886\"><strong data-start=\"4779\" data-end=\"4817\">Ot\u00e1zka 5: Kter\u00e1 odv\u011btv\u00ed z toho maj\u00ed nejv\u011bt\u0161\u00ed prosp\u011bch?<\/strong><br data-start=\"4817\" data-end=\"4820\" \/>Odpov\u011b\u010f: Optika, letectv\u00ed, v\u00fdroba polovodi\u010d\u016f a automobilov\u00fd pr\u016fmysl.<\/p>","protected":false},"excerpt":{"rendered":"<p>Robotick\u00e1 le\u0161ti\u010dka je vysoce p\u0159esn\u00fd automatizovan\u00fd syst\u00e9m ur\u010den\u00fd k le\u0161t\u011bn\u00ed velk\u00fdch a slo\u017eit\u00fdch optick\u00fdch povrch\u016f. Integruje \u0161estiosou pr\u016fmyslovou robotickou platformu (nap\u0159. <span class=\"hover:entity-accent entity-underline inline cursor-pointer align-baseline\"><span class=\"whitespace-normal\">KUKA<\/span><\/span>, <span class=\"hover:entity-accent entity-underline inline cursor-pointer align-baseline\"><span class=\"whitespace-normal\">ABB<\/span><\/span>, nebo <span class=\"hover:entity-accent entity-underline inline cursor-pointer align-baseline\"><span class=\"whitespace-normal\">St\u00e4ubli<\/span><\/span>) s pokro\u010dil\u00fdmi le\u0161tic\u00edmi moduly a inteligentn\u00edm \u0159\u00eddic\u00edm softwarem.<\/p>","protected":false},"featured_media":2207,"comment_status":"open","ping_status":"closed","template":"","meta":{"site-sidebar-layout":"default","site-content-layout":"","ast-site-content-layout":"default","site-content-style":"default","site-sidebar-style":"default","ast-global-header-display":"","ast-banner-title-visibility":"","ast-main-header-display":"","ast-hfb-above-header-display":"","ast-hfb-below-header-display":"","ast-hfb-mobile-header-display":"","site-post-title":"","ast-breadcrumbs-content":"","ast-featured-img":"","footer-sml-layout":"","ast-disable-related-posts":"","theme-transparent-header-meta":"default","adv-header-id-meta":"","stick-header-meta":"default","header-above-stick-meta":"","header-main-stick-meta":"","header-below-stick-meta":"","astra-migrate-meta-layouts":"set","ast-page-background-enabled":"default","ast-page-background-meta":{"desktop":{"background-color":"var(--ast-global-color-4)","background-image":"","background-repeat":"repeat","background-position":"center center","background-size":"auto","background-attachment":"scroll","background-type":"","background-media":"","overlay-type":"","overlay-color":"","overlay-opacity":"","overlay-gradient":""},"tablet":{"background-color":"","background-image":"","background-repeat":"repeat","background-position":"center center","background-size":"auto","background-attachment":"scroll","background-type":"","background-media":"","overlay-type":"","overlay-color":"","overlay-opacity":"","overlay-gradient":""},"mobile":{"background-color":"","background-image":"","background-repeat":"repeat","background-position":"center center","background-size":"auto","background-attachment":"scroll","background-type":"","background-media":"","overlay-type":"","overlay-color":"","overlay-opacity":"","overlay-gradient":""}},"ast-content-background-meta":{"desktop":{"background-color":"var(--ast-global-color-5)","background-image":"","background-repeat":"repeat","background-position":"center center","background-size":"auto","background-attachment":"scroll","background-type":"","background-media":"","overlay-type":"","overlay-color":"","overlay-opacity":"","overlay-gradient":""},"tablet":{"background-color":"var(--ast-global-color-5)","background-image":"","background-repeat":"repeat","background-position":"center center","background-size":"auto","background-attachment":"scroll","background-type":"","background-media":"","overlay-type":"","overlay-color":"","overlay-opacity":"","overlay-gradient":""},"mobile":{"background-color":"var(--ast-global-color-5)","background-image":"","background-repeat":"repeat","background-position":"center center","background-size":"auto","background-attachment":"scroll","background-type":"","background-media":"","overlay-type":"","overlay-color":"","overlay-opacity":"","overlay-gradient":""}}},"product_brand":[],"product_cat":[725],"product_tag":[977,979,983,976,980,981,975,978,982,974],"class_list":{"0":"post-2203","1":"product","2":"type-product","3":"status-publish","4":"has-post-thumbnail","6":"product_cat-polishing-machine","7":"product_tag-6-axis-robot-polishing","8":"product_tag-aspheric-polishing-machine","9":"product_tag-automated-polishing-machine","10":"product_tag-cnc-polishing-machine","11":"product_tag-freeform-optics-polishing","12":"product_tag-mirror-polishing-equipment","13":"product_tag-optical-polishing-system","14":"product_tag-optical-surface-finishing","15":"product_tag-precision-polishing-system","16":"product_tag-robot-polishing-machine","17":"desktop-align-left","18":"tablet-align-left","19":"mobile-align-left","20":"ast-product-gallery-layout-horizontal-slider","21":"ast-product-tabs-layout-horizontal","23":"first","24":"instock","25":"shipping-taxable","26":"product-type-simple"},"_links":{"self":[{"href":"https:\/\/www.zmsh-semitech.com\/cs\/wp-json\/wp\/v2\/product\/2203","targetHints":{"allow":["GET"]}}],"collection":[{"href":"https:\/\/www.zmsh-semitech.com\/cs\/wp-json\/wp\/v2\/product"}],"about":[{"href":"https:\/\/www.zmsh-semitech.com\/cs\/wp-json\/wp\/v2\/types\/product"}],"replies":[{"embeddable":true,"href":"https:\/\/www.zmsh-semitech.com\/cs\/wp-json\/wp\/v2\/comments?post=2203"}],"version-history":[{"count":2,"href":"https:\/\/www.zmsh-semitech.com\/cs\/wp-json\/wp\/v2\/product\/2203\/revisions"}],"predecessor-version":[{"id":2210,"href":"https:\/\/www.zmsh-semitech.com\/cs\/wp-json\/wp\/v2\/product\/2203\/revisions\/2210"}],"wp:featuredmedia":[{"embeddable":true,"href":"https:\/\/www.zmsh-semitech.com\/cs\/wp-json\/wp\/v2\/media\/2207"}],"wp:attachment":[{"href":"https:\/\/www.zmsh-semitech.com\/cs\/wp-json\/wp\/v2\/media?parent=2203"}],"wp:term":[{"taxonomy":"product_brand","embeddable":true,"href":"https:\/\/www.zmsh-semitech.com\/cs\/wp-json\/wp\/v2\/product_brand?post=2203"},{"taxonomy":"product_cat","embeddable":true,"href":"https:\/\/www.zmsh-semitech.com\/cs\/wp-json\/wp\/v2\/product_cat?post=2203"},{"taxonomy":"product_tag","embeddable":true,"href":"https:\/\/www.zmsh-semitech.com\/cs\/wp-json\/wp\/v2\/product_tag?post=2203"}],"curies":[{"name":"wp","href":"https:\/\/api.w.org\/{rel}","templated":true}]}}