{"id":2183,"date":"2026-04-14T05:20:25","date_gmt":"2026-04-14T05:20:25","guid":{"rendered":"https:\/\/www.zmsh-semitech.com\/?post_type=product&#038;p=2183"},"modified":"2026-04-14T05:20:28","modified_gmt":"2026-04-14T05:20:28","slug":"8-inch-sic-epitaxial-wafer","status":"publish","type":"product","link":"https:\/\/www.zmsh-semitech.com\/cs\/product\/8-inch-sic-epitaxial-wafer\/","title":{"rendered":"8palcov\u00e1 200mm epitaxi\u00e1ln\u00ed desti\u010dka SiC"},"content":{"rendered":"<p data-start=\"199\" data-end=\"476\"><img fetchpriority=\"high\" decoding=\"async\" class=\"alignright wp-image-2187 size-medium\" src=\"https:\/\/www.zmsh-semitech.com\/wp-content\/uploads\/2026\/04\/8_inch_sic_epitaxial_wafers_yield_and_efficiency_scalable_power_electronics-1-300x300.webp\" alt=\"8palcov\u00e1 200mm epitaxi\u00e1ln\u00ed desti\u010dka SiC\" width=\"300\" height=\"300\" srcset=\"https:\/\/www.zmsh-semitech.com\/wp-content\/uploads\/2026\/04\/8_inch_sic_epitaxial_wafers_yield_and_efficiency_scalable_power_electronics-1-300x300.webp 300w, https:\/\/www.zmsh-semitech.com\/wp-content\/uploads\/2026\/04\/8_inch_sic_epitaxial_wafers_yield_and_efficiency_scalable_power_electronics-1-150x150.webp 150w, https:\/\/www.zmsh-semitech.com\/wp-content\/uploads\/2026\/04\/8_inch_sic_epitaxial_wafers_yield_and_efficiency_scalable_power_electronics-1-12x12.webp 12w, https:\/\/www.zmsh-semitech.com\/wp-content\/uploads\/2026\/04\/8_inch_sic_epitaxial_wafers_yield_and_efficiency_scalable_power_electronics-1-100x100.webp 100w, https:\/\/www.zmsh-semitech.com\/wp-content\/uploads\/2026\/04\/8_inch_sic_epitaxial_wafers_yield_and_efficiency_scalable_power_electronics-1.webp 593w\" sizes=\"(max-width: 300px) 100vw, 300px\" \/>8palcov\u00fd epitaxn\u00ed pl\u00e1tek SiC p\u0159edstavuje nejnov\u011bj\u0161\u00ed pokrok v technologii polovodi\u010d\u016f se \u0161irok\u00fdm p\u00e1smem. Tento produkt je postaven na 200mm substr\u00e1tu SiC s vysoce kvalitn\u00ed epitaxn\u00ed vrstvou a je navr\u017een tak, aby podporoval \u0161k\u00e1lovatelnou v\u00fdrobu vysoce \u00fa\u010dinn\u00fdch v\u00fdkonov\u00fdch za\u0159\u00edzen\u00ed.<\/p>\n<p data-start=\"478\" data-end=\"759\">V porovn\u00e1n\u00ed s men\u0161\u00edmi velikostmi desti\u010dek se u 8palcov\u00fdch desti\u010dek SiC v\u00fdrazn\u011b zv\u011bt\u0161uje vyu\u017eiteln\u00e1 plocha, co\u017e umo\u017e\u0148uje vy\u0161\u0161\u00ed v\u00fdkon za\u0159\u00edzen\u00ed na desti\u010dku a sni\u017euje n\u00e1klady na \u010dip. To z nich \u010din\u00ed z\u00e1sadn\u00ed \u0159e\u0161en\u00ed pro pr\u016fmyslov\u00e1 odv\u011btv\u00ed p\u0159ech\u00e1zej\u00edc\u00ed na velkokapacitn\u00ed v\u00fdrobu v\u00fdkonov\u00fdch za\u0159\u00edzen\u00ed z karbidu k\u0159em\u00edku.<\/p>\n<p data-start=\"761\" data-end=\"1105\">SiC epitaxn\u00ed desti\u010dky kombinuj\u00ed vnit\u0159n\u00ed v\u00fdhody karbidu k\u0159em\u00edku, v\u010detn\u011b \u0161irok\u00e9ho p\u00e1sma, vysok\u00e9ho pr\u016frazn\u00e9ho elektrick\u00e9ho pole a vynikaj\u00edc\u00ed tepeln\u00e9 vodivosti, s p\u0159esn\u011b \u0159\u00edzen\u00fdmi epitaxn\u00edmi vrstvami p\u0159izp\u016fsoben\u00fdmi pro v\u00fdrobu za\u0159\u00edzen\u00ed. Tyto desti\u010dky se \u0161iroce pou\u017e\u00edvaj\u00ed v MOSFETech nov\u00e9 generace, Schottkyho diod\u00e1ch a integrovan\u00fdch v\u00fdkonov\u00fdch modulech.<\/p>\n<p data-start=\"761\" data-end=\"1105\">\n<h2 data-section-id=\"rkota4\" data-start=\"1112\" data-end=\"1133\">Kl\u00ed\u010dov\u00e9 specifikace<\/h2>\n<div class=\"TyagGW_tableContainer\">\n<div class=\"group TyagGW_tableWrapper flex flex-col-reverse w-fit\" tabindex=\"-1\">\n<table class=\"w-fit min-w-(--thread-content-width)\" data-start=\"1135\" data-end=\"1545\">\n<thead data-start=\"1135\" data-end=\"1156\">\n<tr data-start=\"1135\" data-end=\"1156\">\n<th class=\"\" data-start=\"1135\" data-end=\"1147\" data-col-size=\"sm\">Parametr<\/th>\n<th class=\"\" data-start=\"1147\" data-end=\"1156\" data-col-size=\"sm\">Hodnota<\/th>\n<\/tr>\n<\/thead>\n<tbody data-start=\"1177\" data-end=\"1545\">\n<tr data-start=\"1177\" data-end=\"1204\">\n<td data-start=\"1177\" data-end=\"1188\" data-col-size=\"sm\">Pr\u016fm\u011br<\/td>\n<td data-col-size=\"sm\" data-start=\"1188\" data-end=\"1204\">200 \u00b1 0,5 mm<\/td>\n<\/tr>\n<tr data-start=\"1205\" data-end=\"1226\">\n<td data-start=\"1205\" data-end=\"1216\" data-col-size=\"sm\">Polytyp<\/td>\n<td data-col-size=\"sm\" data-start=\"1216\" data-end=\"1226\">4H-SiC<\/td>\n<\/tr>\n<tr data-start=\"1227\" data-end=\"1257\">\n<td data-start=\"1227\" data-end=\"1247\" data-col-size=\"sm\">Typ vodivosti<\/td>\n<td data-col-size=\"sm\" data-start=\"1247\" data-end=\"1257\">N-typ<\/td>\n<\/tr>\n<tr data-start=\"1258\" data-end=\"1285\">\n<td data-start=\"1258\" data-end=\"1270\" data-col-size=\"sm\">Tlou\u0161\u0165ka<\/td>\n<td data-col-size=\"sm\" data-start=\"1270\" data-end=\"1285\">700 \u00b1 50 \u03bcm<\/td>\n<\/tr>\n<tr data-start=\"1286\" data-end=\"1331\">\n<td data-start=\"1286\" data-end=\"1303\" data-col-size=\"sm\">Povrchov\u00e1 \u00faprava<\/td>\n<td data-col-size=\"sm\" data-start=\"1303\" data-end=\"1331\">Oboustrann\u011b le\u0161t\u011bn\u00fd CMP<\/td>\n<\/tr>\n<tr data-start=\"1332\" data-end=\"1369\">\n<td data-start=\"1332\" data-end=\"1346\" data-col-size=\"sm\">Orientace<\/td>\n<td data-col-size=\"sm\" data-start=\"1346\" data-end=\"1369\">4,0\u00b0 mimo osu \u00b10,5\u00b0<\/td>\n<\/tr>\n<tr data-start=\"1370\" data-end=\"1408\">\n<td data-start=\"1370\" data-end=\"1378\" data-col-size=\"sm\">Z\u00e1\u0159ez<\/td>\n<td data-col-size=\"sm\" data-start=\"1378\" data-end=\"1408\">Standardn\u00ed orientace z\u00e1\u0159ezu<\/td>\n<\/tr>\n<tr data-start=\"1409\" data-end=\"1450\">\n<td data-start=\"1409\" data-end=\"1424\" data-col-size=\"sm\">Hranat\u00fd profil<\/td>\n<td data-col-size=\"sm\" data-start=\"1424\" data-end=\"1450\">Zkosen\u00ed \/ zaoblen\u00ed hran<\/td>\n<\/tr>\n<tr data-start=\"1451\" data-end=\"1494\">\n<td data-start=\"1451\" data-end=\"1471\" data-col-size=\"sm\">Drsnost povrchu<\/td>\n<td data-col-size=\"sm\" data-start=\"1471\" data-end=\"1494\">Subnanometrick\u00e1 \u00farove\u0148<\/td>\n<\/tr>\n<tr data-start=\"1495\" data-end=\"1545\">\n<td data-start=\"1495\" data-end=\"1507\" data-col-size=\"sm\">Balen\u00ed<\/td>\n<td data-col-size=\"sm\" data-start=\"1507\" data-end=\"1545\">Kazeta nebo n\u00e1doba na jednotliv\u00e9 oplatky<\/td>\n<\/tr>\n<\/tbody>\n<\/table>\n<\/div>\n<\/div>\n<p data-start=\"1547\" data-end=\"1567\">Typick\u00e1 rezistivita:<\/p>\n<ul data-start=\"1568\" data-end=\"1627\">\n<li data-section-id=\"c0wp38\" data-start=\"1568\" data-end=\"1596\">Typ N: 0,015-0,028 \u03a9-cm<\/li>\n<li data-section-id=\"1a616df\" data-start=\"1597\" data-end=\"1627\">Poloizola\u010dn\u00ed: \u22651E7 \u03a9-cm<\/li>\n<\/ul>\n<p data-start=\"1629\" data-end=\"1646\">Dostupn\u00e9 t\u0159\u00eddy:<\/p>\n<ul data-start=\"1647\" data-end=\"1721\">\n<li data-section-id=\"1kj0dd2\" data-start=\"1647\" data-end=\"1665\">Nulov\u00fd stupe\u0148 MPD<\/li>\n<li data-section-id=\"e77vy6\" data-start=\"1666\" data-end=\"1686\">V\u00fdrobn\u00ed t\u0159\u00edda<\/li>\n<li data-section-id=\"7brco4\" data-start=\"1687\" data-end=\"1705\">Stupe\u0148 v\u00fdzkumu<\/li>\n<li data-section-id=\"1czp2d1\" data-start=\"1706\" data-end=\"1721\">T\u0159\u00edda figur\u00edny<\/li>\n<\/ul>\n<h2 data-section-id=\"1c4zomd\" data-start=\"1728\" data-end=\"1759\"><img decoding=\"async\" class=\"alignright wp-image-2186 size-medium\" src=\"https:\/\/www.zmsh-semitech.com\/wp-content\/uploads\/2026\/04\/8_inch_sic_epitaxial_wafers_yield_and_efficiency_scalable_power_electronics2-300x300.webp\" alt=\"8palcov\u00e1 200mm epitaxi\u00e1ln\u00ed desti\u010dka SiC\" width=\"300\" height=\"300\" srcset=\"https:\/\/www.zmsh-semitech.com\/wp-content\/uploads\/2026\/04\/8_inch_sic_epitaxial_wafers_yield_and_efficiency_scalable_power_electronics2-300x300.webp 300w, https:\/\/www.zmsh-semitech.com\/wp-content\/uploads\/2026\/04\/8_inch_sic_epitaxial_wafers_yield_and_efficiency_scalable_power_electronics2-150x150.webp 150w, https:\/\/www.zmsh-semitech.com\/wp-content\/uploads\/2026\/04\/8_inch_sic_epitaxial_wafers_yield_and_efficiency_scalable_power_electronics2-768x768.webp 768w, https:\/\/www.zmsh-semitech.com\/wp-content\/uploads\/2026\/04\/8_inch_sic_epitaxial_wafers_yield_and_efficiency_scalable_power_electronics2-12x12.webp 12w, https:\/\/www.zmsh-semitech.com\/wp-content\/uploads\/2026\/04\/8_inch_sic_epitaxial_wafers_yield_and_efficiency_scalable_power_electronics2-600x600.webp 600w, https:\/\/www.zmsh-semitech.com\/wp-content\/uploads\/2026\/04\/8_inch_sic_epitaxial_wafers_yield_and_efficiency_scalable_power_electronics2-100x100.webp 100w, https:\/\/www.zmsh-semitech.com\/wp-content\/uploads\/2026\/04\/8_inch_sic_epitaxial_wafers_yield_and_efficiency_scalable_power_electronics2.webp 800w\" sizes=\"(max-width: 300px) 100vw, 300px\" \/>Schopnosti epitaxn\u00ed vrstvy<\/h2>\n<p data-start=\"1761\" data-end=\"1925\">Epitaxn\u00ed vrstva se p\u011bstuje pomoc\u00ed pokro\u010dil\u00e9 technologie chemick\u00e9ho napa\u0159ov\u00e1n\u00ed (CVD), kter\u00e1 umo\u017e\u0148uje p\u0159esnou kontrolu tlou\u0161\u0165ky, koncentrace dopov\u00e1n\u00ed a rovnom\u011brnosti.<\/p>\n<p data-start=\"1927\" data-end=\"1960\">Dostupn\u00e9 \u00fapravy zahrnuj\u00ed:<\/p>\n<ul data-start=\"1961\" data-end=\"2154\">\n<li data-section-id=\"1czjqdq\" data-start=\"1961\" data-end=\"1998\">epitaxn\u00ed vrstvy typu N nebo P<\/li>\n<li data-section-id=\"m2ekyd\" data-start=\"1999\" data-end=\"2059\">Nastaviteln\u00e1 tlou\u0161\u0165ka epi pro r\u016fzn\u00e9 struktury za\u0159\u00edzen\u00ed<\/li>\n<li data-section-id=\"1n6931\" data-start=\"2060\" data-end=\"2109\">Rovnom\u011brn\u00e9 profily dopov\u00e1n\u00ed na cel\u00e9 desti\u010dce<\/li>\n<li data-section-id=\"14l0kap\" data-start=\"2110\" data-end=\"2154\">N\u00edzk\u00e1 hustota defekt\u016f pro vysokou v\u00fdt\u011b\u017enost za\u0159\u00edzen\u00ed<\/li>\n<\/ul>\n<p data-start=\"2156\" data-end=\"2277\">Vysoce kvalitn\u00ed epitaxe je nezbytn\u00e1 pro dosa\u017een\u00ed stabiln\u00edho elektrick\u00e9ho v\u00fdkonu a dlouhodob\u00e9 spolehlivosti v\u00fdkonov\u00fdch za\u0159\u00edzen\u00ed.<\/p>\n<h2 data-section-id=\"2gad1q\" data-start=\"2284\" data-end=\"2308\"><img decoding=\"async\" class=\"alignright wp-image-2185 size-medium\" src=\"https:\/\/www.zmsh-semitech.com\/wp-content\/uploads\/2026\/04\/8_inch_sic_epitaxial_wafers_yield_and_efficiency_scalable_power_electronics3-300x300.webp\" alt=\"8palcov\u00e1 200mm epitaxi\u00e1ln\u00ed desti\u010dka SiC\" width=\"300\" height=\"300\" srcset=\"https:\/\/www.zmsh-semitech.com\/wp-content\/uploads\/2026\/04\/8_inch_sic_epitaxial_wafers_yield_and_efficiency_scalable_power_electronics3-300x300.webp 300w, https:\/\/www.zmsh-semitech.com\/wp-content\/uploads\/2026\/04\/8_inch_sic_epitaxial_wafers_yield_and_efficiency_scalable_power_electronics3-150x150.webp 150w, https:\/\/www.zmsh-semitech.com\/wp-content\/uploads\/2026\/04\/8_inch_sic_epitaxial_wafers_yield_and_efficiency_scalable_power_electronics3-768x768.webp 768w, https:\/\/www.zmsh-semitech.com\/wp-content\/uploads\/2026\/04\/8_inch_sic_epitaxial_wafers_yield_and_efficiency_scalable_power_electronics3-12x12.webp 12w, https:\/\/www.zmsh-semitech.com\/wp-content\/uploads\/2026\/04\/8_inch_sic_epitaxial_wafers_yield_and_efficiency_scalable_power_electronics3-600x600.webp 600w, https:\/\/www.zmsh-semitech.com\/wp-content\/uploads\/2026\/04\/8_inch_sic_epitaxial_wafers_yield_and_efficiency_scalable_power_electronics3-100x100.webp 100w, https:\/\/www.zmsh-semitech.com\/wp-content\/uploads\/2026\/04\/8_inch_sic_epitaxial_wafers_yield_and_efficiency_scalable_power_electronics3.webp 800w\" sizes=\"(max-width: 300px) 100vw, 300px\" \/>V\u00fdrobn\u00ed proces<\/h2>\n<p data-start=\"2310\" data-end=\"2484\"><strong data-start=\"2310\" data-end=\"2335\">P\u0159\u00edprava substr\u00e1tu<\/strong><br data-start=\"2335\" data-end=\"2338\" \/>Monokrystalick\u00e9 substr\u00e1ty SiC s vysokou \u010distotou se vyr\u00e1b\u011bj\u00ed pomoc\u00ed vysokoteplotn\u00edch metod r\u016fstu a le\u0161t\u00ed se pro dosa\u017een\u00ed velmi n\u00edzk\u00e9 drsnosti povrchu.<\/p>\n<p data-start=\"2486\" data-end=\"2667\"><strong data-start=\"2486\" data-end=\"2506\">Epitaxn\u00ed r\u016fst<\/strong><br data-start=\"2506\" data-end=\"2509\" \/>Epitaxn\u00ed vrstva se nan\u00e1\u0161\u00ed p\u0159i vysok\u00e9 teplot\u011b pomoc\u00ed syst\u00e9m\u016f CVD, co\u017e zaji\u0161\u0165uje rovnom\u011brnou tlou\u0161\u0165ku a konzistentn\u00ed vlastnosti materi\u00e1lu na cel\u00e9 200mm desti\u010dce.<\/p>\n<p data-start=\"2669\" data-end=\"2799\"><strong data-start=\"2669\" data-end=\"2687\">Dopingov\u00e1 kontrola<\/strong><br data-start=\"2687\" data-end=\"2690\" \/>P\u0159i epitaxn\u00edm r\u016fstu se pou\u017e\u00edv\u00e1 p\u0159esn\u00e9 dopov\u00e1n\u00ed, aby se splnily po\u017eadavky r\u016fzn\u00fdch architektur za\u0159\u00edzen\u00ed.<\/p>\n<p data-start=\"2801\" data-end=\"2981\"><strong data-start=\"2801\" data-end=\"2829\">Metrologie a kontrola<\/strong><br data-start=\"2829\" data-end=\"2832\" \/>Ka\u017ed\u00fd pl\u00e1tek proch\u00e1z\u00ed komplexn\u00edm testov\u00e1n\u00edm, v\u010detn\u011b anal\u00fdzy povrchu, mapov\u00e1n\u00ed defekt\u016f a elektrick\u00e9 charakterizace, aby byla zaji\u0161t\u011bna konzistentn\u00ed kvalita.<\/p>\n<h2 data-section-id=\"1344z7h\" data-start=\"2988\" data-end=\"3001\">V\u00fdhody<\/h2>\n<p data-start=\"3003\" data-end=\"3162\"><strong data-start=\"3003\" data-end=\"3029\">\u0160k\u00e1lovateln\u00e1 v\u00fdroba<\/strong><br data-start=\"3029\" data-end=\"3032\" \/>Velikost desti\u010dky 8 palc\u016f v\u00fdrazn\u011b zvy\u0161uje v\u00fdkon \u010dipu na desti\u010dku, co\u017e zvy\u0161uje efektivitu v\u00fdroby a sni\u017euje n\u00e1klady na za\u0159\u00edzen\u00ed.<\/p>\n<p data-start=\"3164\" data-end=\"3306\"><strong data-start=\"3164\" data-end=\"3195\">Vysok\u00e1 \u00fa\u010dinnost<\/strong><br data-start=\"3195\" data-end=\"3198\" \/>Vlastnosti materi\u00e1lu SiC umo\u017e\u0148uj\u00ed ni\u017e\u0161\u00ed sp\u00ednac\u00ed ztr\u00e1ty, vy\u0161\u0161\u00ed hustotu v\u00fdkonu a lep\u0161\u00ed energetickou \u00fa\u010dinnost.<\/p>\n<p data-start=\"3308\" data-end=\"3456\"><strong data-start=\"3308\" data-end=\"3340\">Vynikaj\u00edc\u00ed tepeln\u00fd management<\/strong><br data-start=\"3340\" data-end=\"3343\" \/>Vysok\u00e1 tepeln\u00e1 vodivost podporuje stabiln\u00ed provoz p\u0159i vysok\u00e9m v\u00fdkonu a sni\u017euje n\u00e1roky na chlazen\u00ed.<\/p>\n<p data-start=\"3458\" data-end=\"3581\"><strong data-start=\"3458\" data-end=\"3480\">N\u00edzk\u00e1 hustota defekt\u016f<\/strong><br data-start=\"3480\" data-end=\"3483\" \/>Pokro\u010dil\u00e9 procesy r\u016fstu krystal\u016f a epitaxn\u00ed procesy zaji\u0161\u0165uj\u00ed vysokou v\u00fdt\u011b\u017enost a spolehliv\u00fd v\u00fdkon za\u0159\u00edzen\u00ed.<\/p>\n<p data-start=\"3583\" data-end=\"3737\"><strong data-start=\"3583\" data-end=\"3608\">Platforma p\u0159ipraven\u00e1 na budoucnost<\/strong><br data-start=\"3608\" data-end=\"3611\" \/>8palcov\u00e9 desti\u010dky SiC jsou v souladu s trendem polovodi\u010dov\u00e9ho pr\u016fmyslu sm\u011b\u0159uj\u00edc\u00edm k v\u011bt\u0161\u00edm form\u00e1t\u016fm desti\u010dek a automatizovan\u00e9 hromadn\u00e9 v\u00fdrob\u011b.<\/p>\n<p data-start=\"3583\" data-end=\"3737\"><img loading=\"lazy\" decoding=\"async\" class=\"wp-image-2178 size-large aligncenter\" src=\"https:\/\/www.zmsh-semitech.com\/wp-content\/uploads\/2026\/04\/applications-1-1024x683.png\" alt=\"\" width=\"1024\" height=\"683\" srcset=\"https:\/\/www.zmsh-semitech.com\/wp-content\/uploads\/2026\/04\/applications-1-1024x683.png 1024w, https:\/\/www.zmsh-semitech.com\/wp-content\/uploads\/2026\/04\/applications-1-300x200.png 300w, https:\/\/www.zmsh-semitech.com\/wp-content\/uploads\/2026\/04\/applications-1-768x512.png 768w, https:\/\/www.zmsh-semitech.com\/wp-content\/uploads\/2026\/04\/applications-1-18x12.png 18w, https:\/\/www.zmsh-semitech.com\/wp-content\/uploads\/2026\/04\/applications-1-600x400.png 600w, https:\/\/www.zmsh-semitech.com\/wp-content\/uploads\/2026\/04\/applications-1.png 1536w\" sizes=\"(max-width: 1024px) 100vw, 1024px\" \/><\/p>\n<h2 data-section-id=\"mu966k\" data-start=\"3744\" data-end=\"3759\">Aplikace<\/h2>\n<p data-start=\"3761\" data-end=\"3946\"><strong data-start=\"3761\" data-end=\"3782\">Elektrick\u00e1 vozidla<\/strong><br data-start=\"3782\" data-end=\"3785\" \/>Pou\u017e\u00edv\u00e1 se v trak\u010dn\u00edch m\u011bni\u010d\u00edch, palubn\u00edch nab\u00edje\u010dk\u00e1ch a m\u011bni\u010d\u00edch DC-DC. V\u011bt\u0161\u00ed velikost desti\u010dek podporuje hromadnou v\u00fdrobu vysoce \u00fa\u010dinn\u00fdch nap\u00e1jec\u00edch za\u0159\u00edzen\u00ed pro platformy elektromobil\u016f.<\/p>\n<p data-start=\"3948\" data-end=\"4103\"><strong data-start=\"3948\" data-end=\"3976\">Syst\u00e9my obnoviteln\u00e9 energie<\/strong><br data-start=\"3976\" data-end=\"3979\" \/>Pou\u017e\u00edv\u00e1 se v sol\u00e1rn\u00edch st\u0159\u00edda\u010d\u00edch a m\u011bni\u010d\u00edch v\u011btrn\u00e9 energie, kde jsou \u00fa\u010dinnost a spolehlivost rozhoduj\u00edc\u00ed pro dlouhodob\u00fd provoz.<\/p>\n<p data-start=\"4105\" data-end=\"4257\"><strong data-start=\"4105\" data-end=\"4137\">Pr\u016fmyslov\u00e1 v\u00fdkonov\u00e1 elektronika<\/strong><br data-start=\"4137\" data-end=\"4140\" \/>Podporuje motorov\u00e9 pohony, automatiza\u010dn\u00ed syst\u00e9my a v\u00fdkonn\u00e1 za\u0159\u00edzen\u00ed vy\u017eaduj\u00edc\u00ed stabiln\u00ed a \u00fa\u010dinnou p\u0159em\u011bnu energie.<\/p>\n<p data-start=\"4259\" data-end=\"4390\"><strong data-start=\"4259\" data-end=\"4287\">5G a RF infrastruktura<\/strong><br data-start=\"4287\" data-end=\"4290\" \/>Umo\u017e\u0148uje pou\u017eit\u00ed vysokofrekven\u010dn\u00edch a vysoce v\u00fdkonn\u00fdch RF komponent\u016f pou\u017e\u00edvan\u00fdch v komunika\u010dn\u00edch syst\u00e9mech a z\u00e1kladnov\u00fdch stanic\u00edch.<\/p>\n<p data-start=\"4392\" data-end=\"4499\"><strong data-start=\"4392\" data-end=\"4422\">Spot\u0159ebn\u00ed elektronika<\/strong><br data-start=\"4422\" data-end=\"4425\" \/>Pou\u017e\u00edv\u00e1 se v kompaktn\u00edch, vysoce \u00fa\u010dinn\u00fdch nap\u00e1jec\u00edch zdroj\u00edch a syst\u00e9mech rychl\u00e9ho nab\u00edjen\u00ed.<\/p>\n<h2 data-section-id=\"1hryhf7\" data-start=\"4506\" data-end=\"4512\">\u010cASTO KLADEN\u00c9 DOTAZY<\/h2>\n<p data-start=\"4514\" data-end=\"4720\">Ot\u00e1zka 1: Jak\u00e1 je hlavn\u00ed v\u00fdhoda 8palcov\u00fdch desti\u010dek SiC?<br data-start=\"4565\" data-end=\"4568\" \/>V\u011bt\u0161\u00ed velikost desti\u010dky zvy\u0161uje po\u010det \u010dip\u016f na desti\u010dku, co\u017e v\u00fdrazn\u011b sni\u017euje v\u00fdrobn\u00ed n\u00e1klady na za\u0159\u00edzen\u00ed a zvy\u0161uje efektivitu v\u00fdroby.<\/p>\n<p data-start=\"4722\" data-end=\"4909\">Ot\u00e1zka 2: Je 8palcov\u00e1 technologie SiC vysp\u011bl\u00e1?<br data-start=\"4757\" data-end=\"4760\" \/>V sou\u010dasn\u00e9 dob\u011b p\u0159ech\u00e1z\u00ed z pilotn\u00ed v\u00fdroby do ran\u00e9 f\u00e1ze hromadn\u00e9 v\u00fdroby a st\u00e1le v\u00edce se uplat\u0148uje v pokro\u010dil\u00e9 v\u00fdrob\u011b polovodi\u010d\u016f.<\/p>\n<p data-start=\"4911\" data-end=\"5060\">Ot\u00e1zka 3: Lze epitaxn\u00ed vrstvy p\u0159izp\u016fsobit?<br data-start=\"4949\" data-end=\"4952\" \/>Ano, typ dopov\u00e1n\u00ed, tlou\u0161\u0165ku a elektrick\u00e9 vlastnosti lze p\u0159izp\u016fsobit konkr\u00e9tn\u00edm po\u017eadavk\u016fm na za\u0159\u00edzen\u00ed.<\/p>\n<p data-start=\"5062\" data-end=\"5238\">Ot\u00e1zka 4: Jsou st\u00e1vaj\u00edc\u00ed v\u00fdrobn\u00ed linky kompatibiln\u00ed s 8palcov\u00fdmi desti\u010dkami?<br data-start=\"5125\" data-end=\"5128\" \/>Mo\u017en\u00e1 bude nutn\u00e9 modernizovat n\u011bkter\u00e9 za\u0159\u00edzen\u00ed, ale mnoho modern\u00edch tov\u00e1ren se ji\u017e p\u0159ipravuje na zpracov\u00e1n\u00ed 200mm SiC.<\/p>","protected":false},"excerpt":{"rendered":"<p>8palcov\u00fd epitaxn\u00ed pl\u00e1tek SiC p\u0159edstavuje nejnov\u011bj\u0161\u00ed pokrok v technologii polovodi\u010d\u016f se \u0161irok\u00fdm p\u00e1smem. Tento produkt je postaven na 200mm substr\u00e1tu SiC s vysoce kvalitn\u00ed epitaxn\u00ed vrstvou a je navr\u017een tak, aby podporoval \u0161k\u00e1lovatelnou v\u00fdrobu vysoce \u00fa\u010dinn\u00fdch v\u00fdkonov\u00fdch za\u0159\u00edzen\u00ed.<\/p>","protected":false},"featured_media":2184,"comment_status":"open","ping_status":"closed","template":"","meta":{"site-sidebar-layout":"default","site-content-layout":"","ast-site-content-layout":"default","site-content-style":"default","site-sidebar-style":"default","ast-global-header-display":"","ast-banner-title-visibility":"","ast-main-header-display":"","ast-hfb-above-header-display":"","ast-hfb-below-header-display":"","ast-hfb-mobile-header-display":"","site-post-title":"","ast-breadcrumbs-content":"","ast-featured-img":"","footer-sml-layout":"","ast-disable-related-posts":"","theme-transparent-header-meta":"default","adv-header-id-meta":"","stick-header-meta":"default","header-above-stick-meta":"","header-main-stick-meta":"","header-below-stick-meta":"","astra-migrate-meta-layouts":"set","ast-page-background-enabled":"default","ast-page-background-meta":{"desktop":{"background-color":"var(--ast-global-color-4)","background-image":"","background-repeat":"repeat","background-position":"center center","background-size":"auto","background-attachment":"scroll","background-type":"","background-media":"","overlay-type":"","overlay-color":"","overlay-opacity":"","overlay-gradient":""},"tablet":{"background-color":"","background-image":"","background-repeat":"repeat","background-position":"center center","background-size":"auto","background-attachment":"scroll","background-type":"","background-media":"","overlay-type":"","overlay-color":"","overlay-opacity":"","overlay-gradient":""},"mobile":{"background-color":"","background-image":"","background-repeat":"repeat","background-position":"center center","background-size":"auto","background-attachment":"scroll","background-type":"","background-media":"","overlay-type":"","overlay-color":"","overlay-opacity":"","overlay-gradient":""}},"ast-content-background-meta":{"desktop":{"background-color":"var(--ast-global-color-5)","background-image":"","background-repeat":"repeat","background-position":"center center","background-size":"auto","background-attachment":"scroll","background-type":"","background-media":"","overlay-type":"","overlay-color":"","overlay-opacity":"","overlay-gradient":""},"tablet":{"background-color":"var(--ast-global-color-5)","background-image":"","background-repeat":"repeat","background-position":"center center","background-size":"auto","background-attachment":"scroll","background-type":"","background-media":"","overlay-type":"","overlay-color":"","overlay-opacity":"","overlay-gradient":""},"mobile":{"background-color":"var(--ast-global-color-5)","background-image":"","background-repeat":"repeat","background-position":"center center","background-size":"auto","background-attachment":"scroll","background-type":"","background-media":"","overlay-type":"","overlay-color":"","overlay-opacity":"","overlay-gradient":""}}},"product_brand":[],"product_cat":[729],"product_tag":[944,735,947,945,943,933,946,948,692],"class_list":{"0":"post-2183","1":"product","2":"type-product","3":"status-publish","4":"has-post-thumbnail","6":"product_cat-wafer","7":"product_tag-200mm-silicon-carbide-wafer","8":"product_tag-8-inch-sic-wafer","9":"product_tag-high-efficiency-power-electronics","10":"product_tag-sic-epi-wafer","11":"product_tag-sic-epitaxial-wafer","12":"product_tag-sic-mosfet-wafer","13":"product_tag-sic-power-device-substrate","14":"product_tag-silicon-carbide-epitaxy","15":"product_tag-wide-bandgap-semiconductor","16":"desktop-align-left","17":"tablet-align-left","18":"mobile-align-left","19":"ast-product-gallery-layout-horizontal-slider","20":"ast-product-tabs-layout-horizontal","22":"first","23":"instock","24":"shipping-taxable","25":"product-type-simple"},"_links":{"self":[{"href":"https:\/\/www.zmsh-semitech.com\/cs\/wp-json\/wp\/v2\/product\/2183","targetHints":{"allow":["GET"]}}],"collection":[{"href":"https:\/\/www.zmsh-semitech.com\/cs\/wp-json\/wp\/v2\/product"}],"about":[{"href":"https:\/\/www.zmsh-semitech.com\/cs\/wp-json\/wp\/v2\/types\/product"}],"replies":[{"embeddable":true,"href":"https:\/\/www.zmsh-semitech.com\/cs\/wp-json\/wp\/v2\/comments?post=2183"}],"version-history":[{"count":1,"href":"https:\/\/www.zmsh-semitech.com\/cs\/wp-json\/wp\/v2\/product\/2183\/revisions"}],"predecessor-version":[{"id":2188,"href":"https:\/\/www.zmsh-semitech.com\/cs\/wp-json\/wp\/v2\/product\/2183\/revisions\/2188"}],"wp:featuredmedia":[{"embeddable":true,"href":"https:\/\/www.zmsh-semitech.com\/cs\/wp-json\/wp\/v2\/media\/2184"}],"wp:attachment":[{"href":"https:\/\/www.zmsh-semitech.com\/cs\/wp-json\/wp\/v2\/media?parent=2183"}],"wp:term":[{"taxonomy":"product_brand","embeddable":true,"href":"https:\/\/www.zmsh-semitech.com\/cs\/wp-json\/wp\/v2\/product_brand?post=2183"},{"taxonomy":"product_cat","embeddable":true,"href":"https:\/\/www.zmsh-semitech.com\/cs\/wp-json\/wp\/v2\/product_cat?post=2183"},{"taxonomy":"product_tag","embeddable":true,"href":"https:\/\/www.zmsh-semitech.com\/cs\/wp-json\/wp\/v2\/product_tag?post=2183"}],"curies":[{"name":"wp","href":"https:\/\/api.w.org\/{rel}","templated":true}]}}