{"id":2173,"date":"2026-04-14T03:08:56","date_gmt":"2026-04-14T03:08:56","guid":{"rendered":"https:\/\/www.zmsh-semitech.com\/?post_type=product&#038;p=2173"},"modified":"2026-04-14T03:08:59","modified_gmt":"2026-04-14T03:08:59","slug":"4-inch-100mm-hpsi-silicon-carbide-wafer","status":"publish","type":"product","link":"https:\/\/www.zmsh-semitech.com\/cs\/product\/4-inch-100mm-hpsi-silicon-carbide-wafer\/","title":{"rendered":"4palcov\u00e1 100mm desti\u010dka z karbidu k\u0159em\u00edku HPSI"},"content":{"rendered":"<p data-start=\"202\" data-end=\"487\"><img fetchpriority=\"high\" decoding=\"async\" class=\"alignright wp-image-2177 size-medium\" src=\"https:\/\/www.zmsh-semitech.com\/wp-content\/uploads\/2026\/04\/silicon_carbide_wafer_4inch_hpsi_350um_widely_used_for_ar_glasses2-300x300.webp\" alt=\"4palcov\u00e1 100mm desti\u010dka z karbidu k\u0159em\u00edku HPSI\" width=\"300\" height=\"300\" srcset=\"https:\/\/www.zmsh-semitech.com\/wp-content\/uploads\/2026\/04\/silicon_carbide_wafer_4inch_hpsi_350um_widely_used_for_ar_glasses2-300x300.webp 300w, https:\/\/www.zmsh-semitech.com\/wp-content\/uploads\/2026\/04\/silicon_carbide_wafer_4inch_hpsi_350um_widely_used_for_ar_glasses2-150x150.webp 150w, https:\/\/www.zmsh-semitech.com\/wp-content\/uploads\/2026\/04\/silicon_carbide_wafer_4inch_hpsi_350um_widely_used_for_ar_glasses2-768x768.webp 768w, https:\/\/www.zmsh-semitech.com\/wp-content\/uploads\/2026\/04\/silicon_carbide_wafer_4inch_hpsi_350um_widely_used_for_ar_glasses2-12x12.webp 12w, https:\/\/www.zmsh-semitech.com\/wp-content\/uploads\/2026\/04\/silicon_carbide_wafer_4inch_hpsi_350um_widely_used_for_ar_glasses2-600x600.webp 600w, https:\/\/www.zmsh-semitech.com\/wp-content\/uploads\/2026\/04\/silicon_carbide_wafer_4inch_hpsi_350um_widely_used_for_ar_glasses2-100x100.webp 100w, https:\/\/www.zmsh-semitech.com\/wp-content\/uploads\/2026\/04\/silicon_carbide_wafer_4inch_hpsi_350um_widely_used_for_ar_glasses2.webp 800w\" sizes=\"(max-width: 300px) 100vw, 300px\" \/>\u010cty\u0159palcov\u00e1 desti\u010dka z karbidu k\u0159em\u00edku HPSI je vysoce \u010dist\u00fd poloizola\u010dn\u00ed substr\u00e1t ur\u010den\u00fd pro pokro\u010dil\u00e9 aplikace v oblasti r\u00e1diov\u00fdch a mikrovlnn\u00fdch technologi\u00ed a optoelektroniky. HPSI ozna\u010duje vysoce \u010dist\u00fd poloizola\u010dn\u00ed materi\u00e1l, kter\u00fd se vyzna\u010duje extr\u00e9mn\u011b vysok\u00fdm odporem a vynikaj\u00edc\u00ed elektrickou izolac\u00ed.<\/p>\n<p data-start=\"489\" data-end=\"899\">Karbid k\u0159em\u00edku je polovodi\u010d se \u0161irok\u00fdm p\u00e1smem slo\u017een\u00fd z k\u0159em\u00edku a uhl\u00edku. Ve srovn\u00e1n\u00ed s b\u011b\u017en\u00fdmi k\u0159em\u00edkov\u00fdmi desti\u010dkami nab\u00edz\u00ed lep\u0161\u00ed tepelnou vodivost, vy\u0161\u0161\u00ed pr\u016frazn\u00e9 elektrick\u00e9 pole a lep\u0161\u00ed v\u00fdkon v extr\u00e9mn\u00edch provozn\u00edch podm\u00ednk\u00e1ch. V poloizola\u010dn\u00ed form\u011b SiC v\u00fdrazn\u011b sni\u017euje parazitn\u00ed veden\u00ed, co\u017e z n\u011bj \u010din\u00ed ide\u00e1ln\u00ed platformu pro vysokofrekven\u010dn\u00ed a v\u00fdkonn\u00e1 elektronick\u00e1 za\u0159\u00edzen\u00ed.<\/p>\n<p data-start=\"901\" data-end=\"1198\">Tento 4palcov\u00fd form\u00e1t desti\u010dek je \u0161iroce pou\u017e\u00edv\u00e1n jak ve v\u00fdzkumu, tak v pr\u016fmyslov\u00e9 v\u00fdrob\u011b d\u00edky sv\u00e9 rovnov\u00e1ze mezi cenou, vysp\u011blost\u00ed a kompatibilitou proces\u016f. Je vhodn\u00fd zejm\u00e9na pro RF za\u0159\u00edzen\u00ed, komunika\u010dn\u00ed syst\u00e9my 5G, radarov\u00e9 moduly a nov\u00e9 optick\u00e9 technologie, jako jsou nap\u0159\u00edklad AR vlnovodn\u00e9 komponenty.<\/p>\n<h2 data-section-id=\"1a3ueyz\" data-start=\"1205\" data-end=\"1222\">Specifikace<\/h2>\n<div class=\"TyagGW_tableContainer\">\n<div class=\"group TyagGW_tableWrapper flex flex-col-reverse w-fit\" tabindex=\"-1\">\n<table class=\"w-fit min-w-(--thread-content-width)\" data-start=\"1224\" data-end=\"1626\">\n<thead data-start=\"1224\" data-end=\"1245\">\n<tr data-start=\"1224\" data-end=\"1245\">\n<th class=\"\" data-start=\"1224\" data-end=\"1236\" data-col-size=\"sm\">Parametr<\/th>\n<th class=\"\" data-start=\"1236\" data-end=\"1245\" data-col-size=\"sm\">Hodnota<\/th>\n<\/tr>\n<\/thead>\n<tbody data-start=\"1266\" data-end=\"1626\">\n<tr data-start=\"1266\" data-end=\"1293\">\n<td data-start=\"1266\" data-end=\"1277\" data-col-size=\"sm\">Pr\u016fm\u011br<\/td>\n<td data-col-size=\"sm\" data-start=\"1277\" data-end=\"1293\">100 \u00b1 0,5 mm<\/td>\n<\/tr>\n<tr data-start=\"1294\" data-end=\"1316\">\n<td data-start=\"1294\" data-end=\"1306\" data-col-size=\"sm\">Tlou\u0161\u0165ka<\/td>\n<td data-col-size=\"sm\" data-start=\"1306\" data-end=\"1316\">350 \u03bcm<\/td>\n<\/tr>\n<tr data-start=\"1317\" data-end=\"1350\">\n<td data-start=\"1317\" data-end=\"1328\" data-col-size=\"sm\">Materi\u00e1l<\/td>\n<td data-col-size=\"sm\" data-start=\"1328\" data-end=\"1350\">Monokrystal SiC<\/td>\n<\/tr>\n<tr data-start=\"1351\" data-end=\"1384\">\n<td data-start=\"1351\" data-end=\"1358\" data-col-size=\"sm\">Typ<\/td>\n<td data-col-size=\"sm\" data-start=\"1358\" data-end=\"1384\">HPSI (poloizola\u010dn\u00ed)<\/td>\n<\/tr>\n<tr data-start=\"1385\" data-end=\"1423\">\n<td data-start=\"1385\" data-end=\"1399\" data-col-size=\"sm\">Odolnost<\/td>\n<td data-col-size=\"sm\" data-start=\"1399\" data-end=\"1423\">\u22651E5 a\u017e \u22651E10 ohm-cm<\/td>\n<\/tr>\n<tr data-start=\"1424\" data-end=\"1463\">\n<td data-start=\"1424\" data-end=\"1444\" data-col-size=\"sm\">Drsnost povrchu<\/td>\n<td data-col-size=\"sm\" data-start=\"1444\" data-end=\"1463\">CMP Ra \u2264 0,2 nm<\/td>\n<\/tr>\n<tr data-start=\"1464\" data-end=\"1481\">\n<td data-start=\"1464\" data-end=\"1470\" data-col-size=\"sm\">TTV<\/td>\n<td data-col-size=\"sm\" data-start=\"1470\" data-end=\"1481\">\u2264 10 \u03bcm<\/td>\n<\/tr>\n<tr data-start=\"1482\" data-end=\"1500\">\n<td data-start=\"1482\" data-end=\"1489\" data-col-size=\"sm\">Warp<\/td>\n<td data-start=\"1489\" data-end=\"1500\" data-col-size=\"sm\">\u2264 30 \u03bcm<\/td>\n<\/tr>\n<tr data-start=\"1501\" data-end=\"1553\">\n<td data-start=\"1501\" data-end=\"1515\" data-col-size=\"sm\">Orientace<\/td>\n<td data-col-size=\"sm\" data-start=\"1515\" data-end=\"1553\">Mo\u017enosti v ose  nebo mimo osu<\/td>\n<\/tr>\n<tr data-start=\"1554\" data-end=\"1584\">\n<td data-start=\"1554\" data-end=\"1561\" data-col-size=\"sm\">Hrana<\/td>\n<td data-col-size=\"sm\" data-start=\"1561\" data-end=\"1584\">Standardn\u00ed zkosen\u00ed SEMI<\/td>\n<\/tr>\n<tr data-start=\"1585\" data-end=\"1626\">\n<td data-start=\"1585\" data-end=\"1593\" data-col-size=\"sm\">T\u0159\u00edda<\/td>\n<td data-start=\"1593\" data-end=\"1626\" data-col-size=\"sm\">V\u00fdroba \/ V\u00fdzkum \/ Figur\u00edna<\/td>\n<\/tr>\n<\/tbody>\n<\/table>\n<\/div>\n<\/div>\n<p data-start=\"1628\" data-end=\"1790\">Tyto parametry zaji\u0161\u0165uj\u00ed vysokou kvalitu povrchu, n\u00edzkou hustotu defekt\u016f a stabiln\u00ed mechanick\u00e9 vlastnosti pot\u0159ebn\u00e9 pro epitaxn\u00ed r\u016fst a p\u0159esnou v\u00fdrobu za\u0159\u00edzen\u00ed.<\/p>\n<h2 data-section-id=\"1p4die8\" data-start=\"1797\" data-end=\"1824\">Charakteristika materi\u00e1lu<img decoding=\"async\" class=\"size-medium wp-image-2176 alignright\" src=\"https:\/\/www.zmsh-semitech.com\/wp-content\/uploads\/2026\/04\/silicon_carbide_wafer_4inch_hpsi_350um_widely_used_for_ar_glasses3-300x300.webp\" alt=\"\" width=\"300\" height=\"300\" srcset=\"https:\/\/www.zmsh-semitech.com\/wp-content\/uploads\/2026\/04\/silicon_carbide_wafer_4inch_hpsi_350um_widely_used_for_ar_glasses3-300x300.webp 300w, https:\/\/www.zmsh-semitech.com\/wp-content\/uploads\/2026\/04\/silicon_carbide_wafer_4inch_hpsi_350um_widely_used_for_ar_glasses3-150x150.webp 150w, https:\/\/www.zmsh-semitech.com\/wp-content\/uploads\/2026\/04\/silicon_carbide_wafer_4inch_hpsi_350um_widely_used_for_ar_glasses3-768x768.webp 768w, https:\/\/www.zmsh-semitech.com\/wp-content\/uploads\/2026\/04\/silicon_carbide_wafer_4inch_hpsi_350um_widely_used_for_ar_glasses3-12x12.webp 12w, https:\/\/www.zmsh-semitech.com\/wp-content\/uploads\/2026\/04\/silicon_carbide_wafer_4inch_hpsi_350um_widely_used_for_ar_glasses3-600x600.webp 600w, https:\/\/www.zmsh-semitech.com\/wp-content\/uploads\/2026\/04\/silicon_carbide_wafer_4inch_hpsi_350um_widely_used_for_ar_glasses3-100x100.webp 100w, https:\/\/www.zmsh-semitech.com\/wp-content\/uploads\/2026\/04\/silicon_carbide_wafer_4inch_hpsi_350um_widely_used_for_ar_glasses3.webp 800w\" sizes=\"(max-width: 300px) 100vw, 300px\" \/><\/h2>\n<p data-start=\"1826\" data-end=\"2024\">Karbid k\u0159em\u00edku je jedn\u00edm z nejd\u016fle\u017eit\u011bj\u0161\u00edch polovodi\u010dov\u00fdch materi\u00e1l\u016f t\u0159et\u00ed generace. Jeho \u0161irok\u00e1 p\u00e1smov\u00e1 propust umo\u017e\u0148uje za\u0159\u00edzen\u00edm pracovat p\u0159i vy\u0161\u0161\u00edch nap\u011bt\u00edch s ni\u017e\u0161\u00edmi svodov\u00fdmi proudy ve srovn\u00e1n\u00ed s k\u0159em\u00edkem.<\/p>\n<p data-start=\"2026\" data-end=\"2253\">Pro desti\u010dky HPSI je charakteristick\u00e1 jejich extr\u00e9mn\u011b vysok\u00e1 rezistivita. Tato vlastnost minimalizuje ne\u017e\u00e1douc\u00ed tok proudu v substr\u00e1tu, co\u017e je rozhoduj\u00edc\u00ed pro zachov\u00e1n\u00ed integrity sign\u00e1lu v r\u00e1diov\u00fdch a mikrovlnn\u00fdch aplikac\u00edch.<\/p>\n<p data-start=\"2255\" data-end=\"2478\">Tepeln\u00e1 vodivost je v\u00fdrazn\u011b vy\u0161\u0161\u00ed ne\u017e u tradi\u010dn\u00edch polovodi\u010dov\u00fdch materi\u00e1l\u016f, co\u017e umo\u017e\u0148uje \u00fa\u010dinn\u00fd odvod tepla p\u0159i provozu s vysok\u00fdm v\u00fdkonem. To sni\u017euje tepeln\u00e9 nam\u00e1h\u00e1n\u00ed a zvy\u0161uje dlouhodobou spolehlivost.<\/p>\n<p data-start=\"2480\" data-end=\"2761\">SiC tak\u00e9 vykazuje vysok\u00e9 pr\u016frazn\u00e9 elektrick\u00e9 pole, co\u017e umo\u017e\u0148uje za\u0159\u00edzen\u00edm zpracov\u00e1vat vysok\u00e9 nap\u011bt\u00ed bez zv\u011bt\u0161ov\u00e1n\u00ed velikosti. Krom\u011b toho si tento materi\u00e1l zachov\u00e1v\u00e1 stabiln\u00ed v\u00fdkon p\u0159i vysok\u00fdch teplot\u00e1ch, vysok\u00fdch frekvenc\u00edch a vystaven\u00ed z\u00e1\u0159en\u00ed, tak\u017ee je vhodn\u00fd pro n\u00e1ro\u010dn\u00e1 prost\u0159ed\u00ed.<\/p>\n<h2 data-section-id=\"mu966k\" data-start=\"2768\" data-end=\"2783\">Aplikace<\/h2>\n<p data-start=\"2785\" data-end=\"3075\"><strong data-start=\"2785\" data-end=\"2813\">RF a mikrovlnn\u00e1 za\u0159\u00edzen\u00ed<\/strong><br data-start=\"2813\" data-end=\"2816\" \/>Desky z karbidu k\u0159em\u00edku HPSI se \u0161iroce pou\u017e\u00edvaj\u00ed jako substr\u00e1ty pro vysokofrekven\u010dn\u00ed zesilova\u010de a vysokofrekven\u010dn\u00ed obvody. Jejich vysok\u00fd odpor sni\u017euje parazitn\u00ed ztr\u00e1ty a zlep\u0161uje \u00fa\u010dinnost p\u0159enosu sign\u00e1lu, tak\u017ee jsou nezbytn\u00e9 pro pokro\u010dilou komunika\u010dn\u00ed elektroniku.<\/p>\n<p data-start=\"3077\" data-end=\"3378\"><strong data-start=\"3077\" data-end=\"3112\">Komunika\u010dn\u00ed infrastruktura 5G<\/strong><br data-start=\"3112\" data-end=\"3115\" \/>V syst\u00e9mech 5G pracuj\u00ed za\u0159\u00edzen\u00ed na vy\u0161\u0161\u00edch frekvenc\u00edch a vy\u017eaduj\u00ed materi\u00e1ly s vynikaj\u00edc\u00ed elektrickou izolac\u00ed. Desky HPSI SiC podporuj\u00ed stabiln\u00ed v\u00fdkon v z\u00e1kladnov\u00fdch stanic\u00edch a bezdr\u00e1tov\u00fdch modulech, umo\u017e\u0148uj\u00ed vy\u0161\u0161\u00ed \u00fa\u010dinnost p\u0159enosu dat a sni\u017euj\u00ed energetick\u00e9 ztr\u00e1ty.<\/p>\n<p data-start=\"3380\" data-end=\"3668\"><strong data-start=\"3380\" data-end=\"3414\">Br\u00fdle AR a optick\u00e9 syst\u00e9my<\/strong><br data-start=\"3414\" data-end=\"3417\" \/>V za\u0159\u00edzen\u00edch pro roz\u0161\u00ed\u0159enou realitu se SiC desti\u010dky pou\u017e\u00edvaj\u00ed v optick\u00fdch a vlnovodn\u00fdch sou\u010d\u00e1stk\u00e1ch. Jejich struktur\u00e1ln\u00ed stabilita a kompatibilita s p\u0159esn\u00fdmi technologiemi zpracov\u00e1n\u00ed podporuj\u00ed v\u00fdvoj kompaktn\u00edch a vysoce v\u00fdkonn\u00fdch optick\u00fdch syst\u00e9m\u016f.<\/p>\n<p data-start=\"3670\" data-end=\"3939\"><strong data-start=\"3670\" data-end=\"3699\">Radar a obrann\u00e9 syst\u00e9my<\/strong><br data-start=\"3699\" data-end=\"3702\" \/>Substr\u00e1ty HPSI SiC jsou vhodn\u00e9 pro radarovou a obrannou elektroniku, kter\u00e1 vy\u017eaduje vysok\u00fd v\u00fdkon, vysokou frekvenci a spolehlivost. Zachov\u00e1vaj\u00ed stabiln\u00ed provoz v extr\u00e9mn\u00edch podm\u00ednk\u00e1ch prost\u0159ed\u00ed, v\u010detn\u011b vysok\u00e9 teploty a radiace.<\/p>\n<p data-start=\"3941\" data-end=\"4136\"><strong data-start=\"3941\" data-end=\"3967\">Optoelektronick\u00e1 za\u0159\u00edzen\u00ed<\/strong><br data-start=\"3967\" data-end=\"3970\" \/>Tyto desti\u010dky se pou\u017e\u00edvaj\u00ed tak\u00e9 v optoelektronick\u00fdch a fotonick\u00fdch za\u0159\u00edzen\u00edch, kde jsou elektrick\u00e1 izolace a tepeln\u00fd v\u00fdkon rozhoduj\u00edc\u00ed pro \u00fa\u010dinnost a stabilitu za\u0159\u00edzen\u00ed.<\/p>\n<p data-start=\"3941\" data-end=\"4136\"><img decoding=\"async\" class=\"wp-image-2178 size-large aligncenter\" src=\"https:\/\/www.zmsh-semitech.com\/wp-content\/uploads\/2026\/04\/applications-1-1024x683.png\" alt=\"\" width=\"1024\" height=\"683\" srcset=\"https:\/\/www.zmsh-semitech.com\/wp-content\/uploads\/2026\/04\/applications-1-1024x683.png 1024w, https:\/\/www.zmsh-semitech.com\/wp-content\/uploads\/2026\/04\/applications-1-300x200.png 300w, https:\/\/www.zmsh-semitech.com\/wp-content\/uploads\/2026\/04\/applications-1-768x512.png 768w, https:\/\/www.zmsh-semitech.com\/wp-content\/uploads\/2026\/04\/applications-1-18x12.png 18w, https:\/\/www.zmsh-semitech.com\/wp-content\/uploads\/2026\/04\/applications-1-600x400.png 600w, https:\/\/www.zmsh-semitech.com\/wp-content\/uploads\/2026\/04\/applications-1.png 1536w\" sizes=\"(max-width: 1024px) 100vw, 1024px\" \/><\/p>\n<h2 data-section-id=\"105f916\" data-start=\"4143\" data-end=\"4162\">Dostupn\u00e9 t\u0159\u00eddy<\/h2>\n<p data-start=\"4164\" data-end=\"4275\">V\u00fdrobn\u00ed t\u0159\u00edda<br data-start=\"4180\" data-end=\"4183\" \/>Pou\u017e\u00edv\u00e1 se pro v\u00fdrobu komer\u010dn\u00edch za\u0159\u00edzen\u00ed s p\u0159\u00edsnou kontrolou kvality a n\u00edzkou hustotou defekt\u016f.<\/p>\n<p data-start=\"4277\" data-end=\"4365\">Stupe\u0148 v\u00fdzkumu<br data-start=\"4291\" data-end=\"4294\" \/>Vhodn\u00e9 pro laboratorn\u00ed v\u00fdvoj, testov\u00e1n\u00ed a optimalizaci proces\u016f.<\/p>\n<p data-start=\"4367\" data-end=\"4455\">T\u0159\u00edda figur\u00edny<br data-start=\"4378\" data-end=\"4381\" \/>Pou\u017e\u00edv\u00e1 se p\u0159i kalibraci za\u0159\u00edzen\u00ed, testov\u00e1n\u00ed proces\u016f a nefunk\u010dn\u00edm pou\u017eit\u00ed.<\/p>\n<h2 data-section-id=\"19b7k0q\" data-start=\"4462\" data-end=\"4485\">Srovn\u00e1n\u00ed Si vs SiC<\/h2>\n<div class=\"TyagGW_tableContainer\">\n<div class=\"group TyagGW_tableWrapper flex flex-col-reverse w-fit\" tabindex=\"-1\">\n<table class=\"w-fit min-w-(--thread-content-width)\" data-start=\"4487\" data-end=\"4792\">\n<thead data-start=\"4487\" data-end=\"4527\">\n<tr data-start=\"4487\" data-end=\"4527\">\n<th class=\"\" data-start=\"4487\" data-end=\"4498\" data-col-size=\"sm\">Majetek<\/th>\n<th class=\"\" data-start=\"4498\" data-end=\"4508\" data-col-size=\"sm\">K\u0159em\u00edk<\/th>\n<th class=\"\" data-start=\"4508\" data-end=\"4527\" data-col-size=\"sm\">Karbid k\u0159em\u00edku<\/th>\n<\/tr>\n<\/thead>\n<tbody data-start=\"4568\" data-end=\"4792\">\n<tr data-start=\"4568\" data-end=\"4600\">\n<td data-start=\"4568\" data-end=\"4578\" data-col-size=\"sm\">P\u00e1smov\u00e1 propust<\/td>\n<td data-col-size=\"sm\" data-start=\"4578\" data-end=\"4588\">1,12 eV<\/td>\n<td data-col-size=\"sm\" data-start=\"4588\" data-end=\"4600\">~3,26 eV<\/td>\n<\/tr>\n<tr data-start=\"4601\" data-end=\"4641\">\n<td data-start=\"4601\" data-end=\"4615\" data-col-size=\"sm\">Odolnost<\/td>\n<td data-col-size=\"sm\" data-start=\"4615\" data-end=\"4621\">N\u00edzk\u00e1<\/td>\n<td data-col-size=\"sm\" data-start=\"4621\" data-end=\"4641\">Velmi vysok\u00e1 (HPSI)<\/td>\n<\/tr>\n<tr data-start=\"4642\" data-end=\"4684\">\n<td data-start=\"4642\" data-end=\"4665\" data-col-size=\"sm\">Tepeln\u00e1 vodivost<\/td>\n<td data-col-size=\"sm\" data-start=\"4665\" data-end=\"4676\">M\u00edrn\u00e1<\/td>\n<td data-col-size=\"sm\" data-start=\"4676\" data-end=\"4684\">Vysok\u00e1<\/td>\n<\/tr>\n<tr data-start=\"4685\" data-end=\"4731\">\n<td data-start=\"4685\" data-end=\"4708\" data-col-size=\"sm\">Frekven\u010dn\u00ed schopnost<\/td>\n<td data-col-size=\"sm\" data-start=\"4708\" data-end=\"4718\">Omezen\u00e9<\/td>\n<td data-col-size=\"sm\" data-start=\"4718\" data-end=\"4731\">Vynikaj\u00edc\u00ed<\/td>\n<\/tr>\n<tr data-start=\"4732\" data-end=\"4792\">\n<td data-start=\"4732\" data-end=\"4752\" data-col-size=\"sm\">Zam\u011b\u0159en\u00ed aplikace<\/td>\n<td data-col-size=\"sm\" data-start=\"4752\" data-end=\"4767\">Logika a IC<\/td>\n<td data-col-size=\"sm\" data-start=\"4767\" data-end=\"4792\">RF a vysokofrekven\u010dn\u00ed<\/td>\n<\/tr>\n<\/tbody>\n<\/table>\n<\/div>\n<\/div>\n<p data-start=\"4794\" data-end=\"4938\">K\u0159em\u00edk je st\u00e1le dominantn\u00ed v b\u011b\u017en\u00e9 elektronice, zat\u00edmco karbid k\u0159em\u00edku se st\u00e1le v\u00edce pou\u017e\u00edv\u00e1 ve vysokofrekven\u010dn\u00edch a vysoce v\u00fdkonn\u00fdch syst\u00e9mech.<\/p>\n<h2 data-section-id=\"1hryhf7\" data-start=\"4945\" data-end=\"4951\">\u010cASTO KLADEN\u00c9 DOTAZY<\/h2>\n<p data-start=\"4953\" data-end=\"5169\">Ot\u00e1zka: Co je HPSI desti\u010dka z karbidu k\u0159em\u00edku?<br data-start=\"4994\" data-end=\"4997\" \/>Deska HPSI je vysoce \u010dist\u00fd poloizola\u010dn\u00ed substr\u00e1t z karbidu k\u0159em\u00edku s velmi vysok\u00fdm elektrick\u00fdm odporem, ur\u010den\u00fd pro RF, mikrovlnn\u00e9 a optoelektronick\u00e9 aplikace.<\/p>\n<p data-start=\"5171\" data-end=\"5374\">Ot\u00e1zka: Pro\u010d je d\u016fle\u017eit\u00e1 vysok\u00e1 rezistivita?<br data-start=\"5208\" data-end=\"5211\" \/>Vysok\u00fd odpor sni\u017euje parazitn\u00ed veden\u00ed a ru\u0161en\u00ed sign\u00e1lu, co\u017e je rozhoduj\u00edc\u00ed pro zachov\u00e1n\u00ed \u00fa\u010dinnosti a integrity sign\u00e1lu ve vysokofrekven\u010dn\u00edch za\u0159\u00edzen\u00edch.<\/p>\n<p data-start=\"5376\" data-end=\"5596\">Ot\u00e1zka: Je karbid k\u0159em\u00edku vhodn\u00fd pro optick\u00e9 aplikace?<br data-start=\"5432\" data-end=\"5435\" \/>Ano, karbid k\u0159em\u00edku lze pou\u017e\u00edt v n\u011bkter\u00fdch optick\u00fdch a fotonick\u00fdch aplikac\u00edch d\u00edky jeho tepeln\u00e9 stabilit\u011b a kompatibilit\u011b s pokro\u010dil\u00fdmi v\u00fdrobn\u00edmi procesy.<\/p>","protected":false},"excerpt":{"rendered":"<p>\u010cty\u0159palcov\u00e1 desti\u010dka z karbidu k\u0159em\u00edku HPSI je kl\u00ed\u010dov\u00fdm materi\u00e1lem pro vysokofrekven\u010dn\u00ed a elektronick\u00e9 syst\u00e9my nov\u00e9 generace. D\u00edky kombinaci vysok\u00e9ho odporu, tepeln\u00e9ho v\u00fdkonu a struktur\u00e1ln\u00ed stability je ide\u00e1ln\u00ed volbou pro vysokofrekven\u010dn\u00ed za\u0159\u00edzen\u00ed, komunika\u010dn\u00ed infrastrukturu a nov\u00e9 optick\u00e9 technologie. Vzhledem k tomu, \u017ee popt\u00e1vka po vysoce \u00fa\u010dinn\u00fdch a vysokofrekven\u010dn\u00edch syst\u00e9mech neust\u00e1le roste, substr\u00e1ty HPSI SiC nab\u00fdvaj\u00ed v pokro\u010dil\u00fdch polovodi\u010dov\u00fdch aplikac\u00edch st\u00e1le v\u011bt\u0161\u00edho v\u00fdznamu.<\/p>","protected":false},"featured_media":2174,"comment_status":"open","ping_status":"closed","template":"","meta":{"site-sidebar-layout":"default","site-content-layout":"","ast-site-content-layout":"default","site-content-style":"default","site-sidebar-style":"default","ast-global-header-display":"","ast-banner-title-visibility":"","ast-main-header-display":"","ast-hfb-above-header-display":"","ast-hfb-below-header-display":"","ast-hfb-mobile-header-display":"","site-post-title":"","ast-breadcrumbs-content":"","ast-featured-img":"","footer-sml-layout":"","ast-disable-related-posts":"","theme-transparent-header-meta":"default","adv-header-id-meta":"","stick-header-meta":"default","header-above-stick-meta":"","header-main-stick-meta":"","header-below-stick-meta":"","astra-migrate-meta-layouts":"set","ast-page-background-enabled":"default","ast-page-background-meta":{"desktop":{"background-color":"var(--ast-global-color-4)","background-image":"","background-repeat":"repeat","background-position":"center center","background-size":"auto","background-attachment":"scroll","background-type":"","background-media":"","overlay-type":"","overlay-color":"","overlay-opacity":"","overlay-gradient":""},"tablet":{"background-color":"","background-image":"","background-repeat":"repeat","background-position":"center center","background-size":"auto","background-attachment":"scroll","background-type":"","background-media":"","overlay-type":"","overlay-color":"","overlay-opacity":"","overlay-gradient":""},"mobile":{"background-color":"","background-image":"","background-repeat":"repeat","background-position":"center center","background-size":"auto","background-attachment":"scroll","background-type":"","background-media":"","overlay-type":"","overlay-color":"","overlay-opacity":"","overlay-gradient":""}},"ast-content-background-meta":{"desktop":{"background-color":"var(--ast-global-color-5)","background-image":"","background-repeat":"repeat","background-position":"center center","background-size":"auto","background-attachment":"scroll","background-type":"","background-media":"","overlay-type":"","overlay-color":"","overlay-opacity":"","overlay-gradient":""},"tablet":{"background-color":"var(--ast-global-color-5)","background-image":"","background-repeat":"repeat","background-position":"center center","background-size":"auto","background-attachment":"scroll","background-type":"","background-media":"","overlay-type":"","overlay-color":"","overlay-opacity":"","overlay-gradient":""},"mobile":{"background-color":"var(--ast-global-color-5)","background-image":"","background-repeat":"repeat","background-position":"center center","background-size":"auto","background-attachment":"scroll","background-type":"","background-media":"","overlay-type":"","overlay-color":"","overlay-opacity":"","overlay-gradient":""}}},"product_brand":[],"product_cat":[729],"product_tag":[930,938,936,937,940,941,942,939,927,692],"class_list":{"0":"post-2173","1":"product","2":"type-product","3":"status-publish","4":"has-post-thumbnail","6":"product_cat-wafer","7":"product_tag-4-inch-sic-wafer","8":"product_tag-high-resistivity-sic","9":"product_tag-hpsi-silicon-carbide-wafer","10":"product_tag-semi-insulating-sic","11":"product_tag-sic-for-5g","12":"product_tag-sic-for-ar-glasses","13":"product_tag-sic-optical-substrate","14":"product_tag-sic-rf-substrate","15":"product_tag-silicon-carbide-wafer","16":"product_tag-wide-bandgap-semiconductor","17":"desktop-align-left","18":"tablet-align-left","19":"mobile-align-left","20":"ast-product-gallery-layout-horizontal-slider","21":"ast-product-tabs-layout-horizontal","23":"first","24":"instock","25":"shipping-taxable","26":"product-type-simple"},"_links":{"self":[{"href":"https:\/\/www.zmsh-semitech.com\/cs\/wp-json\/wp\/v2\/product\/2173","targetHints":{"allow":["GET"]}}],"collection":[{"href":"https:\/\/www.zmsh-semitech.com\/cs\/wp-json\/wp\/v2\/product"}],"about":[{"href":"https:\/\/www.zmsh-semitech.com\/cs\/wp-json\/wp\/v2\/types\/product"}],"replies":[{"embeddable":true,"href":"https:\/\/www.zmsh-semitech.com\/cs\/wp-json\/wp\/v2\/comments?post=2173"}],"version-history":[{"count":1,"href":"https:\/\/www.zmsh-semitech.com\/cs\/wp-json\/wp\/v2\/product\/2173\/revisions"}],"predecessor-version":[{"id":2179,"href":"https:\/\/www.zmsh-semitech.com\/cs\/wp-json\/wp\/v2\/product\/2173\/revisions\/2179"}],"wp:featuredmedia":[{"embeddable":true,"href":"https:\/\/www.zmsh-semitech.com\/cs\/wp-json\/wp\/v2\/media\/2174"}],"wp:attachment":[{"href":"https:\/\/www.zmsh-semitech.com\/cs\/wp-json\/wp\/v2\/media?parent=2173"}],"wp:term":[{"taxonomy":"product_brand","embeddable":true,"href":"https:\/\/www.zmsh-semitech.com\/cs\/wp-json\/wp\/v2\/product_brand?post=2173"},{"taxonomy":"product_cat","embeddable":true,"href":"https:\/\/www.zmsh-semitech.com\/cs\/wp-json\/wp\/v2\/product_cat?post=2173"},{"taxonomy":"product_tag","embeddable":true,"href":"https:\/\/www.zmsh-semitech.com\/cs\/wp-json\/wp\/v2\/product_tag?post=2173"}],"curies":[{"name":"wp","href":"https:\/\/api.w.org\/{rel}","templated":true}]}}