{"id":2167,"date":"2026-04-14T02:28:42","date_gmt":"2026-04-14T02:28:42","guid":{"rendered":"https:\/\/www.zmsh-semitech.com\/?post_type=product&#038;p=2167"},"modified":"2026-04-14T02:28:45","modified_gmt":"2026-04-14T02:28:45","slug":"4-inch-4h-n-silicon-carbide-wafer","status":"publish","type":"product","link":"https:\/\/www.zmsh-semitech.com\/cs\/product\/4-inch-4h-n-silicon-carbide-wafer\/","title":{"rendered":"4palcov\u00e1 100mm desti\u010dka z karbidu k\u0159em\u00edku 4H-N"},"content":{"rendered":"<p data-start=\"161\" data-end=\"420\"><img fetchpriority=\"high\" decoding=\"async\" class=\"alignright wp-image-2171 size-medium\" src=\"https:\/\/www.zmsh-semitech.com\/wp-content\/uploads\/2026\/04\/4inch_silicon_carbide_wafers-300x300.webp\" alt=\"Karbid k\u0159em\u00edku\" width=\"300\" height=\"300\" srcset=\"https:\/\/www.zmsh-semitech.com\/wp-content\/uploads\/2026\/04\/4inch_silicon_carbide_wafers-300x300.webp 300w, https:\/\/www.zmsh-semitech.com\/wp-content\/uploads\/2026\/04\/4inch_silicon_carbide_wafers-150x150.webp 150w, https:\/\/www.zmsh-semitech.com\/wp-content\/uploads\/2026\/04\/4inch_silicon_carbide_wafers-768x768.webp 768w, https:\/\/www.zmsh-semitech.com\/wp-content\/uploads\/2026\/04\/4inch_silicon_carbide_wafers-12x12.webp 12w, https:\/\/www.zmsh-semitech.com\/wp-content\/uploads\/2026\/04\/4inch_silicon_carbide_wafers-600x600.webp 600w, https:\/\/www.zmsh-semitech.com\/wp-content\/uploads\/2026\/04\/4inch_silicon_carbide_wafers-100x100.webp 100w, https:\/\/www.zmsh-semitech.com\/wp-content\/uploads\/2026\/04\/4inch_silicon_carbide_wafers.webp 800w\" sizes=\"(max-width: 300px) 100vw, 300px\" \/>\u010cty\u0159palcov\u00e1 desti\u010dka z karbidu k\u0159em\u00edku 4H-N je vodiv\u00fd substr\u00e1t SiC ur\u010den\u00fd pro pokro\u010dil\u00e9 v\u00fdkonov\u00e9 polovodi\u010dov\u00e9 aplikace. Je zalo\u017een na krystalov\u00e9m polytypu 4H, kter\u00fd je v pr\u016fmyslu \u0161iroce uzn\u00e1v\u00e1n pro sv\u00e9 vynikaj\u00edc\u00ed elektrick\u00e9 a tepeln\u00e9 vlastnosti.<\/p>\n<p data-start=\"422\" data-end=\"752\">Karbid k\u0159em\u00edku pat\u0159\u00ed mezi polovodi\u010dov\u00e9 materi\u00e1ly t\u0159et\u00ed generace a oproti tradi\u010dn\u00edmu k\u0159em\u00edku nab\u00edz\u00ed v\u00fdznamn\u00e9 v\u00fdhody. D\u00edky \u0161irok\u00e9mu p\u00e1sov\u00e9mu rozmez\u00ed, vysok\u00e9mu pr\u016frazn\u00e9mu elektrick\u00e9mu poli a vynikaj\u00edc\u00ed tepeln\u00e9 vodivosti je velmi vhodn\u00fd pro za\u0159\u00edzen\u00ed pracuj\u00edc\u00ed p\u0159i vysok\u00e9m nap\u011bt\u00ed, vysok\u00e9 frekvenci a vysok\u00e9 teplot\u011b.<\/p>\n<p data-start=\"754\" data-end=\"1163\">Tento pl\u00e1tek se b\u011b\u017en\u011b pou\u017e\u00edv\u00e1 k v\u00fdrob\u011b v\u00fdkonov\u00fdch za\u0159\u00edzen\u00ed, jako jsou MOSFETy, Schottkyho bari\u00e9rov\u00e9 diody, JFETy a IGBT. Tato za\u0159\u00edzen\u00ed jsou d\u016fle\u017eit\u00fdmi sou\u010d\u00e1stmi v modern\u00edch energetick\u00fdch syst\u00e9mech, kde je d\u016fle\u017eit\u00e1 \u00fa\u010dinnost, spolehlivost a kompaktn\u00ed design. \u010cty\u0159palcov\u00fd form\u00e1t poskytuje rovnov\u00e1hu mezi n\u00e1kladovou efektivitou a v\u00fdt\u011b\u017enost\u00ed za\u0159\u00edzen\u00ed, d\u00edky \u010demu\u017e se \u0161iroce uplat\u0148uje jak ve v\u00fdzkumu, tak v pr\u016fmyslov\u00e9 v\u00fdrob\u011b.<\/p>\n<h2 data-section-id=\"1a3ueyz\" data-start=\"1170\" data-end=\"1187\">Specifikace<\/h2>\n<div class=\"TyagGW_tableContainer\">\n<div class=\"group TyagGW_tableWrapper flex flex-col-reverse w-fit\" tabindex=\"-1\">\n<table class=\"w-fit min-w-(--thread-content-width)\" data-start=\"1189\" data-end=\"1522\">\n<thead data-start=\"1189\" data-end=\"1210\">\n<tr data-start=\"1189\" data-end=\"1210\">\n<th class=\"\" data-start=\"1189\" data-end=\"1201\" data-col-size=\"sm\">Parametr<\/th>\n<th class=\"\" data-start=\"1201\" data-end=\"1210\" data-col-size=\"sm\">Hodnota<\/th>\n<\/tr>\n<\/thead>\n<tbody data-start=\"1231\" data-end=\"1522\">\n<tr data-start=\"1231\" data-end=\"1258\">\n<td data-start=\"1231\" data-end=\"1242\" data-col-size=\"sm\">Pr\u016fm\u011br<\/td>\n<td data-col-size=\"sm\" data-start=\"1242\" data-end=\"1258\">100 \u00b1 0,5 mm<\/td>\n<\/tr>\n<tr data-start=\"1259\" data-end=\"1286\">\n<td data-start=\"1259\" data-end=\"1271\" data-col-size=\"sm\">Tlou\u0161\u0165ka<\/td>\n<td data-col-size=\"sm\" data-start=\"1271\" data-end=\"1286\">350 \u00b1 25 \u03bcm<\/td>\n<\/tr>\n<tr data-start=\"1287\" data-end=\"1304\">\n<td data-start=\"1287\" data-end=\"1298\" data-col-size=\"sm\">Polytyp<\/td>\n<td data-col-size=\"sm\" data-start=\"1298\" data-end=\"1304\">4H<\/td>\n<\/tr>\n<tr data-start=\"1305\" data-end=\"1335\">\n<td data-start=\"1305\" data-end=\"1325\" data-col-size=\"sm\">Typ vodivosti<\/td>\n<td data-col-size=\"sm\" data-start=\"1325\" data-end=\"1335\">N-typ<\/td>\n<\/tr>\n<tr data-start=\"1336\" data-end=\"1371\">\n<td data-start=\"1336\" data-end=\"1356\" data-col-size=\"sm\">Drsnost povrchu<\/td>\n<td data-col-size=\"sm\" data-start=\"1356\" data-end=\"1371\">Ra \u2264 0,2 nm<\/td>\n<\/tr>\n<tr data-start=\"1372\" data-end=\"1389\">\n<td data-start=\"1372\" data-end=\"1378\" data-col-size=\"sm\">TTV<\/td>\n<td data-col-size=\"sm\" data-start=\"1378\" data-end=\"1389\">\u2264 10 \u03bcm<\/td>\n<\/tr>\n<tr data-start=\"1390\" data-end=\"1408\">\n<td data-start=\"1390\" data-end=\"1397\" data-col-size=\"sm\">Warp<\/td>\n<td data-start=\"1397\" data-end=\"1408\" data-col-size=\"sm\">\u2264 30 \u03bcm<\/td>\n<\/tr>\n<tr data-start=\"1409\" data-end=\"1444\">\n<td data-start=\"1409\" data-end=\"1426\" data-col-size=\"sm\">Hustota defekt\u016f<\/td>\n<td data-col-size=\"sm\" data-start=\"1426\" data-end=\"1444\">MPD &lt; 1 ea\/cm\u00b2<\/td>\n<\/tr>\n<tr data-start=\"1445\" data-end=\"1480\">\n<td data-start=\"1445\" data-end=\"1452\" data-col-size=\"sm\">Hrana<\/td>\n<td data-start=\"1452\" data-end=\"1480\" data-col-size=\"sm\">45\u00b0 \u00fakos, standard SEMI<\/td>\n<\/tr>\n<tr data-start=\"1481\" data-end=\"1522\">\n<td data-start=\"1481\" data-end=\"1489\" data-col-size=\"sm\">T\u0159\u00edda<\/td>\n<td data-col-size=\"sm\" data-start=\"1489\" data-end=\"1522\">V\u00fdroba \/ V\u00fdzkum \/ Figur\u00edna<\/td>\n<\/tr>\n<\/tbody>\n<\/table>\n<\/div>\n<\/div>\n<p data-start=\"1524\" data-end=\"1670\">Tyto parametry zaji\u0161\u0165uj\u00ed vysokou kvalitu povrchu a rozm\u011brovou stabilitu, kter\u00e9 jsou nezbytn\u00e9 pro epitaxn\u00ed r\u016fst a v\u00fdrobu za\u0159\u00edzen\u00ed.<\/p>\n<h2 data-section-id=\"1p4die8\" data-start=\"1677\" data-end=\"1704\">Charakteristika materi\u00e1lu<\/h2>\n<p data-start=\"1706\" data-end=\"1943\">Karbid k\u0159em\u00edku vykazuje \u0161irokou p\u00e1smovou mezeru p\u0159ibli\u017en\u011b 3,26 eV, co\u017e umo\u017e\u0148uje za\u0159\u00edzen\u00edm pracovat p\u0159i v\u00fdrazn\u011b vy\u0161\u0161\u00edch nap\u011bt\u00edch ve srovn\u00e1n\u00ed s k\u0159em\u00edkem. To m\u00e1 za n\u00e1sledek lep\u0161\u00ed schopnost zpracov\u00e1vat v\u00fdkon a sn\u00ed\u017een\u00ed ztr\u00e1t p\u0159i veden\u00ed.<img decoding=\"async\" class=\"size-medium wp-image-2170 alignright\" src=\"https:\/\/www.zmsh-semitech.com\/wp-content\/uploads\/2026\/04\/4inch_silicon_carbide_wafers2-300x300.webp\" alt=\"\" width=\"300\" height=\"300\" srcset=\"https:\/\/www.zmsh-semitech.com\/wp-content\/uploads\/2026\/04\/4inch_silicon_carbide_wafers2-300x300.webp 300w, https:\/\/www.zmsh-semitech.com\/wp-content\/uploads\/2026\/04\/4inch_silicon_carbide_wafers2-150x150.webp 150w, https:\/\/www.zmsh-semitech.com\/wp-content\/uploads\/2026\/04\/4inch_silicon_carbide_wafers2-768x768.webp 768w, https:\/\/www.zmsh-semitech.com\/wp-content\/uploads\/2026\/04\/4inch_silicon_carbide_wafers2-12x12.webp 12w, https:\/\/www.zmsh-semitech.com\/wp-content\/uploads\/2026\/04\/4inch_silicon_carbide_wafers2-600x600.webp 600w, https:\/\/www.zmsh-semitech.com\/wp-content\/uploads\/2026\/04\/4inch_silicon_carbide_wafers2-100x100.webp 100w, https:\/\/www.zmsh-semitech.com\/wp-content\/uploads\/2026\/04\/4inch_silicon_carbide_wafers2.webp 800w\" sizes=\"(max-width: 300px) 100vw, 300px\" \/><\/p>\n<p data-start=\"1945\" data-end=\"2159\">Dal\u0161\u00ed d\u016fle\u017eitou vlastnost\u00ed je vysok\u00e9 pr\u016frazn\u00e9 elektrick\u00e9 pole, kter\u00e9 m\u016f\u017ee b\u00fdt t\u00e9m\u011b\u0159 desetkr\u00e1t v\u011bt\u0161\u00ed ne\u017e u k\u0159em\u00edku. To umo\u017e\u0148uje ten\u010d\u00ed struktury za\u0159\u00edzen\u00ed a vy\u0161\u0161\u00ed \u00fa\u010dinnost v syst\u00e9mech pro p\u0159em\u011bnu energie.<\/p>\n<p data-start=\"2161\" data-end=\"2440\">Kl\u00ed\u010dovou v\u00fdhodou je tak\u00e9 tepeln\u00e1 vodivost. SiC vede teplo p\u0159ibli\u017en\u011b t\u0159ikr\u00e1t \u00fa\u010dinn\u011bji ne\u017e k\u0159em\u00edk, co\u017e umo\u017e\u0148uje za\u0159\u00edzen\u00edm udr\u017eet stabiln\u00ed v\u00fdkon p\u0159i vysok\u00e9m zat\u00ed\u017een\u00ed. To sni\u017euje pot\u0159ebu slo\u017eit\u00fdch chladic\u00edch syst\u00e9m\u016f a zvy\u0161uje celkovou spolehlivost syst\u00e9mu.<\/p>\n<p data-start=\"2442\" data-end=\"2702\">Krom\u011b toho si karbid k\u0159em\u00edku zachov\u00e1v\u00e1 stabiln\u00ed elektrick\u00e9 vlastnosti p\u0159i teplot\u00e1ch vy\u0161\u0161\u00edch ne\u017e 600 \u00b0C. D\u00edky tomu je obzvl\u00e1\u0161t\u011b vhodn\u00fd pro aplikace v n\u00e1ro\u010dn\u00fdch podm\u00ednk\u00e1ch, jako jsou automobilov\u00e9 nap\u00e1jec\u00ed syst\u00e9my, pr\u016fmyslov\u00e9 pohony a leteck\u00e1 elektronika.<\/p>\n<p data-start=\"2704\" data-end=\"2856\">Materi\u00e1l tak\u00e9 nab\u00edz\u00ed vysokou pohyblivost elektron\u016f a n\u00edzk\u00fd zap\u00ednac\u00ed odpor, co\u017e p\u0159isp\u00edv\u00e1 k vy\u0161\u0161\u00ed rychlosti sp\u00edn\u00e1n\u00ed a sn\u00ed\u017een\u00ed energetick\u00fdch ztr\u00e1t ve v\u00fdkonov\u00fdch za\u0159\u00edzen\u00edch.<\/p>\n<h2 data-section-id=\"1m1028d\" data-start=\"2863\" data-end=\"2887\">Dostupn\u00e9 velikosti oplatek<\/h2>\n<p data-start=\"2889\" data-end=\"2984\">Karbid k\u0159em\u00edku je k dispozici v r\u016fzn\u00fdch pr\u016fm\u011brech, kter\u00e9 vyhovuj\u00ed r\u016fzn\u00fdm aplika\u010dn\u00edm pot\u0159eb\u00e1m:<\/p>\n<div class=\"TyagGW_tableContainer\">\n<div class=\"group TyagGW_tableWrapper flex flex-col-reverse w-fit\" tabindex=\"-1\">\n<table class=\"w-fit min-w-(--thread-content-width)\" data-start=\"2986\" data-end=\"3227\">\n<thead data-start=\"2986\" data-end=\"3023\">\n<tr data-start=\"2986\" data-end=\"3023\">\n<th class=\"\" data-start=\"2986\" data-end=\"2993\" data-col-size=\"sm\">Velikost<\/th>\n<th class=\"\" data-start=\"2993\" data-end=\"3004\" data-col-size=\"sm\">Pr\u016fm\u011br<\/th>\n<th class=\"\" data-start=\"3004\" data-end=\"3023\" data-col-size=\"sm\">Rozsah tlou\u0161\u0165ky<\/th>\n<\/tr>\n<\/thead>\n<tbody data-start=\"3061\" data-end=\"3227\">\n<tr data-start=\"3061\" data-end=\"3094\">\n<td data-start=\"3061\" data-end=\"3070\" data-col-size=\"sm\">2 palce<\/td>\n<td data-col-size=\"sm\" data-start=\"3070\" data-end=\"3080\">50,8 mm<\/td>\n<td data-col-size=\"sm\" data-start=\"3080\" data-end=\"3094\">330-350 \u03bcm<\/td>\n<\/tr>\n<tr data-start=\"3095\" data-end=\"3128\">\n<td data-start=\"3095\" data-end=\"3104\" data-col-size=\"sm\">3 palce<\/td>\n<td data-col-size=\"sm\" data-start=\"3104\" data-end=\"3114\">76,2 mm<\/td>\n<td data-col-size=\"sm\" data-start=\"3114\" data-end=\"3128\">350-500 \u03bcm<\/td>\n<\/tr>\n<tr data-start=\"3129\" data-end=\"3161\">\n<td data-start=\"3129\" data-end=\"3138\" data-col-size=\"sm\">4 palce<\/td>\n<td data-col-size=\"sm\" data-start=\"3138\" data-end=\"3147\">100 mm<\/td>\n<td data-col-size=\"sm\" data-start=\"3147\" data-end=\"3161\">350-500 \u03bcm<\/td>\n<\/tr>\n<tr data-start=\"3162\" data-end=\"3194\">\n<td data-start=\"3162\" data-end=\"3171\" data-col-size=\"sm\">6 palc\u016f<\/td>\n<td data-col-size=\"sm\" data-start=\"3171\" data-end=\"3180\">150 mm<\/td>\n<td data-col-size=\"sm\" data-start=\"3180\" data-end=\"3194\">350-500 \u03bcm<\/td>\n<\/tr>\n<tr data-start=\"3195\" data-end=\"3227\">\n<td data-start=\"3195\" data-end=\"3204\" data-col-size=\"sm\">8 palc\u016f<\/td>\n<td data-col-size=\"sm\" data-start=\"3204\" data-end=\"3213\">200 mm<\/td>\n<td data-col-size=\"sm\" data-start=\"3213\" data-end=\"3227\">350-500 \u03bcm<\/td>\n<\/tr>\n<\/tbody>\n<\/table>\n<\/div>\n<\/div>\n<p data-start=\"3229\" data-end=\"3350\">Mezi b\u011b\u017en\u00e9 typy pat\u0159\u00ed vodiv\u00e9 4H-N, poloizola\u010dn\u00ed HPSI a dal\u0161\u00ed specializovan\u00e9 varianty pro RF a v\u00fdkonov\u00e9 aplikace.<\/p>\n<h2 data-section-id=\"mu966k\" data-start=\"3357\" data-end=\"3372\">Aplikace<\/h2>\n<p data-start=\"3374\" data-end=\"3574\">V elektrick\u00fdch vozidlech se SiC desti\u010dky pou\u017e\u00edvaj\u00ed v trak\u010dn\u00edch m\u011bni\u010d\u00edch, palubn\u00edch nab\u00edje\u010dk\u00e1ch a DC-DC m\u011bni\u010d\u00edch. Zlep\u0161uj\u00ed energetickou \u00fa\u010dinnost, sni\u017euj\u00ed produkci tepla a umo\u017e\u0148uj\u00ed kompaktn\u011bj\u0161\u00ed konstrukce syst\u00e9m\u016f.<img decoding=\"async\" class=\"size-medium wp-image-2169 alignright\" src=\"https:\/\/www.zmsh-semitech.com\/wp-content\/uploads\/2026\/04\/4inch_silicon_carbide_wafers4-300x300.webp\" alt=\"\" width=\"300\" height=\"300\" srcset=\"https:\/\/www.zmsh-semitech.com\/wp-content\/uploads\/2026\/04\/4inch_silicon_carbide_wafers4-300x300.webp 300w, https:\/\/www.zmsh-semitech.com\/wp-content\/uploads\/2026\/04\/4inch_silicon_carbide_wafers4-150x150.webp 150w, https:\/\/www.zmsh-semitech.com\/wp-content\/uploads\/2026\/04\/4inch_silicon_carbide_wafers4-768x768.webp 768w, https:\/\/www.zmsh-semitech.com\/wp-content\/uploads\/2026\/04\/4inch_silicon_carbide_wafers4-12x12.webp 12w, https:\/\/www.zmsh-semitech.com\/wp-content\/uploads\/2026\/04\/4inch_silicon_carbide_wafers4-600x600.webp 600w, https:\/\/www.zmsh-semitech.com\/wp-content\/uploads\/2026\/04\/4inch_silicon_carbide_wafers4-100x100.webp 100w, https:\/\/www.zmsh-semitech.com\/wp-content\/uploads\/2026\/04\/4inch_silicon_carbide_wafers4.webp 800w\" sizes=\"(max-width: 300px) 100vw, 300px\" \/><\/p>\n<p data-start=\"3576\" data-end=\"3764\">V syst\u00e9mech obnoviteln\u00fdch zdroj\u016f energie se SiC za\u0159\u00edzen\u00ed pou\u017e\u00edvaj\u00ed v sol\u00e1rn\u00edch st\u0159\u00edda\u010d\u00edch a m\u011bni\u010d\u00edch v\u011btrn\u00e9 energie. Jejich vysok\u00e1 \u00fa\u010dinnost p\u0159isp\u00edv\u00e1 ke sn\u00ed\u017een\u00ed energetick\u00fdch ztr\u00e1t a zlep\u0161en\u00ed v\u00fdkonu syst\u00e9mu.<\/p>\n<p data-start=\"3766\" data-end=\"3928\">Technologie SiC je v\u00fdhodn\u00e1 i pro pr\u016fmyslov\u00e9 syst\u00e9my, zejm\u00e9na pro pohony motor\u016f s vysok\u00fdm v\u00fdkonem a automatiza\u010dn\u00ed za\u0159\u00edzen\u00ed, kde je rozhoduj\u00edc\u00ed spolehlivost a odolnost.<\/p>\n<p data-start=\"3930\" data-end=\"4111\">V infrastruktu\u0159e rozvodn\u00fdch s\u00edt\u00ed se karbid k\u0159em\u00edku pou\u017e\u00edv\u00e1 v inteligentn\u00edch rozvodn\u00fdch s\u00edt\u00edch a vysokonap\u011b\u0165ov\u00fdch p\u0159enosov\u00fdch za\u0159\u00edzen\u00edch ke zv\u00fd\u0161en\u00ed \u00fa\u010dinnosti p\u0159em\u011bny energie a sn\u00ed\u017een\u00ed syst\u00e9mov\u00fdch ztr\u00e1t.<\/p>\n<p data-start=\"4113\" data-end=\"4266\">V letectv\u00ed a obran\u011b se SiC pou\u017e\u00edv\u00e1 pro vysoce spolehlivou elektroniku, kter\u00e1 mus\u00ed pracovat v extr\u00e9mn\u00edch teplotn\u00edch a environment\u00e1ln\u00edch podm\u00ednk\u00e1ch.<\/p>\n<h2 data-section-id=\"19b7k0q\" data-start=\"4273\" data-end=\"4296\">Srovn\u00e1n\u00ed Si vs SiC<\/h2>\n<div class=\"TyagGW_tableContainer\">\n<div class=\"group TyagGW_tableWrapper flex flex-col-reverse w-fit\" tabindex=\"-1\">\n<table class=\"w-fit min-w-(--thread-content-width)\" data-start=\"4298\" data-end=\"4557\">\n<thead data-start=\"4298\" data-end=\"4338\">\n<tr data-start=\"4298\" data-end=\"4338\">\n<th class=\"\" data-start=\"4298\" data-end=\"4309\" data-col-size=\"sm\">Majetek<\/th>\n<th class=\"\" data-start=\"4309\" data-end=\"4319\" data-col-size=\"sm\">K\u0159em\u00edk<\/th>\n<th class=\"\" data-start=\"4319\" data-end=\"4338\" data-col-size=\"sm\">Karbid k\u0159em\u00edku<\/th>\n<\/tr>\n<\/thead>\n<tbody data-start=\"4379\" data-end=\"4557\">\n<tr data-start=\"4379\" data-end=\"4410\">\n<td data-start=\"4379\" data-end=\"4389\" data-col-size=\"sm\">P\u00e1smov\u00e1 propust<\/td>\n<td data-col-size=\"sm\" data-start=\"4389\" data-end=\"4399\">1,12 eV<\/td>\n<td data-col-size=\"sm\" data-start=\"4399\" data-end=\"4410\">3,26 eV<\/td>\n<\/tr>\n<tr data-start=\"4411\" data-end=\"4443\">\n<td data-start=\"4411\" data-end=\"4429\" data-col-size=\"sm\">Pole rozd\u011blen\u00ed<\/td>\n<td data-col-size=\"sm\" data-start=\"4429\" data-end=\"4435\">N\u00edzk\u00e1<\/td>\n<td data-col-size=\"sm\" data-start=\"4435\" data-end=\"4443\">Vysok\u00e1<\/td>\n<\/tr>\n<tr data-start=\"4444\" data-end=\"4486\">\n<td data-start=\"4444\" data-end=\"4467\" data-col-size=\"sm\">Tepeln\u00e1 vodivost<\/td>\n<td data-col-size=\"sm\" data-start=\"4467\" data-end=\"4478\">M\u00edrn\u00e1<\/td>\n<td data-col-size=\"sm\" data-start=\"4478\" data-end=\"4486\">Vysok\u00e1<\/td>\n<\/tr>\n<tr data-start=\"4487\" data-end=\"4524\">\n<td data-start=\"4487\" data-end=\"4505\" data-col-size=\"sm\">Maxim\u00e1ln\u00ed teplota<\/td>\n<td data-col-size=\"sm\" data-start=\"4505\" data-end=\"4514\">~150\u00b0C<\/td>\n<td data-col-size=\"sm\" data-start=\"4514\" data-end=\"4524\">&gt;600\u00b0C<\/td>\n<\/tr>\n<tr data-start=\"4525\" data-end=\"4557\">\n<td data-start=\"4525\" data-end=\"4538\" data-col-size=\"sm\">\u00da\u010dinnost<\/td>\n<td data-col-size=\"sm\" data-start=\"4538\" data-end=\"4549\">Standardn\u00ed<\/td>\n<td data-col-size=\"sm\" data-start=\"4549\" data-end=\"4557\">Vysok\u00e1<\/td>\n<\/tr>\n<\/tbody>\n<\/table>\n<\/div>\n<\/div>\n<p data-start=\"4559\" data-end=\"4716\">K\u0159em\u00edk je i nad\u00e1le vhodn\u00fd pro n\u00edzkov\u00fdkonnou a b\u011b\u017enou elektroniku, zat\u00edmco karbid k\u0159em\u00edku je st\u00e1le v\u00edce preferov\u00e1n pro vysoce v\u00fdkonn\u00e9 a vysoce \u00fa\u010dinn\u00e9 syst\u00e9my.<\/p>\n<h2 data-section-id=\"1hryhf7\" data-start=\"4723\" data-end=\"4729\">\u010cASTO KLADEN\u00c9 DOTAZY<\/h2>\n<p data-start=\"4731\" data-end=\"5020\"><strong>Ot\u00e1zka: Jak\u00fd je rozd\u00edl mezi k\u0159em\u00edkov\u00fdmi a karbidk\u0159em\u00edkov\u00fdmi desti\u010dkami?<\/strong><br data-start=\"4800\" data-end=\"4803\" \/>K\u0159em\u00edkov\u00e9 desti\u010dky se \u0161iroce pou\u017e\u00edvaj\u00ed v integrovan\u00fdch obvodech a standardn\u00edch elektronick\u00fdch za\u0159\u00edzen\u00edch. Karbid k\u0159em\u00edku je ur\u010den pro v\u00fdkonovou elektroniku, kde se vy\u017eaduje vysok\u00e9 nap\u011bt\u00ed, vysok\u00e1 teplota a vysok\u00e1 \u00fa\u010dinnost.<\/p>\n<p data-start=\"5022\" data-end=\"5286\"><strong>Ot\u00e1zka: Jak si SiC vede ve srovn\u00e1n\u00ed s GaN?<\/strong><br data-start=\"5055\" data-end=\"5058\" \/>SiC se obvykle pou\u017e\u00edv\u00e1 ve vysokonap\u011b\u0165ov\u00fdch a vysoce v\u00fdkonn\u00fdch aplikac\u00edch, jako jsou elektrick\u00e1 vozidla a rozvodn\u00e9 s\u00edt\u011b. GaN je vhodn\u011bj\u0161\u00ed pro vysokofrekven\u010dn\u00ed a n\u00edzkonap\u011b\u0165ov\u00e9 aplikace, v\u010detn\u011b vysokofrekven\u010dn\u00edch syst\u00e9m\u016f a rychlonab\u00edjec\u00edch za\u0159\u00edzen\u00ed.<\/p>\n<p data-start=\"5288\" data-end=\"5529\"><strong>Ot\u00e1zka: Je karbid k\u0159em\u00edku keramika nebo polovodi\u010d?<\/strong><br data-start=\"5339\" data-end=\"5342\" \/>Karbid k\u0159em\u00edku je keramika i polovodi\u010d. Kombinuje vysokou mechanickou pevnost s vynikaj\u00edc\u00edmi elektrick\u00fdmi vlastnostmi, tak\u017ee je vhodn\u00fd pro n\u00e1ro\u010dn\u00e9 elektronick\u00e9 aplikace.<\/p>\n<p data-start=\"5551\" data-end=\"5953\">","protected":false},"excerpt":{"rendered":"<p>\u010cty\u0159palcov\u00e1 desti\u010dka z karbidu k\u0159em\u00edku 4H-N je kl\u00ed\u010dov\u00fdm materi\u00e1lem pro modern\u00ed v\u00fdkonovou elektroniku. D\u00edky kombinaci elektrick\u00e9 \u00fa\u010dinnosti, tepeln\u00e9ho v\u00fdkonu a spolehlivosti je z\u00e1kladn\u00edm substr\u00e1tem pro za\u0159\u00edzen\u00ed nov\u00e9 generace. Vzhledem k tomu, \u017ee pr\u016fmyslov\u00e1 odv\u011btv\u00ed st\u00e1le vy\u017eaduj\u00ed vy\u0161\u0161\u00ed energetickou \u00fa\u010dinnost a v\u00fdkonnost syst\u00e9m\u016f, nab\u00fdvaj\u00ed SiC desti\u010dky st\u00e1le v\u011bt\u0161\u00edho v\u00fdznamu v komer\u010dn\u00edch i pr\u016fmyslov\u00fdch aplikac\u00edch.<\/p>","protected":false},"featured_media":2168,"comment_status":"open","ping_status":"closed","template":"","meta":{"site-sidebar-layout":"default","site-content-layout":"","ast-site-content-layout":"default","site-content-style":"default","site-sidebar-style":"default","ast-global-header-display":"","ast-banner-title-visibility":"","ast-main-header-display":"","ast-hfb-above-header-display":"","ast-hfb-below-header-display":"","ast-hfb-mobile-header-display":"","site-post-title":"","ast-breadcrumbs-content":"","ast-featured-img":"","footer-sml-layout":"","ast-disable-related-posts":"","theme-transparent-header-meta":"default","adv-header-id-meta":"","stick-header-meta":"default","header-above-stick-meta":"","header-main-stick-meta":"","header-below-stick-meta":"","astra-migrate-meta-layouts":"set","ast-page-background-enabled":"default","ast-page-background-meta":{"desktop":{"background-color":"var(--ast-global-color-4)","background-image":"","background-repeat":"repeat","background-position":"center center","background-size":"auto","background-attachment":"scroll","background-type":"","background-media":"","overlay-type":"","overlay-color":"","overlay-opacity":"","overlay-gradient":""},"tablet":{"background-color":"","background-image":"","background-repeat":"repeat","background-position":"center center","background-size":"auto","background-attachment":"scroll","background-type":"","background-media":"","overlay-type":"","overlay-color":"","overlay-opacity":"","overlay-gradient":""},"mobile":{"background-color":"","background-image":"","background-repeat":"repeat","background-position":"center center","background-size":"auto","background-attachment":"scroll","background-type":"","background-media":"","overlay-type":"","overlay-color":"","overlay-opacity":"","overlay-gradient":""}},"ast-content-background-meta":{"desktop":{"background-color":"var(--ast-global-color-5)","background-image":"","background-repeat":"repeat","background-position":"center center","background-size":"auto","background-attachment":"scroll","background-type":"","background-media":"","overlay-type":"","overlay-color":"","overlay-opacity":"","overlay-gradient":""},"tablet":{"background-color":"var(--ast-global-color-5)","background-image":"","background-repeat":"repeat","background-position":"center center","background-size":"auto","background-attachment":"scroll","background-type":"","background-media":"","overlay-type":"","overlay-color":"","overlay-opacity":"","overlay-gradient":""},"mobile":{"background-color":"var(--ast-global-color-5)","background-image":"","background-repeat":"repeat","background-position":"center center","background-size":"auto","background-attachment":"scroll","background-type":"","background-media":"","overlay-type":"","overlay-color":"","overlay-opacity":"","overlay-gradient":""}}},"product_brand":[],"product_cat":[729],"product_tag":[930,929,935,931,932,934,933,928,927,692],"class_list":{"0":"post-2167","1":"product","2":"type-product","3":"status-publish","4":"has-post-thumbnail","6":"product_cat-wafer","7":"product_tag-4-inch-sic-wafer","8":"product_tag-4h-n-sic","9":"product_tag-ev-power-electronics-material","10":"product_tag-n-type-sic-wafer","11":"product_tag-power-semiconductor-material","12":"product_tag-schottky-diode-substrate","13":"product_tag-sic-mosfet-wafer","14":"product_tag-sic-substrate","15":"product_tag-silicon-carbide-wafer","16":"product_tag-wide-bandgap-semiconductor","17":"desktop-align-left","18":"tablet-align-left","19":"mobile-align-left","20":"ast-product-gallery-layout-horizontal-slider","21":"ast-product-tabs-layout-horizontal","23":"first","24":"instock","25":"shipping-taxable","26":"product-type-simple"},"_links":{"self":[{"href":"https:\/\/www.zmsh-semitech.com\/cs\/wp-json\/wp\/v2\/product\/2167","targetHints":{"allow":["GET"]}}],"collection":[{"href":"https:\/\/www.zmsh-semitech.com\/cs\/wp-json\/wp\/v2\/product"}],"about":[{"href":"https:\/\/www.zmsh-semitech.com\/cs\/wp-json\/wp\/v2\/types\/product"}],"replies":[{"embeddable":true,"href":"https:\/\/www.zmsh-semitech.com\/cs\/wp-json\/wp\/v2\/comments?post=2167"}],"version-history":[{"count":1,"href":"https:\/\/www.zmsh-semitech.com\/cs\/wp-json\/wp\/v2\/product\/2167\/revisions"}],"predecessor-version":[{"id":2172,"href":"https:\/\/www.zmsh-semitech.com\/cs\/wp-json\/wp\/v2\/product\/2167\/revisions\/2172"}],"wp:featuredmedia":[{"embeddable":true,"href":"https:\/\/www.zmsh-semitech.com\/cs\/wp-json\/wp\/v2\/media\/2168"}],"wp:attachment":[{"href":"https:\/\/www.zmsh-semitech.com\/cs\/wp-json\/wp\/v2\/media?parent=2167"}],"wp:term":[{"taxonomy":"product_brand","embeddable":true,"href":"https:\/\/www.zmsh-semitech.com\/cs\/wp-json\/wp\/v2\/product_brand?post=2167"},{"taxonomy":"product_cat","embeddable":true,"href":"https:\/\/www.zmsh-semitech.com\/cs\/wp-json\/wp\/v2\/product_cat?post=2167"},{"taxonomy":"product_tag","embeddable":true,"href":"https:\/\/www.zmsh-semitech.com\/cs\/wp-json\/wp\/v2\/product_tag?post=2167"}],"curies":[{"name":"wp","href":"https:\/\/api.w.org\/{rel}","templated":true}]}}