{"id":2154,"date":"2026-04-09T07:52:50","date_gmt":"2026-04-09T07:52:50","guid":{"rendered":"https:\/\/www.zmsh-semitech.com\/?post_type=product&#038;p=2154"},"modified":"2026-04-09T09:41:00","modified_gmt":"2026-04-09T09:41:00","slug":"hp-8201-fully-automatic-8-inch-wafer-dicing-machine","status":"publish","type":"product","link":"https:\/\/www.zmsh-semitech.com\/cs\/product\/hp-8201-fully-automatic-8-inch-wafer-dicing-machine\/","title":{"rendered":"HP-8201 Pln\u011b automatick\u00fd 8palcov\u00fd stroj na kostkov\u00e1n\u00ed oplatek"},"content":{"rendered":"<p data-start=\"203\" data-end=\"763\"><img fetchpriority=\"high\" decoding=\"async\" class=\"size-medium wp-image-2157 alignright\" src=\"https:\/\/www.zmsh-semitech.com\/wp-content\/uploads\/2026\/04\/HP-8201-Fully-Automatic-8-Inch-Wafer-Dicing-Machine-1-300x300.png\" alt=\"\" width=\"300\" height=\"300\" srcset=\"https:\/\/www.zmsh-semitech.com\/wp-content\/uploads\/2026\/04\/HP-8201-Fully-Automatic-8-Inch-Wafer-Dicing-Machine-1-300x300.png 300w, https:\/\/www.zmsh-semitech.com\/wp-content\/uploads\/2026\/04\/HP-8201-Fully-Automatic-8-Inch-Wafer-Dicing-Machine-1-150x150.png 150w, https:\/\/www.zmsh-semitech.com\/wp-content\/uploads\/2026\/04\/HP-8201-Fully-Automatic-8-Inch-Wafer-Dicing-Machine-1-768x768.png 768w, https:\/\/www.zmsh-semitech.com\/wp-content\/uploads\/2026\/04\/HP-8201-Fully-Automatic-8-Inch-Wafer-Dicing-Machine-1-12x12.png 12w, https:\/\/www.zmsh-semitech.com\/wp-content\/uploads\/2026\/04\/HP-8201-Fully-Automatic-8-Inch-Wafer-Dicing-Machine-1-600x600.png 600w, https:\/\/www.zmsh-semitech.com\/wp-content\/uploads\/2026\/04\/HP-8201-Fully-Automatic-8-Inch-Wafer-Dicing-Machine-1-100x100.png 100w, https:\/\/www.zmsh-semitech.com\/wp-content\/uploads\/2026\/04\/HP-8201-Fully-Automatic-8-Inch-Wafer-Dicing-Machine-1.png 1000w\" sizes=\"(max-width: 300px) 100vw, 300px\" \/>HP-8201 je vysoce \u00fa\u010dinn\u00fd, pln\u011b automatick\u00fd stroj na d\u011blen\u00ed desti\u010dek, kter\u00fd je navr\u017een pro p\u0159esn\u00e9 \u0159ez\u00e1n\u00ed polovodi\u010dov\u00fdch a krystalick\u00fdch materi\u00e1l\u016f. Tento pokro\u010dil\u00fd syst\u00e9m pro kr\u00e1jen\u00ed desti\u010dek o pr\u016fm\u011bru a\u017e 8 palc\u016f podporuje \u0161irokou \u0161k\u00e1lu materi\u00e1l\u016f v\u010detn\u011b k\u0159em\u00edku (Si), karbidu k\u0159em\u00edku (SiC), tantal\u00e1tu lithia (LT) a niob\u00e1tu lithia (LN). Syst\u00e9m HP-8201 kombinuje rychlost, p\u0159esnost a automatizaci v jedin\u00e9 platform\u011b a nab\u00edz\u00ed kompletn\u00ed \u0159e\u0161en\u00ed pro prost\u0159ed\u00ed velkos\u00e9riov\u00e9 v\u00fdroby a specializovan\u00e9 pot\u0159eby zpracov\u00e1n\u00ed desti\u010dek.<\/p>\n<p data-start=\"765\" data-end=\"1153\">Stroj integruje v\u0161echny d\u016fle\u017eit\u00e9 kroky do jednoho automatizovan\u00e9ho pracovn\u00edho postupu: nakl\u00e1d\u00e1n\u00ed a vykl\u00e1d\u00e1n\u00ed desti\u010dek, p\u0159esn\u00e9 zarovn\u00e1n\u00ed, kr\u00e1jen\u00ed na kostky, \u010di\u0161t\u011bn\u00ed po \u0159ez\u00e1n\u00ed a su\u0161en\u00ed. Omezen\u00edm manu\u00e1ln\u00edch z\u00e1sah\u016f zaji\u0161\u0165uje vysokou propustnost p\u0159i zachov\u00e1n\u00ed konzistentn\u00ed kvality, tak\u017ee je ide\u00e1ln\u00ed pro odv\u011btv\u00ed, jako je v\u00fdroba polovodi\u010d\u016f, za\u0159\u00edzen\u00ed MEMS, optoelektronika a v\u00fdroba pokro\u010dil\u00fdch senzor\u016f.<\/p>\n<h3 data-section-id=\"1q9yu5h\" data-start=\"1160\" data-end=\"1197\"><span role=\"text\">Kl\u00ed\u010dov\u00e9 vlastnosti a v\u00fdhody<\/span><\/h3>\n<ul data-start=\"1199\" data-end=\"2995\">\n<li data-section-id=\"57r6pe\" data-start=\"1199\" data-end=\"1499\">Struktura s dv\u011bma protilehl\u00fdmi v\u0159eteny: HP-8201 vyu\u017e\u00edv\u00e1 konstrukci se dv\u011bma protilehl\u00fdmi v\u0159eteny a zkr\u00e1cenou vzd\u00e1lenost\u00ed v\u0159eten, co\u017e umo\u017e\u0148uje soub\u011b\u017en\u00e9 \u0159ez\u00e1n\u00ed. Tato konfigurace v\u00fdrazn\u011b zvy\u0161uje efektivitu v\u00fdroby a propustnost, tak\u017ee je vhodn\u00e1 do prost\u0159ed\u00ed velkos\u00e9riov\u00e9 v\u00fdroby.<\/li>\n<li data-section-id=\"1qbjmd8\" data-start=\"1501\" data-end=\"1787\">Pln\u011b automatizovan\u00fd pracovn\u00ed postup: Stroj poskytuje komplexn\u00ed automatizaci v\u010detn\u011b manipulace s desti\u010dkami, zarovn\u00e1v\u00e1n\u00ed, kr\u00e1jen\u00ed a \u010di\u0161t\u011bn\u00ed\/su\u0161en\u00ed. Oper\u00e1to\u0159i mohou dos\u00e1hnout nep\u0159etr\u017eit\u00e9 v\u00fdroby s minim\u00e1ln\u00ed manu\u00e1ln\u00ed \u00fa\u010dast\u00ed, co\u017e sni\u017euje n\u00e1klady na pracovn\u00ed s\u00edlu a zvy\u0161uje celkovou provozn\u00ed efektivitu.<\/li>\n<li data-section-id=\"499qor\" data-start=\"1789\" data-end=\"2157\">Du\u00e1ln\u00ed mikroskopick\u00fd syst\u00e9m: HP-8201 je vybaven mikroskopy s vysok\u00fdm i n\u00edzk\u00fdm zv\u011bt\u0161en\u00edm a nab\u00edz\u00ed p\u0159esn\u00e9 automatick\u00e9 zarovn\u00e1n\u00ed desti\u010dek a vysoce p\u0159esnou detekci zna\u010dek ost\u0159\u00ed. Krom\u011b toho podporuje asistovan\u00e9 obtahov\u00e1n\u00ed b\u0159it\u016f Sub-C\/T, kter\u00e9 zaji\u0161\u0165uje konzistentn\u00ed stav b\u0159it\u016f a optim\u00e1ln\u00ed \u0159ezn\u00fd v\u00fdkon, co\u017e vede ke zv\u00fd\u0161en\u00ed v\u00fdt\u011b\u017enosti a kvality povrchu.<\/li>\n<li data-section-id=\"1pvlp5f\" data-start=\"2159\" data-end=\"2466\">Voliteln\u00e1 dvojit\u00e1 tryska na vodu a plyn: U desti\u010dek, kter\u00e9 vy\u017eaduj\u00ed vy\u0161\u0161\u00ed \u010distotu po nakr\u00e1jen\u00ed, lze nainstalovat volitelnou du\u00e1ln\u00ed trysku na vodu a plyn. Tato funkce \u00fa\u010dinn\u011b odstra\u0148uje ne\u010distoty a \u010d\u00e1stice, \u010d\u00edm\u017e sni\u017euje riziko kontaminace a zaji\u0161\u0165uje vysoce kvalitn\u00ed povrch desti\u010dek pro n\u00e1sledn\u00e9 zpracov\u00e1n\u00ed.<\/li>\n<li data-section-id=\"1yt1cve\" data-start=\"2468\" data-end=\"2698\">Pokro\u010dil\u00e9 \u0159ezn\u00e9 schopnosti: Syst\u00e9m lze nakonfigurovat s mo\u017enost\u00ed kruhov\u00e9ho \u0159ez\u00e1n\u00ed a o\u0159ez\u00e1v\u00e1n\u00ed hran, co\u017e poskytuje flexibilitu pro specializovan\u00e9 geometrie desti\u010dek nebo aplikace, kter\u00e9 vy\u017eaduj\u00ed p\u0159esn\u00e9 dokon\u010dov\u00e1n\u00ed hran.<\/li>\n<li data-section-id=\"14hno35\" data-start=\"2700\" data-end=\"2995\">V\u0161estrannost materi\u00e1lu: HP-8201 je kompatibiln\u00ed se \u0161irokou \u0161k\u00e1lou materi\u00e1l\u016f, v\u010detn\u011b k\u0159ehk\u00fdch substr\u00e1t\u016f, jako jsou Si, SiC, LT a LN. Jeho p\u0159izp\u016fsobivost zaji\u0161\u0165uje, \u017ee u\u017eivatel\u00e9 mohou zpracov\u00e1vat r\u016fzn\u00e9 typy desti\u010dek, ani\u017e by museli m\u011bnit stroje, co\u017e je nezbytn\u00e9 pro diverzifikovan\u00e9 v\u00fdrobn\u00ed linky.<\/li>\n<\/ul>\n<h3 data-section-id=\"1880me3\" data-start=\"3002\" data-end=\"3036\"><span role=\"text\">Technick\u00e9 specifikace<\/span><\/h3>\n<div class=\"TyagGW_tableContainer\">\n<div class=\"group TyagGW_tableWrapper flex flex-col-reverse w-fit\" tabindex=\"-1\">\n<table class=\"w-fit min-w-(--thread-content-width)\" data-start=\"3038\" data-end=\"3378\">\n<thead data-start=\"3038\" data-end=\"3067\">\n<tr data-start=\"3038\" data-end=\"3067\">\n<th class=\"\" data-start=\"3038\" data-end=\"3050\" data-col-size=\"sm\">Parametr<\/th>\n<th class=\"\" data-start=\"3050\" data-end=\"3067\" data-col-size=\"md\">Specifikace<\/th>\n<\/tr>\n<\/thead>\n<tbody data-start=\"3098\" data-end=\"3378\">\n<tr data-start=\"3098\" data-end=\"3167\">\n<td data-start=\"3098\" data-end=\"3122\" data-col-size=\"sm\">V\u00fdkon \/ ot\u00e1\u010dky v\u0159etena<\/td>\n<td data-col-size=\"md\" data-start=\"3122\" data-end=\"3167\">1,8 kW \/ 2,2 kW (voliteln\u011b) \/ 6000-60000 ot\u00e1\u010dek za minutu<\/td>\n<\/tr>\n<tr data-start=\"3168\" data-end=\"3188\">\n<td data-start=\"3168\" data-end=\"3182\" data-col-size=\"sm\">Velikost p\u0159\u00edruby<\/td>\n<td data-col-size=\"md\" data-start=\"3182\" data-end=\"3188\">2\u2033<\/td>\n<\/tr>\n<tr data-start=\"3189\" data-end=\"3235\">\n<td data-start=\"3189\" data-end=\"3214\" data-col-size=\"sm\">Maxim\u00e1ln\u00ed velikost obrobku<\/td>\n<td data-col-size=\"md\" data-start=\"3214\" data-end=\"3235\">Kruhov\u00e9: \u00f8200 mm<\/td>\n<\/tr>\n<tr data-start=\"3236\" data-end=\"3323\">\n<td data-start=\"3236\" data-end=\"3257\" data-col-size=\"sm\">Konfigurace objektivu<\/td>\n<td data-col-size=\"md\" data-start=\"3257\" data-end=\"3323\">Velk\u00e9 zv\u011bt\u0161en\u00ed: Zv\u011bt\u0161en\u00ed: 7,5\u00d7 \/ Mal\u00e9 zv\u011bt\u0161en\u00ed: 0,75\u00d7 (voliteln\u011b)<\/td>\n<\/tr>\n<tr data-start=\"3324\" data-end=\"3378\">\n<td data-start=\"3324\" data-end=\"3353\" data-col-size=\"sm\">Rozm\u011bry stroje (\u0161 \u00d7 h \u00d7 v)<\/td>\n<td data-col-size=\"md\" data-start=\"3353\" data-end=\"3378\">1190 \u00d7 1150 \u00d7 1850 mm<\/td>\n<\/tr>\n<\/tbody>\n<\/table>\n<\/div>\n<\/div>\n<h3 data-section-id=\"xdxar3\" data-start=\"3385\" data-end=\"3407\"><span role=\"text\">Aplikace<\/span><\/h3>\n<p data-start=\"3409\" data-end=\"3545\">HP-8201 je navr\u017een tak, aby spl\u0148oval pot\u0159eby modern\u00edho zpracov\u00e1n\u00ed polovodi\u010d\u016f a krystalick\u00fdch materi\u00e1l\u016f. Typick\u00e9 aplikace zahrnuj\u00ed:<\/p>\n<ol data-start=\"3547\" data-end=\"4222\">\n<li data-section-id=\"5ewhyp\" data-start=\"3547\" data-end=\"3678\">Dicing polovodi\u010dov\u00fdch desti\u010dek: \u0158ez\u00e1n\u00ed k\u0159em\u00edkov\u00fdch a SiC desti\u010dek pro integrovan\u00e9 obvody, v\u00fdkonov\u00e1 za\u0159\u00edzen\u00ed a sou\u010d\u00e1stky MEMS.<\/li>\n<li data-section-id=\"vngdi7\" data-start=\"3679\" data-end=\"3824\">Optoelektronick\u00e1 za\u0159\u00edzen\u00ed: P\u0159esn\u00e9 kr\u00e1jen\u00ed LT a LN desti\u010dek pou\u017e\u00edvan\u00fdch v optick\u00fdch modul\u00e1torech, akustick\u00fdch za\u0159\u00edzen\u00edch a piezoelektrick\u00fdch sou\u010d\u00e1stk\u00e1ch.<\/li>\n<li data-section-id=\"13045vh\" data-start=\"3825\" data-end=\"3955\">O\u0159ez\u00e1v\u00e1n\u00ed hran a \u0159ez\u00e1n\u00ed krou\u017ek\u016f: Specializovan\u00e9 zpracov\u00e1n\u00ed desti\u010dek, kter\u00e9 vy\u017eaduj\u00ed p\u0159izp\u016fsoben\u00e9 tvary nebo sn\u00ed\u017een\u00e9 vady hran.<\/li>\n<li data-section-id=\"14a93cw\" data-start=\"3956\" data-end=\"4083\">Velkos\u00e9riov\u00e1 v\u00fdroba: Automatizovan\u00e1 kontinu\u00e1ln\u00ed v\u00fdroba s vysokou opakovatelnost\u00ed a minim\u00e1ln\u00edm z\u00e1sahem obsluhy.<\/li>\n<li data-section-id=\"kp3x5v\" data-start=\"4084\" data-end=\"4222\">V\u00fdzkum a v\u00fdvoj: Flexibiln\u00ed zpracov\u00e1n\u00ed pro experiment\u00e1ln\u00ed desti\u010dky nebo n\u00edzkoobjemov\u00e9 vysoce p\u0159esn\u00e9 aplikace v pokro\u010dil\u00fdch laborato\u0159\u00edch.<\/li>\n<\/ol>\n<h3 data-section-id=\"14nwj98\" data-start=\"4229\" data-end=\"4258\"><span role=\"text\"><img decoding=\"async\" class=\"size-medium wp-image-2122 alignright\" src=\"https:\/\/www.zmsh-semitech.com\/wp-content\/uploads\/2026\/04\/Wafer-Back-Grinding-Machine-300x300.png\" alt=\"\" width=\"300\" height=\"300\" srcset=\"https:\/\/www.zmsh-semitech.com\/wp-content\/uploads\/2026\/04\/Wafer-Back-Grinding-Machine-300x300.png 300w, https:\/\/www.zmsh-semitech.com\/wp-content\/uploads\/2026\/04\/Wafer-Back-Grinding-Machine-150x150.png 150w, https:\/\/www.zmsh-semitech.com\/wp-content\/uploads\/2026\/04\/Wafer-Back-Grinding-Machine-768x768.png 768w, https:\/\/www.zmsh-semitech.com\/wp-content\/uploads\/2026\/04\/Wafer-Back-Grinding-Machine-12x12.png 12w, https:\/\/www.zmsh-semitech.com\/wp-content\/uploads\/2026\/04\/Wafer-Back-Grinding-Machine-600x600.png 600w, https:\/\/www.zmsh-semitech.com\/wp-content\/uploads\/2026\/04\/Wafer-Back-Grinding-Machine-100x100.png 100w, https:\/\/www.zmsh-semitech.com\/wp-content\/uploads\/2026\/04\/Wafer-Back-Grinding-Machine.png 1000w\" sizes=\"(max-width: 300px) 100vw, 300px\" \/>Pro\u010d si vybrat HP-8201?<\/span><\/h3>\n<ul data-start=\"4260\" data-end=\"4941\">\n<li data-section-id=\"9bxm8z\" data-start=\"4260\" data-end=\"4392\">Zv\u00fd\u0161en\u00e1 efektivita: Dv\u011b protilehl\u00e1 v\u0159etena a zkr\u00e1cen\u00e1 vzd\u00e1lenost v\u0159eten umo\u017e\u0148uj\u00ed rychlej\u0161\u00ed pr\u016fchodnost a p\u0159esn\u011bj\u0161\u00ed \u0159ezy.<\/li>\n<li data-section-id=\"1obg754\" data-start=\"4393\" data-end=\"4533\">Vynikaj\u00edc\u00ed p\u0159esnost: Syst\u00e9m dvojit\u00e9ho mikroskopu zaji\u0161\u0165uje p\u0159esnost zarovn\u00e1n\u00ed a p\u0159esnou detekci stop po ost\u0159\u00ed pro konzistentn\u00ed kvalitu pl\u00e1tk\u016f.<\/li>\n<li data-section-id=\"1lrcp5y\" data-start=\"4534\" data-end=\"4659\">V\u0161estrannost a flexibilita: Podporuje \u0161irokou \u0161k\u00e1lu materi\u00e1l\u016f a voliteln\u00fdch modul\u016f pro o\u0159ez\u00e1v\u00e1n\u00ed hran a \u0159ez\u00e1n\u00ed krou\u017ek\u016f.<\/li>\n<li data-section-id=\"i1ymyp\" data-start=\"4660\" data-end=\"4799\">Integrovan\u00e9 \u010di\u0161t\u011bn\u00ed a su\u0161en\u00ed: Sni\u017euje po\u010det krok\u016f po zpracov\u00e1n\u00ed a zaji\u0161\u0165uje \u010dist\u00fd povrch desti\u010dek, co\u017e je d\u016fle\u017eit\u00e9 pro v\u00fdrobu s vysokou v\u00fdt\u011b\u017enost\u00ed.<\/li>\n<li data-section-id=\"1baebkj\" data-start=\"4800\" data-end=\"4941\">Spolehliv\u00e1 automatizace: Pln\u011b automatizovan\u00e9 nakl\u00e1d\u00e1n\u00ed, kr\u00e1jen\u00ed a \u010di\u0161t\u011bn\u00ed minimalizuje lidsk\u00e9 chyby a zvy\u0161uje celkovou spolehlivost v\u00fdroby.<\/li>\n<\/ul>\n<p data-start=\"4943\" data-end=\"5191\">HP-8201 je komplexn\u00ed \u0159e\u0161en\u00ed pro operace d\u011blen\u00ed desti\u010dek kombinuj\u00edc\u00ed rychlost, p\u0159esnost a v\u0161estrannost. Je ur\u010deno pro v\u00fdrobce, kte\u0159\u00ed se sna\u017e\u00ed optimalizovat efektivitu v\u00fdroby p\u0159i zachov\u00e1n\u00ed nejvy\u0161\u0161\u00edch standard\u016f kvality desti\u010dek.<\/p>\n<h3 data-section-id=\"1vvukxy\" data-start=\"70\" data-end=\"128\"><span role=\"text\">\u010cASTO KLADEN\u00c9 DOTAZY\u00a0<\/span><\/h3>\n<p data-start=\"130\" data-end=\"313\">1. Jak\u00e9 materi\u00e1ly m\u016f\u017ee HP-8201 zpracov\u00e1vat?<br data-start=\"176\" data-end=\"179\" \/>Podporuje desti\u010dky o velikosti a\u017e 8 palc\u016f, v\u010detn\u011b Si, SiC, LT a LN, vhodn\u00e9 pro polovodi\u010de, MEMS a optoelektronick\u00e1 za\u0159\u00edzen\u00ed.<\/p>\n<p data-start=\"315\" data-end=\"494\">2. Jak je zaji\u0161t\u011bna vysok\u00e1 p\u0159esnost?<br data-start=\"352\" data-end=\"355\" \/>Dv\u011b v\u0159etena, dva mikroskopy a asistovan\u00e9 obtahov\u00e1n\u00ed no\u017e\u016f Sub-C\/T zaji\u0161\u0165uj\u00ed p\u0159esn\u00e9 se\u0159\u00edzen\u00ed, precizn\u00ed \u0159ez\u00e1n\u00ed a konzistentn\u00ed kvalitu.<\/p>\n<p data-start=\"496\" data-end=\"735\">3. Jak\u00e9 automatiza\u010dn\u00ed a voliteln\u00e9 funkce jsou k dispozici?<br data-start=\"555\" data-end=\"558\" \/>Pln\u00e1 automatizace zahrnuje nakl\u00e1d\u00e1n\u00ed, vyrovn\u00e1v\u00e1n\u00ed, kr\u00e1jen\u00ed, \u010di\u0161t\u011bn\u00ed a su\u0161en\u00ed. Voliteln\u00e9 o\u0159ez\u00e1v\u00e1n\u00ed hran, \u0159ez\u00e1n\u00ed krou\u017ek\u016f a \u010di\u0161t\u011bn\u00ed dv\u011bma tryskami zvy\u0161uj\u00ed flexibilitu a efektivitu.<\/p>","protected":false},"excerpt":{"rendered":"<p>HP-8201 je vysoce \u00fa\u010dinn\u00fd, pln\u011b automatick\u00fd stroj na d\u011blen\u00ed desti\u010dek, kter\u00fd je navr\u017een pro p\u0159esn\u00e9 \u0159ez\u00e1n\u00ed polovodi\u010dov\u00fdch a krystalick\u00fdch materi\u00e1l\u016f. Tento pokro\u010dil\u00fd syst\u00e9m pro kr\u00e1jen\u00ed desti\u010dek o pr\u016fm\u011bru a\u017e 8 palc\u016f podporuje \u0161irokou \u0161k\u00e1lu materi\u00e1l\u016f v\u010detn\u011b k\u0159em\u00edku (Si), karbidu k\u0159em\u00edku (SiC), tantal\u00e1tu lithia (LT) a niob\u00e1tu lithia (LN).<\/p>","protected":false},"featured_media":2155,"comment_status":"open","ping_status":"closed","template":"","meta":{"site-sidebar-layout":"default","site-content-layout":"","ast-site-content-layout":"default","site-content-style":"default","site-sidebar-style":"default","ast-global-header-display":"","ast-banner-title-visibility":"","ast-main-header-display":"","ast-hfb-above-header-display":"","ast-hfb-below-header-display":"","ast-hfb-mobile-header-display":"","site-post-title":"","ast-breadcrumbs-content":"","ast-featured-img":"","footer-sml-layout":"","ast-disable-related-posts":"","theme-transparent-header-meta":"default","adv-header-id-meta":"","stick-header-meta":"default","header-above-stick-meta":"","header-main-stick-meta":"","header-below-stick-meta":"","astra-migrate-meta-layouts":"set","ast-page-background-enabled":"default","ast-page-background-meta":{"desktop":{"background-color":"var(--ast-global-color-4)","background-image":"","background-repeat":"repeat","background-position":"center center","background-size":"auto","background-attachment":"scroll","background-type":"","background-media":"","overlay-type":"","overlay-color":"","overlay-opacity":"","overlay-gradient":""},"tablet":{"background-color":"","background-image":"","background-repeat":"repeat","background-position":"center center","background-size":"auto","background-attachment":"scroll","background-type":"","background-media":"","overlay-type":"","overlay-color":"","overlay-opacity":"","overlay-gradient":""},"mobile":{"background-color":"","background-image":"","background-repeat":"repeat","background-position":"center center","background-size":"auto","background-attachment":"scroll","background-type":"","background-media":"","overlay-type":"","overlay-color":"","overlay-opacity":"","overlay-gradient":""}},"ast-content-background-meta":{"desktop":{"background-color":"var(--ast-global-color-5)","background-image":"","background-repeat":"repeat","background-position":"center center","background-size":"auto","background-attachment":"scroll","background-type":"","background-media":"","overlay-type":"","overlay-color":"","overlay-opacity":"","overlay-gradient":""},"tablet":{"background-color":"var(--ast-global-color-5)","background-image":"","background-repeat":"repeat","background-position":"center center","background-size":"auto","background-attachment":"scroll","background-type":"","background-media":"","overlay-type":"","overlay-color":"","overlay-opacity":"","overlay-gradient":""},"mobile":{"background-color":"var(--ast-global-color-5)","background-image":"","background-repeat":"repeat","background-position":"center center","background-size":"auto","background-attachment":"scroll","background-type":"","background-media":"","overlay-type":"","overlay-color":"","overlay-opacity":"","overlay-gradient":""}}},"product_brand":[],"product_cat":[878],"product_tag":[901,485,907,906,909,900,749,556,899,905,904,913,628,910,912,902,903,908,879,911],"class_list":{"0":"post-2154","1":"product","2":"type-product","3":"status-publish","4":"has-post-thumbnail","6":"product_cat-dicing-equipment","7":"product_tag-8-inch-wafers","8":"product_tag-automated-wafer-handling","9":"product_tag-dual-microscope","10":"product_tag-dual-spindle","11":"product_tag-edge-trimming","12":"product_tag-fully-automatic","13":"product_tag-high-throughput","14":"product_tag-high-precision-cutting","15":"product_tag-hp-8201","16":"product_tag-ln-wafers","17":"product_tag-lt-wafers","18":"product_tag-mems","19":"product_tag-optoelectronics","20":"product_tag-ring-cutting","21":"product_tag-semiconductor-processing","22":"product_tag-si-wafers","23":"product_tag-sic-wafers","24":"product_tag-sub-c-t-blade-dressing","25":"product_tag-wafer-dicing-machine","26":"product_tag-water-gas-dual-nozzle","27":"desktop-align-left","28":"tablet-align-left","29":"mobile-align-left","30":"ast-product-gallery-layout-horizontal-slider","31":"ast-product-gallery-with-no-image","32":"ast-product-tabs-layout-horizontal","34":"first","35":"instock","36":"shipping-taxable","37":"product-type-simple"},"_links":{"self":[{"href":"https:\/\/www.zmsh-semitech.com\/cs\/wp-json\/wp\/v2\/product\/2154","targetHints":{"allow":["GET"]}}],"collection":[{"href":"https:\/\/www.zmsh-semitech.com\/cs\/wp-json\/wp\/v2\/product"}],"about":[{"href":"https:\/\/www.zmsh-semitech.com\/cs\/wp-json\/wp\/v2\/types\/product"}],"replies":[{"embeddable":true,"href":"https:\/\/www.zmsh-semitech.com\/cs\/wp-json\/wp\/v2\/comments?post=2154"}],"version-history":[{"count":4,"href":"https:\/\/www.zmsh-semitech.com\/cs\/wp-json\/wp\/v2\/product\/2154\/revisions"}],"predecessor-version":[{"id":2160,"href":"https:\/\/www.zmsh-semitech.com\/cs\/wp-json\/wp\/v2\/product\/2154\/revisions\/2160"}],"wp:featuredmedia":[{"embeddable":true,"href":"https:\/\/www.zmsh-semitech.com\/cs\/wp-json\/wp\/v2\/media\/2155"}],"wp:attachment":[{"href":"https:\/\/www.zmsh-semitech.com\/cs\/wp-json\/wp\/v2\/media?parent=2154"}],"wp:term":[{"taxonomy":"product_brand","embeddable":true,"href":"https:\/\/www.zmsh-semitech.com\/cs\/wp-json\/wp\/v2\/product_brand?post=2154"},{"taxonomy":"product_cat","embeddable":true,"href":"https:\/\/www.zmsh-semitech.com\/cs\/wp-json\/wp\/v2\/product_cat?post=2154"},{"taxonomy":"product_tag","embeddable":true,"href":"https:\/\/www.zmsh-semitech.com\/cs\/wp-json\/wp\/v2\/product_tag?post=2154"}],"curies":[{"name":"wp","href":"https:\/\/api.w.org\/{rel}","templated":true}]}}