{"id":2149,"date":"2026-04-09T07:24:36","date_gmt":"2026-04-09T07:24:36","guid":{"rendered":"https:\/\/www.zmsh-semitech.com\/?post_type=product&#038;p=2149"},"modified":"2026-04-09T07:24:37","modified_gmt":"2026-04-09T07:24:37","slug":"hp-1201-automatic-wafer-dicing-machine-for-large-format-precision-cutting","status":"publish","type":"product","link":"https:\/\/www.zmsh-semitech.com\/cs\/product\/hp-1201-automatic-wafer-dicing-machine-for-large-format-precision-cutting\/","title":{"rendered":"HP-1201 Automatick\u00fd stroj na kr\u00e1jen\u00ed desti\u010dek pro velkoform\u00e1tov\u00e9 p\u0159esn\u00e9 \u0159ez\u00e1n\u00ed"},"content":{"rendered":"<p data-start=\"317\" data-end=\"680\"><img fetchpriority=\"high\" decoding=\"async\" class=\"size-medium wp-image-2151 alignright\" src=\"https:\/\/www.zmsh-semitech.com\/wp-content\/uploads\/2026\/04\/HP-1201-Automatic-Wafer-Substrate-Dicing-Machine-for-Large-Format-Precision-Cutting-300x300.png\" alt=\"\" width=\"300\" height=\"300\" srcset=\"https:\/\/www.zmsh-semitech.com\/wp-content\/uploads\/2026\/04\/HP-1201-Automatic-Wafer-Substrate-Dicing-Machine-for-Large-Format-Precision-Cutting-300x300.png 300w, https:\/\/www.zmsh-semitech.com\/wp-content\/uploads\/2026\/04\/HP-1201-Automatic-Wafer-Substrate-Dicing-Machine-for-Large-Format-Precision-Cutting-150x150.png 150w, https:\/\/www.zmsh-semitech.com\/wp-content\/uploads\/2026\/04\/HP-1201-Automatic-Wafer-Substrate-Dicing-Machine-for-Large-Format-Precision-Cutting-768x768.png 768w, https:\/\/www.zmsh-semitech.com\/wp-content\/uploads\/2026\/04\/HP-1201-Automatic-Wafer-Substrate-Dicing-Machine-for-Large-Format-Precision-Cutting-12x12.png 12w, https:\/\/www.zmsh-semitech.com\/wp-content\/uploads\/2026\/04\/HP-1201-Automatic-Wafer-Substrate-Dicing-Machine-for-Large-Format-Precision-Cutting-600x600.png 600w, https:\/\/www.zmsh-semitech.com\/wp-content\/uploads\/2026\/04\/HP-1201-Automatic-Wafer-Substrate-Dicing-Machine-for-Large-Format-Precision-Cutting-100x100.png 100w, https:\/\/www.zmsh-semitech.com\/wp-content\/uploads\/2026\/04\/HP-1201-Automatic-Wafer-Substrate-Dicing-Machine-for-Large-Format-Precision-Cutting.png 1000w\" sizes=\"(max-width: 300px) 100vw, 300px\" \/>Automatick\u00fd kostkovac\u00ed stroj HP-1201 je vysoce v\u00fdkonn\u00e9 \u0159e\u0161en\u00ed speci\u00e1ln\u011b navr\u017een\u00e9 pro velkoform\u00e1tov\u00e9 substr\u00e1ty a aplikace \u0159ez\u00e1n\u00ed v\u00edce kus\u016f. Syst\u00e9m je navr\u017een tak, aby spl\u0148oval vyv\u00edjej\u00edc\u00ed se po\u017eadavky na pokro\u010dil\u00e9 balen\u00ed polovodi\u010d\u016f a zpracov\u00e1n\u00ed substr\u00e1t\u016f, a podporuje jak kostkov\u00e1n\u00ed desti\u010dek (a\u017e 12 palc\u016f), tak velkoplo\u0161n\u00fdch obrobk\u016f a\u017e do velikosti 400 \u00d7 400 mm.<\/p>\n<p data-start=\"682\" data-end=\"977\">D\u00edky robustn\u00ed konstrukci port\u00e1lu, protilehl\u00e9 konfiguraci se dv\u011bma v\u0159eteny a p\u0159izp\u016fsobiteln\u00e9 pracovn\u00ed platform\u011b poskytuje HP-1201 v\u00fdjime\u010dnou tuhost, stabilitu a v\u00fdkon. Je zvl\u00e1\u0161t\u011b vhodn\u00fd pro aplikace zahrnuj\u00edc\u00ed p\u00e1sov\u00e9 materi\u00e1ly, panely s v\u00edce matricemi a slo\u017eit\u00e9 uspo\u0159\u00e1d\u00e1n\u00ed obrobk\u016f.<\/p>\n<p data-start=\"979\" data-end=\"1181\">Stroj v sob\u011b integruje vysoce p\u0159esn\u00e9 zarovn\u00e1n\u00ed, inteligentn\u00ed kontrolu a flexibiln\u00ed mo\u017enosti zpracov\u00e1n\u00ed, tak\u017ee je ide\u00e1ln\u00ed volbou pro v\u00fdrobce, kte\u0159\u00ed hledaj\u00ed produktivitu a p\u0159esnost \u0159ez\u00e1n\u00ed.<\/p>\n<h2 data-section-id=\"1j5qwet\" data-start=\"1188\" data-end=\"1207\"><span role=\"text\">Kl\u00ed\u010dov\u00e9 vlastnosti<\/span><\/h2>\n<h3 data-section-id=\"1lkyyr4\" data-start=\"1209\" data-end=\"1256\"><span role=\"text\">1. Ur\u010deno pro velkoform\u00e1tov\u00e9 podklady<\/span><\/h3>\n<p data-start=\"1257\" data-end=\"1364\">Na rozd\u00edl od b\u011b\u017en\u00fdch kostkovac\u00edch syst\u00e9m\u016f je HP-1201 optimalizov\u00e1n pro velk\u00e9 obrobky a obalov\u00e9 substr\u00e1ty:<\/p>\n<ul data-start=\"1365\" data-end=\"1528\">\n<li data-section-id=\"122wrc4\" data-start=\"1365\" data-end=\"1420\">Podporuje \u010dtvercov\u00e9 materi\u00e1ly o rozm\u011brech a\u017e 400 \u00d7 400 mm<\/li>\n<li data-section-id=\"1w2sjk2\" data-start=\"1421\" data-end=\"1469\">Kompatibiln\u00ed s 12palcov\u00fdmi a men\u0161\u00edmi oplatkami<\/li>\n<li data-section-id=\"bo18rw\" data-start=\"1470\" data-end=\"1528\">Ide\u00e1ln\u00ed pro panelov\u00e9 a pokro\u010dil\u00e9 balic\u00ed procesy<\/li>\n<\/ul>\n<p data-start=\"1530\" data-end=\"1619\">D\u00edky tomu je vysoce p\u0159izp\u016fsobiteln\u00fd jak polovodi\u010dov\u00fdm, tak nov\u00fdm obalov\u00fdm technologi\u00edm.<\/p>\n<h3 data-section-id=\"1gerb2u\" data-start=\"1626\" data-end=\"1683\"><span role=\"text\">2. Vysoce efektivn\u00ed \u0159ez\u00e1n\u00ed v\u00edce kus\u016f<\/span><\/h3>\n<p data-start=\"1684\" data-end=\"1751\">Syst\u00e9m vynik\u00e1 v aplikac\u00edch s v\u00edce prou\u017eky a d\u00e1vkov\u00fdm zpracov\u00e1n\u00edm:<\/p>\n<ul data-start=\"1752\" data-end=\"1953\">\n<li data-section-id=\"12ne451\" data-start=\"1752\" data-end=\"1810\">Podpora sou\u010dasn\u00e9ho um\u00edst\u011bn\u00ed v\u00edce obrobk\u016f<\/li>\n<li data-section-id=\"1ahonq2\" data-start=\"1811\" data-end=\"1889\">P\u0159\u00edklad: v jednom cyklu lze zpracovat a\u017e 5 p\u00e1s\u016f (250 mm \u00d7 70 mm).<\/li>\n<li data-section-id=\"91yitt\" data-start=\"1890\" data-end=\"1953\">V\u00fdrazn\u011b zlep\u0161uje pr\u016fchodnost a zkracuje dobu manipulace.<\/li>\n<\/ul>\n<p data-start=\"1955\" data-end=\"2034\">Tato schopnost je cenn\u00e1 zejm\u00e9na pro velkoobjemov\u00e1 v\u00fdrobn\u00ed prost\u0159ed\u00ed.<\/p>\n<h3 data-section-id=\"pb7q73\" data-start=\"2041\" data-end=\"2096\"><span role=\"text\">3. Syst\u00e9m dvou v\u0159eten pro zv\u00fd\u0161en\u00ed produktivity<\/span><\/h3>\n<p data-start=\"2097\" data-end=\"2177\">HP-1201 m\u00e1 dvouv\u0159etenovou konstrukci s rozte\u010d\u00ed v\u0159eten \u2264 22 mm:<\/p>\n<ul data-start=\"2178\" data-end=\"2320\">\n<li data-section-id=\"126smyd\" data-start=\"2178\" data-end=\"2231\">Umo\u017e\u0148uje paraleln\u00ed nebo sekven\u010dn\u00ed \u0159ez\u00e1n\u00ed<\/li>\n<li data-section-id=\"1phn8sk\" data-start=\"2232\" data-end=\"2264\">Zkracuje dr\u00e1hu volnob\u011bhu<\/li>\n<li data-section-id=\"101lqcw\" data-start=\"2265\" data-end=\"2320\">Zvy\u0161uje efektivitu \u0159ez\u00e1n\u00ed a celkov\u00fd v\u00fdkon<\/li>\n<\/ul>\n<p data-start=\"2322\" data-end=\"2440\">V kombinaci s vysokorychlostn\u00edm ot\u00e1\u010den\u00edm v\u0159etena (a\u017e 60 000 ot.\/min.) zaji\u0161\u0165uje syst\u00e9m rychl\u00e9 a p\u0159esn\u00e9 odd\u011blov\u00e1n\u00ed materi\u00e1lu.<\/p>\n<h3 data-section-id=\"w5e11x\" data-start=\"2447\" data-end=\"2497\"><span role=\"text\">4. Port\u00e1lov\u00e1 konstrukce pro vy\u0161\u0161\u00ed stabilitu<\/span><\/h3>\n<p data-start=\"2498\" data-end=\"2547\">Stroj m\u00e1 port\u00e1lovou konstrukci s vysokou tuhost\u00ed:<\/p>\n<ul data-start=\"2548\" data-end=\"2716\">\n<li data-section-id=\"fbik\" data-start=\"2548\" data-end=\"2609\">Zv\u00fd\u0161en\u00e1 stabilita konstrukce p\u0159i vysokorychlostn\u00edm provozu<\/li>\n<li data-section-id=\"qf4dsg\" data-start=\"2610\" data-end=\"2661\">Sn\u00ed\u017een\u00ed vibrac\u00ed pro zv\u00fd\u0161en\u00ed p\u0159esnosti \u0159ez\u00e1n\u00ed<\/li>\n<li data-section-id=\"8ypr2z\" data-start=\"2662\" data-end=\"2716\">Vhodn\u00e9 pro p\u0159esn\u00e9 kr\u00e1jen\u00ed k\u0159ehk\u00fdch materi\u00e1l\u016f na kostky<\/li>\n<\/ul>\n<p data-start=\"2718\" data-end=\"2797\">To zaji\u0161\u0165uje konzistentn\u00ed v\u00fdkon i v n\u00e1ro\u010dn\u00fdch podm\u00ednk\u00e1ch zpracov\u00e1n\u00ed.<\/p>\n<h3 data-section-id=\"z6iv4c\" data-start=\"2804\" data-end=\"2855\"><span role=\"text\">5. Pokro\u010dil\u00fd syst\u00e9m se\u0159izov\u00e1n\u00ed a kontroly<\/span><\/h3>\n<p data-start=\"2856\" data-end=\"2902\">Je vybaven konfigurac\u00ed se dv\u011bma mikroskopy:<\/p>\n<ul data-start=\"2903\" data-end=\"3050\">\n<li data-section-id=\"1upg1xh\" data-start=\"2903\" data-end=\"2952\">Umo\u017e\u0148uje rychl\u00e9 a p\u0159esn\u00e9 automatick\u00e9 zarovn\u00e1n\u00ed<\/li>\n<li data-section-id=\"7lt55p\" data-start=\"2953\" data-end=\"2997\">Podporuje kontrolu pro\u0159ezu s vysok\u00fdm rozli\u0161en\u00edm<\/li>\n<li data-section-id=\"rql893\" data-start=\"2998\" data-end=\"3050\">Zlep\u0161uje konzistenci \u0159ezu a sni\u017euje po\u010det defekt\u016f<\/li>\n<\/ul>\n<p data-start=\"3052\" data-end=\"3133\">To m\u00e1 z\u00e1sadn\u00ed v\u00fdznam pro dodr\u017een\u00ed p\u0159\u00edsn\u00fdch toleranc\u00ed p\u0159i v\u00fdrob\u011b polovodi\u010d\u016f.<\/p>\n<h3 data-section-id=\"ft5041\" data-start=\"3140\" data-end=\"3190\"><span role=\"text\">6. Voliteln\u00e1 funkce obl\u00e9k\u00e1n\u00ed \u010depel\u00ed Sub-CT<\/span><\/h3>\n<p data-start=\"3191\" data-end=\"3283\">Voliteln\u00e1 funkce asistovan\u00e9ho obtahov\u00e1n\u00ed ost\u0159\u00ed Sub-CT pom\u00e1h\u00e1 udr\u017eovat optim\u00e1ln\u00ed stav ost\u0159\u00ed:<\/p>\n<ul data-start=\"3284\" data-end=\"3397\">\n<li data-section-id=\"1trj5ya\" data-start=\"3284\" data-end=\"3329\">Sni\u017euje odlupov\u00e1n\u00ed hran a povrchov\u00e9 vady<\/li>\n<li data-section-id=\"2vyx60\" data-start=\"3330\" data-end=\"3360\">Prodlu\u017euje \u017eivotnost \u010depele<\/li>\n<li data-section-id=\"1wk3sdx\" data-start=\"3361\" data-end=\"3397\">Zlep\u0161uje celkovou kvalitu \u0159ezu<\/li>\n<\/ul>\n<h3 data-section-id=\"ngjugw\" data-start=\"3404\" data-end=\"3447\"><span role=\"text\">7. Voliteln\u00fd syst\u00e9m chlazen\u00ed hlubok\u00fdch \u0159ez\u016f<\/span><\/h3>\n<p data-start=\"3448\" data-end=\"3503\">Voliteln\u011b je k dispozici syst\u00e9m chladic\u00ed vody s hlubok\u00fdm \u0159ezem:<\/p>\n<ul data-start=\"3504\" data-end=\"3641\">\n<li data-section-id=\"wu3rr0\" data-start=\"3504\" data-end=\"3550\">Zvy\u0161uje \u00fa\u010dinnost chlazen\u00ed p\u0159i \u0159ez\u00e1n\u00ed<\/li>\n<li data-section-id=\"1e0lcc8\" data-start=\"3551\" data-end=\"3590\">Sni\u017euje tepeln\u00e9 po\u0161kozen\u00ed materi\u00e1l\u016f<\/li>\n<li data-section-id=\"rjj9u\" data-start=\"3591\" data-end=\"3641\">Zlep\u0161uje kvalitu povrchu a p\u0159esnost \u0159ez\u00e1n\u00ed<\/li>\n<\/ul>\n<h2 data-section-id=\"id1bjs\" data-start=\"3648\" data-end=\"3679\"><span role=\"text\">Technick\u00e9 specifikace<\/span><\/h2>\n<div class=\"TyagGW_tableContainer\">\n<div class=\"group TyagGW_tableWrapper flex flex-col-reverse w-fit\" tabindex=\"-1\">\n<table class=\"w-fit min-w-(--thread-content-width)\" data-start=\"3681\" data-end=\"4410\">\n<thead data-start=\"3681\" data-end=\"3718\">\n<tr data-start=\"3681\" data-end=\"3718\">\n<th class=\"\" data-start=\"3681\" data-end=\"3697\" data-col-size=\"sm\">Parametr<\/th>\n<th class=\"\" data-start=\"3697\" data-end=\"3718\" data-col-size=\"sm\">Specifikace<\/th>\n<\/tr>\n<\/thead>\n<tbody data-start=\"3755\" data-end=\"4410\">\n<tr data-start=\"3755\" data-end=\"3781\">\n<td data-start=\"3755\" data-end=\"3771\" data-col-size=\"sm\">V\u00fdkon v\u0159etena<\/td>\n<td data-start=\"3771\" data-end=\"3781\" data-col-size=\"sm\">1,8 kW<\/td>\n<\/tr>\n<tr data-start=\"3782\" data-end=\"3818\">\n<td data-start=\"3782\" data-end=\"3798\" data-col-size=\"sm\">Ot\u00e1\u010dky v\u0159etena<\/td>\n<td data-start=\"3798\" data-end=\"3818\" data-col-size=\"sm\">6000 - 60000 ot\u00e1\u010dek za minutu<\/td>\n<\/tr>\n<tr data-start=\"3819\" data-end=\"3845\">\n<td data-start=\"3819\" data-end=\"3835\" data-col-size=\"sm\">Pohyb osy X<\/td>\n<td data-start=\"3835\" data-end=\"3845\" data-col-size=\"sm\">420 mm<\/td>\n<\/tr>\n<tr data-start=\"3846\" data-end=\"3880\">\n<td data-start=\"3846\" data-end=\"3861\" data-col-size=\"sm\">Rychlost v ose X<\/td>\n<td data-start=\"3861\" data-end=\"3880\" data-col-size=\"sm\">0,1 - 1000 mm\/s<\/td>\n<\/tr>\n<tr data-start=\"3881\" data-end=\"3913\">\n<td data-start=\"3881\" data-end=\"3901\" data-col-size=\"sm\">Rozli\u0161en\u00ed osy X<\/td>\n<td data-start=\"3901\" data-end=\"3913\" data-col-size=\"sm\">0,001 mm<\/td>\n<\/tr>\n<tr data-start=\"3914\" data-end=\"3939\">\n<td data-start=\"3914\" data-end=\"3929\" data-col-size=\"sm\">Cestov\u00e1n\u00ed Y1\/Y2<\/td>\n<td data-start=\"3929\" data-end=\"3939\" data-col-size=\"sm\">420 mm<\/td>\n<\/tr>\n<tr data-start=\"3940\" data-end=\"3973\">\n<td data-start=\"3940\" data-end=\"3960\" data-col-size=\"sm\">Rozli\u0161en\u00ed osy Y<\/td>\n<td data-start=\"3960\" data-end=\"3973\" data-col-size=\"sm\">0,0001 mm<\/td>\n<\/tr>\n<tr data-start=\"3974\" data-end=\"4009\">\n<td data-start=\"3974\" data-end=\"3997\" data-col-size=\"sm\">P\u0159esnost polohov\u00e1n\u00ed<\/td>\n<td data-start=\"3997\" data-end=\"4009\" data-col-size=\"sm\">0,002 mm<\/td>\n<\/tr>\n<tr data-start=\"4010\" data-end=\"4048\">\n<td data-start=\"4010\" data-end=\"4030\" data-col-size=\"sm\">Kumulovan\u00e1 chyba<\/td>\n<td data-start=\"4030\" data-end=\"4048\" data-col-size=\"sm\">0,003 \/ 400 mm<\/td>\n<\/tr>\n<tr data-start=\"4049\" data-end=\"4073\">\n<td data-start=\"4049\" data-end=\"4064\" data-col-size=\"sm\">Z1\/Z2 Cestov\u00e1n\u00ed<\/td>\n<td data-start=\"4064\" data-end=\"4073\" data-col-size=\"sm\">13 mm<\/td>\n<\/tr>\n<tr data-start=\"4074\" data-end=\"4102\">\n<td data-start=\"4074\" data-end=\"4090\" data-col-size=\"sm\">Opakovatelnost<\/td>\n<td data-start=\"4090\" data-end=\"4102\" data-col-size=\"sm\">0,001 mm<\/td>\n<\/tr>\n<tr data-start=\"4103\" data-end=\"4133\">\n<td data-start=\"4103\" data-end=\"4120\" data-col-size=\"sm\">Rotace Theta<\/td>\n<td data-start=\"4120\" data-end=\"4133\" data-col-size=\"sm\">380\u00b0 \u00b1 5\u00b0<\/td>\n<\/tr>\n<tr data-start=\"4134\" data-end=\"4166\">\n<td data-start=\"4134\" data-end=\"4153\" data-col-size=\"sm\">\u00dahlov\u00e1 p\u0159esnost<\/td>\n<td data-start=\"4153\" data-end=\"4166\" data-col-size=\"sm\">1 obloukov\u00e1 sekunda<\/td>\n<\/tr>\n<tr data-start=\"4167\" data-end=\"4220\">\n<td data-start=\"4167\" data-end=\"4194\" data-col-size=\"sm\">Zv\u011bt\u0161en\u00ed mikroskopu<\/td>\n<td data-start=\"4194\" data-end=\"4220\" data-col-size=\"sm\">1,5\u00d7 (voliteln\u011b) \/ 0,8\u00d7<\/td>\n<\/tr>\n<tr data-start=\"4221\" data-end=\"4262\">\n<td data-start=\"4221\" data-end=\"4232\" data-col-size=\"sm\">Osv\u011btlen\u00ed<\/td>\n<td data-start=\"4232\" data-end=\"4262\" data-col-size=\"sm\">Krou\u017ekov\u00e9 sv\u011btlo + koaxi\u00e1ln\u00ed sv\u011btlo<\/td>\n<\/tr>\n<tr data-start=\"4263\" data-end=\"4298\">\n<td data-start=\"4263\" data-end=\"4287\" data-col-size=\"sm\">Maxim\u00e1ln\u00ed obrobek (kulat\u00fd)<\/td>\n<td data-start=\"4287\" data-end=\"4298\" data-col-size=\"sm\">\u00d8300 mm<\/td>\n<\/tr>\n<tr data-start=\"4299\" data-end=\"4340\">\n<td data-start=\"4299\" data-end=\"4324\" data-col-size=\"sm\">Maxim\u00e1ln\u00ed obrobek (\u010dtvercov\u00fd)<\/td>\n<td data-start=\"4324\" data-end=\"4340\" data-col-size=\"sm\">400 \u00d7 400 mm<\/td>\n<\/tr>\n<tr data-start=\"4341\" data-end=\"4389\">\n<td data-start=\"4341\" data-end=\"4364\" data-col-size=\"sm\">Velikost stroje (\u0160 \u00d7 H \u00d7 V)<\/td>\n<td data-start=\"4364\" data-end=\"4389\" data-col-size=\"sm\">1450 \u00d7 1250 \u00d7 1850 mm<\/td>\n<\/tr>\n<tr data-start=\"4390\" data-end=\"4410\">\n<td data-start=\"4390\" data-end=\"4399\" data-col-size=\"sm\">Hmotnost<\/td>\n<td data-start=\"4399\" data-end=\"4410\" data-col-size=\"sm\">2000 kg<\/td>\n<\/tr>\n<\/tbody>\n<\/table>\n<\/div>\n<\/div>\n<h2 data-section-id=\"k0zlak\" data-start=\"4417\" data-end=\"4436\"><span role=\"text\">Aplikace<\/span><\/h2>\n<p data-start=\"4438\" data-end=\"4562\">HP-1201 se \u0161iroce pou\u017e\u00edv\u00e1 v pokro\u010dil\u00fdch v\u00fdrobn\u00edch oborech vy\u017eaduj\u00edc\u00edch vysoce p\u0159esn\u00e9 kr\u00e1jen\u00ed velk\u00fdch nebo v\u00edcen\u00e1sobn\u00fdch obrobk\u016f:<\/p>\n<ul data-start=\"4564\" data-end=\"4795\">\n<li data-section-id=\"5cz68w\" data-start=\"4564\" data-end=\"4606\">Kr\u00e1jen\u00ed polovodi\u010dov\u00fdch desti\u010dek (\u2264 12 palc\u016f)<\/li>\n<li data-section-id=\"vc4r2z\" data-start=\"4607\" data-end=\"4640\">Pokro\u010dil\u00e9 obalov\u00e9 substr\u00e1ty<\/li>\n<li data-section-id=\"c44nr\" data-start=\"4641\" data-end=\"4672\">Balen\u00ed na \u00farovni panelu (PLP)<\/li>\n<li data-section-id=\"ar9gw\" data-start=\"4673\" data-end=\"4709\">LED a optoelektronick\u00e9 materi\u00e1ly<\/li>\n<li data-section-id=\"1cw4nvq\" data-start=\"4710\" data-end=\"4748\">Keramick\u00e9 a tvrd\u00e9 k\u0159ehk\u00e9 materi\u00e1ly<\/li>\n<li data-section-id=\"nh0qnc\" data-start=\"4749\" data-end=\"4795\">Aplikace pro \u0159ez\u00e1n\u00ed v\u00edce p\u00e1s\u016f a d\u00e1vkov\u00e9 \u0159ez\u00e1n\u00ed<\/li>\n<\/ul>\n<p><img decoding=\"async\" class=\"wp-image-2150 size-large aligncenter\" src=\"https:\/\/www.zmsh-semitech.com\/wp-content\/uploads\/2026\/04\/APPLICATION2-1024x683.png\" alt=\"\" width=\"1024\" height=\"683\" srcset=\"https:\/\/www.zmsh-semitech.com\/wp-content\/uploads\/2026\/04\/APPLICATION2-1024x683.png 1024w, https:\/\/www.zmsh-semitech.com\/wp-content\/uploads\/2026\/04\/APPLICATION2-300x200.png 300w, https:\/\/www.zmsh-semitech.com\/wp-content\/uploads\/2026\/04\/APPLICATION2-768x512.png 768w, https:\/\/www.zmsh-semitech.com\/wp-content\/uploads\/2026\/04\/APPLICATION2-18x12.png 18w, https:\/\/www.zmsh-semitech.com\/wp-content\/uploads\/2026\/04\/APPLICATION2-600x400.png 600w, https:\/\/www.zmsh-semitech.com\/wp-content\/uploads\/2026\/04\/APPLICATION2.png 1536w\" sizes=\"(max-width: 1024px) 100vw, 1024px\" \/><\/p>\n<h2 data-section-id=\"p8uldy\" data-start=\"4802\" data-end=\"4824\"><span role=\"text\">Hlavn\u00ed v\u00fdhody<\/span><\/h2>\n<h3 data-section-id=\"jjig1u\" data-start=\"4826\" data-end=\"4849\"><span role=\"text\">Vysok\u00e1 propustnost<\/span><\/h3>\n<p data-start=\"4850\" data-end=\"4933\">Zpracov\u00e1n\u00ed v\u00edce kus\u016f a konstrukce se dv\u011bma v\u0159eteny v\u00fdrazn\u011b zvy\u0161uj\u00ed produktivitu.<\/p>\n<h3 data-section-id=\"1lkz33s\" data-start=\"4935\" data-end=\"4962\"><span role=\"text\">Flexibiln\u00ed zpracov\u00e1n\u00ed<\/span><\/h3>\n<p data-start=\"4963\" data-end=\"5038\">P\u0159izp\u016fsobiteln\u00fd pracovn\u00ed st\u016fl umo\u017e\u0148uje zpracov\u00e1n\u00ed r\u016fzn\u00fdch tvar\u016f a rozlo\u017een\u00ed.<\/p>\n<h3 data-section-id=\"1s6s45v\" data-start=\"5040\" data-end=\"5069\"><span role=\"text\">P\u0159esnost a stabilita<\/span><\/h3>\n<p data-start=\"5070\" data-end=\"5156\">Konstrukce port\u00e1lu a pokro\u010dil\u00fd syst\u00e9m vyrovn\u00e1v\u00e1n\u00ed zaji\u0161\u0165uj\u00ed vysokou p\u0159esnost a opakovatelnost.<\/p>\n<h3 data-section-id=\"kl9wyi\" data-start=\"5158\" data-end=\"5181\"><span role=\"text\">Efektivita n\u00e1klad\u016f<\/span><\/h3>\n<p data-start=\"5182\" data-end=\"5262\">Krat\u0161\u00ed doba zpracov\u00e1n\u00ed a del\u0161\u00ed \u017eivotnost no\u017e\u016f sni\u017euj\u00ed celkov\u00e9 provozn\u00ed n\u00e1klady.<\/p>\n<h2 data-section-id=\"1nqqsko\" data-start=\"63\" data-end=\"102\"><span role=\"text\">\u010casto kladen\u00e9 ot\u00e1zky (FAQ)<\/span><\/h2>\n<h3 data-section-id=\"1204f8i\" data-start=\"104\" data-end=\"177\"><span role=\"text\">1. Jak\u00fd je maxim\u00e1ln\u00ed rozm\u011br obrobku podporovan\u00fd za\u0159\u00edzen\u00edm HP-1201?<\/span><\/h3>\n<p data-start=\"178\" data-end=\"431\">HP-1201 podporuje jak desti\u010dky, tak velkoform\u00e1tov\u00e9 substr\u00e1ty. M\u016f\u017ee zpracov\u00e1vat kulat\u00e9 desti\u010dky a\u017e do velikosti 12 palc\u016f (\u00d8300 mm) a \u010dtvercov\u00e9 obrobky a\u017e do velikosti 400 \u00d7 400 mm. D\u00edky tomu je obzvl\u00e1\u0161t\u011b vhodn\u00fd pro pokro\u010dil\u00e9 obalov\u00e9 a panelov\u00e9 aplikace.<\/p>\n<h3 data-section-id=\"xmgpor\" data-start=\"438\" data-end=\"521\"><span role=\"text\">2. Je HP-1201 vhodn\u00fd pro \u0159ez\u00e1n\u00ed v\u00edce kus\u016f nebo p\u00e1s\u016f?<\/span><\/h3>\n<p data-start=\"522\" data-end=\"792\">Ano. HP-1201 je speci\u00e1ln\u011b optimalizov\u00e1n pro \u0159ez\u00e1n\u00ed v\u00edce kus\u016f a p\u00e1s\u016f. Dok\u00e1\u017ee zpracovat v\u00edce p\u00e1s\u016f v jednom cyklu - nap\u0159\u00edklad a\u017e 5 kus\u016f p\u00e1s\u016f o rozm\u011brech 250 \u00d7 70 mm -, co\u017e v\u00fdrazn\u011b zvy\u0161uje v\u00fdkonnost a zkracuje dobu manipulace p\u0159i s\u00e9riov\u00e9 v\u00fdrob\u011b.<\/p>\n<h3 data-section-id=\"afviui\" data-start=\"799\" data-end=\"871\"><span role=\"text\">3. Jak stroj zaji\u0161\u0165uje p\u0159esnost a stabilitu \u0159ezu?<\/span><\/h3>\n<p data-start=\"872\" data-end=\"932\">HP-1201 zaji\u0161\u0165uje vysokou p\u0159esnost d\u00edky kombinaci:<\/p>\n<ul data-start=\"933\" data-end=\"1195\">\n<li data-section-id=\"333d9b\" data-start=\"933\" data-end=\"992\">Vysoce tuh\u00e1 port\u00e1lov\u00e1 konstrukce pro stabiln\u00ed provoz<\/li>\n<li data-section-id=\"933urv\" data-start=\"993\" data-end=\"1061\">Syst\u00e9m dvou mikroskop\u016f pro p\u0159esn\u00e9 vyrovn\u00e1n\u00ed a kontrolu<\/li>\n<li data-section-id=\"119muuq\" data-start=\"1062\" data-end=\"1129\">\u0158\u00edzen\u00ed pohybu s vysok\u00fdm rozli\u0161en\u00edm (rozli\u0161en\u00ed a\u017e 0,0001 mm)<\/li>\n<li data-section-id=\"1kcuul9\" data-start=\"1130\" data-end=\"1195\">Dvouv\u0159etenov\u00e1 konfigurace pro vyv\u00e1\u017een\u00e9 a efektivn\u00ed \u0159ez\u00e1n\u00ed<\/li>\n<\/ul>\n<p data-start=\"1197\" data-end=\"1334\">Tyto vlastnosti spole\u010dn\u011b zaji\u0161\u0165uj\u00ed konzistentn\u00ed kvalitu \u0159ezu, minim\u00e1ln\u00ed t\u0159\u00edsky a spolehliv\u00fd v\u00fdkon v n\u00e1ro\u010dn\u00fdch aplikac\u00edch.<\/p>","protected":false},"excerpt":{"rendered":"<p>Automatick\u00fd kostkovac\u00ed stroj HP-1201 je vysoce v\u00fdkonn\u00e9 \u0159e\u0161en\u00ed speci\u00e1ln\u011b navr\u017een\u00e9 pro velkoform\u00e1tov\u00e9 substr\u00e1ty a aplikace \u0159ez\u00e1n\u00ed v\u00edce kus\u016f. Syst\u00e9m je navr\u017een tak, aby spl\u0148oval vyv\u00edjej\u00edc\u00ed se po\u017eadavky na pokro\u010dil\u00e9 balen\u00ed polovodi\u010d\u016f a zpracov\u00e1n\u00ed substr\u00e1t\u016f, a podporuje jak kostkov\u00e1n\u00ed desti\u010dek (a\u017e 12 palc\u016f), tak velkoplo\u0161n\u00fdch obrobk\u016f a\u017e do velikosti 400 \u00d7 400 mm.<\/p>","protected":false},"featured_media":2151,"comment_status":"open","ping_status":"closed","template":"","meta":{"site-sidebar-layout":"default","site-content-layout":"","ast-site-content-layout":"default","site-content-style":"default","site-sidebar-style":"default","ast-global-header-display":"","ast-banner-title-visibility":"","ast-main-header-display":"","ast-hfb-above-header-display":"","ast-hfb-below-header-display":"","ast-hfb-mobile-header-display":"","site-post-title":"","ast-breadcrumbs-content":"","ast-featured-img":"","footer-sml-layout":"","ast-disable-related-posts":"","theme-transparent-header-meta":"default","adv-header-id-meta":"","stick-header-meta":"default","header-above-stick-meta":"","header-main-stick-meta":"","header-below-stick-meta":"","astra-migrate-meta-layouts":"set","ast-page-background-enabled":"default","ast-page-background-meta":{"desktop":{"background-color":"var(--ast-global-color-4)","background-image":"","background-repeat":"repeat","background-position":"center center","background-size":"auto","background-attachment":"scroll","background-type":"","background-media":"","overlay-type":"","overlay-color":"","overlay-opacity":"","overlay-gradient":""},"tablet":{"background-color":"","background-image":"","background-repeat":"repeat","background-position":"center center","background-size":"auto","background-attachment":"scroll","background-type":"","background-media":"","overlay-type":"","overlay-color":"","overlay-opacity":"","overlay-gradient":""},"mobile":{"background-color":"","background-image":"","background-repeat":"repeat","background-position":"center center","background-size":"auto","background-attachment":"scroll","background-type":"","background-media":"","overlay-type":"","overlay-color":"","overlay-opacity":"","overlay-gradient":""}},"ast-content-background-meta":{"desktop":{"background-color":"var(--ast-global-color-5)","background-image":"","background-repeat":"repeat","background-position":"center center","background-size":"auto","background-attachment":"scroll","background-type":"","background-media":"","overlay-type":"","overlay-color":"","overlay-opacity":"","overlay-gradient":""},"tablet":{"background-color":"var(--ast-global-color-5)","background-image":"","background-repeat":"repeat","background-position":"center center","background-size":"auto","background-attachment":"scroll","background-type":"","background-media":"","overlay-type":"","overlay-color":"","overlay-opacity":"","overlay-gradient":""},"mobile":{"background-color":"var(--ast-global-color-5)","background-image":"","background-repeat":"repeat","background-position":"center center","background-size":"auto","background-attachment":"scroll","background-type":"","background-media":"","overlay-type":"","overlay-color":"","overlay-opacity":"","overlay-gradient":""}}},"product_brand":[],"product_cat":[878],"product_tag":[897,898,891,896,895,894,893,694,475,890,892,889],"class_list":{"0":"post-2149","1":"product","2":"type-product","3":"status-publish","4":"has-post-thumbnail","6":"product_cat-dicing-equipment","7":"product_tag-ceramic-substrate-machining","8":"product_tag-dual-spindle-dicing","9":"product_tag-ic-chip-singulation","10":"product_tag-led-chip-processing","11":"product_tag-mems-fabrication","12":"product_tag-multi-strip-cutting","13":"product_tag-panel-level-packaging","14":"product_tag-precision-microfabrication","15":"product_tag-semiconductor-manufacturing","16":"product_tag-silicon-wafer-processing","17":"product_tag-substrate-cutting","18":"product_tag-wafer-dicing","19":"desktop-align-left","20":"tablet-align-left","21":"mobile-align-left","22":"ast-product-gallery-layout-horizontal-slider","23":"ast-product-gallery-with-no-image","24":"ast-product-tabs-layout-horizontal","26":"first","27":"instock","28":"shipping-taxable","29":"product-type-simple"},"_links":{"self":[{"href":"https:\/\/www.zmsh-semitech.com\/cs\/wp-json\/wp\/v2\/product\/2149","targetHints":{"allow":["GET"]}}],"collection":[{"href":"https:\/\/www.zmsh-semitech.com\/cs\/wp-json\/wp\/v2\/product"}],"about":[{"href":"https:\/\/www.zmsh-semitech.com\/cs\/wp-json\/wp\/v2\/types\/product"}],"replies":[{"embeddable":true,"href":"https:\/\/www.zmsh-semitech.com\/cs\/wp-json\/wp\/v2\/comments?post=2149"}],"version-history":[{"count":2,"href":"https:\/\/www.zmsh-semitech.com\/cs\/wp-json\/wp\/v2\/product\/2149\/revisions"}],"predecessor-version":[{"id":2153,"href":"https:\/\/www.zmsh-semitech.com\/cs\/wp-json\/wp\/v2\/product\/2149\/revisions\/2153"}],"wp:featuredmedia":[{"embeddable":true,"href":"https:\/\/www.zmsh-semitech.com\/cs\/wp-json\/wp\/v2\/media\/2151"}],"wp:attachment":[{"href":"https:\/\/www.zmsh-semitech.com\/cs\/wp-json\/wp\/v2\/media?parent=2149"}],"wp:term":[{"taxonomy":"product_brand","embeddable":true,"href":"https:\/\/www.zmsh-semitech.com\/cs\/wp-json\/wp\/v2\/product_brand?post=2149"},{"taxonomy":"product_cat","embeddable":true,"href":"https:\/\/www.zmsh-semitech.com\/cs\/wp-json\/wp\/v2\/product_cat?post=2149"},{"taxonomy":"product_tag","embeddable":true,"href":"https:\/\/www.zmsh-semitech.com\/cs\/wp-json\/wp\/v2\/product_tag?post=2149"}],"curies":[{"name":"wp","href":"https:\/\/api.w.org\/{rel}","templated":true}]}}