{"id":2061,"date":"2026-04-01T06:26:05","date_gmt":"2026-04-01T06:26:05","guid":{"rendered":"https:\/\/www.zmsh-semitech.com\/?post_type=product&#038;p=2061"},"modified":"2026-04-01T06:26:06","modified_gmt":"2026-04-01T06:26:06","slug":"high-precision-diamond-wire-single-line-cutting-machine-for-sic-sapphire-quartz-advanced-ceramics","status":"publish","type":"product","link":"https:\/\/www.zmsh-semitech.com\/cs\/product\/high-precision-diamond-wire-single-line-cutting-machine-for-sic-sapphire-quartz-advanced-ceramics\/","title":{"rendered":"Vysoce p\u0159esn\u00fd jedno\u0159\u00e1dkov\u00fd \u0159ezac\u00ed stroj s diamantov\u00fdm dr\u00e1tem pro SiC, saf\u00edr, k\u0159emen a pokro\u010dilou keramiku"},"content":{"rendered":"<p data-start=\"257\" data-end=\"534\"><img decoding=\"async\" class=\"size-medium wp-image-2065 alignright\" src=\"https:\/\/www.zmsh-semitech.com\/wp-content\/uploads\/2026\/04\/Diamond-Wire-Single-Line-Cutting-Machine99-300x145.png\" alt=\"\" width=\"300\" height=\"145\" srcset=\"https:\/\/www.zmsh-semitech.com\/wp-content\/uploads\/2026\/04\/Diamond-Wire-Single-Line-Cutting-Machine99-300x145.png 300w, https:\/\/www.zmsh-semitech.com\/wp-content\/uploads\/2026\/04\/Diamond-Wire-Single-Line-Cutting-Machine99-18x9.png 18w, https:\/\/www.zmsh-semitech.com\/wp-content\/uploads\/2026\/04\/Diamond-Wire-Single-Line-Cutting-Machine99-600x290.png 600w, https:\/\/www.zmsh-semitech.com\/wp-content\/uploads\/2026\/04\/Diamond-Wire-Single-Line-Cutting-Machine99.png 680w\" sizes=\"(max-width: 300px) 100vw, 300px\" \/>Jedno\u0159\u00e1dkov\u00fd \u0159ezac\u00ed stroj s diamantov\u00fdm dr\u00e1tem je vysoce v\u00fdkonn\u00e9 \u0159e\u0161en\u00ed ur\u010den\u00e9 pro p\u0159esn\u00e9 \u0159ez\u00e1n\u00ed tvrd\u00fdch a k\u0159ehk\u00fdch materi\u00e1l\u016f. Syst\u00e9m vyu\u017e\u00edv\u00e1 vysokorychlostn\u00ed dr\u00e1t s diamantov\u00fdm povlakem a umo\u017e\u0148uje efektivn\u00ed \u0159ez\u00e1n\u00ed s n\u00edzk\u00fdmi ztr\u00e1tami prost\u0159ednictv\u00edm \u0159\u00edzen\u00e9ho vratn\u00e9ho pohybu.<\/p>\n<p data-start=\"536\" data-end=\"769\">Je \u0161iroce pou\u017e\u00edv\u00e1n pro zpracov\u00e1n\u00ed materi\u00e1l\u016f, jako je karbid k\u0159em\u00edku (SiC), saf\u00edr, k\u0159emen, sklo, keramika a polovodi\u010dov\u00e9 krystaly, a podporuje aplikace v\u010detn\u011b o\u0159ez\u00e1v\u00e1n\u00ed, zkracov\u00e1n\u00ed, kr\u00e1jen\u00ed a p\u0159esn\u00e9ho \u0159ez\u00e1n\u00ed.<\/p>\n<p data-start=\"771\" data-end=\"1031\">V porovn\u00e1n\u00ed s b\u011b\u017en\u00fdm abrazivn\u00edm \u0159ez\u00e1n\u00edm a laserov\u00fdm zpracov\u00e1n\u00edm nab\u00edz\u00ed tento stroj vy\u0161\u0161\u00ed \u00fa\u010dinnost, ni\u017e\u0161\u00ed ztr\u00e1ty pro\u0159ezu a vynikaj\u00edc\u00ed kvalitu povrchu, co\u017e z n\u011bj \u010din\u00ed ide\u00e1ln\u00ed volbu pro polovodi\u010dov\u00fd, fotovoltaick\u00fd, optick\u00fd a pokro\u010dil\u00fd materi\u00e1lov\u00fd pr\u016fmysl.<\/p>\n<h1 data-section-id=\"jotpqu\" data-start=\"1038\" data-end=\"1058\"><span role=\"text\">Kl\u00ed\u010dov\u00e9 vlastnosti<\/span><\/h1>\n<h3 data-section-id=\"1rtdqca\" data-start=\"1060\" data-end=\"1108\"><span role=\"text\">1. Vysok\u00e1 \u00fa\u010dinnost a n\u00edzk\u00e9 ztr\u00e1ty materi\u00e1lu<\/span><\/h3>\n<ul data-start=\"1109\" data-end=\"1328\">\n<li data-section-id=\"11sgmis\" data-start=\"1109\" data-end=\"1185\">Rychlost dr\u00e1tu a\u017e 1500 m\/min pro rychl\u00e9 \u0159ez\u00e1n\u00ed velmi tvrd\u00fdch materi\u00e1l\u016f<\/li>\n<li data-section-id=\"1minw5g\" data-start=\"1186\" data-end=\"1258\">Tlou\u0161\u0165ka \u0159ezu pouh\u00fdch 0,2 mm, co\u017e zlep\u0161uje vyu\u017eit\u00ed materi\u00e1lu<\/li>\n<li data-section-id=\"5t3gyn\" data-start=\"1259\" data-end=\"1328\">A\u017e 50% vy\u0161\u0161\u00ed \u00fa\u010dinnost ne\u017e p\u0159i tradi\u010dn\u00edm abrazivn\u00edm \u0159ez\u00e1n\u00ed<\/li>\n<\/ul>\n<h3 data-section-id=\"1oi3iek\" data-start=\"1330\" data-end=\"1377\"><span role=\"text\">2. Vysok\u00e1 p\u0159esnost \u0159ez\u00e1n\u00ed<\/span><\/h3>\n<ul data-start=\"1378\" data-end=\"1543\">\n<li data-section-id=\"1avlefc\" data-start=\"1378\" data-end=\"1422\">P\u0159esnost \u0159ezu: &lt;3 \u03bcm (6palcov\u00fd SiC)<\/li>\n<li data-section-id=\"1uy8t7k\" data-start=\"1423\" data-end=\"1489\">Stabiln\u00ed regulace nap\u011bt\u00ed (\u00b10,5 N) zaji\u0161\u0165uje konzistentn\u00ed v\u00fdsledky<\/li>\n<li data-section-id=\"1psvo4e\" data-start=\"1490\" data-end=\"1543\">Sn\u00ed\u017een\u00ed odlamov\u00e1n\u00ed hran a zlep\u0161en\u00ed kvality povrchu<\/li>\n<\/ul>\n<h3 data-section-id=\"19526je\" data-start=\"1545\" data-end=\"1590\"><span role=\"text\">3. Inteligentn\u00ed a flexibiln\u00ed provoz<\/span><\/h3>\n<ul data-start=\"1591\" data-end=\"1733\">\n<li data-section-id=\"1s7ha7z\" data-start=\"1591\" data-end=\"1630\">U\u017eivatelsky p\u0159\u00edv\u011btiv\u00e9 dotykov\u00e9 rozhran\u00ed<\/li>\n<li data-section-id=\"1490g7t\" data-start=\"1631\" data-end=\"1696\">V\u00edce re\u017eim\u016f \u0159ez\u00e1n\u00ed: rovn\u00e9, zak\u0159iven\u00e9, \u0159ez\u00e1n\u00ed v\u00edce kus\u016f<\/li>\n<li data-section-id=\"15z2aqc\" data-start=\"1697\" data-end=\"1733\">Rychl\u00e9 nastaven\u00ed a ulo\u017een\u00ed parametr\u016f<\/li>\n<\/ul>\n<h3 data-section-id=\"x18z0o\" data-start=\"1735\" data-end=\"1775\"><span role=\"text\">4. Modul\u00e1rn\u00ed a roz\u0161i\u0159iteln\u00fd design<\/span><\/h3>\n<ul data-start=\"1776\" data-end=\"1948\">\n<li data-section-id=\"1inpij0\" data-start=\"1776\" data-end=\"1840\">Voliteln\u00fd oto\u010dn\u00fd pracovn\u00ed st\u016fl pro \u00fahlov\u00e9 a kruhov\u00e9 \u0159ez\u00e1n\u00ed<\/li>\n<li data-section-id=\"1vitl51\" data-start=\"1841\" data-end=\"1889\">Syst\u00e9m vysok\u00e9ho nap\u011bt\u00ed pro velmi tvrd\u00e9 materi\u00e1ly<\/li>\n<li data-section-id=\"lgqrrm\" data-start=\"1890\" data-end=\"1948\">Podporuje automatick\u00e9 zarovn\u00e1n\u00ed a p\u0159esn\u00e9 polohov\u00e1n\u00ed<\/li>\n<\/ul>\n<h3 data-section-id=\"ttlvza\" data-start=\"1950\" data-end=\"1991\"><span role=\"text\">5. Odoln\u00e1 pr\u016fmyslov\u00e1 struktura<\/span><\/h3>\n<ul data-start=\"1992\" data-end=\"2151\">\n<li data-section-id=\"5e6js5\" data-start=\"1992\" data-end=\"2044\">T\u011bleso stroje s vysokou odolnost\u00ed proti vibrac\u00edm<\/li>\n<li data-section-id=\"wugviy\" data-start=\"2045\" data-end=\"2104\">Kl\u00ed\u010dov\u00e9 sou\u010d\u00e1sti pota\u017een\u00e9 keramikou\/karbidem wolframu<\/li>\n<li data-section-id=\"1h2l4tx\" data-start=\"2105\" data-end=\"2151\">Dlouh\u00e1 \u017eivotnost p\u0159esahuj\u00edc\u00ed 5000 hodin<\/li>\n<\/ul>\n<h1 data-section-id=\"wo6xkr\" data-start=\"2158\" data-end=\"2190\"><span role=\"text\">Technick\u00e9 specifikace<\/span><\/h1>\n<div class=\"TyagGW_tableContainer\">\n<div class=\"group TyagGW_tableWrapper flex flex-col-reverse w-fit\" tabindex=\"-1\">\n<table class=\"w-fit min-w-(--thread-content-width)\" data-start=\"2192\" data-end=\"2657\">\n<thead data-start=\"2192\" data-end=\"2212\">\n<tr data-start=\"2192\" data-end=\"2212\">\n<th class=\"\" data-start=\"2192\" data-end=\"2199\" data-col-size=\"sm\">Polo\u017eka<\/th>\n<th class=\"\" data-start=\"2199\" data-end=\"2212\" data-col-size=\"sm\">Parametr<\/th>\n<\/tr>\n<\/thead>\n<tbody data-start=\"2233\" data-end=\"2657\">\n<tr data-start=\"2233\" data-end=\"2269\">\n<td data-start=\"2233\" data-end=\"2253\" data-col-size=\"sm\">Maxim\u00e1ln\u00ed velikost pr\u00e1ce<\/td>\n<td data-start=\"2253\" data-end=\"2269\" data-col-size=\"sm\">600 \u00d7 500 mm<\/td>\n<\/tr>\n<tr data-start=\"2270\" data-end=\"2314\">\n<td data-start=\"2270\" data-end=\"2294\" data-col-size=\"sm\">Pr\u016fm\u011br diamantov\u00e9ho dr\u00e1tu<\/td>\n<td data-start=\"2294\" data-end=\"2314\" data-col-size=\"sm\">\u03c60,12 - \u03c60,45 mm<\/td>\n<\/tr>\n<tr data-start=\"2315\" data-end=\"2345\">\n<td data-start=\"2315\" data-end=\"2331\" data-col-size=\"sm\">Rychlost b\u011bhu<\/td>\n<td data-start=\"2331\" data-end=\"2345\" data-col-size=\"sm\">1500 m\/min<\/td>\n<\/tr>\n<tr data-start=\"2346\" data-end=\"2387\">\n<td data-start=\"2346\" data-end=\"2365\" data-col-size=\"sm\">P\u0159esnost \u0159ez\u00e1n\u00ed<\/td>\n<td data-start=\"2365\" data-end=\"2387\" data-col-size=\"sm\">&lt;3 \u03bcm (6palcov\u00fd SiC)<\/td>\n<\/tr>\n<tr data-start=\"2388\" data-end=\"2416\">\n<td data-start=\"2388\" data-end=\"2402\" data-col-size=\"sm\">\u00dahel k\u00fdv\u00e1n\u00ed<\/td>\n<td data-start=\"2402\" data-end=\"2416\" data-col-size=\"sm\">0 ~ \u00b112.5\u00b0<\/td>\n<\/tr>\n<tr data-start=\"2417\" data-end=\"2441\">\n<td data-start=\"2417\" data-end=\"2431\" data-col-size=\"sm\">Zdvihov\u00fd tah<\/td>\n<td data-start=\"2431\" data-end=\"2441\" data-col-size=\"sm\">650 mm<\/td>\n<\/tr>\n<tr data-start=\"2442\" data-end=\"2474\">\n<td data-start=\"2442\" data-end=\"2455\" data-col-size=\"sm\">Rychlost v\u00fdtahu<\/td>\n<td data-start=\"2455\" data-end=\"2474\" data-col-size=\"sm\">0 ~ 9,99 mm\/min<\/td>\n<\/tr>\n<tr data-start=\"2475\" data-end=\"2505\">\n<td data-start=\"2475\" data-end=\"2491\" data-col-size=\"sm\">Rozsah nap\u011bt\u00ed<\/td>\n<td data-start=\"2491\" data-end=\"2505\" data-col-size=\"sm\">15 - 130 N<\/td>\n<\/tr>\n<tr data-start=\"2506\" data-end=\"2535\">\n<td data-start=\"2506\" data-end=\"2525\" data-col-size=\"sm\">P\u0159esnost nap\u011bt\u00ed<\/td>\n<td data-start=\"2525\" data-end=\"2535\" data-col-size=\"sm\">\u00b10.5 N<\/td>\n<\/tr>\n<tr data-start=\"2536\" data-end=\"2567\">\n<td data-start=\"2536\" data-end=\"2556\" data-col-size=\"sm\">Spot\u0159eba energie<\/td>\n<td data-start=\"2556\" data-end=\"2567\" data-col-size=\"sm\">44,4 kW<\/td>\n<\/tr>\n<tr data-start=\"2568\" data-end=\"2608\">\n<td data-start=\"2568\" data-end=\"2583\" data-col-size=\"sm\">Velikost stroje<\/td>\n<td data-start=\"2583\" data-end=\"2608\" data-col-size=\"sm\">2680 \u00d7 1500 \u00d7 2150 mm<\/td>\n<\/tr>\n<tr data-start=\"2609\" data-end=\"2629\">\n<td data-start=\"2609\" data-end=\"2618\" data-col-size=\"sm\">Hmotnost<\/td>\n<td data-start=\"2618\" data-end=\"2629\" data-col-size=\"sm\">3600 kg<\/td>\n<\/tr>\n<tr data-start=\"2630\" data-end=\"2657\">\n<td data-start=\"2630\" data-end=\"2644\" data-col-size=\"sm\">Hladina hluku<\/td>\n<td data-start=\"2644\" data-end=\"2657\" data-col-size=\"sm\">\u226475 dB(A)<\/td>\n<\/tr>\n<\/tbody>\n<\/table>\n<\/div>\n<\/div>\n<h1 data-section-id=\"1mql435\" data-start=\"2664\" data-end=\"2689\"><span role=\"text\">Princip fungov\u00e1n\u00ed<\/span><\/h1>\n<p data-start=\"2691\" data-end=\"2879\">Stroj pracuje pomoc\u00ed dr\u00e1tu s diamantov\u00fdm povlakem, kter\u00fd se pohybuje vysokou rychlost\u00ed po obrobku. Proces \u0159ez\u00e1n\u00ed prob\u00edh\u00e1 prost\u0159ednictv\u00edm kontinu\u00e1ln\u00edho abrazivn\u00edho brou\u0161en\u00ed diamantov\u00fdmi \u010d\u00e1sticemi.<\/p>\n<p data-start=\"2881\" data-end=\"3078\">Servopohonem \u0159\u00edzen\u00fd pod\u00e1vac\u00ed syst\u00e9m zaji\u0161\u0165uje p\u0159esn\u00e9 polohov\u00e1n\u00ed materi\u00e1lu, zat\u00edmco syst\u00e9m chladic\u00ed kapaliny sni\u017euje teplo a odstra\u0148uje ne\u010distoty, \u010d\u00edm\u017e minimalizuje po\u0161kozen\u00ed hran a zlep\u0161uje kvalitu povrchu.<\/p>\n<p data-start=\"2881\" data-end=\"3078\"><img fetchpriority=\"high\" decoding=\"async\" class=\"wp-image-2066 size-full aligncenter\" src=\"https:\/\/www.zmsh-semitech.com\/wp-content\/uploads\/2026\/04\/Diamond-Wire-Single-Line-Cutting-Machine100.png\" alt=\"\" width=\"680\" height=\"121\" srcset=\"https:\/\/www.zmsh-semitech.com\/wp-content\/uploads\/2026\/04\/Diamond-Wire-Single-Line-Cutting-Machine100.png 680w, https:\/\/www.zmsh-semitech.com\/wp-content\/uploads\/2026\/04\/Diamond-Wire-Single-Line-Cutting-Machine100-300x53.png 300w, https:\/\/www.zmsh-semitech.com\/wp-content\/uploads\/2026\/04\/Diamond-Wire-Single-Line-Cutting-Machine100-18x3.png 18w, https:\/\/www.zmsh-semitech.com\/wp-content\/uploads\/2026\/04\/Diamond-Wire-Single-Line-Cutting-Machine100-600x107.png 600w\" sizes=\"(max-width: 680px) 100vw, 680px\" \/><\/p>\n<h1 data-section-id=\"fgk3yn\" data-start=\"3085\" data-end=\"3105\"><span role=\"text\">Aplikace<\/span><\/h1>\n<h3 data-section-id=\"17q599k\" data-start=\"3107\" data-end=\"3142\"><span role=\"text\">1. Polovodi\u010dov\u00fd pr\u016fmysl<\/span><\/h3>\n<ul data-start=\"3143\" data-end=\"3242\">\n<li data-section-id=\"1nf22eo\" data-start=\"3143\" data-end=\"3182\">\u0158ez\u00e1n\u00ed ingot\u016f SiC pro v\u00fdkonov\u00e1 za\u0159\u00edzen\u00ed<\/li>\n<li data-section-id=\"13igyh1\" data-start=\"3183\" data-end=\"3242\">\u0158ez\u00e1n\u00ed saf\u00edrov\u00fdch desti\u010dek pro LED a optick\u00e9 aplikace<\/li>\n<\/ul>\n<h3 data-section-id=\"1vi8s5i\" data-start=\"3244\" data-end=\"3278\"><span role=\"text\">2. Fotovoltaick\u00fd pr\u016fmysl<\/span><\/h3>\n<ul data-start=\"3279\" data-end=\"3366\">\n<li data-section-id=\"140am8z\" data-start=\"3279\" data-end=\"3320\">\u0158ez\u00e1n\u00ed k\u0159em\u00edkov\u00fdch ty\u010d\u00ed a kr\u00e1jen\u00ed desti\u010dek<\/li>\n<li data-section-id=\"xnpw0v\" data-start=\"3321\" data-end=\"3366\">Vysoce \u00fa\u010dinn\u00e9 zpracov\u00e1n\u00ed sol\u00e1rn\u00edch materi\u00e1l\u016f<\/li>\n<\/ul>\n<h3 data-section-id=\"fxclnn\" data-start=\"3368\" data-end=\"3407\"><span role=\"text\">3. P\u0159esn\u00e1 optika a \u0161perky<\/span><\/h3>\n<ul data-start=\"3408\" data-end=\"3491\">\n<li data-section-id=\"10uj51p\" data-start=\"3408\" data-end=\"3432\">Brou\u0161en\u00ed k\u0159emenn\u00e9ho skla<\/li>\n<li data-section-id=\"1gvn0wq\" data-start=\"3433\" data-end=\"3491\">Zpracov\u00e1n\u00ed nefritu a drah\u00fdch kamen\u016f s vysokou kvalitou povrchu<\/li>\n<\/ul>\n<h3 data-section-id=\"1qah645\" data-start=\"3493\" data-end=\"3529\"><span role=\"text\">4. Pokro\u010dil\u00e1 keramika a v\u00fdzkum a v\u00fdvoj<\/span><\/h3>\n<ul data-start=\"3530\" data-end=\"3619\">\n<li data-section-id=\"1bpgmbu\" data-start=\"3530\" data-end=\"3573\">Nitrid hlin\u00edku (AlN), zirkoni\u010ditan (ZrO\u2082)<\/li>\n<li data-section-id=\"1xdca8d\" data-start=\"3574\" data-end=\"3619\">Leteck\u00e9 a vysokoteplotn\u00ed komponenty<\/li>\n<\/ul>\n<h1 data-section-id=\"e8bo0\" data-start=\"3626\" data-end=\"3637\"><span role=\"text\"><img decoding=\"async\" class=\"size-medium wp-image-2063 alignright\" src=\"https:\/\/www.zmsh-semitech.com\/wp-content\/uploads\/2026\/04\/diamond_wire_single_line_cutting_machine_for_sic_sapphire_quartz_ceramic_material6-300x300.webp\" alt=\"\" width=\"300\" height=\"300\" srcset=\"https:\/\/www.zmsh-semitech.com\/wp-content\/uploads\/2026\/04\/diamond_wire_single_line_cutting_machine_for_sic_sapphire_quartz_ceramic_material6-300x300.webp 300w, https:\/\/www.zmsh-semitech.com\/wp-content\/uploads\/2026\/04\/diamond_wire_single_line_cutting_machine_for_sic_sapphire_quartz_ceramic_material6-150x150.webp 150w, https:\/\/www.zmsh-semitech.com\/wp-content\/uploads\/2026\/04\/diamond_wire_single_line_cutting_machine_for_sic_sapphire_quartz_ceramic_material6-12x12.webp 12w, https:\/\/www.zmsh-semitech.com\/wp-content\/uploads\/2026\/04\/diamond_wire_single_line_cutting_machine_for_sic_sapphire_quartz_ceramic_material6-600x600.webp 600w, https:\/\/www.zmsh-semitech.com\/wp-content\/uploads\/2026\/04\/diamond_wire_single_line_cutting_machine_for_sic_sapphire_quartz_ceramic_material6-100x100.webp 100w, https:\/\/www.zmsh-semitech.com\/wp-content\/uploads\/2026\/04\/diamond_wire_single_line_cutting_machine_for_sic_sapphire_quartz_ceramic_material6.webp 750w\" sizes=\"(max-width: 300px) 100vw, 300px\" \/>\u010cASTO KLADEN\u00c9 DOTAZY<\/span><\/h1>\n<p data-start=\"3639\" data-end=\"3870\">1. Jak\u00e9 materi\u00e1ly m\u016f\u017ee tento stroj zpracov\u00e1vat?<br data-start=\"3686\" data-end=\"3689\" \/>Tento stroj je ur\u010den pro tvrd\u00e9 a k\u0159ehk\u00e9 materi\u00e1ly, jako je SiC, saf\u00edr, k\u0159emen, keramika, sklo a polovodi\u010dov\u00e9 krystaly, a zaji\u0161\u0165uje vysokou p\u0159esnost a minim\u00e1ln\u00ed po\u0161kozen\u00ed.<\/p>\n<p data-start=\"3872\" data-end=\"4144\">2. Jak\u00e9 jsou v\u00fdhody \u0159ez\u00e1n\u00ed diamantov\u00fdm dr\u00e1tem oproti tradi\u010dn\u00edm metod\u00e1m?<br data-start=\"3952\" data-end=\"3955\" \/>\u0158ez\u00e1n\u00ed diamantov\u00fdm dr\u00e1tem poskytuje vy\u0161\u0161\u00ed \u00fa\u010dinnost, ni\u017e\u0161\u00ed ztr\u00e1ty materi\u00e1lu a lep\u0161\u00ed kvalitu povrchu, p\u0159i\u010dem\u017e v\u00fdrazn\u011b sni\u017euje odlamov\u00e1n\u00ed hran ve srovn\u00e1n\u00ed s b\u011b\u017en\u00fdm abrazivn\u00edm \u0159ez\u00e1n\u00edm.<\/p>\n<p data-start=\"4146\" data-end=\"4405\">3. Je stroj vhodn\u00fd pro rozs\u00e1hlou pr\u016fmyslovou v\u00fdrobu?<br data-start=\"4215\" data-end=\"4218\" \/>Ano. D\u00edky sv\u00e9 vysok\u00e9 stabilit\u011b, mo\u017enosti automatizace a dlouh\u00e9 \u017eivotnosti je vhodn\u00fd pro nep\u0159etr\u017eitou pr\u016fmyslovou v\u00fdrobu v oblasti polovodi\u010d\u016f a zpracov\u00e1n\u00ed pokro\u010dil\u00fdch materi\u00e1l\u016f.<\/p>","protected":false},"excerpt":{"rendered":"<p>Jedno\u0159\u00e1dkov\u00fd \u0159ezac\u00ed stroj s diamantov\u00fdm dr\u00e1tem je vysoce v\u00fdkonn\u00e9 \u0159e\u0161en\u00ed ur\u010den\u00e9 pro p\u0159esn\u00e9 \u0159ez\u00e1n\u00ed tvrd\u00fdch a k\u0159ehk\u00fdch materi\u00e1l\u016f. Syst\u00e9m vyu\u017e\u00edv\u00e1 vysokorychlostn\u00ed dr\u00e1t s diamantov\u00fdm povlakem a umo\u017e\u0148uje efektivn\u00ed \u0159ez\u00e1n\u00ed s n\u00edzk\u00fdmi ztr\u00e1tami prost\u0159ednictv\u00edm \u0159\u00edzen\u00e9ho vratn\u00e9ho pohybu.<\/p>","protected":false},"featured_media":2062,"comment_status":"open","ping_status":"closed","template":"","meta":{"site-sidebar-layout":"default","site-content-layout":"","ast-site-content-layout":"default","site-content-style":"default","site-sidebar-style":"default","ast-global-header-display":"","ast-banner-title-visibility":"","ast-main-header-display":"","ast-hfb-above-header-display":"","ast-hfb-below-header-display":"","ast-hfb-mobile-header-display":"","site-post-title":"","ast-breadcrumbs-content":"","ast-featured-img":"","footer-sml-layout":"","ast-disable-related-posts":"","theme-transparent-header-meta":"default","adv-header-id-meta":"","stick-header-meta":"default","header-above-stick-meta":"","header-main-stick-meta":"","header-below-stick-meta":"","astra-migrate-meta-layouts":"set","ast-page-background-enabled":"default","ast-page-background-meta":{"desktop":{"background-color":"var(--ast-global-color-4)","background-image":"","background-repeat":"repeat","background-position":"center center","background-size":"auto","background-attachment":"scroll","background-type":"","background-media":"","overlay-type":"","overlay-color":"","overlay-opacity":"","overlay-gradient":""},"tablet":{"background-color":"","background-image":"","background-repeat":"repeat","background-position":"center center","background-size":"auto","background-attachment":"scroll","background-type":"","background-media":"","overlay-type":"","overlay-color":"","overlay-opacity":"","overlay-gradient":""},"mobile":{"background-color":"","background-image":"","background-repeat":"repeat","background-position":"center center","background-size":"auto","background-attachment":"scroll","background-type":"","background-media":"","overlay-type":"","overlay-color":"","overlay-opacity":"","overlay-gradient":""}},"ast-content-background-meta":{"desktop":{"background-color":"var(--ast-global-color-5)","background-image":"","background-repeat":"repeat","background-position":"center center","background-size":"auto","background-attachment":"scroll","background-type":"","background-media":"","overlay-type":"","overlay-color":"","overlay-opacity":"","overlay-gradient":""},"tablet":{"background-color":"var(--ast-global-color-5)","background-image":"","background-repeat":"repeat","background-position":"center center","background-size":"auto","background-attachment":"scroll","background-type":"","background-media":"","overlay-type":"","overlay-color":"","overlay-opacity":"","overlay-gradient":""},"mobile":{"background-color":"var(--ast-global-color-5)","background-image":"","background-repeat":"repeat","background-position":"center center","background-size":"auto","background-attachment":"scroll","background-type":"","background-media":"","overlay-type":"","overlay-color":"","overlay-opacity":"","overlay-gradient":""}}},"product_brand":[],"product_cat":[21],"product_tag":[701,446,695,415,698,702,703,444,700,443,697,441,422,420,699,696],"class_list":{"0":"post-2061","1":"product","2":"type-product","3":"status-publish","4":"has-post-thumbnail","6":"product_cat-laser-cutting","7":"product_tag-advanced-ceramics-machining","8":"product_tag-ceramic-cutting-machine","9":"product_tag-diamond-wire-cutting-machine","10":"product_tag-diamond-wire-saw","11":"product_tag-hard-brittle-material-processing","12":"product_tag-high-precision-cutting-machine","13":"product_tag-industrial-cutting-equipment","14":"product_tag-optical-material-cutting","15":"product_tag-photovoltaic-silicon-slicing","16":"product_tag-precision-cutting-equipment","17":"product_tag-quartz-cutting-equipment","18":"product_tag-sapphire-cutting-machine","19":"product_tag-semiconductor-wafer-slicing","20":"product_tag-sic-cutting","21":"product_tag-silicon-carbide-ingot-cutting","22":"product_tag-single-line-cutting-machine","23":"desktop-align-left","24":"tablet-align-left","25":"mobile-align-left","26":"ast-product-gallery-layout-horizontal-slider","27":"ast-product-tabs-layout-horizontal","29":"first","30":"instock","31":"shipping-taxable","32":"product-type-simple"},"_links":{"self":[{"href":"https:\/\/www.zmsh-semitech.com\/cs\/wp-json\/wp\/v2\/product\/2061","targetHints":{"allow":["GET"]}}],"collection":[{"href":"https:\/\/www.zmsh-semitech.com\/cs\/wp-json\/wp\/v2\/product"}],"about":[{"href":"https:\/\/www.zmsh-semitech.com\/cs\/wp-json\/wp\/v2\/types\/product"}],"replies":[{"embeddable":true,"href":"https:\/\/www.zmsh-semitech.com\/cs\/wp-json\/wp\/v2\/comments?post=2061"}],"version-history":[{"count":2,"href":"https:\/\/www.zmsh-semitech.com\/cs\/wp-json\/wp\/v2\/product\/2061\/revisions"}],"predecessor-version":[{"id":2068,"href":"https:\/\/www.zmsh-semitech.com\/cs\/wp-json\/wp\/v2\/product\/2061\/revisions\/2068"}],"wp:featuredmedia":[{"embeddable":true,"href":"https:\/\/www.zmsh-semitech.com\/cs\/wp-json\/wp\/v2\/media\/2062"}],"wp:attachment":[{"href":"https:\/\/www.zmsh-semitech.com\/cs\/wp-json\/wp\/v2\/media?parent=2061"}],"wp:term":[{"taxonomy":"product_brand","embeddable":true,"href":"https:\/\/www.zmsh-semitech.com\/cs\/wp-json\/wp\/v2\/product_brand?post=2061"},{"taxonomy":"product_cat","embeddable":true,"href":"https:\/\/www.zmsh-semitech.com\/cs\/wp-json\/wp\/v2\/product_cat?post=2061"},{"taxonomy":"product_tag","embeddable":true,"href":"https:\/\/www.zmsh-semitech.com\/cs\/wp-json\/wp\/v2\/product_tag?post=2061"}],"curies":[{"name":"wp","href":"https:\/\/api.w.org\/{rel}","templated":true}]}}