{"id":1981,"date":"2026-03-23T06:13:43","date_gmt":"2026-03-23T06:13:43","guid":{"rendered":"https:\/\/www.zmsh-semitech.com\/?post_type=product&#038;p=1981"},"modified":"2026-03-23T06:18:04","modified_gmt":"2026-03-23T06:18:04","slug":"sic-raw-material-synthesis-furnace","status":"publish","type":"product","link":"https:\/\/www.zmsh-semitech.com\/cs\/product\/sic-raw-material-synthesis-furnace\/","title":{"rendered":"50 kg SiC Suroviny Synt\u00e9za pece vysoce \u010dist\u00e9ho karbidu k\u0159em\u00edku P\u0159\u00edprava krystal\u016f"},"content":{"rendered":"<p data-start=\"240\" data-end=\"569\"><img fetchpriority=\"high\" decoding=\"async\" class=\"size-medium wp-image-1989 alignleft\" src=\"https:\/\/www.zmsh-semitech.com\/wp-content\/uploads\/2026\/03\/Sic-raw-material-synthesis-furnace5-300x220.jpg\" alt=\"\" width=\"300\" height=\"220\" srcset=\"https:\/\/www.zmsh-semitech.com\/wp-content\/uploads\/2026\/03\/Sic-raw-material-synthesis-furnace5-300x220.jpg 300w, https:\/\/www.zmsh-semitech.com\/wp-content\/uploads\/2026\/03\/Sic-raw-material-synthesis-furnace5-16x12.jpg 16w, https:\/\/www.zmsh-semitech.com\/wp-content\/uploads\/2026\/03\/Sic-raw-material-synthesis-furnace5-600x439.jpg 600w, https:\/\/www.zmsh-semitech.com\/wp-content\/uploads\/2026\/03\/Sic-raw-material-synthesis-furnace5.jpg 680w\" sizes=\"(max-width: 300px) 100vw, 300px\" \/>50kg pec na synt\u00e9zu SiC surovin je specializovan\u00e1 vysokoteplotn\u00ed pec ur\u010den\u00e1 k v\u00fdrob\u011b surovin z karbidu k\u0159em\u00edku (SiC) vysok\u00e9 \u010distoty. Jako kritick\u00fd polovodi\u010dov\u00fd a keramick\u00fd materi\u00e1l se SiC \u0161iroce uplat\u0148uje v pr\u016fmyslu.<span style=\"font-size: 16px;\">n v\u00fdkonov\u00e9 elektroniky, vysokoteplotn\u00edch za\u0159\u00edzen\u00ed, materi\u00e1l\u016f odoln\u00fdch proti opot\u0159eben\u00ed a optick\u00fdch sou\u010d\u00e1stek.<\/span><\/p>\n<p data-start=\"571\" data-end=\"987\">Tato pec p\u0159em\u011b\u0148uje vstupn\u00ed suroviny k\u0159em\u00edku (Si) a uhl\u00edku (C) na SiC \u0159\u00edzenou vysokoteplotn\u00ed chemickou reakc\u00ed, co\u017e z n\u00ed \u010din\u00ed z\u00e1kladn\u00ed sou\u010d\u00e1st v\u00fdrobn\u00edho \u0159et\u011bzce karbidu k\u0159em\u00edku. Jej\u00ed konstrukce zaji\u0161\u0165uje vysokou \u010distotu, stabiln\u00ed provoz a st\u00e1l\u00fd v\u00fdkon, co\u017e v\u00fdrobc\u016fm umo\u017e\u0148uje splnit p\u0159\u00edsn\u00e9 po\u017eadavky na pokro\u010dil\u00e9 polovodi\u010de a vysoce v\u00fdkonn\u00e9 keramick\u00e9 aplikace.<\/p>\n<h2 data-section-id=\"52xoay\" data-start=\"994\" data-end=\"1017\"><span role=\"text\"><strong data-start=\"997\" data-end=\"1015\">Hlavn\u00ed v\u00fdhody<\/strong><\/span><\/h2>\n<ul data-start=\"1018\" data-end=\"1891\">\n<li data-section-id=\"wafd1l\" data-start=\"1018\" data-end=\"1134\"><strong data-start=\"1020\" data-end=\"1050\">Kapacita p\u0159i vysok\u00fdch teplot\u00e1ch:<\/strong> Poskytuje teplotu pece a\u017e 2400 \u00b0C, co\u017e je vhodn\u00e9 pro \u00fa\u010dinnou synt\u00e9zu SiC.<\/li>\n<li data-section-id=\"qvgm69\" data-start=\"1135\" data-end=\"1250\"><strong data-start=\"1137\" data-end=\"1160\">V\u00fdstup s vysokou \u010distotou:<\/strong> Vyu\u017e\u00edv\u00e1 vysoce \u010dist\u00e9 suroviny a \u0159\u00edzen\u00ed inertn\u00ed atmosf\u00e9ry k v\u00fdrob\u011b ultra\u010dist\u00e9ho SiC.<\/li>\n<li data-section-id=\"11v9t45\" data-start=\"1251\" data-end=\"1360\"><strong data-start=\"1253\" data-end=\"1276\">Stabiln\u00ed v\u00fdkon:<\/strong> Robustn\u00ed konstrukce zaji\u0161\u0165uje spolehliv\u00fd provoz pro dlouhodobou nep\u0159etr\u017eitou v\u00fdrobu.<\/li>\n<li data-section-id=\"caa80i\" data-start=\"1361\" data-end=\"1457\"><strong data-start=\"1363\" data-end=\"1385\">N\u00edzk\u00e1 kontaminace:<\/strong> Inertn\u00ed atmosf\u00e9ra a \u010dist\u00e9 materi\u00e1ly minimalizuj\u00ed obsah ne\u010distot.<\/li>\n<li data-section-id=\"ka169f\" data-start=\"1458\" data-end=\"1599\"><strong data-start=\"1460\" data-end=\"1487\">Velk\u00e1 nosnost:<\/strong> Podporuje a\u017e 50 kg surovin, co\u017e zvy\u0161uje produktivitu a kompatibilitu s v\u00edce krystalov\u00fdmi pecemi.<\/li>\n<li data-section-id=\"1afhg2w\" data-start=\"1600\" data-end=\"1765\"><strong data-start=\"1602\" data-end=\"1624\">P\u0159esn\u00e9 \u0159\u00edzen\u00ed:<\/strong> Pokro\u010dil\u00e1 regulace teploty a tlaku s voliteln\u00fdm du\u00e1ln\u00edm m\u011b\u0159en\u00edm teploty a infra\u010derven\u00fdm monitorov\u00e1n\u00edm pro optimalizaci procesu.<\/li>\n<li data-section-id=\"i89isr\" data-start=\"1766\" data-end=\"1891\"><strong data-start=\"1768\" data-end=\"1795\">Flexibiln\u00ed konfigurace:<\/strong> Modul\u00e1rn\u00ed konstrukce umo\u017e\u0148uje instalaci vedle sebe, \u010d\u00edm\u017e se \u0161et\u0159\u00ed m\u00edsto a optimalizuje vyu\u017eit\u00ed za\u0159\u00edzen\u00ed.<\/li>\n<\/ul>\n<h2 data-section-id=\"10oaxfc\" data-start=\"1898\" data-end=\"1931\"><span role=\"text\"><strong data-start=\"1901\" data-end=\"1929\">Technick\u00e9 specifikace<\/strong><\/span><\/h2>\n<div class=\"TyagGW_tableContainer\">\n<div class=\"group TyagGW_tableWrapper flex flex-col-reverse w-fit\" tabindex=\"-1\">\n<table class=\"w-fit min-w-(--thread-content-width)\" data-start=\"1933\" data-end=\"2723\">\n<thead data-start=\"1933\" data-end=\"1960\">\n<tr data-start=\"1933\" data-end=\"1960\">\n<th class=\"\" data-start=\"1933\" data-end=\"1943\" data-col-size=\"sm\">Funkce<\/th>\n<th class=\"\" data-start=\"1943\" data-end=\"1960\" data-col-size=\"md\">Specifikace<\/th>\n<\/tr>\n<\/thead>\n<tbody data-start=\"1989\" data-end=\"2723\">\n<tr data-start=\"1989\" data-end=\"2046\">\n<td data-start=\"1989\" data-end=\"2010\" data-col-size=\"sm\">Rozm\u011bry (D \u00d7 \u0160 \u00d7 V)<\/td>\n<td data-col-size=\"md\" data-start=\"2010\" data-end=\"2046\">4000 \u00d7 3400 \u00d7 4300 mm (p\u0159izp\u016fsobiteln\u00e9)<\/td>\n<\/tr>\n<tr data-start=\"2047\" data-end=\"2085\">\n<td data-start=\"2047\" data-end=\"2074\" data-col-size=\"sm\">Pr\u016fm\u011br komory pece<\/td>\n<td data-col-size=\"md\" data-start=\"2074\" data-end=\"2085\">1100 mm<\/td>\n<\/tr>\n<tr data-start=\"2086\" data-end=\"2114\">\n<td data-start=\"2086\" data-end=\"2105\" data-col-size=\"sm\">Nosnost<\/td>\n<td data-col-size=\"md\" data-start=\"2105\" data-end=\"2114\">50 kg<\/td>\n<\/tr>\n<tr data-start=\"2115\" data-end=\"2183\">\n<td data-start=\"2115\" data-end=\"2133\" data-col-size=\"sm\">Kone\u010dn\u00e9 vys\u00e1v\u00e1n\u00ed<\/td>\n<td data-col-size=\"md\" data-start=\"2133\" data-end=\"2183\">10-\u00b2 Pa (2 hodiny po spu\u0161t\u011bn\u00ed molekul\u00e1rn\u00edho \u010derpadla)<\/td>\n<\/tr>\n<tr data-start=\"2184\" data-end=\"2244\">\n<td data-start=\"2184\" data-end=\"2213\" data-col-size=\"sm\">Rychlost n\u00e1r\u016fstu tlaku v komo\u0159e<\/td>\n<td data-col-size=\"md\" data-start=\"2213\" data-end=\"2244\">\u226410 Pa\/h (po kalcinaci)<\/td>\n<\/tr>\n<tr data-start=\"2245\" data-end=\"2285\">\n<td data-start=\"2245\" data-end=\"2274\" data-col-size=\"sm\">Spodn\u00ed tah krytu pece<\/td>\n<td data-col-size=\"md\" data-start=\"2274\" data-end=\"2285\">1500 mm<\/td>\n<\/tr>\n<tr data-start=\"2286\" data-end=\"2324\">\n<td data-start=\"2286\" data-end=\"2303\" data-col-size=\"sm\">Zp\u016fsob vyt\u00e1p\u011bn\u00ed<\/td>\n<td data-start=\"2303\" data-end=\"2324\" data-col-size=\"md\">Induk\u010dn\u00ed oh\u0159ev<\/td>\n<\/tr>\n<tr data-start=\"2325\" data-end=\"2357\">\n<td data-start=\"2325\" data-end=\"2347\" data-col-size=\"sm\">Maxim\u00e1ln\u00ed teplota<\/td>\n<td data-start=\"2347\" data-end=\"2357\" data-col-size=\"md\">2400\u00b0C<\/td>\n<\/tr>\n<tr data-start=\"2358\" data-end=\"2392\">\n<td data-start=\"2358\" data-end=\"2381\" data-col-size=\"sm\">Nap\u00e1jen\u00ed topen\u00ed<\/td>\n<td data-start=\"2381\" data-end=\"2392\" data-col-size=\"md\">2\u00d740 kW<\/td>\n<\/tr>\n<tr data-start=\"2393\" data-end=\"2454\">\n<td data-start=\"2393\" data-end=\"2419\" data-col-size=\"sm\">M\u011b\u0159en\u00ed teploty<\/td>\n<td data-col-size=\"md\" data-start=\"2419\" data-end=\"2454\">Dvoubarevn\u00fd infra\u010derven\u00fd teplom\u011br<\/td>\n<\/tr>\n<tr data-start=\"2455\" data-end=\"2489\">\n<td data-start=\"2455\" data-end=\"2475\" data-col-size=\"sm\">Teplotn\u00ed rozsah<\/td>\n<td data-col-size=\"md\" data-start=\"2475\" data-end=\"2489\">900-3000\u00b0C<\/td>\n<\/tr>\n<tr data-start=\"2490\" data-end=\"2529\">\n<td data-start=\"2490\" data-end=\"2521\" data-col-size=\"sm\">P\u0159esnost regulace teploty<\/td>\n<td data-col-size=\"md\" data-start=\"2521\" data-end=\"2529\">\u00b11\u00b0C<\/td>\n<\/tr>\n<tr data-start=\"2530\" data-end=\"2569\">\n<td data-start=\"2530\" data-end=\"2555\" data-col-size=\"sm\">Rozsah regulace tlaku<\/td>\n<td data-col-size=\"md\" data-start=\"2555\" data-end=\"2569\">1-700 mbar<\/td>\n<\/tr>\n<tr data-start=\"2570\" data-end=\"2631\">\n<td data-start=\"2570\" data-end=\"2598\" data-col-size=\"sm\">P\u0159esnost regulace tlaku<\/td>\n<td data-col-size=\"md\" data-start=\"2598\" data-end=\"2631\">1-5 mbar (v z\u00e1vislosti na rozsahu)<\/td>\n<\/tr>\n<tr data-start=\"2632\" data-end=\"2723\">\n<td data-start=\"2632\" data-end=\"2649\" data-col-size=\"sm\">Zp\u016fsob nakl\u00e1d\u00e1n\u00ed<\/td>\n<td data-col-size=\"md\" data-start=\"2649\" data-end=\"2723\">Ni\u017e\u0161\u00ed nakl\u00e1dka; voliteln\u00fd vykl\u00e1dac\u00ed vysokozdvi\u017en\u00fd voz\u00edk a dv\u011b teplotn\u00ed m\u00edsta<\/td>\n<\/tr>\n<\/tbody>\n<\/table>\n<\/div>\n<\/div>\n<h2 data-section-id=\"13tlhcf\" data-start=\"2730\" data-end=\"2756\"><span role=\"text\"><strong data-start=\"2733\" data-end=\"2754\">V\u00fdhody designu<\/strong><\/span><\/h2>\n<ol data-start=\"2757\" data-end=\"3517\">\n<li data-section-id=\"7ymlfh\" data-start=\"2757\" data-end=\"2882\">Vysokokapacitn\u00ed zakl\u00e1d\u00e1n\u00ed umo\u017e\u0148uje, aby jedna pec z\u00e1sobovala v\u00edce pec\u00ed na dlouh\u00e9 krystaly, co\u017e zvy\u0161uje efektivitu v\u00fdroby.<\/li>\n<li data-section-id=\"y3ubiu\" data-start=\"2883\" data-end=\"2982\">Dvojit\u00e9 nap\u00e1jen\u00ed se stejnou frekvenc\u00ed zaji\u0161\u0165uje p\u0159esn\u00e9 \u0159\u00edzen\u00ed axi\u00e1ln\u00edho teplotn\u00edho gradientu.<\/li>\n<li data-section-id=\"7q7579\" data-start=\"2983\" data-end=\"3103\">Infra\u010derven\u00e9 m\u011b\u0159en\u00ed teploty v horn\u00ed a doln\u00ed \u010d\u00e1sti usnad\u0148uje sledov\u00e1n\u00ed teploty v re\u00e1ln\u00e9m \u010dase a lad\u011bn\u00ed procesu.<\/li>\n<li data-section-id=\"3k74b3\" data-start=\"3104\" data-end=\"3219\">Vysok\u00e1 p\u0159esnost \u0159\u00edzen\u00ed vakua, tlaku a teploty zaji\u0161\u0165uje synt\u00e9zu velmi \u010dist\u00fdch surovin SiC.<\/li>\n<li data-section-id=\"1voekay\" data-start=\"3220\" data-end=\"3316\">Bezpe\u010dn\u00fd a spolehliv\u00fd syst\u00e9m nakl\u00e1dky\/vykl\u00e1dky, voliteln\u011b vybaven\u00fd vykl\u00e1dac\u00edm vysokozdvi\u017en\u00fdm voz\u00edkem.<\/li>\n<li data-section-id=\"p45f8k\" data-start=\"3317\" data-end=\"3417\">Vysoce p\u0159esn\u00e9 \u0161oup\u00e1tka a regul\u00e1tory hmotnostn\u00edho pr\u016ftoku udr\u017euj\u00ed stabiln\u00ed procesn\u00ed atmosf\u00e9ru.<\/li>\n<li data-section-id=\"4p07o1\" data-start=\"3418\" data-end=\"3517\">Modul\u00e1rn\u00ed konstrukce umo\u017e\u0148uje uspo\u0159\u00e1d\u00e1n\u00ed vedle sebe, \u010d\u00edm\u017e se optimalizuje podlahov\u00e1 plocha a vyu\u017eit\u00ed za\u0159\u00edzen\u00ed.<\/li>\n<\/ol>\n<p><img decoding=\"async\" class=\"wp-image-1991 size-full aligncenter\" src=\"https:\/\/www.zmsh-semitech.com\/wp-content\/uploads\/2026\/03\/Sic-raw-material-synthesis-furnace6.png\" alt=\"\" width=\"680\" height=\"352\" srcset=\"https:\/\/www.zmsh-semitech.com\/wp-content\/uploads\/2026\/03\/Sic-raw-material-synthesis-furnace6.png 680w, https:\/\/www.zmsh-semitech.com\/wp-content\/uploads\/2026\/03\/Sic-raw-material-synthesis-furnace6-300x155.png 300w, https:\/\/www.zmsh-semitech.com\/wp-content\/uploads\/2026\/03\/Sic-raw-material-synthesis-furnace6-18x9.png 18w, https:\/\/www.zmsh-semitech.com\/wp-content\/uploads\/2026\/03\/Sic-raw-material-synthesis-furnace6-600x311.png 600w\" sizes=\"(max-width: 680px) 100vw, 680px\" \/><\/p>\n<h2 data-section-id=\"1imsgo3\" data-start=\"3524\" data-end=\"3558\"><span role=\"text\"><strong data-start=\"3527\" data-end=\"3556\">Aplikace a v\u00fdhody<\/strong><\/span><\/h2>\n<p data-start=\"3559\" data-end=\"3737\">Pec na synt\u00e9zu surovin SiC \u00fa\u010dinn\u011b vyr\u00e1b\u00ed karbid k\u0159em\u00edku vysok\u00e9 \u010distoty, p\u0159i\u010dem\u017e dosahuje \u010distoty 99,999% nebo vy\u0161\u0161\u00ed. Syntetizovan\u00e1 surovina SiC je ide\u00e1ln\u00ed pro:<\/p>\n<ul data-start=\"3738\" data-end=\"4228\">\n<li data-section-id=\"1fodfy7\" data-start=\"3738\" data-end=\"3850\"><strong data-start=\"3740\" data-end=\"3766\">R\u016fst monokrystalu:<\/strong> V\u00fdroba vysoce kvalitn\u00edch krystal\u016f SiC pro v\u00fdkonov\u00e1 za\u0159\u00edzen\u00ed, jako jsou MOSFETy a diody.<\/li>\n<li data-section-id=\"be6ua8\" data-start=\"3851\" data-end=\"3955\"><strong data-start=\"3853\" data-end=\"3875\">V\u00fdkonov\u00e1 elektronika:<\/strong> Umo\u017e\u0148uje za\u0159\u00edzen\u00ed s vysok\u00fdm nap\u011bt\u00edm, n\u00edzk\u00fdmi ztr\u00e1tami a vysokofrekven\u010dn\u00edm v\u00fdkonem.<\/li>\n<li data-section-id=\"2a320o\" data-start=\"3956\" data-end=\"4083\"><strong data-start=\"3958\" data-end=\"3994\">Automobilov\u00fd pr\u016fmysl a obnoviteln\u00e9 zdroje energie:<\/strong> Vylep\u0161en\u00ed elektrick\u00fdch vozidel, sol\u00e1rn\u00edch st\u0159\u00edda\u010d\u016f a dal\u0161\u00edch vysoce v\u00fdkonn\u00fdch aplikac\u00ed.<\/li>\n<li data-section-id=\"1kgacmz\" data-start=\"4084\" data-end=\"4228\"><strong data-start=\"4086\" data-end=\"4128\">Pokro\u010dil\u00e1 keramika a optick\u00e1 za\u0159\u00edzen\u00ed:<\/strong> Roz\u0161\u00ed\u0159en\u00ed aplikac\u00ed SiC mimo polovodi\u010de i na pr\u016fmyslovou keramiku a optick\u00e9 sou\u010d\u00e1stky.<\/li>\n<\/ul>\n<h2 data-section-id=\"tdegxz\" data-start=\"4235\" data-end=\"4257\"><span role=\"text\"><strong data-start=\"4238\" data-end=\"4255\">Slu\u017eby ZMSH<\/strong><\/span><\/h2>\n<p data-start=\"4258\" data-end=\"4725\">Spole\u010dnost ZMSH poskytuje kompletn\u00ed procesn\u00ed podporu od n\u00e1vrhu a v\u00fdroby pece a\u017e po poprodejn\u00ed servis. To zahrnuje p\u0159izp\u016fsoben\u00ed za\u0159\u00edzen\u00ed, optimalizaci proces\u016f a technick\u00e9 \u0161kolen\u00ed. D\u00edky pokro\u010dil\u00e9 technologii a rozs\u00e1hl\u00fdm zku\u0161enostem v oboru zaji\u0161\u0165uje spole\u010dnost ZMSH vysoce \u00fa\u010dinn\u00fd a stabiln\u00ed provoz s n\u00edzkou spot\u0159ebou energie a nab\u00edz\u00ed rychlou nep\u0159etr\u017eitou technickou podporu, kter\u00e1 z\u00e1kazn\u00edk\u016fm pom\u00e1h\u00e1 dos\u00e1hnout rozs\u00e1hl\u00e9 v\u00fdroby surovin karbidu k\u0159em\u00edku vysok\u00e9 \u010distoty.<\/p>\n<h2 data-section-id=\"1uqg4yw\" data-start=\"4732\" data-end=\"4773\"><span role=\"text\"><strong data-start=\"4735\" data-end=\"4771\">\u010casto kladen\u00e9 ot\u00e1zky (FAQ)<\/strong><\/span><\/h2>\n<p data-start=\"4774\" data-end=\"5024\"><strong data-start=\"4774\" data-end=\"4842\">Ot\u00e1zka 1: K \u010demu slou\u017e\u00ed pec na synt\u00e9zu surovin SiC?<\/strong><br data-start=\"4842\" data-end=\"4845\" \/>Odpov\u011b\u010f: Pou\u017e\u00edv\u00e1 se k v\u00fdrob\u011b vysoce \u010dist\u00fdch surovin karbidu k\u0159em\u00edku (SiC) vysokoteplotn\u00edmi chemick\u00fdmi reakcemi, kter\u00e9 jsou nezbytn\u00e9 pro v\u00fdrobu polovodi\u010d\u016f, keramiky a optick\u00fdch sou\u010d\u00e1stek.<\/p>\n<p data-start=\"5026\" data-end=\"5265\"><strong data-start=\"5026\" data-end=\"5104\">Ot\u00e1zka 2: Pro\u010d je pro v\u00fdrobu polovodi\u010d\u016f d\u016fle\u017eit\u00e1 synt\u00e9zn\u00ed pec na SiC?<\/strong><br data-start=\"5104\" data-end=\"5107\" \/>Odpov\u011b\u010f: Umo\u017e\u0148uje v\u00fdrobu ultra\u010dist\u00e9ho SiC, kter\u00fd je kl\u00ed\u010dov\u00fd pro p\u011bstov\u00e1n\u00ed vysoce kvalitn\u00edch krystal\u016f SiC pou\u017e\u00edvan\u00fdch ve v\u00fdkonov\u00e9 elektronice a vysokofrekven\u010dn\u00edch za\u0159\u00edzen\u00edch.<\/p>\n<p data-start=\"5267\" data-end=\"5449\"><strong data-start=\"5267\" data-end=\"5327\">Ot\u00e1zka 3: Jak\u00e1 je maxim\u00e1ln\u00ed nosnost pece?<\/strong><br data-start=\"5327\" data-end=\"5330\" \/>Odpov\u011b\u010f: Standardn\u00ed nosnost je 50 kg, co\u017e umo\u017e\u0148uje velkov\u00fdrobu a nap\u00e1jen\u00ed v\u00edce krystalov\u00fdch pec\u00ed.<\/p>\n<p data-start=\"5451\" data-end=\"5708\"><strong data-start=\"5451\" data-end=\"5526\">Ot\u00e1zka 4: Jak\u00e9 jsou p\u0159esnosti regulace teploty a tlaku v peci?<\/strong><br data-start=\"5526\" data-end=\"5529\" \/>A: P\u0159esnost regulace teploty je \u00b11 \u00b0C. P\u0159esnost regulace tlaku se pohybuje od \u00b10,1 mbar do \u00b10,5 mbar v z\u00e1vislosti na rozsahu tlaku, co\u017e zaji\u0161\u0165uje stabiln\u00ed synt\u00e9zu SiC s vysokou \u010distotou.<\/p>","protected":false},"excerpt":{"rendered":"<p>50kg pec na synt\u00e9zu SiC surovin je specializovan\u00e1 vysokoteplotn\u00ed pec ur\u010den\u00e1 k v\u00fdrob\u011b surovin z karbidu k\u0159em\u00edku (SiC) vysok\u00e9 \u010distoty. Jako kritick\u00fd polovodi\u010dov\u00fd a keramick\u00fd materi\u00e1l se SiC \u0161iroce uplat\u0148uje ve v\u00fdkonov\u00e9 elektronice, vysokoteplotn\u00edch za\u0159\u00edzen\u00edch, materi\u00e1lech odoln\u00fdch proti opot\u0159eben\u00ed a optick\u00fdch sou\u010d\u00e1stk\u00e1ch.<\/p>","protected":false},"featured_media":1984,"comment_status":"open","ping_status":"closed","template":"","meta":{"site-sidebar-layout":"default","site-content-layout":"","ast-site-content-layout":"default","site-content-style":"default","site-sidebar-style":"default","ast-global-header-display":"","ast-banner-title-visibility":"","ast-main-header-display":"","ast-hfb-above-header-display":"","ast-hfb-below-header-display":"","ast-hfb-mobile-header-display":"","site-post-title":"","ast-breadcrumbs-content":"","ast-featured-img":"","footer-sml-layout":"","ast-disable-related-posts":"","theme-transparent-header-meta":"default","adv-header-id-meta":"","stick-header-meta":"default","header-above-stick-meta":"","header-main-stick-meta":"","header-below-stick-meta":"","astra-migrate-meta-layouts":"set","ast-page-background-enabled":"default","ast-page-background-meta":{"desktop":{"background-color":"var(--ast-global-color-4)","background-image":"","background-repeat":"repeat","background-position":"center center","background-size":"auto","background-attachment":"scroll","background-type":"","background-media":"","overlay-type":"","overlay-color":"","overlay-opacity":"","overlay-gradient":""},"tablet":{"background-color":"","background-image":"","background-repeat":"repeat","background-position":"center center","background-size":"auto","background-attachment":"scroll","background-type":"","background-media":"","overlay-type":"","overlay-color":"","overlay-opacity":"","overlay-gradient":""},"mobile":{"background-color":"","background-image":"","background-repeat":"repeat","background-position":"center center","background-size":"auto","background-attachment":"scroll","background-type":"","background-media":"","overlay-type":"","overlay-color":"","overlay-opacity":"","overlay-gradient":""}},"ast-content-background-meta":{"desktop":{"background-color":"var(--ast-global-color-5)","background-image":"","background-repeat":"repeat","background-position":"center center","background-size":"auto","background-attachment":"scroll","background-type":"","background-media":"","overlay-type":"","overlay-color":"","overlay-opacity":"","overlay-gradient":""},"tablet":{"background-color":"var(--ast-global-color-5)","background-image":"","background-repeat":"repeat","background-position":"center center","background-size":"auto","background-attachment":"scroll","background-type":"","background-media":"","overlay-type":"","overlay-color":"","overlay-opacity":"","overlay-gradient":""},"mobile":{"background-color":"var(--ast-global-color-5)","background-image":"","background-repeat":"repeat","background-position":"center center","background-size":"auto","background-attachment":"scroll","background-type":"","background-media":"","overlay-type":"","overlay-color":"","overlay-opacity":"","overlay-gradient":""}}},"product_brand":[],"product_cat":[15],"product_tag":[489,504,506,492,496,500,499,505,498,495,507,494,493,501,490,503,491,486,502,497,508],"class_list":{"0":"post-1981","1":"product","2":"type-product","3":"status-publish","4":"has-post-thumbnail","6":"product_cat-crystal-growth-furnace","7":"product_tag-50kg-sic-raw-material-synthesis-furnace","8":"product_tag-crystal-growth","9":"product_tag-furnace-automation","10":"product_tag-high-purity-sic","11":"product_tag-high-temperature-devices","12":"product_tag-high-temperature-furnace","13":"product_tag-induction-heating-furnace","14":"product_tag-industrial-sic-production","15":"product_tag-optical-devices","16":"product_tag-power-electronics","17":"product_tag-pressure-control","18":"product_tag-semiconductor-materials","19":"product_tag-sic-crystal-preparation","20":"product_tag-sic-powder-production","21":"product_tag-sic-raw-material-furnace","22":"product_tag-sic-single-crystal","23":"product_tag-silicon-carbide-synthesis-furnace","24":"product_tag-temperature-control","25":"product_tag-ultra-pure-sic","26":"product_tag-wear-resistant-materials","27":"product_tag-zmsh-equipment","28":"desktop-align-left","29":"tablet-align-left","30":"mobile-align-left","31":"ast-product-gallery-layout-horizontal-slider","32":"ast-product-tabs-layout-horizontal","34":"first","35":"instock","36":"shipping-taxable","37":"product-type-simple"},"_links":{"self":[{"href":"https:\/\/www.zmsh-semitech.com\/cs\/wp-json\/wp\/v2\/product\/1981","targetHints":{"allow":["GET"]}}],"collection":[{"href":"https:\/\/www.zmsh-semitech.com\/cs\/wp-json\/wp\/v2\/product"}],"about":[{"href":"https:\/\/www.zmsh-semitech.com\/cs\/wp-json\/wp\/v2\/types\/product"}],"replies":[{"embeddable":true,"href":"https:\/\/www.zmsh-semitech.com\/cs\/wp-json\/wp\/v2\/comments?post=1981"}],"version-history":[{"count":3,"href":"https:\/\/www.zmsh-semitech.com\/cs\/wp-json\/wp\/v2\/product\/1981\/revisions"}],"predecessor-version":[{"id":1992,"href":"https:\/\/www.zmsh-semitech.com\/cs\/wp-json\/wp\/v2\/product\/1981\/revisions\/1992"}],"wp:featuredmedia":[{"embeddable":true,"href":"https:\/\/www.zmsh-semitech.com\/cs\/wp-json\/wp\/v2\/media\/1984"}],"wp:attachment":[{"href":"https:\/\/www.zmsh-semitech.com\/cs\/wp-json\/wp\/v2\/media?parent=1981"}],"wp:term":[{"taxonomy":"product_brand","embeddable":true,"href":"https:\/\/www.zmsh-semitech.com\/cs\/wp-json\/wp\/v2\/product_brand?post=1981"},{"taxonomy":"product_cat","embeddable":true,"href":"https:\/\/www.zmsh-semitech.com\/cs\/wp-json\/wp\/v2\/product_cat?post=1981"},{"taxonomy":"product_tag","embeddable":true,"href":"https:\/\/www.zmsh-semitech.com\/cs\/wp-json\/wp\/v2\/product_tag?post=1981"}],"curies":[{"name":"wp","href":"https:\/\/api.w.org\/{rel}","templated":true}]}}