{"id":1968,"date":"2026-03-23T06:01:20","date_gmt":"2026-03-23T06:01:20","guid":{"rendered":"https:\/\/www.zmsh-semitech.com\/?post_type=product&#038;p=1968"},"modified":"2026-03-23T06:03:52","modified_gmt":"2026-03-23T06:03:52","slug":"lpcvd-oxidation-furnace","status":"publish","type":"product","link":"https:\/\/www.zmsh-semitech.com\/cs\/product\/lpcvd-oxidation-furnace\/","title":{"rendered":"6\/8\/12palcov\u00e1 oxida\u010dn\u00ed pec LPCVD s vysokou rovnom\u011brnost\u00ed nan\u00e1\u0161en\u00ed tenk\u00fdch vrstev pro pokro\u010dilou v\u00fdrobu polovodi\u010d\u016f"},"content":{"rendered":"<p data-start=\"295\" data-end=\"716\">Oxida\u010dn\u00ed pec LPCVD 6\/8\/12 palc\u016f je nejmodern\u011bj\u0161\u00ed n\u00e1stroj pro v\u00fdrobu polovodi\u010d\u016f ur\u010den\u00fd pro p\u0159esn\u00e9 a rovnom\u011brn\u00e9 nan\u00e1\u0161en\u00ed tenk\u00fdch vrstev. M\u00e1 \u0161irok\u00e9 uplatn\u011bn\u00ed p\u0159i p\u011bstov\u00e1n\u00ed vysoce kvalitn\u00edch vrstev polyk\u0159em\u00edku, nitridu k\u0159em\u00edku a oxidu k\u0159em\u00edku na desti\u010dk\u00e1ch a zaji\u0161\u0165uje konzistentn\u00ed v\u00fdkon pro v\u00fdkonov\u00e9 polovodi\u010de, pokro\u010dil\u00e9 substr\u00e1ty a dal\u0161\u00ed vysoce p\u0159esn\u00e9 aplikace.<\/p>\n<p data-start=\"718\" data-end=\"1176\">Toto za\u0159\u00edzen\u00ed kombinuje pokro\u010dilou technologii n\u00edzkotlak\u00e9ho nan\u00e1\u0161en\u00ed, inteligentn\u00ed \u0159\u00edzen\u00ed teploty a velmi \u010dist\u00fd procesn\u00ed design, aby bylo dosa\u017eeno v\u00fdjime\u010dn\u00e9 rovnom\u011brnosti tenk\u00fdch vrstev a vysok\u00e9 v\u00fdkonnosti. Jeho vertik\u00e1ln\u00ed konfigurace reaktoru umo\u017e\u0148uje efektivn\u00ed d\u00e1vkov\u00e9 zpracov\u00e1n\u00ed, zat\u00edmco proces tepeln\u00e9ho nan\u00e1\u0161en\u00ed zabra\u0148uje po\u0161kozen\u00ed zp\u016fsoben\u00e9mu plazmatem, tak\u017ee je ide\u00e1ln\u00ed pro kritick\u00e9 procesy, jako je tvorba dielektrika hradla, tlumic\u00edch vrstev a ochrann\u00fdch oxid\u016f.<\/p>\n<p data-start=\"718\" data-end=\"1176\"><img fetchpriority=\"high\" decoding=\"async\" class=\"alignnone wp-image-1978 size-full aligncenter\" src=\"https:\/\/www.zmsh-semitech.com\/wp-content\/uploads\/2026\/03\/20250422163156_56112.png\" alt=\"\" width=\"680\" height=\"382\" srcset=\"https:\/\/www.zmsh-semitech.com\/wp-content\/uploads\/2026\/03\/20250422163156_56112.png 680w, https:\/\/www.zmsh-semitech.com\/wp-content\/uploads\/2026\/03\/20250422163156_56112-300x169.png 300w, https:\/\/www.zmsh-semitech.com\/wp-content\/uploads\/2026\/03\/20250422163156_56112-18x10.png 18w, https:\/\/www.zmsh-semitech.com\/wp-content\/uploads\/2026\/03\/20250422163156_56112-600x337.png 600w\" sizes=\"(max-width: 680px) 100vw, 680px\" \/><\/p>\n<p data-start=\"718\" data-end=\"1176\">\n<h2 data-section-id=\"52xoay\" data-start=\"1183\" data-end=\"1206\"><span role=\"text\"><strong data-start=\"1186\" data-end=\"1204\">Hlavn\u00ed v\u00fdhody<\/strong><\/span><\/h2>\n<ul data-start=\"1207\" data-end=\"2119\">\n<li data-section-id=\"5aaqq\" data-start=\"1207\" data-end=\"1402\"><strong data-start=\"1209\" data-end=\"1250\">Vysoce rovnom\u011brn\u00e9 nan\u00e1\u0161en\u00ed tenk\u00fdch vrstev:<\/strong> N\u00edzkotlak\u00e9 prost\u0159ed\u00ed (0,1-10 Torr) zaji\u0161\u0165uje homogenitu mezi jednotliv\u00fdmi desti\u010dkami a uvnit\u0159 desti\u010dky \u00b11,5%, co\u017e je kritick\u00e9 pro v\u00fdrobu vysoce v\u00fdkonn\u00fdch za\u0159\u00edzen\u00ed.<\/li>\n<li data-section-id=\"1gd7krr\" data-start=\"1403\" data-end=\"1564\"><strong data-start=\"1405\" data-end=\"1433\">Vertik\u00e1ln\u00ed konstrukce reaktoru:<\/strong> Zpracov\u00e1v\u00e1 150-200 desti\u010dek na d\u00e1vku, \u010d\u00edm\u017e zvy\u0161uje propustnost a efektivitu v\u00fdroby pro pr\u016fmyslovou v\u00fdrobu polovodi\u010d\u016f.<\/li>\n<li data-section-id=\"k1g5ie\" data-start=\"1565\" data-end=\"1716\"><strong data-start=\"1567\" data-end=\"1610\">Proces tepeln\u00e9ho nan\u00e1\u0161en\u00ed (500-900 \u00b0C):<\/strong> Zaji\u0161\u0165uje \u0161etrn\u00e9 nan\u00e1\u0161en\u00ed bez pou\u017eit\u00ed plazmy, kter\u00e9 chr\u00e1n\u00ed citliv\u00e9 substr\u00e1ty a udr\u017euje vysokou kvalitu filmu.<\/li>\n<li data-section-id=\"15vtswb\" data-start=\"1717\" data-end=\"1844\"><strong data-start=\"1719\" data-end=\"1755\">Inteligentn\u00ed \u0159\u00edzen\u00ed teploty:<\/strong> Monitorov\u00e1n\u00ed a nastaven\u00ed v re\u00e1ln\u00e9m \u010dase s p\u0159esnost\u00ed \u00b11 \u00b0C pro stabiln\u00ed a opakovateln\u00e9 v\u00fdsledky.<\/li>\n<li data-section-id=\"5qswig\" data-start=\"1845\" data-end=\"1966\"><strong data-start=\"1847\" data-end=\"1879\">Ultra\u010dist\u00e1 procesn\u00ed komora:<\/strong> Minimalizuje kontaminaci \u010d\u00e1sticemi, podporuje SiC a dal\u0161\u00ed pokro\u010dil\u00e9 materi\u00e1ly pro v\u00fdrobu desti\u010dek.<\/li>\n<li data-section-id=\"13dmie4\" data-start=\"1967\" data-end=\"2119\"><strong data-start=\"1969\" data-end=\"2000\">P\u0159izp\u016fsobiteln\u00e1 konfigurace:<\/strong> Flexibiln\u00ed konstrukce vyhovuje r\u016fzn\u00fdm procesn\u00edm po\u017eadavk\u016fm, v\u010detn\u011b such\u00e9 nebo mokr\u00e9 oxidace a r\u016fzn\u00fdch velikost\u00ed pl\u00e1tk\u016f.<\/li>\n<\/ul>\n<h2 data-section-id=\"10oaxfc\" data-start=\"2126\" data-end=\"2159\"><span role=\"text\"><strong data-start=\"2129\" data-end=\"2157\">Technick\u00e9 specifikace<\/strong><\/span><\/h2>\n<div class=\"TyagGW_tableContainer\">\n<div class=\"group TyagGW_tableWrapper flex flex-col-reverse w-fit\" tabindex=\"-1\">\n<table class=\"w-fit min-w-(--thread-content-width)\" data-start=\"2161\" data-end=\"2686\">\n<thead data-start=\"2161\" data-end=\"2188\">\n<tr data-start=\"2161\" data-end=\"2188\">\n<th class=\"\" data-start=\"2161\" data-end=\"2171\" data-col-size=\"sm\">Funkce<\/th>\n<th class=\"\" data-start=\"2171\" data-end=\"2188\" data-col-size=\"md\">Specifikace<\/th>\n<\/tr>\n<\/thead>\n<tbody data-start=\"2217\" data-end=\"2686\">\n<tr data-start=\"2217\" data-end=\"2245\">\n<td data-start=\"2217\" data-end=\"2230\" data-col-size=\"sm\">Velikost oplatky<\/td>\n<td data-col-size=\"md\" data-start=\"2230\" data-end=\"2245\">6\/8\/12 Palec<\/td>\n<\/tr>\n<tr data-start=\"2246\" data-end=\"2316\">\n<td data-start=\"2246\" data-end=\"2269\" data-col-size=\"sm\">Kompatibiln\u00ed materi\u00e1ly<\/td>\n<td data-col-size=\"md\" data-start=\"2269\" data-end=\"2316\">Polysilikon, nitrid k\u0159em\u00edku, oxid k\u0159em\u00edku<\/td>\n<\/tr>\n<tr data-start=\"2317\" data-end=\"2372\">\n<td data-start=\"2317\" data-end=\"2334\" data-col-size=\"sm\">Typ oxidace<\/td>\n<td data-col-size=\"md\" data-start=\"2334\" data-end=\"2372\">Such\u00fd kysl\u00edk \/ mokr\u00fd kysl\u00edk (DCE, HCL)<\/td>\n<\/tr>\n<tr data-start=\"2373\" data-end=\"2416\">\n<td data-start=\"2373\" data-end=\"2401\" data-col-size=\"sm\">Rozsah procesn\u00ed teploty<\/td>\n<td data-col-size=\"md\" data-start=\"2401\" data-end=\"2416\">500\u00b0C-900\u00b0C<\/td>\n<\/tr>\n<tr data-start=\"2417\" data-end=\"2456\">\n<td data-start=\"2417\" data-end=\"2445\" data-col-size=\"sm\">Z\u00f3na konstantn\u00ed teploty<\/td>\n<td data-col-size=\"md\" data-start=\"2445\" data-end=\"2456\">\u2265800 mm<\/td>\n<\/tr>\n<tr data-start=\"2457\" data-end=\"2496\">\n<td data-start=\"2457\" data-end=\"2488\" data-col-size=\"sm\">P\u0159esnost regulace teploty<\/td>\n<td data-col-size=\"md\" data-start=\"2488\" data-end=\"2496\">\u00b11\u00b0C<\/td>\n<\/tr>\n<tr data-start=\"2497\" data-end=\"2573\">\n<td data-start=\"2497\" data-end=\"2516\" data-col-size=\"sm\">\u0158\u00edzen\u00ed \u010d\u00e1stic<\/td>\n<td data-col-size=\"md\" data-start=\"2516\" data-end=\"2573\">0,32 \u03bcm), 0,32 \u03bcm), 0,226 \u03bcm)<\/td>\n<\/tr>\n<tr data-start=\"2574\" data-end=\"2608\">\n<td data-start=\"2574\" data-end=\"2591\" data-col-size=\"sm\">Tlou\u0161\u0165ka filmu<\/td>\n<td data-col-size=\"md\" data-start=\"2591\" data-end=\"2608\">NIT1500 \u00b150 \u00c5<\/td>\n<\/tr>\n<tr data-start=\"2609\" data-end=\"2686\">\n<td data-start=\"2609\" data-end=\"2622\" data-col-size=\"sm\">Jednotnost<\/td>\n<td data-start=\"2622\" data-end=\"2686\" data-col-size=\"md\">V r\u00e1mci desti\u010dky &lt;2,5%, mezi desti\u010dkami &lt;2,5%, mezi jednotliv\u00fdmi d\u00e1vkami &lt;2%<\/td>\n<\/tr>\n<\/tbody>\n<\/table>\n<\/div>\n<\/div>\n<h2 data-section-id=\"5mln0p\" data-start=\"2693\" data-end=\"2718\"><span role=\"text\"><strong data-start=\"2696\" data-end=\"2716\">Vlastnosti produktu<\/strong><\/span><\/h2>\n<ul data-start=\"2719\" data-end=\"3240\">\n<li data-section-id=\"1npssef\" data-start=\"2719\" data-end=\"2795\">Automatizovan\u00e1 manipulace s pl\u00e1tky zaji\u0161\u0165uje vysokou bezpe\u010dnost a efektivitu provozu.<\/li>\n<li data-section-id=\"1viv597\" data-start=\"2796\" data-end=\"2893\">Velmi \u010dist\u00e1 procesn\u00ed komora sni\u017euje riziko kontaminace a udr\u017euje st\u00e1lou kvalitu filmu.<\/li>\n<li data-section-id=\"h2e7ah\" data-start=\"2894\" data-end=\"2970\">Vynikaj\u00edc\u00ed rovnom\u011brnost tlou\u0161\u0165ky vrstvy podporuje pokro\u010dilou v\u00fdrobu uzl\u016f.<\/li>\n<li data-section-id=\"i9qs80\" data-start=\"2971\" data-end=\"3065\">Inteligentn\u00ed \u0159\u00edzen\u00ed teploty a tlaku v re\u00e1ln\u00e9m \u010dase umo\u017e\u0148uje p\u0159esn\u00e9 nastaven\u00ed procesu.<\/li>\n<li data-section-id=\"1vojhz5\" data-start=\"3066\" data-end=\"3155\">Podlo\u017eka SiC sni\u017euje t\u0159en\u00ed a tvorbu \u010d\u00e1stic, \u010d\u00edm\u017e prodlu\u017euje \u017eivotnost desti\u010dek.<\/li>\n<li data-section-id=\"1efwava\" data-start=\"3156\" data-end=\"3240\">Modul\u00e1rn\u00ed konstrukce umo\u017e\u0148uje p\u0159izp\u016fsoben\u00ed r\u016fzn\u00fdm aplikac\u00edm a procesn\u00edm pot\u0159eb\u00e1m.<\/li>\n<\/ul>\n<h2 data-section-id=\"1s7c0bk\" data-start=\"3247\" data-end=\"3284\"><span role=\"text\"><strong data-start=\"3250\" data-end=\"3282\">Princip procesu ukl\u00e1d\u00e1n\u00ed<img decoding=\"async\" class=\"size-medium wp-image-1972 alignleft\" src=\"https:\/\/www.zmsh-semitech.com\/wp-content\/uploads\/2026\/03\/LPCVD-deposition-principle-300x246.png\" alt=\"\" width=\"300\" height=\"246\" srcset=\"https:\/\/www.zmsh-semitech.com\/wp-content\/uploads\/2026\/03\/LPCVD-deposition-principle-300x246.png 300w, https:\/\/www.zmsh-semitech.com\/wp-content\/uploads\/2026\/03\/LPCVD-deposition-principle-15x12.png 15w, https:\/\/www.zmsh-semitech.com\/wp-content\/uploads\/2026\/03\/LPCVD-deposition-principle-600x492.png 600w, https:\/\/www.zmsh-semitech.com\/wp-content\/uploads\/2026\/03\/LPCVD-deposition-principle.png 680w\" sizes=\"(max-width: 300px) 100vw, 300px\" \/><\/strong><\/span><\/h2>\n<ol data-start=\"3285\" data-end=\"3910\">\n<li data-section-id=\"1jepk0v\" data-start=\"3285\" data-end=\"3400\"><strong data-start=\"3288\" data-end=\"3309\">Zaveden\u00ed plynu:<\/strong> Reak\u010dn\u00ed plyny se do trubice zav\u00e1d\u011bj\u00ed za n\u00edzk\u00e9ho tlaku (0,25-1 Torr).<\/li>\n<li data-section-id=\"bjphum\" data-start=\"3401\" data-end=\"3506\"><strong data-start=\"3404\" data-end=\"3426\">Povrchov\u00e1 dif\u00faze:<\/strong> Molekuly voln\u011b difunduj\u00ed po povrchu desti\u010dky, co\u017e zaji\u0161\u0165uje rovnom\u011brn\u00e9 pokryt\u00ed.<\/li>\n<li data-section-id=\"yyrb2x\" data-start=\"3507\" data-end=\"3591\"><strong data-start=\"3510\" data-end=\"3525\">Adsorpce:<\/strong> Reaktanty ulp\u00edvaj\u00ed na povrchu desti\u010dky p\u0159ed chemickou reakc\u00ed.<\/li>\n<li data-section-id=\"17r2njo\" data-start=\"3592\" data-end=\"3696\"><strong data-start=\"3595\" data-end=\"3617\">Chemick\u00e1 reakce:<\/strong> Tepeln\u00fdm rozkladem se vytvo\u0159\u00ed po\u017eadovan\u00e1 tenk\u00e1 vrstva p\u0159\u00edmo na podkladu.<\/li>\n<li data-section-id=\"joswp0\" data-start=\"3697\" data-end=\"3802\"><strong data-start=\"3700\" data-end=\"3722\">Odstran\u011bn\u00ed vedlej\u0161\u00edch produkt\u016f:<\/strong> Nereaktivn\u00ed plyny se odv\u00e1d\u011bj\u00ed, aby se zachovala \u010distota a zabr\u00e1nilo se ru\u0161en\u00ed.<\/li>\n<li data-section-id=\"1nf7uqd\" data-start=\"3803\" data-end=\"3910\"><strong data-start=\"3806\" data-end=\"3825\">Tvorba filmu:<\/strong> Reak\u010dn\u00ed produkty se postupn\u011b hromad\u00ed a vytv\u00e1\u0159ej\u00ed rovnom\u011brnou, stabiln\u00ed tenkovrstvou vrstvu.<\/li>\n<\/ol>\n<h2 data-section-id=\"3f2aoc\" data-start=\"3917\" data-end=\"3938\"><span role=\"text\"><strong data-start=\"3920\" data-end=\"3936\">Aplikace<\/strong><\/span><\/h2>\n<ul data-start=\"3939\" data-end=\"4341\">\n<li data-section-id=\"88axke\" data-start=\"3939\" data-end=\"4064\"><strong data-start=\"3941\" data-end=\"3967\">St\u00ednic\u00ed oxidov\u00e1 vrstva:<\/strong> Chr\u00e1n\u00ed k\u0159em\u00edkov\u00e9 desti\u010dky p\u0159ed kontaminac\u00ed a omezuje iontov\u00e9 kan\u00e1lky b\u011bhem proces\u016f dopov\u00e1n\u00ed.<\/li>\n<\/ul>\n<p><img decoding=\"async\" class=\"wp-image-1973 size-full aligncenter\" src=\"https:\/\/www.zmsh-semitech.com\/wp-content\/uploads\/2026\/03\/application-of-oxidation-process1.png\" alt=\"\" width=\"671\" height=\"273\" srcset=\"https:\/\/www.zmsh-semitech.com\/wp-content\/uploads\/2026\/03\/application-of-oxidation-process1.png 671w, https:\/\/www.zmsh-semitech.com\/wp-content\/uploads\/2026\/03\/application-of-oxidation-process1-300x122.png 300w, https:\/\/www.zmsh-semitech.com\/wp-content\/uploads\/2026\/03\/application-of-oxidation-process1-18x7.png 18w, https:\/\/www.zmsh-semitech.com\/wp-content\/uploads\/2026\/03\/application-of-oxidation-process1-600x244.png 600w\" sizes=\"(max-width: 671px) 100vw, 671px\" \/><\/p>\n<ul data-start=\"3939\" data-end=\"4341\">\n<li data-section-id=\"1o3mmvz\" data-start=\"4065\" data-end=\"4204\"><strong data-start=\"4067\" data-end=\"4087\">Oxidov\u00e1 vrstva podlo\u017eky:<\/strong> P\u016fsob\u00ed jako n\u00e1razn\u00edk nap\u011bt\u00ed mezi vrstvami k\u0159em\u00edku a nitridu k\u0159em\u00edku, zabra\u0148uje prask\u00e1n\u00ed desti\u010dek a zvy\u0161uje v\u00fdt\u011b\u017enost.<\/li>\n<\/ul>\n<p><img loading=\"lazy\" decoding=\"async\" class=\"wp-image-1974 size-full aligncenter\" src=\"https:\/\/www.zmsh-semitech.com\/wp-content\/uploads\/2026\/03\/application-of-oxidation-process2.png\" alt=\"\" width=\"602\" height=\"307\" srcset=\"https:\/\/www.zmsh-semitech.com\/wp-content\/uploads\/2026\/03\/application-of-oxidation-process2.png 602w, https:\/\/www.zmsh-semitech.com\/wp-content\/uploads\/2026\/03\/application-of-oxidation-process2-300x153.png 300w, https:\/\/www.zmsh-semitech.com\/wp-content\/uploads\/2026\/03\/application-of-oxidation-process2-18x9.png 18w, https:\/\/www.zmsh-semitech.com\/wp-content\/uploads\/2026\/03\/application-of-oxidation-process2-600x306.png 600w\" sizes=\"(max-width: 602px) 100vw, 602px\" \/><\/p>\n<ul data-start=\"3939\" data-end=\"4341\">\n<li data-section-id=\"10l973e\" data-start=\"4205\" data-end=\"4341\"><strong data-start=\"4207\" data-end=\"4228\">Oxidov\u00e1 vrstva br\u00e1ny:<\/strong> Poskytuje dielektrickou vrstvu ve struktur\u00e1ch MOS a zaji\u0161\u0165uje p\u0159esn\u00e9 veden\u00ed proudu a \u0159\u00edzen\u00ed pole.<\/li>\n<\/ul>\n<p><img loading=\"lazy\" decoding=\"async\" class=\"wp-image-1975 size-full aligncenter\" src=\"https:\/\/www.zmsh-semitech.com\/wp-content\/uploads\/2026\/03\/application-of-oxidation-process3.png\" alt=\"\" width=\"680\" height=\"297\" srcset=\"https:\/\/www.zmsh-semitech.com\/wp-content\/uploads\/2026\/03\/application-of-oxidation-process3.png 680w, https:\/\/www.zmsh-semitech.com\/wp-content\/uploads\/2026\/03\/application-of-oxidation-process3-300x131.png 300w, https:\/\/www.zmsh-semitech.com\/wp-content\/uploads\/2026\/03\/application-of-oxidation-process3-18x8.png 18w, https:\/\/www.zmsh-semitech.com\/wp-content\/uploads\/2026\/03\/application-of-oxidation-process3-600x262.png 600w\" sizes=\"(max-width: 680px) 100vw, 680px\" \/><\/p>\n<h2 data-section-id=\"19sbner\" data-start=\"4348\" data-end=\"4378\"><span role=\"text\"><strong data-start=\"4351\" data-end=\"4376\">Konfigurace syst\u00e9mu<\/strong><\/span><\/h2>\n<ul data-start=\"4379\" data-end=\"4685\">\n<li data-section-id=\"29z8e\" data-start=\"4379\" data-end=\"4496\"><strong data-start=\"4381\" data-end=\"4400\">Vertik\u00e1ln\u00ed LPCVD:<\/strong> Procesn\u00ed plyny proud\u00ed shora dol\u016f, \u010d\u00edm\u017e se dos\u00e1hne rovnom\u011brn\u00e9 depozice na v\u0161ech desti\u010dk\u00e1ch v d\u00e1vce.<\/li>\n<\/ul>\n<p><img loading=\"lazy\" decoding=\"async\" class=\"size-medium wp-image-1976 aligncenter\" src=\"https:\/\/www.zmsh-semitech.com\/wp-content\/uploads\/2026\/03\/Vertical-LPCVD-Systems-300x280.png\" alt=\"\" width=\"300\" height=\"280\" srcset=\"https:\/\/www.zmsh-semitech.com\/wp-content\/uploads\/2026\/03\/Vertical-LPCVD-Systems-300x280.png 300w, https:\/\/www.zmsh-semitech.com\/wp-content\/uploads\/2026\/03\/Vertical-LPCVD-Systems-13x12.png 13w, https:\/\/www.zmsh-semitech.com\/wp-content\/uploads\/2026\/03\/Vertical-LPCVD-Systems-600x560.png 600w, https:\/\/www.zmsh-semitech.com\/wp-content\/uploads\/2026\/03\/Vertical-LPCVD-Systems.png 680w\" sizes=\"(max-width: 300px) 100vw, 300px\" \/><\/p>\n<ul data-start=\"4379\" data-end=\"4685\">\n<li data-section-id=\"1dvx71j\" data-start=\"4497\" data-end=\"4685\"><strong data-start=\"4499\" data-end=\"4520\">Horizont\u00e1ln\u00ed LPCVD:<\/strong> Plyny proud\u00ed pod\u00e9l substr\u00e1t\u016f, co\u017e je vhodn\u00e9 pro kontinu\u00e1ln\u00ed velkoobjemovou v\u00fdrobu, i kdy\u017e se tlou\u0161\u0165ka depozice m\u016f\u017ee v bl\u00edzkosti vstupn\u00ed strany m\u00edrn\u011b li\u0161it.<\/li>\n<\/ul>\n<p><img loading=\"lazy\" decoding=\"async\" class=\"wp-image-1977 size-full aligncenter\" src=\"https:\/\/www.zmsh-semitech.com\/wp-content\/uploads\/2026\/03\/Horizontal-LPCVD-Systems.png\" alt=\"\" width=\"680\" height=\"361\" srcset=\"https:\/\/www.zmsh-semitech.com\/wp-content\/uploads\/2026\/03\/Horizontal-LPCVD-Systems.png 680w, https:\/\/www.zmsh-semitech.com\/wp-content\/uploads\/2026\/03\/Horizontal-LPCVD-Systems-300x159.png 300w, https:\/\/www.zmsh-semitech.com\/wp-content\/uploads\/2026\/03\/Horizontal-LPCVD-Systems-18x10.png 18w, https:\/\/www.zmsh-semitech.com\/wp-content\/uploads\/2026\/03\/Horizontal-LPCVD-Systems-600x319.png 600w\" sizes=\"(max-width: 680px) 100vw, 680px\" \/><\/p>\n<h2 data-section-id=\"4co5vj\" data-start=\"4692\" data-end=\"4727\"><span role=\"text\"><strong data-start=\"4695\" data-end=\"4725\">\u010casto kladen\u00e9 ot\u00e1zky<\/strong><\/span><\/h2>\n<p data-start=\"4728\" data-end=\"5009\"><strong data-start=\"4728\" data-end=\"4769\">Ot\u00e1zka 1: K \u010demu se LPCVD prim\u00e1rn\u011b pou\u017e\u00edv\u00e1?<\/strong><br data-start=\"4769\" data-end=\"4772\" \/>Odpov\u011b\u010f: LPCVD je n\u00edzkotlak\u00fd proces nan\u00e1\u0161en\u00ed tenk\u00fdch vrstev, kter\u00fd se \u0161iroce pou\u017e\u00edv\u00e1 p\u0159i v\u00fdrob\u011b polovodi\u010d\u016f pro nan\u00e1\u0161en\u00ed polyk\u0159em\u00edku, nitridu k\u0159em\u00edku a oxidu k\u0159em\u00edku a umo\u017e\u0148uje vytv\u00e1\u0159et rovnom\u011brn\u00e9 a vysoce kvalitn\u00ed vrstvy pro v\u00fdrobu pokro\u010dil\u00fdch za\u0159\u00edzen\u00ed.<\/p>\n<p data-start=\"5011\" data-end=\"5252\"><strong data-start=\"5011\" data-end=\"5052\">Ot\u00e1zka 2: Jak se LPCVD li\u0161\u00ed od PECVD?<\/strong><br data-start=\"5052\" data-end=\"5055\" \/>Odpov\u011b\u010f: LPCVD se spol\u00e9h\u00e1 na tepelnou aktivaci za n\u00edzk\u00e9ho tlaku, aby se vytvo\u0159ily vysoce \u010dist\u00e9 filmy, zat\u00edmco PECVD pou\u017e\u00edv\u00e1 plazmu p\u0159i ni\u017e\u0161\u00edch teplot\u00e1ch pro rychlej\u0161\u00ed depozici, \u010dasto s m\u00edrn\u011b ni\u017e\u0161\u00ed kvalitou filmu.<\/p>\n<p data-start=\"50\" data-end=\"348\"><strong data-start=\"50\" data-end=\"138\">Q3: Jak\u00e9 velikosti desti\u010dek a materi\u00e1ly jsou kompatibiln\u00ed s touto LPCVD oxida\u010dn\u00ed pec\u00ed?<\/strong><br data-start=\"138\" data-end=\"141\" \/>Odpov\u011b\u010f: Tato pec podporuje 6palcov\u00e9, 8palcov\u00e9 a 12palcov\u00e9 desti\u010dky a je kompatibiln\u00ed s polyk\u0159em\u00edkem, nitridem k\u0159em\u00edku, oxidem k\u0159em\u00edku a SiC desti\u010dkami, co\u017e poskytuje flexibilitu pro r\u016fzn\u00e9 polovodi\u010dov\u00e9 aplikace.<\/p>\n<p data-start=\"350\" data-end=\"673\"><strong data-start=\"350\" data-end=\"427\">Ot\u00e1zka 4: Lze oxida\u010dn\u00ed pec LPCVD p\u0159izp\u016fsobit pro konkr\u00e9tn\u00ed procesy?<\/strong><br data-start=\"427\" data-end=\"430\" \/>Odpov\u011b\u010f: Ano, syst\u00e9m nab\u00edz\u00ed modul\u00e1rn\u00ed konfigurace, v\u010detn\u011b nastaviteln\u00fdch teplotn\u00edch z\u00f3n, \u0159\u00edzen\u00ed pr\u016ftoku plynu a re\u017eim\u016f oxidace (such\u00fd nebo mokr\u00fd), co\u017e umo\u017e\u0148uje splnit r\u016fzn\u00e9 procesn\u00ed po\u017eadavky pro v\u00fdzkum i pr\u016fmyslovou v\u00fdrobu.<\/p>","protected":false},"excerpt":{"rendered":"<p>Oxida\u010dn\u00ed pec LPCVD (Low Pressure Chemical Vapor Deposition) 6\/8\/12 palc\u016f je nejmodern\u011bj\u0161\u00ed n\u00e1stroj pro v\u00fdrobu polovodi\u010d\u016f ur\u010den\u00fd pro p\u0159esn\u00e9 a rovnom\u011brn\u00e9 nan\u00e1\u0161en\u00ed tenk\u00fdch vrstev. M\u00e1 \u0161irok\u00e9 uplatn\u011bn\u00ed p\u0159i p\u011bstov\u00e1n\u00ed vysoce kvalitn\u00edch vrstev polyk\u0159em\u00edku, nitridu k\u0159em\u00edku a oxidu k\u0159em\u00edku na desti\u010dk\u00e1ch a zaji\u0161\u0165uje konzistentn\u00ed v\u00fdkon pro v\u00fdkonov\u00e9 polovodi\u010de, pokro\u010dil\u00e9 substr\u00e1ty a dal\u0161\u00ed vysoce p\u0159esn\u00e9 aplikace.<\/p>","protected":false},"featured_media":1969,"comment_status":"open","ping_status":"closed","template":"","meta":{"site-sidebar-layout":"default","site-content-layout":"","ast-site-content-layout":"default","site-content-style":"default","site-sidebar-style":"default","ast-global-header-display":"","ast-banner-title-visibility":"","ast-main-header-display":"","ast-hfb-above-header-display":"","ast-hfb-below-header-display":"","ast-hfb-mobile-header-display":"","site-post-title":"","ast-breadcrumbs-content":"","ast-featured-img":"","footer-sml-layout":"","ast-disable-related-posts":"","theme-transparent-header-meta":"default","adv-header-id-meta":"","stick-header-meta":"default","header-above-stick-meta":"","header-main-stick-meta":"","header-below-stick-meta":"","astra-migrate-meta-layouts":"set","ast-page-background-enabled":"default","ast-page-background-meta":{"desktop":{"background-color":"var(--ast-global-color-4)","background-image":"","background-repeat":"repeat","background-position":"center center","background-size":"auto","background-attachment":"scroll","background-type":"","background-media":"","overlay-type":"","overlay-color":"","overlay-opacity":"","overlay-gradient":""},"tablet":{"background-color":"","background-image":"","background-repeat":"repeat","background-position":"center center","background-size":"auto","background-attachment":"scroll","background-type":"","background-media":"","overlay-type":"","overlay-color":"","overlay-opacity":"","overlay-gradient":""},"mobile":{"background-color":"","background-image":"","background-repeat":"repeat","background-position":"center center","background-size":"auto","background-attachment":"scroll","background-type":"","background-media":"","overlay-type":"","overlay-color":"","overlay-opacity":"","overlay-gradient":""}},"ast-content-background-meta":{"desktop":{"background-color":"var(--ast-global-color-5)","background-image":"","background-repeat":"repeat","background-position":"center center","background-size":"auto","background-attachment":"scroll","background-type":"","background-media":"","overlay-type":"","overlay-color":"","overlay-opacity":"","overlay-gradient":""},"tablet":{"background-color":"var(--ast-global-color-5)","background-image":"","background-repeat":"repeat","background-position":"center center","background-size":"auto","background-attachment":"scroll","background-type":"","background-media":"","overlay-type":"","overlay-color":"","overlay-opacity":"","overlay-gradient":""},"mobile":{"background-color":"var(--ast-global-color-5)","background-image":"","background-repeat":"repeat","background-position":"center center","background-size":"auto","background-attachment":"scroll","background-type":"","background-media":"","overlay-type":"","overlay-color":"","overlay-opacity":"","overlay-gradient":""}}},"product_brand":[],"product_cat":[15],"product_tag":[468,485,488,480,484,479,476,469,477,470,481,472,110,475,482,102,473,474,486,471,487,478,483],"class_list":{"0":"post-1968","1":"product","2":"type-product","3":"status-publish","4":"has-post-thumbnail","6":"product_cat-crystal-growth-furnace","7":"product_tag-6-8-12-inch-lpcvd-oxidation-furnace","8":"product_tag-automated-wafer-handling","9":"product_tag-customizable-lpcvd","10":"product_tag-gate-oxide","11":"product_tag-high-uniformity-thin-film","12":"product_tag-horizontal-lpcvd","13":"product_tag-low-pressure-chemical-vapor-deposition","14":"product_tag-lpcvd","15":"product_tag-lpcvd-vs-pecvd","16":"product_tag-oxygen-furnace","17":"product_tag-pad-oxide","18":"product_tag-polysilicon","19":"product_tag-semiconductor-equipment","20":"product_tag-semiconductor-manufacturing","21":"product_tag-shielding-oxide","22":"product_tag-sic-wafer","23":"product_tag-silicon-nitride","24":"product_tag-silicon-oxide","25":"product_tag-temperature-control","26":"product_tag-thin-film-deposition","27":"product_tag-ultra-clean-chamber","28":"product_tag-vertical-lpcvd","29":"product_tag-wafer-processing","30":"desktop-align-left","31":"tablet-align-left","32":"mobile-align-left","33":"ast-product-gallery-layout-horizontal-slider","34":"ast-product-tabs-layout-horizontal","36":"first","37":"instock","38":"shipping-taxable","39":"product-type-simple"},"_links":{"self":[{"href":"https:\/\/www.zmsh-semitech.com\/cs\/wp-json\/wp\/v2\/product\/1968","targetHints":{"allow":["GET"]}}],"collection":[{"href":"https:\/\/www.zmsh-semitech.com\/cs\/wp-json\/wp\/v2\/product"}],"about":[{"href":"https:\/\/www.zmsh-semitech.com\/cs\/wp-json\/wp\/v2\/types\/product"}],"replies":[{"embeddable":true,"href":"https:\/\/www.zmsh-semitech.com\/cs\/wp-json\/wp\/v2\/comments?post=1968"}],"version-history":[{"count":3,"href":"https:\/\/www.zmsh-semitech.com\/cs\/wp-json\/wp\/v2\/product\/1968\/revisions"}],"predecessor-version":[{"id":1999,"href":"https:\/\/www.zmsh-semitech.com\/cs\/wp-json\/wp\/v2\/product\/1968\/revisions\/1999"}],"wp:featuredmedia":[{"embeddable":true,"href":"https:\/\/www.zmsh-semitech.com\/cs\/wp-json\/wp\/v2\/media\/1969"}],"wp:attachment":[{"href":"https:\/\/www.zmsh-semitech.com\/cs\/wp-json\/wp\/v2\/media?parent=1968"}],"wp:term":[{"taxonomy":"product_brand","embeddable":true,"href":"https:\/\/www.zmsh-semitech.com\/cs\/wp-json\/wp\/v2\/product_brand?post=1968"},{"taxonomy":"product_cat","embeddable":true,"href":"https:\/\/www.zmsh-semitech.com\/cs\/wp-json\/wp\/v2\/product_cat?post=1968"},{"taxonomy":"product_tag","embeddable":true,"href":"https:\/\/www.zmsh-semitech.com\/cs\/wp-json\/wp\/v2\/product_tag?post=1968"}],"curies":[{"name":"wp","href":"https:\/\/api.w.org\/{rel}","templated":true}]}}