{"id":1958,"date":"2026-03-17T07:34:59","date_gmt":"2026-03-17T07:34:59","guid":{"rendered":"https:\/\/www.zmsh-semitech.com\/?post_type=product&#038;p=1958"},"modified":"2026-03-20T07:40:41","modified_gmt":"2026-03-20T07:40:41","slug":"sic-growth-furnace-pvt-method-for-6-12-inch-silicon-carbide-crystal-production","status":"publish","type":"product","link":"https:\/\/www.zmsh-semitech.com\/cs\/product\/sic-growth-furnace-pvt-method-for-6-12-inch-silicon-carbide-crystal-production\/","title":{"rendered":"R\u016fstov\u00e1 pec SiC (metoda PVT) pro v\u00fdrobu 6-12palcov\u00fdch krystal\u016f karbidu k\u0159em\u00edku"},"content":{"rendered":"<p data-start=\"202\" data-end=\"374\"><img fetchpriority=\"high\" decoding=\"async\" class=\"size-medium wp-image-1960 alignleft\" src=\"https:\/\/www.zmsh-semitech.com\/wp-content\/uploads\/2026\/03\/sic_growth_furnace_pvt_method_6inch_8inch_12_inch_low_energy_consumption1-300x300.webp\" alt=\"\" width=\"300\" height=\"300\" srcset=\"https:\/\/www.zmsh-semitech.com\/wp-content\/uploads\/2026\/03\/sic_growth_furnace_pvt_method_6inch_8inch_12_inch_low_energy_consumption1-300x300.webp 300w, https:\/\/www.zmsh-semitech.com\/wp-content\/uploads\/2026\/03\/sic_growth_furnace_pvt_method_6inch_8inch_12_inch_low_energy_consumption1-150x150.webp 150w, https:\/\/www.zmsh-semitech.com\/wp-content\/uploads\/2026\/03\/sic_growth_furnace_pvt_method_6inch_8inch_12_inch_low_energy_consumption1-12x12.webp 12w, https:\/\/www.zmsh-semitech.com\/wp-content\/uploads\/2026\/03\/sic_growth_furnace_pvt_method_6inch_8inch_12_inch_low_energy_consumption1-600x600.webp 600w, https:\/\/www.zmsh-semitech.com\/wp-content\/uploads\/2026\/03\/sic_growth_furnace_pvt_method_6inch_8inch_12_inch_low_energy_consumption1-100x100.webp 100w, https:\/\/www.zmsh-semitech.com\/wp-content\/uploads\/2026\/03\/sic_growth_furnace_pvt_method_6inch_8inch_12_inch_low_energy_consumption1.webp 750w\" sizes=\"(max-width: 300px) 100vw, 300px\" \/>Pec pro r\u016fst SiC (metoda PVT) je vysoce v\u00fdkonn\u00fd syst\u00e9m ur\u010den\u00fd k v\u00fdrob\u011b 6palcov\u00fdch, 8palcov\u00fdch a 12palcov\u00fdch monokrystal\u016f karbidu k\u0159em\u00edku (SiC).<\/p>\n<p data-start=\"376\" data-end=\"589\">Pec vyu\u017e\u00edv\u00e1 pokro\u010dilou technologii induk\u010dn\u00edho oh\u0159evu a poskytuje rychl\u00fd oh\u0159ev, p\u0159esn\u00e9 \u0159\u00edzen\u00ed teploty a n\u00edzkou spot\u0159ebu energie, co\u017e z n\u00ed \u010din\u00ed ide\u00e1ln\u00ed \u0159e\u0161en\u00ed pro pr\u016fmyslov\u00fd r\u016fst krystal\u016f SiC.<\/p>\n<p data-start=\"591\" data-end=\"734\">Je \u0161iroce pou\u017e\u00edv\u00e1n p\u0159i v\u00fdrob\u011b SiC substr\u00e1t\u016f pro v\u00fdkonovou elektroniku, RF za\u0159\u00edzen\u00ed a polovodi\u010dov\u00e9 aplikace nov\u00e9 generace.<\/p>\n<h2 data-section-id=\"1j5qwet\" data-start=\"741\" data-end=\"760\"><span role=\"text\">Kl\u00ed\u010dov\u00e9 vlastnosti<\/span><\/h2>\n<ul data-start=\"762\" data-end=\"1326\">\n<li data-section-id=\"ogs6zi\" data-start=\"762\" data-end=\"901\">\n<p data-start=\"764\" data-end=\"901\">Induk\u010dn\u00ed topn\u00fd syst\u00e9m<br data-start=\"792\" data-end=\"795\" \/>P\u0159\u00edm\u00fd elektromagnetick\u00fd oh\u0159ev grafitov\u00e9ho kel\u00edmku zaji\u0161\u0165uje vysokou \u00fa\u010dinnost a rychlou tepelnou odezvu.<\/p>\n<\/li>\n<li data-section-id=\"z07p8\" data-start=\"903\" data-end=\"1015\">\n<p data-start=\"905\" data-end=\"1015\">Velmi p\u0159esn\u00e1 regulace teploty<br data-start=\"942\" data-end=\"945\" \/>P\u0159esnost a\u017e \u00b11 \u00b0C, co\u017e zaji\u0161\u0165uje stabiln\u00ed podm\u00ednky r\u016fstu krystal\u016f.<\/p>\n<\/li>\n<li data-section-id=\"zdj5hp\" data-start=\"1017\" data-end=\"1115\">\n<p data-start=\"1019\" data-end=\"1115\">N\u00edzk\u00e1 spot\u0159eba energie<br data-start=\"1045\" data-end=\"1048\" \/>Optimalizovan\u00e1 tepeln\u00e1 konstrukce v\u00fdrazn\u011b sni\u017euje provozn\u00ed n\u00e1klady<\/p>\n<\/li>\n<li data-section-id=\"bvht84\" data-start=\"1117\" data-end=\"1228\">\n<p data-start=\"1119\" data-end=\"1228\">Vysok\u00e1 stabilita a n\u00edzk\u00e1 kontaminace<br data-start=\"1157\" data-end=\"1160\" \/>Bezkontaktn\u00ed oh\u0159ev + prost\u0159ed\u00ed inertn\u00edho plynu minimalizuje ne\u010distoty<\/p>\n<\/li>\n<li data-section-id=\"zzzuyf\" data-start=\"1230\" data-end=\"1326\">\n<p data-start=\"1232\" data-end=\"1326\">\u0160k\u00e1lovatelnost pro krystaly velk\u00e9ho pr\u016fm\u011bru<br data-start=\"1272\" data-end=\"1275\" \/>Podporuje r\u016fst krystal\u016f SiC 6\u2033, 8\u2033 a 12\u2033<\/p>\n<\/li>\n<\/ul>\n<h2 data-section-id=\"id1bjs\" data-start=\"1333\" data-end=\"1364\"><span role=\"text\">Technick\u00e9 specifikace<\/span><\/h2>\n<div class=\"TyagGW_tableContainer\">\n<div class=\"group TyagGW_tableWrapper flex flex-col-reverse w-fit\" tabindex=\"-1\">\n<table class=\"w-fit min-w-(--thread-content-width)\" data-start=\"1366\" data-end=\"1845\">\n<thead data-start=\"1366\" data-end=\"1395\">\n<tr data-start=\"1366\" data-end=\"1395\">\n<th class=\"\" data-start=\"1366\" data-end=\"1378\" data-col-size=\"sm\">Parametr<\/th>\n<th class=\"\" data-start=\"1378\" data-end=\"1395\" data-col-size=\"sm\">Specifikace<\/th>\n<\/tr>\n<\/thead>\n<tbody data-start=\"1423\" data-end=\"1845\">\n<tr data-start=\"1423\" data-end=\"1484\">\n<td data-start=\"1423\" data-end=\"1444\" data-col-size=\"sm\">Rozm\u011bry (D \u00d7 \u0160 \u00d7 V)<\/td>\n<td data-col-size=\"sm\" data-start=\"1444\" data-end=\"1484\">3200 \u00d7 1150 \u00d7 3600 mm (p\u0159izp\u016fsobiteln\u00e9)<\/td>\n<\/tr>\n<tr data-start=\"1485\" data-end=\"1522\">\n<td data-start=\"1485\" data-end=\"1512\" data-col-size=\"sm\">Pr\u016fm\u011br komory pece<\/td>\n<td data-col-size=\"sm\" data-start=\"1512\" data-end=\"1522\">400 mm<\/td>\n<\/tr>\n<tr data-start=\"1523\" data-end=\"1555\">\n<td data-start=\"1523\" data-end=\"1545\" data-col-size=\"sm\">Maxim\u00e1ln\u00ed teplota<\/td>\n<td data-col-size=\"sm\" data-start=\"1545\" data-end=\"1555\">2400\u00b0C<\/td>\n<\/tr>\n<tr data-start=\"1556\" data-end=\"1590\">\n<td data-start=\"1556\" data-end=\"1576\" data-col-size=\"sm\">Teplotn\u00ed rozsah<\/td>\n<td data-col-size=\"sm\" data-start=\"1576\" data-end=\"1590\">900-3000\u00b0C<\/td>\n<\/tr>\n<tr data-start=\"1591\" data-end=\"1622\">\n<td data-start=\"1591\" data-end=\"1614\" data-col-size=\"sm\">P\u0159esnost teploty<\/td>\n<td data-col-size=\"sm\" data-start=\"1614\" data-end=\"1622\">\u00b11\u00b0C<\/td>\n<\/tr>\n<tr data-start=\"1623\" data-end=\"1661\">\n<td data-start=\"1623\" data-end=\"1640\" data-col-size=\"sm\">Zp\u016fsob vyt\u00e1p\u011bn\u00ed<\/td>\n<td data-col-size=\"sm\" data-start=\"1640\" data-end=\"1661\">Induk\u010dn\u00ed oh\u0159ev<\/td>\n<\/tr>\n<tr data-start=\"1662\" data-end=\"1696\">\n<td data-start=\"1662\" data-end=\"1677\" data-col-size=\"sm\">Nap\u00e1jen\u00ed<\/td>\n<td data-col-size=\"sm\" data-start=\"1677\" data-end=\"1696\">40 kW, 8-12 kHz<\/td>\n<\/tr>\n<tr data-start=\"1697\" data-end=\"1727\">\n<td data-start=\"1697\" data-end=\"1712\" data-col-size=\"sm\">\u00darove\u0148 vakua<\/td>\n<td data-col-size=\"sm\" data-start=\"1712\" data-end=\"1727\">5 \u00d7 10-\u2074 Pa<\/td>\n<\/tr>\n<tr data-start=\"1728\" data-end=\"1759\">\n<td data-start=\"1728\" data-end=\"1745\" data-col-size=\"sm\">Rozsah tlaku<\/td>\n<td data-col-size=\"sm\" data-start=\"1745\" data-end=\"1759\">1-700 mbar<\/td>\n<\/tr>\n<tr data-start=\"1760\" data-end=\"1809\">\n<td data-start=\"1760\" data-end=\"1786\" data-col-size=\"sm\">M\u011b\u0159en\u00ed teploty<\/td>\n<td data-col-size=\"sm\" data-start=\"1786\" data-end=\"1809\">Dvoubarevn\u00fd infra\u010derven\u00fd<\/td>\n<\/tr>\n<tr data-start=\"1810\" data-end=\"1845\">\n<td data-start=\"1810\" data-end=\"1827\" data-col-size=\"sm\">Zp\u016fsob nakl\u00e1d\u00e1n\u00ed<\/td>\n<td data-col-size=\"sm\" data-start=\"1827\" data-end=\"1845\">Nakl\u00e1d\u00e1n\u00ed zespodu<\/td>\n<\/tr>\n<\/tbody>\n<\/table>\n<\/div>\n<\/div>\n<h2 data-section-id=\"19xifj\" data-start=\"1852\" data-end=\"1876\"><span role=\"text\">V\u00fdhody designu<\/span><\/h2>\n<ul data-start=\"1878\" data-end=\"2444\">\n<li data-section-id=\"15rdkd0\" data-start=\"1878\" data-end=\"1949\">\n<p data-start=\"1880\" data-end=\"1949\">Kompatibiln\u00ed s poloizola\u010dn\u00edm a vodiv\u00fdm r\u016fstem krystal\u016f SiC<\/p>\n<\/li>\n<li data-section-id=\"3g3jo9\" data-start=\"1950\" data-end=\"2014\">\n<p data-start=\"1952\" data-end=\"2014\">Syst\u00e9m ot\u00e1\u010den\u00ed kel\u00edmk\u016f zlep\u0161uje rovnom\u011brnost teploty<\/p>\n<\/li>\n<li data-section-id=\"s4nwuu\" data-start=\"2015\" data-end=\"2084\">\n<p data-start=\"2017\" data-end=\"2084\">Nastaviteln\u00fd zdvih induk\u010dn\u00ed c\u00edvky sni\u017euje tepeln\u00e9 ru\u0161en\u00ed<\/p>\n<\/li>\n<li data-section-id=\"1cea8gr\" data-start=\"2085\" data-end=\"2160\">\n<p data-start=\"2087\" data-end=\"2160\">Dvouvrstv\u00e1 vodou chlazen\u00e1 k\u0159emenn\u00e1 komora prodlu\u017euje \u017eivotnost za\u0159\u00edzen\u00ed<\/p>\n<\/li>\n<li data-section-id=\"c1n2wn\" data-start=\"2161\" data-end=\"2212\">\n<p data-start=\"2163\" data-end=\"2212\">Dvoubodov\u00e9 monitorov\u00e1n\u00ed teploty v re\u00e1ln\u00e9m \u010dase<\/p>\n<\/li>\n<li data-section-id=\"wvcxrl\" data-start=\"2213\" data-end=\"2279\">\n<p data-start=\"2215\" data-end=\"2279\">V\u00edce re\u017eim\u016f regulace: konstantn\u00ed v\u00fdkon \/ proud \/ teplota<\/p>\n<\/li>\n<li data-section-id=\"1it8b3k\" data-start=\"2280\" data-end=\"2339\">\n<p data-start=\"2282\" data-end=\"2339\">Inteligentn\u00ed spu\u0161t\u011bn\u00ed jedn\u00edm kliknut\u00edm pro automatizovan\u00fd provoz<\/p>\n<\/li>\n<li data-section-id=\"1fwnkom\" data-start=\"2340\" data-end=\"2390\">\n<p data-start=\"2342\" data-end=\"2390\">Kompaktn\u00ed struktura pro efektivn\u00ed uspo\u0159\u00e1d\u00e1n\u00ed tov\u00e1rny<\/p>\n<\/li>\n<li data-section-id=\"ukpte9\" data-start=\"2391\" data-end=\"2444\">\n<p data-start=\"2393\" data-end=\"2444\">Vysoce p\u0159esn\u00e1 regulace tlaku (a\u017e \u00b11 Pa)<\/p>\n<\/li>\n<\/ul>\n<h2 data-section-id=\"dd8gcy\" data-start=\"2451\" data-end=\"2484\"><span role=\"text\">V\u00fdkon a aplikace<\/span><\/h2>\n<p data-start=\"2486\" data-end=\"2606\">Pec umo\u017e\u0148uje r\u016fst vysoce \u010dist\u00fdch (\u226599,999%) a m\u00e1lo defektn\u00edch monokrystal\u016f SiC, kter\u00e9 jsou d\u016fle\u017eit\u00e9 pro:<\/p>\n<ul data-start=\"2608\" data-end=\"2760\">\n<li data-section-id=\"13272pw\" data-start=\"2608\" data-end=\"2625\">\n<p data-start=\"2610\" data-end=\"2625\">SiC MOSFETy<\/p>\n<\/li>\n<li data-section-id=\"1io6t0d\" data-start=\"2626\" data-end=\"2647\">\n<p data-start=\"2628\" data-end=\"2647\">Schottkyho diody<\/p>\n<\/li>\n<li data-section-id=\"y84f9z\" data-start=\"2648\" data-end=\"2664\">\n<p data-start=\"2650\" data-end=\"2664\">RF za\u0159\u00edzen\u00ed<\/p>\n<\/li>\n<li data-section-id=\"1pnu15w\" data-start=\"2665\" data-end=\"2707\">\n<p data-start=\"2667\" data-end=\"2707\">Elektrick\u00e1 vozidla (nap\u00e1jec\u00ed moduly pro elektromobily)<\/p>\n<\/li>\n<li data-section-id=\"y6h80t\" data-start=\"2708\" data-end=\"2729\">\n<p data-start=\"2710\" data-end=\"2729\">Sol\u00e1rn\u00ed st\u0159\u00edda\u010de<\/p>\n<\/li>\n<li data-section-id=\"1qsmuuk\" data-start=\"2730\" data-end=\"2760\">\n<p data-start=\"2732\" data-end=\"2760\">Komunika\u010dn\u00ed syst\u00e9my 5G<\/p>\n<\/li>\n<\/ul>\n<p data-start=\"2762\" data-end=\"2913\">D\u00edky stabiln\u00ed tepeln\u00e9 regulaci a optimalizovan\u00fdm podm\u00ednk\u00e1m r\u016fstu zaji\u0161\u0165uje syst\u00e9m vysokou v\u00fdt\u011b\u017enost, konzistenci a \u0161k\u00e1lovatelnost pro pr\u016fmyslovou v\u00fdrobu.<\/p>\n<p data-start=\"2762\" data-end=\"2913\"><img decoding=\"async\" class=\"wp-image-1959 size-full aligncenter\" src=\"https:\/\/www.zmsh-semitech.com\/wp-content\/uploads\/2026\/03\/SiC-Growth-Furnace5.png\" alt=\"\" width=\"680\" height=\"235\" srcset=\"https:\/\/www.zmsh-semitech.com\/wp-content\/uploads\/2026\/03\/SiC-Growth-Furnace5.png 680w, https:\/\/www.zmsh-semitech.com\/wp-content\/uploads\/2026\/03\/SiC-Growth-Furnace5-300x104.png 300w, https:\/\/www.zmsh-semitech.com\/wp-content\/uploads\/2026\/03\/SiC-Growth-Furnace5-18x6.png 18w, https:\/\/www.zmsh-semitech.com\/wp-content\/uploads\/2026\/03\/SiC-Growth-Furnace5-600x207.png 600w\" sizes=\"(max-width: 680px) 100vw, 680px\" \/><\/p>\n<h2 data-section-id=\"5j7o8m\" data-start=\"2920\" data-end=\"2950\"><span role=\"text\">Na\u0161e schopnosti (ZMSH)<\/span><\/h2>\n<h3 data-section-id=\"nzquib\" data-start=\"2952\" data-end=\"2986\"><span role=\"text\">1. V\u00fdroba za\u0159\u00edzen\u00ed<\/span><\/h3>\n<ul data-start=\"2987\" data-end=\"3088\">\n<li data-section-id=\"wv6e21\" data-start=\"2987\" data-end=\"3023\">\n<p data-start=\"2989\" data-end=\"3023\">Vlastn\u00ed konstrukce r\u016fstov\u00e9 pece pro SiC<\/p>\n<\/li>\n<li data-section-id=\"1g5dx6p\" data-start=\"3024\" data-end=\"3088\">\n<p data-start=\"3026\" data-end=\"3088\">Podpora r\u016fzn\u00fdch velikost\u00ed krystal\u016f a procesn\u00edch po\u017eadavk\u016f<\/p>\n<\/li>\n<\/ul>\n<h3 data-section-id=\"1pgjp80\" data-start=\"3090\" data-end=\"3121\"><span role=\"text\">2. Optimalizace procesu<\/span><\/h3>\n<ul data-start=\"3122\" data-end=\"3194\">\n<li data-section-id=\"1jqry7h\" data-start=\"3122\" data-end=\"3153\">\n<p data-start=\"3124\" data-end=\"3153\">Lad\u011bn\u00ed parametr\u016f r\u016fstu PVT<\/p>\n<\/li>\n<li data-section-id=\"10fvpi3\" data-start=\"3154\" data-end=\"3194\">\n<p data-start=\"3156\" data-end=\"3194\">Zlep\u0161en\u00ed v\u00fdt\u011b\u017enosti a hustoty defekt\u016f<\/p>\n<\/li>\n<\/ul>\n<h3 data-section-id=\"1r72ltt\" data-start=\"3196\" data-end=\"3230\"><span role=\"text\">3. Instalace a \u0161kolen\u00ed<\/span><\/h3>\n<ul data-start=\"3231\" data-end=\"3293\">\n<li data-section-id=\"1ai7hs2\" data-start=\"3231\" data-end=\"3256\">\n<p data-start=\"3233\" data-end=\"3256\">Uveden\u00ed do provozu na m\u00edst\u011b<\/p>\n<\/li>\n<li data-section-id=\"19g5oqu\" data-start=\"3257\" data-end=\"3293\">\n<p data-start=\"3259\" data-end=\"3293\">\u0160kolen\u00ed o provozu a \u00fadr\u017eb\u011b<\/p>\n<\/li>\n<\/ul>\n<h3 data-section-id=\"10lvac2\" data-start=\"3295\" data-end=\"3325\"><span role=\"text\">4. Poprodejn\u00ed podpora<\/span><\/h3>\n<ul data-start=\"3326\" data-end=\"3393\">\n<li data-section-id=\"19dqvur\" data-start=\"3326\" data-end=\"3355\">\n<p data-start=\"3328\" data-end=\"3355\">technick\u00e1 pomoc 24 hodin denn\u011b, 7 dn\u00ed v t\u00fddnu<\/p>\n<\/li>\n<li data-section-id=\"k1vcv1\" data-start=\"3356\" data-end=\"3393\">\n<p data-start=\"3358\" data-end=\"3393\">Technick\u00e1 podpora s rychlou odezvou<\/p>\n<\/li>\n<\/ul>\n<h2 data-section-id=\"elc90z\" data-start=\"3400\" data-end=\"3410\"><span role=\"text\">\u010cASTO KLADEN\u00c9 DOTAZY<\/span><\/h2>\n<p data-start=\"3412\" data-end=\"3632\">Ot\u00e1zka 1: Co je metoda PVT p\u0159i r\u016fstu krystal\u016f SiC?<br data-start=\"3465\" data-end=\"3468\" \/>Odpov\u011b\u010f: Fyzik\u00e1ln\u00ed transport par (PVT) je proces, p\u0159i kter\u00e9m se pr\u00e1\u0161ek SiC sublimuje p\u0159i vysok\u00e9 teplot\u011b a rekrystalizuje na krystalov\u00e9m z\u00e1rodku za vzniku objemn\u00fdch monokrystal\u016f.<\/p>\n<p data-start=\"3634\" data-end=\"3841\">Ot\u00e1zka 2: Pro\u010d zvolit induk\u010dn\u00ed oh\u0159ev pro r\u016fst SiC?<br data-start=\"3686\" data-end=\"3689\" \/>Odpov\u011b\u010f: Induk\u010dn\u00ed oh\u0159ev poskytuje rychlou odezvu, vysokou \u00fa\u010dinnost a p\u0159esn\u00e9 \u0159\u00edzen\u00ed, kter\u00e9 jsou nezbytn\u00e9 pro stabiln\u00ed r\u016fst krystal\u016f SiC s n\u00edzk\u00fdm po\u010dtem defekt\u016f.<\/p>","protected":false},"excerpt":{"rendered":"<p data-start=\"202\" data-end=\"374\">Pec pro r\u016fst SiC (metoda PVT) je vysoce v\u00fdkonn\u00fd syst\u00e9m ur\u010den\u00fd k v\u00fdrob\u011b 6palcov\u00fdch, 8palcov\u00fdch a 12palcov\u00fdch monokrystal\u016f karbidu k\u0159em\u00edku (SiC).<\/p>\n<p data-start=\"376\" data-end=\"589\">Pec vyu\u017e\u00edv\u00e1 pokro\u010dilou technologii induk\u010dn\u00edho oh\u0159evu a poskytuje rychl\u00fd oh\u0159ev, p\u0159esn\u00e9 \u0159\u00edzen\u00ed teploty a n\u00edzkou spot\u0159ebu energie, co\u017e z n\u00ed \u010din\u00ed ide\u00e1ln\u00ed \u0159e\u0161en\u00ed pro pr\u016fmyslov\u00fd r\u016fst krystal\u016f SiC.<\/p>\n<p data-start=\"591\" data-end=\"734\">Je \u0161iroce pou\u017e\u00edv\u00e1n p\u0159i v\u00fdrob\u011b SiC substr\u00e1t\u016f pro v\u00fdkonovou elektroniku, RF za\u0159\u00edzen\u00ed a polovodi\u010dov\u00e9 aplikace nov\u00e9 generace.<\/p>","protected":false},"featured_media":1961,"comment_status":"open","ping_status":"closed","template":"","meta":{"site-sidebar-layout":"default","site-content-layout":"","ast-site-content-layout":"default","site-content-style":"default","site-sidebar-style":"default","ast-global-header-display":"","ast-banner-title-visibility":"","ast-main-header-display":"","ast-hfb-above-header-display":"","ast-hfb-below-header-display":"","ast-hfb-mobile-header-display":"","site-post-title":"","ast-breadcrumbs-content":"","ast-featured-img":"","footer-sml-layout":"","ast-disable-related-posts":"","theme-transparent-header-meta":"default","adv-header-id-meta":"","stick-header-meta":"default","header-above-stick-meta":"","header-main-stick-meta":"","header-below-stick-meta":"","astra-migrate-meta-layouts":"set","ast-page-background-enabled":"default","ast-page-background-meta":{"desktop":{"background-color":"var(--ast-global-color-4)","background-image":"","background-repeat":"repeat","background-position":"center center","background-size":"auto","background-attachment":"scroll","background-type":"","background-media":"","overlay-type":"","overlay-color":"","overlay-opacity":"","overlay-gradient":""},"tablet":{"background-color":"","background-image":"","background-repeat":"repeat","background-position":"center center","background-size":"auto","background-attachment":"scroll","background-type":"","background-media":"","overlay-type":"","overlay-color":"","overlay-opacity":"","overlay-gradient":""},"mobile":{"background-color":"","background-image":"","background-repeat":"repeat","background-position":"center center","background-size":"auto","background-attachment":"scroll","background-type":"","background-media":"","overlay-type":"","overlay-color":"","overlay-opacity":"","overlay-gradient":""}},"ast-content-background-meta":{"desktop":{"background-color":"var(--ast-global-color-5)","background-image":"","background-repeat":"repeat","background-position":"center center","background-size":"auto","background-attachment":"scroll","background-type":"","background-media":"","overlay-type":"","overlay-color":"","overlay-opacity":"","overlay-gradient":""},"tablet":{"background-color":"var(--ast-global-color-5)","background-image":"","background-repeat":"repeat","background-position":"center center","background-size":"auto","background-attachment":"scroll","background-type":"","background-media":"","overlay-type":"","overlay-color":"","overlay-opacity":"","overlay-gradient":""},"mobile":{"background-color":"var(--ast-global-color-5)","background-image":"","background-repeat":"repeat","background-position":"center center","background-size":"auto","background-attachment":"scroll","background-type":"","background-media":"","overlay-type":"","overlay-color":"","overlay-opacity":"","overlay-gradient":""}}},"product_brand":[],"product_cat":[15],"product_tag":[465,464,148,467,461,110,460,463,466,462],"class_list":{"0":"post-1958","1":"product","2":"type-product","3":"status-publish","4":"has-post-thumbnail","6":"product_cat-crystal-growth-furnace","7":"product_tag-12-inch-sic-furnace","8":"product_tag-6-inch-sic-wafer-production","9":"product_tag-8-inch-sic-crystal-growth","10":"product_tag-pvt-crystal-growth-system","11":"product_tag-pvt-sic-furnace","12":"product_tag-semiconductor-equipment","13":"product_tag-sic-growth-furnace","14":"product_tag-sic-induction-furnace","15":"product_tag-sic-substrate-manufacturing","16":"product_tag-silicon-carbide-crystal-growth","17":"desktop-align-left","18":"tablet-align-left","19":"mobile-align-left","20":"ast-product-gallery-layout-horizontal-slider","21":"ast-product-tabs-layout-horizontal","23":"first","24":"instock","25":"shipping-taxable","26":"product-type-simple"},"_links":{"self":[{"href":"https:\/\/www.zmsh-semitech.com\/cs\/wp-json\/wp\/v2\/product\/1958","targetHints":{"allow":["GET"]}}],"collection":[{"href":"https:\/\/www.zmsh-semitech.com\/cs\/wp-json\/wp\/v2\/product"}],"about":[{"href":"https:\/\/www.zmsh-semitech.com\/cs\/wp-json\/wp\/v2\/types\/product"}],"replies":[{"embeddable":true,"href":"https:\/\/www.zmsh-semitech.com\/cs\/wp-json\/wp\/v2\/comments?post=1958"}],"version-history":[{"count":3,"href":"https:\/\/www.zmsh-semitech.com\/cs\/wp-json\/wp\/v2\/product\/1958\/revisions"}],"predecessor-version":[{"id":1966,"href":"https:\/\/www.zmsh-semitech.com\/cs\/wp-json\/wp\/v2\/product\/1958\/revisions\/1966"}],"wp:featuredmedia":[{"embeddable":true,"href":"https:\/\/www.zmsh-semitech.com\/cs\/wp-json\/wp\/v2\/media\/1961"}],"wp:attachment":[{"href":"https:\/\/www.zmsh-semitech.com\/cs\/wp-json\/wp\/v2\/media?parent=1958"}],"wp:term":[{"taxonomy":"product_brand","embeddable":true,"href":"https:\/\/www.zmsh-semitech.com\/cs\/wp-json\/wp\/v2\/product_brand?post=1958"},{"taxonomy":"product_cat","embeddable":true,"href":"https:\/\/www.zmsh-semitech.com\/cs\/wp-json\/wp\/v2\/product_cat?post=1958"},{"taxonomy":"product_tag","embeddable":true,"href":"https:\/\/www.zmsh-semitech.com\/cs\/wp-json\/wp\/v2\/product_tag?post=1958"}],"curies":[{"name":"wp","href":"https:\/\/api.w.org\/{rel}","templated":true}]}}