{"id":1948,"date":"2026-03-17T07:21:48","date_gmt":"2026-03-17T07:21:48","guid":{"rendered":"https:\/\/www.zmsh-semitech.com\/?post_type=product&#038;p=1948"},"modified":"2026-03-20T07:22:42","modified_gmt":"2026-03-20T07:22:42","slug":"sic-crystal-growth-furnace-pvt-lpe-ht-cvd-for-high-quality-silicon-carbide-single-crystal-production","status":"publish","type":"product","link":"https:\/\/www.zmsh-semitech.com\/cs\/product\/sic-crystal-growth-furnace-pvt-lpe-ht-cvd-for-high-quality-silicon-carbide-single-crystal-production\/","title":{"rendered":"Pec pro r\u016fst SiC krystal\u016f (PVT \/ LPE \/ HT-CVD) pro v\u00fdrobu vysoce kvalitn\u00edch monokrystal\u016f karbidu k\u0159em\u00edku"},"content":{"rendered":"<p data-start=\"204\" data-end=\"416\"><img fetchpriority=\"high\" decoding=\"async\" class=\"size-medium wp-image-1950 alignright\" src=\"https:\/\/www.zmsh-semitech.com\/wp-content\/uploads\/2026\/03\/sic_crystal_growth_furnace_pvt_lpe_ht_cvd_high_quality_sic_single_crystal_growth_method-300x259.webp\" alt=\"\" width=\"300\" height=\"259\" srcset=\"https:\/\/www.zmsh-semitech.com\/wp-content\/uploads\/2026\/03\/sic_crystal_growth_furnace_pvt_lpe_ht_cvd_high_quality_sic_single_crystal_growth_method-300x259.webp 300w, https:\/\/www.zmsh-semitech.com\/wp-content\/uploads\/2026\/03\/sic_crystal_growth_furnace_pvt_lpe_ht_cvd_high_quality_sic_single_crystal_growth_method-14x12.webp 14w, https:\/\/www.zmsh-semitech.com\/wp-content\/uploads\/2026\/03\/sic_crystal_growth_furnace_pvt_lpe_ht_cvd_high_quality_sic_single_crystal_growth_method-600x518.webp 600w, https:\/\/www.zmsh-semitech.com\/wp-content\/uploads\/2026\/03\/sic_crystal_growth_furnace_pvt_lpe_ht_cvd_high_quality_sic_single_crystal_growth_method.webp 750w\" sizes=\"(max-width: 300px) 100vw, 300px\" \/>Pec pro r\u016fst krystal\u016f SiC je d\u016fle\u017eit\u00fdm za\u0159\u00edzen\u00edm pro v\u00fdrobu vysoce kvalitn\u00edch monokrystal\u016f karbidu k\u0159em\u00edku (SiC) pou\u017e\u00edvan\u00fdch ve v\u00fdkonov\u00e9 elektronice, r\u00e1diov\u00fdch za\u0159\u00edzen\u00edch a pokro\u010dil\u00fdch polovodi\u010dov\u00fdch aplikac\u00edch.<\/p>\n<p data-start=\"418\" data-end=\"489\">Na\u0161e syst\u00e9my podporuj\u00ed \u0159adu hlavn\u00edch r\u016fstov\u00fdch technologi\u00ed, v\u010detn\u011b:<\/p>\n<ul data-start=\"491\" data-end=\"612\">\n<li data-section-id=\"12iy5p3\" data-start=\"491\" data-end=\"525\">\n<p data-start=\"493\" data-end=\"525\">Fyzik\u00e1ln\u00ed transport par (PVT)<\/p>\n<\/li>\n<li data-section-id=\"yxgf5n\" data-start=\"526\" data-end=\"556\">\n<p data-start=\"528\" data-end=\"556\">Epitaxe v kapaln\u00e9 f\u00e1zi (LPE)<\/p>\n<\/li>\n<li data-section-id=\"ch2v4w\" data-start=\"557\" data-end=\"612\">\n<p data-start=\"559\" data-end=\"612\">Vysokoteplotn\u00ed chemick\u00e9 napa\u0159ov\u00e1n\u00ed (HT-CVD)<\/p>\n<\/li>\n<\/ul>\n<p data-start=\"614\" data-end=\"833\">D\u00edky p\u0159esn\u00e9mu \u0159\u00edzen\u00ed vysok\u00e9 teploty, vakua a pr\u016ftoku plynu umo\u017e\u0148uje pec stabiln\u00ed v\u00fdrobu krystal\u016f SiC s n\u00edzk\u00fdm v\u00fdskytem vad a vysokou \u010distotou ve velikostech 4-6 palc\u016f, p\u0159i\u010dem\u017e pro v\u011bt\u0161\u00ed pr\u016fm\u011bry je mo\u017en\u00e9 p\u0159izp\u016fsoben\u00ed.<\/p>\n<h2 data-section-id=\"z1sk7h\" data-start=\"840\" data-end=\"883\"><span role=\"text\">Podporovan\u00e9 metody r\u016fstu krystal\u016f SiC<\/span><\/h2>\n<h3 data-section-id=\"kspzpi\" data-start=\"885\" data-end=\"926\"><span role=\"text\">1. Fyzik\u00e1ln\u00ed transport par (PVT)<\/span><\/h3>\n<p data-start=\"928\" data-end=\"1108\">Princip procesu:<br data-start=\"950\" data-end=\"953\" \/><img decoding=\"async\" class=\"size-medium wp-image-1953 alignright\" src=\"https:\/\/www.zmsh-semitech.com\/wp-content\/uploads\/2026\/03\/Sic-Crystal-Growth-Furnace-PVT-LPE-HT-CVD-High-Quality-Sic-Single-Crystal-Growth-Method5-300x130.jpg\" alt=\"\" width=\"300\" height=\"130\" srcset=\"https:\/\/www.zmsh-semitech.com\/wp-content\/uploads\/2026\/03\/Sic-Crystal-Growth-Furnace-PVT-LPE-HT-CVD-High-Quality-Sic-Single-Crystal-Growth-Method5-300x130.jpg 300w, https:\/\/www.zmsh-semitech.com\/wp-content\/uploads\/2026\/03\/Sic-Crystal-Growth-Furnace-PVT-LPE-HT-CVD-High-Quality-Sic-Single-Crystal-Growth-Method5-18x8.jpg 18w, https:\/\/www.zmsh-semitech.com\/wp-content\/uploads\/2026\/03\/Sic-Crystal-Growth-Furnace-PVT-LPE-HT-CVD-High-Quality-Sic-Single-Crystal-Growth-Method5-600x261.jpg 600w, https:\/\/www.zmsh-semitech.com\/wp-content\/uploads\/2026\/03\/Sic-Crystal-Growth-Furnace-PVT-LPE-HT-CVD-High-Quality-Sic-Single-Crystal-Growth-Method5.jpg 679w\" sizes=\"(max-width: 300px) 100vw, 300px\" \/>Pr\u00e1\u0161ek SiC se sublimuje p\u0159i teplot\u00e1ch nad 2000 \u00b0C. P\u00e1ry se p\u0159en\u00e1\u0161ej\u00ed pod\u00e9l teplotn\u00edho gradientu a rekrystalizuj\u00ed na krystalu.<\/p>\n<p data-start=\"1110\" data-end=\"1127\">Kl\u00ed\u010dov\u00e9 vlastnosti:<\/p>\n<ul data-start=\"1128\" data-end=\"1374\">\n<li data-section-id=\"1m5h759\" data-start=\"1128\" data-end=\"1177\">\n<p data-start=\"1130\" data-end=\"1177\">Vysoce \u010dist\u00fd grafitov\u00fd kel\u00edmek a dr\u017e\u00e1k semen<\/p>\n<\/li>\n<li data-section-id=\"obcs2k\" data-start=\"1178\" data-end=\"1239\">\n<p data-start=\"1180\" data-end=\"1239\">Integrovan\u00fd termo\u010dl\u00e1nek + infra\u010derven\u00e9 monitorov\u00e1n\u00ed teploty<\/p>\n<\/li>\n<li data-section-id=\"1ahok9n\" data-start=\"1240\" data-end=\"1284\">\n<p data-start=\"1242\" data-end=\"1284\">Syst\u00e9m \u0159\u00edzen\u00ed pr\u016ftoku vakua a inertn\u00edho plynu<\/p>\n<\/li>\n<li data-section-id=\"ltafbu\" data-start=\"1285\" data-end=\"1324\">\n<p data-start=\"1287\" data-end=\"1324\">Automatick\u00e9 \u0159\u00edzen\u00ed proces\u016f pomoc\u00ed PLC<\/p>\n<\/li>\n<li data-section-id=\"1ubyld1\" data-start=\"1325\" data-end=\"1374\">\n<p data-start=\"1327\" data-end=\"1374\">Integrace chlazen\u00ed a \u010di\u0161t\u011bn\u00ed v\u00fdfukov\u00fdch plyn\u016f<\/p>\n<\/li>\n<\/ul>\n<p data-start=\"1376\" data-end=\"1391\">V\u00fdhody:<\/p>\n<ul data-start=\"1392\" data-end=\"1507\">\n<li data-section-id=\"1skc6sa\" data-start=\"1392\" data-end=\"1432\">\n<p data-start=\"1394\" data-end=\"1432\">Vysp\u011bl\u00e1 a \u0161iroce roz\u0161\u00ed\u0159en\u00e1 technologie<\/p>\n<\/li>\n<li data-section-id=\"696hi4\" data-start=\"1433\" data-end=\"1466\">\n<p data-start=\"1435\" data-end=\"1466\">Relativn\u011b n\u00edzk\u00e9 n\u00e1klady na vybaven\u00ed<\/p>\n<\/li>\n<li data-section-id=\"4ihzdk\" data-start=\"1467\" data-end=\"1507\">\n<p data-start=\"1469\" data-end=\"1507\">Vhodn\u00e9 pro r\u016fst objemov\u00fdch krystal\u016f SiC<\/p>\n<\/li>\n<\/ul>\n<p data-start=\"1509\" data-end=\"1526\">Aplikace:<\/p>\n<ul data-start=\"1527\" data-end=\"1590\">\n<li data-section-id=\"16plruj\" data-start=\"1527\" data-end=\"1590\">\n<p data-start=\"1529\" data-end=\"1590\">V\u00fdroba poloizola\u010dn\u00edch a vodiv\u00fdch substr\u00e1t\u016f SiC<\/p>\n<\/li>\n<\/ul>\n<h3 data-section-id=\"1lkfnea\" data-start=\"1597\" data-end=\"1659\"><span role=\"text\">2. Vysokoteplotn\u00ed chemick\u00e9 napa\u0159ov\u00e1n\u00ed (HT-CVD)<\/span><\/h3>\n<p data-start=\"1661\" data-end=\"1794\"><img decoding=\"async\" class=\"size-medium wp-image-1954 alignright\" src=\"https:\/\/www.zmsh-semitech.com\/wp-content\/uploads\/2026\/03\/Sic-Crystal-Growth-Furnace-PVT-LPE-HT-CVD-High-Quality-Sic-Single-Crystal-Growth-Method6-300x96.jpg\" alt=\"\" width=\"300\" height=\"96\" srcset=\"https:\/\/www.zmsh-semitech.com\/wp-content\/uploads\/2026\/03\/Sic-Crystal-Growth-Furnace-PVT-LPE-HT-CVD-High-Quality-Sic-Single-Crystal-Growth-Method6-300x96.jpg 300w, https:\/\/www.zmsh-semitech.com\/wp-content\/uploads\/2026\/03\/Sic-Crystal-Growth-Furnace-PVT-LPE-HT-CVD-High-Quality-Sic-Single-Crystal-Growth-Method6-18x6.jpg 18w, https:\/\/www.zmsh-semitech.com\/wp-content\/uploads\/2026\/03\/Sic-Crystal-Growth-Furnace-PVT-LPE-HT-CVD-High-Quality-Sic-Single-Crystal-Growth-Method6-600x192.jpg 600w, https:\/\/www.zmsh-semitech.com\/wp-content\/uploads\/2026\/03\/Sic-Crystal-Growth-Furnace-PVT-LPE-HT-CVD-High-Quality-Sic-Single-Crystal-Growth-Method6.jpg 669w\" sizes=\"(max-width: 300px) 100vw, 300px\" \/>Princip procesu:<br data-start=\"1683\" data-end=\"1686\" \/>Vysoce \u010dist\u00e9 plyny (nap\u0159. SiH\u2084 + C\u2082H\u2084 \/ C\u2083H\u2088) se rozkl\u00e1daj\u00ed p\u0159i 1800-2300 \u00b0C a ukl\u00e1daj\u00ed SiC na seed krystal.<\/p>\n<p data-start=\"1796\" data-end=\"1813\">Kl\u00ed\u010dov\u00e9 vlastnosti:<\/p>\n<ul data-start=\"1814\" data-end=\"2010\">\n<li data-section-id=\"136qfh6\" data-start=\"1814\" data-end=\"1864\">\n<p data-start=\"1816\" data-end=\"1864\">Induk\u010dn\u00ed oh\u0159ev pomoc\u00ed elektromagnetick\u00e9 vazby<\/p>\n<\/li>\n<li data-section-id=\"a59yxr\" data-start=\"1865\" data-end=\"1919\">\n<p data-start=\"1867\" data-end=\"1919\">Stabiln\u00ed syst\u00e9m dod\u00e1vky plynu (nosn\u00e9 plyny He \/ H\u2082)<\/p>\n<\/li>\n<li data-section-id=\"1cbw0ya\" data-start=\"1920\" data-end=\"1980\">\n<p data-start=\"1922\" data-end=\"1980\">\u0158\u00edzen\u00fd teplotn\u00ed gradient pro kondenzaci krystal\u016f<\/p>\n<\/li>\n<li data-section-id=\"xx40zc\" data-start=\"1981\" data-end=\"2010\">\n<p data-start=\"1983\" data-end=\"2010\">P\u0159esn\u00e1 schopnost dopov\u00e1n\u00ed<\/p>\n<\/li>\n<\/ul>\n<p data-start=\"2012\" data-end=\"2027\">V\u00fdhody:<\/p>\n<ul data-start=\"2028\" data-end=\"2102\">\n<li data-section-id=\"xejhn5\" data-start=\"2028\" data-end=\"2050\">\n<p data-start=\"2030\" data-end=\"2050\">N\u00edzk\u00e1 hustota defekt\u016f<\/p>\n<\/li>\n<li data-section-id=\"126pemv\" data-start=\"2051\" data-end=\"2074\">\n<p data-start=\"2053\" data-end=\"2074\">Vysok\u00e1 krystalov\u00e1 \u010distota<\/p>\n<\/li>\n<li data-section-id=\"u0lupt\" data-start=\"2075\" data-end=\"2102\">\n<p data-start=\"2077\" data-end=\"2102\">Pru\u017en\u00e1 dopingov\u00e1 kontrola<\/p>\n<\/li>\n<\/ul>\n<p data-start=\"2104\" data-end=\"2121\">Aplikace:<\/p>\n<ul data-start=\"2122\" data-end=\"2185\">\n<li data-section-id=\"1b8jolu\" data-start=\"2122\" data-end=\"2185\">\n<p data-start=\"2124\" data-end=\"2185\">Vysoce v\u00fdkonn\u00e9 SiC desti\u010dky pro pokro\u010dil\u00e1 elektronick\u00e1 za\u0159\u00edzen\u00ed<\/p>\n<\/li>\n<\/ul>\n<h3 data-section-id=\"1gxz1d4\" data-start=\"2192\" data-end=\"2229\"><span role=\"text\">3. Epitaxe v kapaln\u00e9 f\u00e1zi (LPE)<\/span><\/h3>\n<p data-start=\"2231\" data-end=\"2390\"><img loading=\"lazy\" decoding=\"async\" class=\"size-medium wp-image-1955 alignright\" src=\"https:\/\/www.zmsh-semitech.com\/wp-content\/uploads\/2026\/03\/Sic-Crystal-Growth-Furnace-PVT-LPE-HT-CVD-High-Quality-Sic-Single-Crystal-Growth-Method7-300x133.jpg\" alt=\"\" width=\"300\" height=\"133\" srcset=\"https:\/\/www.zmsh-semitech.com\/wp-content\/uploads\/2026\/03\/Sic-Crystal-Growth-Furnace-PVT-LPE-HT-CVD-High-Quality-Sic-Single-Crystal-Growth-Method7-300x133.jpg 300w, https:\/\/www.zmsh-semitech.com\/wp-content\/uploads\/2026\/03\/Sic-Crystal-Growth-Furnace-PVT-LPE-HT-CVD-High-Quality-Sic-Single-Crystal-Growth-Method7-18x8.jpg 18w, https:\/\/www.zmsh-semitech.com\/wp-content\/uploads\/2026\/03\/Sic-Crystal-Growth-Furnace-PVT-LPE-HT-CVD-High-Quality-Sic-Single-Crystal-Growth-Method7-600x266.jpg 600w, https:\/\/www.zmsh-semitech.com\/wp-content\/uploads\/2026\/03\/Sic-Crystal-Growth-Furnace-PVT-LPE-HT-CVD-High-Quality-Sic-Single-Crystal-Growth-Method7.jpg 680w\" sizes=\"(max-width: 300px) 100vw, 300px\" \/>Princip procesu:<br data-start=\"2253\" data-end=\"2256\" \/>Si a C se rozpou\u0161t\u011bj\u00ed ve vysokoteplotn\u00edm roztoku (~ 1800 \u00b0C) a SiC krystalizuje z p\u0159esycen\u00e9 taveniny b\u011bhem \u0159\u00edzen\u00e9ho ochlazov\u00e1n\u00ed.<\/p>\n<p data-start=\"2392\" data-end=\"2409\">Kl\u00ed\u010dov\u00e9 vlastnosti:<\/p>\n<ul data-start=\"2410\" data-end=\"2570\">\n<li data-section-id=\"1l354m9\" data-start=\"2410\" data-end=\"2449\">\n<p data-start=\"2412\" data-end=\"2449\">Vysoce kvalitn\u00ed epitaxn\u00ed r\u016fst vrstvy<\/p>\n<\/li>\n<li data-section-id=\"1f5uz6v\" data-start=\"2450\" data-end=\"2488\">\n<p data-start=\"2452\" data-end=\"2488\">N\u00edzk\u00e1 hustota defekt\u016f a vysok\u00e1 \u010distota<\/p>\n<\/li>\n<li data-section-id=\"1da15oj\" data-start=\"2489\" data-end=\"2531\">\n<p data-start=\"2491\" data-end=\"2531\">Relativn\u011b n\u00edzk\u00e9 n\u00e1roky na vybaven\u00ed<\/p>\n<\/li>\n<li data-section-id=\"apgmow\" data-start=\"2532\" data-end=\"2570\">\n<p data-start=\"2534\" data-end=\"2570\">\u0160k\u00e1lovatelnost pro pr\u016fmyslovou v\u00fdrobu<\/p>\n<\/li>\n<\/ul>\n<p data-start=\"2572\" data-end=\"2587\">V\u00fdhody:<\/p>\n<ul data-start=\"2588\" data-end=\"2646\">\n<li data-section-id=\"1lh17wx\" data-start=\"2588\" data-end=\"2609\">\n<p data-start=\"2590\" data-end=\"2609\">Ni\u017e\u0161\u00ed n\u00e1klady na r\u016fst<\/p>\n<\/li>\n<li data-section-id=\"7sa3sd\" data-start=\"2610\" data-end=\"2646\">\n<p data-start=\"2612\" data-end=\"2646\">Zlep\u0161en\u00e1 kvalita epitaxn\u00ed vrstvy<\/p>\n<\/li>\n<\/ul>\n<p data-start=\"2648\" data-end=\"2665\">Aplikace:<\/p>\n<ul data-start=\"2666\" data-end=\"2761\">\n<li data-section-id=\"u4ixfp\" data-start=\"2666\" data-end=\"2710\">\n<p data-start=\"2668\" data-end=\"2710\">R\u016fst epitaxn\u00ed vrstvy na substr\u00e1tech SiC<\/p>\n<\/li>\n<li data-section-id=\"5zhtvl\" data-start=\"2711\" data-end=\"2761\">\n<p data-start=\"2713\" data-end=\"2761\">V\u00fdroba vysoce \u00fa\u010dinn\u00fdch v\u00fdkonov\u00fdch za\u0159\u00edzen\u00ed<\/p>\n<\/li>\n<\/ul>\n<h2 data-section-id=\"1ttn0lq\" data-start=\"2768\" data-end=\"2795\"><span role=\"text\">Technick\u00e9 v\u00fdhody<\/span><\/h2>\n<ul data-start=\"2797\" data-end=\"3035\">\n<li data-section-id=\"js25p8\" data-start=\"2797\" data-end=\"2837\">\n<p data-start=\"2799\" data-end=\"2837\">Provoz p\u0159i vysok\u00fdch teplot\u00e1ch (&gt;2000 \u00b0C)<\/p>\n<\/li>\n<li data-section-id=\"1jqlm2f\" data-start=\"2838\" data-end=\"2876\">\n<p data-start=\"2840\" data-end=\"2876\">Stabiln\u00ed regulace vakua a pr\u016ftoku plynu<\/p>\n<\/li>\n<li data-section-id=\"gf25zn\" data-start=\"2877\" data-end=\"2911\">\n<p data-start=\"2879\" data-end=\"2911\">Pokro\u010dil\u00fd automatiza\u010dn\u00ed syst\u00e9m PLC<\/p>\n<\/li>\n<li data-section-id=\"1oe212f\" data-start=\"2912\" data-end=\"2974\">\n<p data-start=\"2914\" data-end=\"2974\">P\u0159izp\u016fsobiteln\u00e1 konstrukce pece (velikost, konfigurace, proces)<\/p>\n<\/li>\n<li data-section-id=\"1qtodg6\" data-start=\"2975\" data-end=\"3035\">\n<p data-start=\"2977\" data-end=\"3035\">Kompatibiln\u00ed s r\u016fstem krystal\u016f SiC o velikosti 4-6 palc\u016f (roz\u0161i\u0159iteln\u00e9)<\/p>\n<\/li>\n<\/ul>\n<h2 data-section-id=\"i1urdn\" data-start=\"3042\" data-end=\"3065\"><span role=\"text\">Na\u0161e schopnosti<\/span><\/h2>\n<h3 data-section-id=\"1euwnkw\" data-start=\"3067\" data-end=\"3094\"><span role=\"text\">1. Dod\u00e1vky za\u0159\u00edzen\u00ed<\/span><\/h3>\n<p data-start=\"3095\" data-end=\"3164\">Nab\u00edz\u00edme pln\u011b konstruovan\u00e9 pece pro r\u016fst krystal\u016f SiC ur\u010den\u00e9 pro:<\/p>\n<ul data-start=\"3165\" data-end=\"3275\">\n<li data-section-id=\"o9p6qu\" data-start=\"3165\" data-end=\"3200\">\n<p data-start=\"3167\" data-end=\"3200\">Vysoce \u010dist\u00fd poloizola\u010dn\u00ed SiC<\/p>\n<\/li>\n<li data-section-id=\"11vwiq6\" data-start=\"3201\" data-end=\"3238\">\n<p data-start=\"3203\" data-end=\"3238\">V\u00fdroba vodiv\u00fdch krystal\u016f SiC<\/p>\n<\/li>\n<li data-section-id=\"10vy7s\" data-start=\"3239\" data-end=\"3275\">\n<p data-start=\"3241\" data-end=\"3275\">Po\u017eadavky na s\u00e9riovou v\u00fdrobu<\/p>\n<\/li>\n<\/ul>\n<h3 data-section-id=\"phctqp\" data-start=\"3282\" data-end=\"3323\"><span role=\"text\">2. Dod\u00e1vky surovin a krystal\u016f<\/span><\/h3>\n<p data-start=\"3324\" data-end=\"3334\">Dod\u00e1v\u00e1me:<\/p>\n<ul data-start=\"3335\" data-end=\"3401\">\n<li data-section-id=\"1ggi3jo\" data-start=\"3335\" data-end=\"3359\">\n<p data-start=\"3337\" data-end=\"3359\">Zdrojov\u00e9 materi\u00e1ly SiC<\/p>\n<\/li>\n<li data-section-id=\"h3kpam\" data-start=\"3360\" data-end=\"3377\">\n<p data-start=\"3362\" data-end=\"3377\">Krystaly semen<\/p>\n<\/li>\n<li data-section-id=\"1rb4g8j\" data-start=\"3378\" data-end=\"3401\">\n<p data-start=\"3380\" data-end=\"3401\">Procesn\u00ed spot\u0159ebn\u00ed materi\u00e1l<\/p>\n<\/li>\n<\/ul>\n<p data-start=\"3403\" data-end=\"3479\">V\u0161echny materi\u00e1ly proch\u00e1zej\u00ed p\u0159\u00edsnou kontrolou kvality, aby byla zaji\u0161t\u011bna stabilita procesu.<\/p>\n<h3 data-section-id=\"lzu290\" data-start=\"3486\" data-end=\"3531\"><span role=\"text\">3. V\u00fdvoj a optimalizace procesu<\/span><\/h3>\n<p data-start=\"3532\" data-end=\"3562\">N\u00e1\u0161 t\u00fdm in\u017een\u00fdr\u016f podporuje:<\/p>\n<ul data-start=\"3563\" data-end=\"3669\">\n<li data-section-id=\"1hou4gz\" data-start=\"3563\" data-end=\"3593\">\n<p data-start=\"3565\" data-end=\"3593\">V\u00fdvoj proces\u016f na zak\u00e1zku<\/p>\n<\/li>\n<li data-section-id=\"1t2cez5\" data-start=\"3594\" data-end=\"3627\">\n<p data-start=\"3596\" data-end=\"3627\">Optimalizace r\u016fstov\u00fdch parametr\u016f<\/p>\n<\/li>\n<li data-section-id=\"1bd6gqh\" data-start=\"3628\" data-end=\"3669\">\n<p data-start=\"3630\" data-end=\"3669\">Zlep\u0161en\u00ed v\u00fdt\u011b\u017enosti a kvality krystal\u016f<\/p>\n<\/li>\n<\/ul>\n<h3 data-section-id=\"sd0tuu\" data-start=\"3676\" data-end=\"3715\"><span role=\"text\">4. \u0160kolen\u00ed a technick\u00e1 podpora<\/span><\/h3>\n<p data-start=\"3716\" data-end=\"3725\">Nab\u00edz\u00edme:<\/p>\n<ul data-start=\"3726\" data-end=\"3832\">\n<li data-section-id=\"8xwlms\" data-start=\"3726\" data-end=\"3755\">\n<p data-start=\"3728\" data-end=\"3755\">\u0160kolen\u00ed na m\u00edst\u011b \/ na d\u00e1lku<\/p>\n<\/li>\n<li data-section-id=\"113ldb5\" data-start=\"3756\" data-end=\"3788\">\n<p data-start=\"3758\" data-end=\"3788\">Pokyny pro provoz za\u0159\u00edzen\u00ed<\/p>\n<\/li>\n<li data-section-id=\"19iv12h\" data-start=\"3789\" data-end=\"3832\">\n<p data-start=\"3791\" data-end=\"3832\">\u00dadr\u017eba a podpora p\u0159i \u0159e\u0161en\u00ed probl\u00e9m\u016f<\/p>\n<\/li>\n<\/ul>\n<h2 data-section-id=\"elc90z\" data-start=\"3839\" data-end=\"3849\"><span role=\"text\">\u010cASTO KLADEN\u00c9 DOTAZY<\/span><\/h2>\n<p data-start=\"3851\" data-end=\"4022\">Ot\u00e1zka 1: Jak\u00e9 jsou hlavn\u00ed metody r\u016fstu krystal\u016f SiC?<br data-start=\"3904\" data-end=\"3907\" \/>Odpov\u011b\u010f: Mezi z\u00e1kladn\u00ed metody pat\u0159\u00ed PVT, HT-CVD a LPE, p\u0159i\u010dem\u017e ka\u017ed\u00e1 z nich je vhodn\u00e1 pro jin\u00e9 aplikace a v\u00fdrobn\u00ed c\u00edle.<\/p>\n<p data-start=\"4024\" data-end=\"4230\">Ot\u00e1zka 2: Co je epitaxe v kapaln\u00e9 f\u00e1zi (LPE)?<br data-start=\"4067\" data-end=\"4070\" \/>Odpov\u011b\u010f: LPE je metoda r\u016fstu zalo\u017een\u00e1 na roztoku, p\u0159i n\u00ed\u017e se nasycen\u00e1 tavenina pomalu ochlazuje, \u010d\u00edm\u017e se na substr\u00e1tu stimuluje r\u016fst krystal\u016f, co\u017e umo\u017e\u0148uje vytv\u00e1\u0159et vysoce kvalitn\u00ed epitaxn\u00ed vrstvy.<\/p>\n<h2 data-section-id=\"1wz3rnt\" data-start=\"4237\" data-end=\"4278\"><span role=\"text\">Pro\u010d si vybrat na\u0161i r\u016fstovou pec na SiC?<\/span><\/h2>\n<ul data-start=\"4280\" data-end=\"4496\">\n<li data-section-id=\"1nz5fyj\" data-start=\"4280\" data-end=\"4330\">\n<p data-start=\"4282\" data-end=\"4330\">Prokazateln\u00e9 in\u017een\u00fdrsk\u00e9 zku\u0161enosti se za\u0159\u00edzen\u00edmi SiC<\/p>\n<\/li>\n<li data-section-id=\"dw2cfr\" data-start=\"4331\" data-end=\"4382\">\n<p data-start=\"4333\" data-end=\"4382\">Kompatibilita v\u00edce metod (PVT \/ HT-CVD \/ LPE)<\/p>\n<\/li>\n<li data-section-id=\"xciqsn\" data-start=\"4383\" data-end=\"4435\">\n<p data-start=\"4385\" data-end=\"4435\">\u0158e\u0161en\u00ed na m\u00edru pro r\u016fzn\u00e1 m\u011b\u0159\u00edtka v\u00fdroby<\/p>\n<\/li>\n<li data-section-id=\"s3dika\" data-start=\"4436\" data-end=\"4496\">\n<p data-start=\"4438\" data-end=\"4496\">Podpora cel\u00e9ho \u017eivotn\u00edho cyklu (za\u0159\u00edzen\u00ed + materi\u00e1l + proces)<\/p>\n<\/li>\n<\/ul>","protected":false},"excerpt":{"rendered":"<p data-start=\"204\" data-end=\"416\">Pec pro r\u016fst krystal\u016f SiC je d\u016fle\u017eit\u00fdm za\u0159\u00edzen\u00edm pro v\u00fdrobu vysoce kvalitn\u00edch monokrystal\u016f karbidu k\u0159em\u00edku (SiC) pou\u017e\u00edvan\u00fdch ve v\u00fdkonov\u00e9 elektronice, r\u00e1diov\u00fdch za\u0159\u00edzen\u00edch a pokro\u010dil\u00fdch polovodi\u010dov\u00fdch aplikac\u00edch.<\/p>\n<p data-start=\"418\" data-end=\"489\">Na\u0161e syst\u00e9my podporuj\u00ed \u0159adu hlavn\u00edch r\u016fstov\u00fdch technologi\u00ed, v\u010detn\u011b:<\/p>","protected":false},"featured_media":1949,"comment_status":"open","ping_status":"closed","template":"","meta":{"site-sidebar-layout":"default","site-content-layout":"","ast-site-content-layout":"default","site-content-style":"default","site-sidebar-style":"default","ast-global-header-display":"","ast-banner-title-visibility":"","ast-main-header-display":"","ast-hfb-above-header-display":"","ast-hfb-below-header-display":"","ast-hfb-mobile-header-display":"","site-post-title":"","ast-breadcrumbs-content":"","ast-featured-img":"","footer-sml-layout":"","ast-disable-related-posts":"","theme-transparent-header-meta":"default","adv-header-id-meta":"","stick-header-meta":"default","header-above-stick-meta":"","header-main-stick-meta":"","header-below-stick-meta":"","astra-migrate-meta-layouts":"set","ast-page-background-enabled":"default","ast-page-background-meta":{"desktop":{"background-color":"var(--ast-global-color-4)","background-image":"","background-repeat":"repeat","background-position":"center center","background-size":"auto","background-attachment":"scroll","background-type":"","background-media":"","overlay-type":"","overlay-color":"","overlay-opacity":"","overlay-gradient":""},"tablet":{"background-color":"","background-image":"","background-repeat":"repeat","background-position":"center center","background-size":"auto","background-attachment":"scroll","background-type":"","background-media":"","overlay-type":"","overlay-color":"","overlay-opacity":"","overlay-gradient":""},"mobile":{"background-color":"","background-image":"","background-repeat":"repeat","background-position":"center center","background-size":"auto","background-attachment":"scroll","background-type":"","background-media":"","overlay-type":"","overlay-color":"","overlay-opacity":"","overlay-gradient":""}},"ast-content-background-meta":{"desktop":{"background-color":"var(--ast-global-color-5)","background-image":"","background-repeat":"repeat","background-position":"center center","background-size":"auto","background-attachment":"scroll","background-type":"","background-media":"","overlay-type":"","overlay-color":"","overlay-opacity":"","overlay-gradient":""},"tablet":{"background-color":"var(--ast-global-color-5)","background-image":"","background-repeat":"repeat","background-position":"center center","background-size":"auto","background-attachment":"scroll","background-type":"","background-media":"","overlay-type":"","overlay-color":"","overlay-opacity":"","overlay-gradient":""},"mobile":{"background-color":"var(--ast-global-color-5)","background-image":"","background-repeat":"repeat","background-position":"center center","background-size":"auto","background-attachment":"scroll","background-type":"","background-media":"","overlay-type":"","overlay-color":"","overlay-opacity":"","overlay-gradient":""}}},"product_brand":[],"product_cat":[15],"product_tag":[454,455,453,110,451,459,457,456,452,458],"class_list":{"0":"post-1948","1":"product","2":"type-product","3":"status-publish","4":"has-post-thumbnail","6":"product_cat-crystal-growth-furnace","7":"product_tag-ht-cvd-sic","8":"product_tag-lpe-epitaxy-sic","9":"product_tag-pvt-sic-growth","10":"product_tag-semiconductor-equipment","11":"product_tag-sic-crystal-growth-furnace","12":"product_tag-sic-epitaxy-growth","13":"product_tag-sic-single-crystal-growth","14":"product_tag-sic-wafer-production","15":"product_tag-silicon-carbide-furnace","16":"product_tag-silicon-carbide-substrate","17":"desktop-align-left","18":"tablet-align-left","19":"mobile-align-left","20":"ast-product-gallery-layout-horizontal-slider","21":"ast-product-tabs-layout-horizontal","23":"first","24":"instock","25":"shipping-taxable","26":"product-type-simple"},"_links":{"self":[{"href":"https:\/\/www.zmsh-semitech.com\/cs\/wp-json\/wp\/v2\/product\/1948","targetHints":{"allow":["GET"]}}],"collection":[{"href":"https:\/\/www.zmsh-semitech.com\/cs\/wp-json\/wp\/v2\/product"}],"about":[{"href":"https:\/\/www.zmsh-semitech.com\/cs\/wp-json\/wp\/v2\/types\/product"}],"replies":[{"embeddable":true,"href":"https:\/\/www.zmsh-semitech.com\/cs\/wp-json\/wp\/v2\/comments?post=1948"}],"version-history":[{"count":2,"href":"https:\/\/www.zmsh-semitech.com\/cs\/wp-json\/wp\/v2\/product\/1948\/revisions"}],"predecessor-version":[{"id":1957,"href":"https:\/\/www.zmsh-semitech.com\/cs\/wp-json\/wp\/v2\/product\/1948\/revisions\/1957"}],"wp:featuredmedia":[{"embeddable":true,"href":"https:\/\/www.zmsh-semitech.com\/cs\/wp-json\/wp\/v2\/media\/1949"}],"wp:attachment":[{"href":"https:\/\/www.zmsh-semitech.com\/cs\/wp-json\/wp\/v2\/media?parent=1948"}],"wp:term":[{"taxonomy":"product_brand","embeddable":true,"href":"https:\/\/www.zmsh-semitech.com\/cs\/wp-json\/wp\/v2\/product_brand?post=1948"},{"taxonomy":"product_cat","embeddable":true,"href":"https:\/\/www.zmsh-semitech.com\/cs\/wp-json\/wp\/v2\/product_cat?post=1948"},{"taxonomy":"product_tag","embeddable":true,"href":"https:\/\/www.zmsh-semitech.com\/cs\/wp-json\/wp\/v2\/product_tag?post=1948"}],"curies":[{"name":"wp","href":"https:\/\/api.w.org\/{rel}","templated":true}]}}