{"id":1933,"date":"2026-03-20T05:58:05","date_gmt":"2026-03-20T05:58:05","guid":{"rendered":"https:\/\/www.zmsh-semitech.com\/?post_type=product&#038;p=1933"},"modified":"2026-04-03T05:18:06","modified_gmt":"2026-04-03T05:18:06","slug":"diamond-wire-single-multi-wire-dual-station-cutting-machine-for-sapphire-sic-material-processing","status":"publish","type":"product","link":"https:\/\/www.zmsh-semitech.com\/cs\/product\/diamond-wire-single-multi-wire-dual-station-cutting-machine-for-sapphire-sic-material-processing\/","title":{"rendered":"Diamond Wire Multi-Wire Dual-Station Cutting Machine for Sapphire \/ SiC Material Processing"},"content":{"rendered":"<p data-start=\"224\" data-end=\"588\"><img fetchpriority=\"high\" decoding=\"async\" class=\"size-medium wp-image-1934 alignright\" src=\"https:\/\/www.zmsh-semitech.com\/wp-content\/uploads\/2026\/03\/diamond_wire_single_multi_wire_dual_station_cutting_machine_for_sapphire_sic_material_processing-300x300.webp\" alt=\"\" width=\"300\" height=\"300\" srcset=\"https:\/\/www.zmsh-semitech.com\/wp-content\/uploads\/2026\/03\/diamond_wire_single_multi_wire_dual_station_cutting_machine_for_sapphire_sic_material_processing-300x300.webp 300w, https:\/\/www.zmsh-semitech.com\/wp-content\/uploads\/2026\/03\/diamond_wire_single_multi_wire_dual_station_cutting_machine_for_sapphire_sic_material_processing-150x150.webp 150w, https:\/\/www.zmsh-semitech.com\/wp-content\/uploads\/2026\/03\/diamond_wire_single_multi_wire_dual_station_cutting_machine_for_sapphire_sic_material_processing-12x12.webp 12w, https:\/\/www.zmsh-semitech.com\/wp-content\/uploads\/2026\/03\/diamond_wire_single_multi_wire_dual_station_cutting_machine_for_sapphire_sic_material_processing-600x600.webp 600w, https:\/\/www.zmsh-semitech.com\/wp-content\/uploads\/2026\/03\/diamond_wire_single_multi_wire_dual_station_cutting_machine_for_sapphire_sic_material_processing-100x100.webp 100w, https:\/\/www.zmsh-semitech.com\/wp-content\/uploads\/2026\/03\/diamond_wire_single_multi_wire_dual_station_cutting_machine_for_sapphire_sic_material_processing.webp 750w\" sizes=\"(max-width: 300px) 100vw, 300px\" \/>The diamond wire multi-wire dual-station cutting machine is a core equipment for precision processing of brittle materials. By using the high-speed reciprocating motion of diamond wire (steel wire coated with silicon carbide or aluminum oxide particles) and relative abrasion with the workpiece, it achieves accurate cutting of hard materials.<\/p>\n<p data-start=\"590\" data-end=\"936\">Dvoustani\u010dn\u00ed konstrukce umo\u017e\u0148uje soub\u011b\u017en\u00e9 up\u00edn\u00e1n\u00ed dvou obrobk\u016f (nebo st\u0159\u00eddav\u00e9 operace), co\u017e v\u00fdrazn\u011b zvy\u0161uje efektivitu v\u00fdroby. Je \u0161iroce pou\u017e\u00edv\u00e1n pro hranolov\u00e1n\u00ed, kr\u00e1jen\u00ed a p\u0159esn\u00e9 tvarov\u00e1n\u00ed materi\u00e1l\u016f, jako jsou polovodi\u010dov\u00e9 desti\u010dky, saf\u00edr, karbid k\u0159em\u00edku (SiC), keramika, k\u0159emen a drah\u00e9 kovy.<\/p>\n<p data-start=\"938\" data-end=\"1192\">Tento stroj integruje servo\u0159\u00edzen\u00ed, regulaci nap\u011bt\u00ed a technologie oscila\u010dn\u00edho \u0159ez\u00e1n\u00ed, vyva\u017euje \u00fa\u010dinnost a p\u0159esnost a je d\u016fle\u017eit\u00fdm n\u00e1strojem v pr\u016fmyslov\u00fdch odv\u011btv\u00edch, jako je fotovoltaika, polovodi\u010de a pokro\u010dil\u00e1 v\u00fdroba.<\/p>\n<h3 data-section-id=\"1880me3\" data-start=\"1199\" data-end=\"1233\"><span role=\"text\">Technick\u00e9 specifikace<\/span><\/h3>\n<div class=\"TyagGW_tableContainer\">\n<div class=\"group TyagGW_tableWrapper flex flex-col-reverse w-fit\" tabindex=\"-1\">\n<table class=\"w-fit min-w-(--thread-content-width)\" data-start=\"1235\" data-end=\"2401\">\n<thead data-start=\"1235\" data-end=\"1264\">\n<tr data-start=\"1235\" data-end=\"1264\">\n<th class=\"\" data-start=\"1235\" data-end=\"1247\" data-col-size=\"md\">Parametr<\/th>\n<th class=\"\" data-start=\"1247\" data-end=\"1264\" data-col-size=\"md\">Specifikace<\/th>\n<\/tr>\n<\/thead>\n<tbody data-start=\"1295\" data-end=\"2401\">\n<tr data-start=\"1295\" data-end=\"1330\">\n<td data-start=\"1295\" data-end=\"1303\" data-col-size=\"md\">Model<\/td>\n<td data-start=\"1303\" data-end=\"1330\" data-col-size=\"md\">Multi-Wire Saw<\/td>\n<\/tr>\n<tr data-start=\"1331\" data-end=\"1370\">\n<td data-start=\"1331\" data-end=\"1356\" data-col-size=\"md\">Maxim\u00e1ln\u00ed velikost obrobku<\/td>\n<td data-col-size=\"md\" data-start=\"1356\" data-end=\"1370\">\u00f8320 \u00d7 430 mm<\/td>\n<\/tr>\n<tr data-start=\"1371\" data-end=\"1433\">\n<td data-start=\"1371\" data-end=\"1402\" data-col-size=\"md\">Pr\u016fm\u011br povlaku hlavn\u00edho v\u00e1lce<\/td>\n<td data-col-size=\"md\" data-start=\"1402\" data-end=\"1433\">\u00f8210 \u00d7 450 mm (5 hlavn\u00edch v\u00e1lc\u016f)<\/td>\n<\/tr>\n<tr data-start=\"1434\" data-end=\"1475\">\n<td data-start=\"1434\" data-end=\"1455\" data-col-size=\"md\">Rychlost b\u011bhu dr\u00e1tu<\/td>\n<td data-col-size=\"md\" data-start=\"1455\" data-end=\"1475\">1000 (MIX) m\/min<\/td>\n<\/tr>\n<tr data-start=\"1476\" data-end=\"1514\">\n<td data-start=\"1476\" data-end=\"1500\" data-col-size=\"md\">Pr\u016fm\u011br diamantov\u00e9ho dr\u00e1tu<\/td>\n<td data-col-size=\"md\" data-start=\"1500\" data-end=\"1514\">0,2-0,37 mm<\/td>\n<\/tr>\n<tr data-start=\"1515\" data-end=\"1586\">\n<td data-start=\"1515\" data-end=\"1554\" data-col-size=\"md\">Skladovac\u00ed kapacita linky (nap\u00e1jec\u00ed kolo)<\/td>\n<td data-col-size=\"md\" data-start=\"1554\" data-end=\"1586\">20 km (pr\u016fm\u011br dr\u00e1tu 0,25 mm)<\/td>\n<\/tr>\n<tr data-start=\"1587\" data-end=\"1625\">\n<td data-start=\"1587\" data-end=\"1613\" data-col-size=\"md\">Rozsah tlou\u0161\u0165ky \u0159ezu<\/td>\n<td data-col-size=\"md\" data-start=\"1613\" data-end=\"1625\">1,5-80 mm<\/td>\n<\/tr>\n<tr data-start=\"1626\" data-end=\"1656\">\n<td data-start=\"1626\" data-end=\"1645\" data-col-size=\"md\">P\u0159esnost \u0159ez\u00e1n\u00ed<\/td>\n<td data-col-size=\"md\" data-start=\"1645\" data-end=\"1656\">\u00b10,01 mm<\/td>\n<\/tr>\n<tr data-start=\"1657\" data-end=\"1707\">\n<td data-start=\"1657\" data-end=\"1698\" data-col-size=\"md\">Vertik\u00e1ln\u00ed zdvih pracovn\u00ed stanice<\/td>\n<td data-col-size=\"md\" data-start=\"1698\" data-end=\"1707\">350 mm<\/td>\n<\/tr>\n<tr data-start=\"1708\" data-end=\"1778\">\n<td data-start=\"1708\" data-end=\"1725\" data-col-size=\"md\">Metoda \u0159ez\u00e1n\u00ed<\/td>\n<td data-col-size=\"md\" data-start=\"1725\" data-end=\"1778\">Pracovn\u00ed st\u016fl se houpe; diamantov\u00fd dr\u00e1t z\u016fst\u00e1v\u00e1 nehybn\u00fd<\/td>\n<\/tr>\n<tr data-start=\"1779\" data-end=\"1817\">\n<td data-start=\"1779\" data-end=\"1800\" data-col-size=\"md\">Rychlost posuvu p\u0159i \u0159ez\u00e1n\u00ed<\/td>\n<td data-col-size=\"md\" data-start=\"1800\" data-end=\"1817\">0,01-10 mm\/min<\/td>\n<\/tr>\n<tr data-start=\"1818\" data-end=\"1839\">\n<td data-start=\"1818\" data-end=\"1831\" data-col-size=\"md\">N\u00e1dr\u017e na vodu<\/td>\n<td data-col-size=\"md\" data-start=\"1831\" data-end=\"1839\">300L<\/td>\n<\/tr>\n<tr data-start=\"1840\" data-end=\"1899\">\n<td data-start=\"1840\" data-end=\"1856\" data-col-size=\"md\">\u0158ezn\u00e1 kapalina<\/td>\n<td data-col-size=\"md\" data-start=\"1856\" data-end=\"1899\">Vysoce \u00fa\u010dinn\u00e1 \u0159ezn\u00e1 kapalina proti korozi<\/td>\n<\/tr>\n<tr data-start=\"1900\" data-end=\"1921\">\n<td data-start=\"1900\" data-end=\"1914\" data-col-size=\"md\">\u00dahel k\u00fdv\u00e1n\u00ed<\/td>\n<td data-col-size=\"md\" data-start=\"1914\" data-end=\"1921\">\u00b18\u00b0<\/td>\n<\/tr>\n<tr data-start=\"1922\" data-end=\"1947\">\n<td data-start=\"1922\" data-end=\"1936\" data-col-size=\"md\">Rychlost \u0161vihu<\/td>\n<td data-col-size=\"md\" data-start=\"1936\" data-end=\"1947\">0.83\u00b0\/s<\/td>\n<\/tr>\n<tr data-start=\"1948\" data-end=\"2002\">\n<td data-start=\"1948\" data-end=\"1974\" data-col-size=\"md\">Maxim\u00e1ln\u00ed \u0159ezn\u00e9 nap\u011bt\u00ed<\/td>\n<td data-col-size=\"md\" data-start=\"1974\" data-end=\"2002\">100 N (minim\u00e1ln\u00ed jednotka 0,1 N)<\/td>\n<\/tr>\n<tr data-start=\"2003\" data-end=\"2028\">\n<td data-start=\"2003\" data-end=\"2019\" data-col-size=\"md\">Hloubka \u0159ezu<\/td>\n<td data-col-size=\"md\" data-start=\"2019\" data-end=\"2028\">430 mm<\/td>\n<\/tr>\n<tr data-start=\"2029\" data-end=\"2049\">\n<td data-start=\"2029\" data-end=\"2044\" data-col-size=\"md\">Pracovn\u00ed stanice<\/td>\n<td data-col-size=\"md\" data-start=\"2044\" data-end=\"2049\">2<\/td>\n<\/tr>\n<tr data-start=\"2050\" data-end=\"2102\">\n<td data-start=\"2050\" data-end=\"2065\" data-col-size=\"md\">Nap\u00e1jen\u00ed<\/td>\n<td data-col-size=\"md\" data-start=\"2065\" data-end=\"2102\">T\u0159\u00edf\u00e1zov\u00fd p\u011btivodi\u010d AC380V\/50Hz<\/td>\n<\/tr>\n<tr data-start=\"2103\" data-end=\"2134\">\n<td data-start=\"2103\" data-end=\"2125\" data-col-size=\"md\">Celkov\u00fd v\u00fdkon stroje<\/td>\n<td data-col-size=\"md\" data-start=\"2125\" data-end=\"2134\">\u226452kW<\/td>\n<\/tr>\n<tr data-start=\"2135\" data-end=\"2159\">\n<td data-start=\"2135\" data-end=\"2148\" data-col-size=\"md\">Hlavn\u00ed motor<\/td>\n<td data-col-size=\"md\" data-start=\"2148\" data-end=\"2159\">7,5\u00d73 kW<\/td>\n<\/tr>\n<tr data-start=\"2160\" data-end=\"2187\">\n<td data-start=\"2160\" data-end=\"2175\" data-col-size=\"md\">Zapojen\u00ed motoru<\/td>\n<td data-start=\"2175\" data-end=\"2187\" data-col-size=\"md\">0,75\u00d72 kW<\/td>\n<\/tr>\n<tr data-start=\"2188\" data-end=\"2223\">\n<td data-start=\"2188\" data-end=\"2212\" data-col-size=\"md\">V\u00fdkyvn\u00fd motor pracovn\u00edho stolu<\/td>\n<td data-col-size=\"md\" data-start=\"2212\" data-end=\"2223\">1,3\u00d72 kW<\/td>\n<\/tr>\n<tr data-start=\"2224\" data-end=\"2259\">\n<td data-start=\"2224\" data-end=\"2248\" data-col-size=\"md\">Motor pro regulaci nap\u011bt\u00ed<\/td>\n<td data-start=\"2248\" data-end=\"2259\" data-col-size=\"md\">4,4\u00d72 kW<\/td>\n<\/tr>\n<tr data-start=\"2260\" data-end=\"2305\">\n<td data-start=\"2260\" data-end=\"2294\" data-col-size=\"md\">Motor pro uvoln\u011bn\u00ed a sb\u011br dr\u00e1t\u016f<\/td>\n<td data-start=\"2294\" data-end=\"2305\" data-col-size=\"md\">5,5\u00d72 kW<\/td>\n<\/tr>\n<tr data-start=\"2306\" data-end=\"2373\">\n<td data-start=\"2306\" data-end=\"2353\" data-col-size=\"md\">Vn\u011bj\u0161\u00ed rozm\u011bry (bez sk\u0159\u00ed\u0148ky vahadla)<\/td>\n<td data-start=\"2353\" data-end=\"2373\" data-col-size=\"md\">2310 \u00d7 2660 \u00d7 2893 mm<\/td>\n<\/tr>\n<tr data-start=\"2374\" data-end=\"2401\">\n<td data-start=\"2374\" data-end=\"2391\" data-col-size=\"md\">Hmotnost stroje<\/td>\n<td data-start=\"2391\" data-end=\"2401\" data-col-size=\"md\">6000 kg<\/td>\n<\/tr>\n<\/tbody>\n<\/table>\n<\/div>\n<\/div>\n<h3 data-section-id=\"2jkvf5\" data-start=\"2408\" data-end=\"2435\"><span role=\"text\">Princip fungov\u00e1n\u00ed<\/span><\/h3>\n<p data-start=\"2436\" data-end=\"2513\">Stroj pracuje na principu \u201cabraze diamantov\u00fdm dr\u00e1tem + posuv obrobku\u201d:<\/p>\n<ol data-start=\"2515\" data-end=\"3361\">\n<li data-section-id=\"8g8sq1\" data-start=\"2515\" data-end=\"2766\">\n<p data-start=\"2518\" data-end=\"2544\">Cyklistika s diamantov\u00fdm dr\u00e1tem<\/p>\n<ul data-start=\"2548\" data-end=\"2766\">\n<li data-section-id=\"1wzwuw2\" data-start=\"2548\" data-end=\"2662\">\n<p data-start=\"2550\" data-end=\"2662\">Vysokorychlostn\u00ed rotuj\u00edc\u00ed kapst\u00e1n poh\u00e1n\u00ed diamantov\u00fd dr\u00e1t vratn\u00fdm pohybem (neboli jednosm\u011brn\u00fdm cyklov\u00e1n\u00edm).<\/p>\n<\/li>\n<li data-section-id=\"f6lbqh\" data-start=\"2666\" data-end=\"2766\">\n<p data-start=\"2668\" data-end=\"2766\">Nap\u011bt\u00ed dr\u00e1tu se udr\u017euje pomoc\u00ed pru\u017einov\u00fdch nebo pneumatick\u00fdch nap\u00ednac\u00edch kol pro stabiln\u00ed \u0159ez\u00e1n\u00ed.<\/p>\n<\/li>\n<\/ul>\n<\/li>\n<li data-section-id=\"10d9jao\" data-start=\"2768\" data-end=\"2944\">\n<p data-start=\"2771\" data-end=\"2791\">Posuv obrobku<\/p>\n<ul data-start=\"2795\" data-end=\"2944\">\n<li data-section-id=\"18dix1b\" data-start=\"2795\" data-end=\"2944\">\n<p data-start=\"2797\" data-end=\"2944\">Servomotory ovl\u00e1daj\u00ed upnut\u00ed obrobku tak, aby se pohyboval sm\u011brem k diamantov\u00e9mu dr\u00e1tu konstantn\u00ed rychlost\u00ed a vytv\u00e1\u0159el relativn\u00ed ot\u011br pro \u0159ez\u00e1n\u00ed.<\/p>\n<\/li>\n<\/ul>\n<\/li>\n<li data-section-id=\"1k9qku3\" data-start=\"2946\" data-end=\"3116\">\n<p data-start=\"2949\" data-end=\"2977\">P\u0159ep\u00edn\u00e1n\u00ed dvou stanic<\/p>\n<ul data-start=\"2981\" data-end=\"3116\">\n<li data-section-id=\"4bb19x\" data-start=\"2981\" data-end=\"3116\">\n<p data-start=\"2983\" data-end=\"3116\">Po roz\u0159ez\u00e1n\u00ed jednoho obrobku se stroj automaticky p\u0159epne na druh\u00fd up\u00edna\u010d a pracuje nep\u0159etr\u017eit\u011b bez prostoj\u016f.<\/p>\n<\/li>\n<\/ul>\n<\/li>\n<li data-section-id=\"15gtvqk\" data-start=\"3118\" data-end=\"3361\">\n<p data-start=\"3121\" data-end=\"3143\">Kl\u00ed\u010dov\u00e9 technologie<\/p>\n<ul data-start=\"3147\" data-end=\"3361\">\n<li data-section-id=\"5smzx8\" data-start=\"3147\" data-end=\"3261\">\n<p data-start=\"3149\" data-end=\"3261\">Oscila\u010dn\u00ed \u0159ez\u00e1n\u00ed: pracovn\u00ed st\u016fl s oscilac\u00ed \u00b18\u00b0 zaji\u0161\u0165uje rovnom\u011brn\u00fd kontakt s dr\u00e1tem a lep\u0161\u00ed rovinnost povrchu.<\/p>\n<\/li>\n<li data-section-id=\"1numag\" data-start=\"3265\" data-end=\"3361\">\n<p data-start=\"3267\" data-end=\"3361\">Kontrola nap\u011bt\u00ed: Senzory monitoruj\u00ed nap\u011bt\u00ed dr\u00e1tu v re\u00e1ln\u00e9m \u010dase, aby se zabr\u00e1nilo prokluzov\u00e1n\u00ed nebo p\u0159etr\u017een\u00ed.<\/p>\n<\/li>\n<\/ul>\n<\/li>\n<\/ol>\n<h3 data-section-id=\"1uq8gka\" data-start=\"3368\" data-end=\"3391\"><span role=\"text\">Z\u00e1kladn\u00ed funkce<\/span><\/h3>\n<div class=\"TyagGW_tableContainer\">\n<div class=\"group TyagGW_tableWrapper flex flex-col-reverse w-fit\" tabindex=\"-1\">\n<table class=\"w-fit min-w-(--thread-content-width)\" data-start=\"3393\" data-end=\"3938\">\n<thead data-start=\"3393\" data-end=\"3418\">\n<tr data-start=\"3393\" data-end=\"3418\">\n<th class=\"\" data-start=\"3393\" data-end=\"3403\" data-col-size=\"sm\">Funkce<\/th>\n<th class=\"\" data-start=\"3403\" data-end=\"3418\" data-col-size=\"md\">Popis<\/th>\n<\/tr>\n<\/thead>\n<tbody data-start=\"3445\" data-end=\"3938\">\n<tr data-start=\"3445\" data-end=\"3553\">\n<td data-start=\"3445\" data-end=\"3463\" data-col-size=\"sm\">Vysok\u00e1 \u00fa\u010dinnost<\/td>\n<td data-start=\"3463\" data-end=\"3553\" data-col-size=\"md\">Dvoustani\u010dn\u00ed konstrukce zdvojn\u00e1sobuje v\u00fdrobn\u00ed kapacitu; vysok\u00e9 rychlosti dr\u00e1tu zkracuj\u00ed dobu \u0159ez\u00e1n\u00ed.<\/td>\n<\/tr>\n<tr data-start=\"3554\" data-end=\"3668\">\n<td data-start=\"3554\" data-end=\"3571\" data-col-size=\"sm\">Vysok\u00e1 p\u0159esnost<\/td>\n<td data-col-size=\"md\" data-start=\"3571\" data-end=\"3668\">Servomotory + kuli\u010dkov\u00e9 \u0161rouby zaji\u0161\u0165uj\u00ed p\u0159esnost \u00b10,01 mm; oscila\u010dn\u00ed re\u017eim minimalizuje ot\u0159epy na povrchu.<\/td>\n<\/tr>\n<tr data-start=\"3669\" data-end=\"3767\">\n<td data-start=\"3669\" data-end=\"3683\" data-col-size=\"sm\">Flexibilita<\/td>\n<td data-col-size=\"md\" data-start=\"3683\" data-end=\"3767\">Podporuje p\u0159ep\u00edn\u00e1n\u00ed jednoho\/v\u00edce vodi\u010d\u016f a nastavitelnou rychlost posuvu (0,01-10 mm\/min).<\/td>\n<\/tr>\n<tr data-start=\"3768\" data-end=\"3836\">\n<td data-start=\"3768\" data-end=\"3783\" data-col-size=\"sm\">Ekologicky \u0161etrn\u00e9<\/td>\n<td data-start=\"3783\" data-end=\"3836\" data-col-size=\"md\">\u0158ezn\u00e9 kapaliny na b\u00e1zi vody sni\u017euj\u00ed pra\u0161nost a hlu\u010dnost.<\/td>\n<\/tr>\n<tr data-start=\"3837\" data-end=\"3938\">\n<td data-start=\"3837\" data-end=\"3849\" data-col-size=\"sm\">Stabilita<\/td>\n<td data-col-size=\"md\" data-start=\"3849\" data-end=\"3938\">Odl\u00e9van\u00e9 r\u00e1my zvy\u0161uj\u00ed tuhost; funkce obnoven\u00ed p\u0159eru\u0161en\u00ed zabra\u0148uje odm\u00edtnut\u00ed obrobku.<\/td>\n<\/tr>\n<\/tbody>\n<\/table>\n<\/div>\n<\/div>\n<h3 data-section-id=\"xdxar3\" data-start=\"3945\" data-end=\"3967\"><span role=\"text\">Aplikace<\/span><\/h3>\n<ol data-start=\"3969\" data-end=\"4689\">\n<li data-section-id=\"e2ca1e\" data-start=\"3969\" data-end=\"4145\">\n<p data-start=\"3972\" data-end=\"4008\">Polovodi\u010de a fotovoltaika<\/p>\n<ul data-start=\"4012\" data-end=\"4145\">\n<li data-section-id=\"c6f6qr\" data-start=\"4012\" data-end=\"4086\">\n<p data-start=\"4014\" data-end=\"4086\">\u0158ez\u00e1n\u00ed k\u0159em\u00edkov\u00fdch (monokrystalick\u00fdch\/polykrystalick\u00fdch) a PERC sol\u00e1rn\u00edch \u010dl\u00e1nk\u016f.<\/p>\n<\/li>\n<li data-section-id=\"5ocxwg\" data-start=\"4090\" data-end=\"4145\">\n<p data-start=\"4092\" data-end=\"4145\">Profilov\u00e1n\u00ed hran pro LED substr\u00e1ty a sol\u00e1rn\u00ed moduly<\/p>\n<\/li>\n<\/ul>\n<\/li>\n<li data-section-id=\"6hrn80\" data-start=\"4147\" data-end=\"4330\">\n<p data-start=\"4150\" data-end=\"4171\">Keramika a drahokamy<\/p>\n<ul data-start=\"4175\" data-end=\"4330\">\n<li data-section-id=\"5acdkn\" data-start=\"4175\" data-end=\"4235\">\n<p data-start=\"4177\" data-end=\"4235\">\u0158ez\u00e1n\u00ed saf\u00edru pro displeje LED a obrazovky chytr\u00fdch telefon\u016f<\/p>\n<\/li>\n<li data-section-id=\"1buqiv9\" data-start=\"4239\" data-end=\"4330\">\n<p data-start=\"4241\" data-end=\"4330\">P\u0159esn\u00e9 \u0159ez\u00e1n\u00ed karbidu k\u0159em\u00edku (SiC) pro nap\u00e1jec\u00ed za\u0159\u00edzen\u00ed pro elektromobily, minimalizace pl\u00fdtv\u00e1n\u00ed materi\u00e1lem<\/p>\n<\/li>\n<\/ul>\n<\/li>\n<li data-section-id=\"10scz4s\" data-start=\"4332\" data-end=\"4517\">\n<p data-start=\"4335\" data-end=\"4363\">K\u0159emen a optick\u00e9 sklo<\/p>\n<ul data-start=\"4367\" data-end=\"4517\">\n<li data-section-id=\"6ctgdt\" data-start=\"4367\" data-end=\"4438\">\n<p data-start=\"4369\" data-end=\"4438\">Krystalov\u00e9 oscil\u00e1tory: vysoce p\u0159esn\u00e9 \u0159ez\u00e1n\u00ed pro senzory a telekomunikace<\/p>\n<\/li>\n<li data-section-id=\"w69aek\" data-start=\"4442\" data-end=\"4517\">\n<p data-start=\"4444\" data-end=\"4517\">Optick\u00e9 komponenty: \u0159ez\u00e1n\u00ed \u010do\u010dek a hranol\u016f s minim\u00e1ln\u00edmi povrchov\u00fdmi vadami<\/p>\n<\/li>\n<\/ul>\n<\/li>\n<li data-section-id=\"165zv1\" data-start=\"4519\" data-end=\"4689\">\n<p data-start=\"4522\" data-end=\"4548\">Kovy a vz\u00e1cn\u00e9 zeminy<\/p>\n<ul data-start=\"4552\" data-end=\"4689\">\n<li data-section-id=\"10dxe48\" data-start=\"4552\" data-end=\"4624\">\n<p data-start=\"4554\" data-end=\"4624\">Brou\u0161en\u00ed drah\u00fdch kov\u016f (zlato, platina) na \u0161perky, sni\u017eov\u00e1n\u00ed mno\u017estv\u00ed \u0161rotu<\/p>\n<\/li>\n<li data-section-id=\"19im383\" data-start=\"4628\" data-end=\"4689\">\n<p data-start=\"4630\" data-end=\"4689\">\u0158ez\u00e1n\u00ed magnet\u016f ze vz\u00e1cn\u00fdch zemin (NdFeB) pro motory a senzory<\/p>\n<\/li>\n<\/ul>\n<\/li>\n<\/ol>\n<p><img decoding=\"async\" class=\"wp-image-2099 size-large aligncenter\" src=\"https:\/\/www.zmsh-semitech.com\/wp-content\/uploads\/2026\/03\/35194b37-522c-4034-8dae-1e2b7974059b-1024x248.jpg\" alt=\"\" width=\"1024\" height=\"248\" srcset=\"https:\/\/www.zmsh-semitech.com\/wp-content\/uploads\/2026\/03\/35194b37-522c-4034-8dae-1e2b7974059b-1024x248.jpg 1024w, https:\/\/www.zmsh-semitech.com\/wp-content\/uploads\/2026\/03\/35194b37-522c-4034-8dae-1e2b7974059b-300x73.jpg 300w, https:\/\/www.zmsh-semitech.com\/wp-content\/uploads\/2026\/03\/35194b37-522c-4034-8dae-1e2b7974059b-768x186.jpg 768w, https:\/\/www.zmsh-semitech.com\/wp-content\/uploads\/2026\/03\/35194b37-522c-4034-8dae-1e2b7974059b-18x4.jpg 18w, https:\/\/www.zmsh-semitech.com\/wp-content\/uploads\/2026\/03\/35194b37-522c-4034-8dae-1e2b7974059b-600x145.jpg 600w, https:\/\/www.zmsh-semitech.com\/wp-content\/uploads\/2026\/03\/35194b37-522c-4034-8dae-1e2b7974059b.jpg 1139w\" sizes=\"(max-width: 1024px) 100vw, 1024px\" \/><\/p>\n<h3 data-section-id=\"cr3je8\" data-start=\"4696\" data-end=\"4709\"><span role=\"text\">\u010cASTO KLADEN\u00c9 DOTAZY<\/span><\/h3>\n<p data-start=\"4711\" data-end=\"4941\">Ot\u00e1zka: Jak funguje dvoustani\u010dn\u00ed \u0159ezac\u00ed stroj s diamantov\u00fdm dr\u00e1tem?<br data-start=\"4776\" data-end=\"4779\" \/>Odpov\u011b\u010f: Vyu\u017e\u00edv\u00e1 cyklov\u00e1n\u00ed diamantov\u00e9ho dr\u00e1tu (vratn\u00fd pohyb) a dvoustani\u010dn\u00ed konstrukci pro nep\u0159etr\u017eit\u00e9 \u0159ez\u00e1n\u00ed a p\u0159ep\u00edn\u00e1n\u00ed materi\u00e1lu, co\u017e minimalizuje prostoje.<\/p>\n<p data-start=\"4943\" data-end=\"5191\">Ot\u00e1zka: Jak\u00e9 jsou hlavn\u00ed v\u00fdhody dvoustani\u010dn\u00edch \u0159ezac\u00edch stroj\u016f s diamantov\u00fdm dr\u00e1tem?<br data-start=\"5024\" data-end=\"5027\" \/>A: Vysok\u00e1 \u00fa\u010dinnost (paraleln\u00ed zpracov\u00e1n\u00ed na dvou stanic\u00edch) a p\u0159esnost (p\u0159esnost \u00b10,01 mm) pro \u0159ez\u00e1n\u00ed k\u0159ehk\u00fdch materi\u00e1l\u016f, jako jsou k\u0159em\u00edkov\u00e9 desti\u010dky a keramika.<\/p>","protected":false},"excerpt":{"rendered":"<p>Dvoustani\u010dn\u00ed \u0159ezac\u00ed stroj s diamantov\u00fdm dr\u00e1tem s jedn\u00edm\/v\u00edce dr\u00e1ty je z\u00e1kladn\u00edm za\u0159\u00edzen\u00edm pro p\u0159esn\u00e9 zpracov\u00e1n\u00ed k\u0159ehk\u00fdch materi\u00e1l\u016f. Pomoc\u00ed vysokorychlostn\u00edho vratn\u00e9ho pohybu diamantov\u00e9ho dr\u00e1tu (ocelov\u00fd dr\u00e1t pota\u017een\u00fd \u010d\u00e1sticemi karbidu k\u0159em\u00edku nebo oxidu hlinit\u00e9ho) a relativn\u00edho ot\u011bru o obrobek dosahuje p\u0159esn\u00e9ho \u0159ez\u00e1n\u00ed tvrd\u00fdch materi\u00e1l\u016f.<\/p>","protected":false},"featured_media":1934,"comment_status":"open","ping_status":"closed","template":"","meta":{"site-sidebar-layout":"default","site-content-layout":"","ast-site-content-layout":"default","site-content-style":"default","site-sidebar-style":"default","ast-global-header-display":"","ast-banner-title-visibility":"","ast-main-header-display":"","ast-hfb-above-header-display":"","ast-hfb-below-header-display":"","ast-hfb-mobile-header-display":"","site-post-title":"","ast-breadcrumbs-content":"","ast-featured-img":"","footer-sml-layout":"","ast-disable-related-posts":"","theme-transparent-header-meta":"default","adv-header-id-meta":"","stick-header-meta":"default","header-above-stick-meta":"","header-main-stick-meta":"","header-below-stick-meta":"","astra-migrate-meta-layouts":"set","ast-page-background-enabled":"default","ast-page-background-meta":{"desktop":{"background-color":"var(--ast-global-color-4)","background-image":"","background-repeat":"repeat","background-position":"center center","background-size":"auto","background-attachment":"scroll","background-type":"","background-media":"","overlay-type":"","overlay-color":"","overlay-opacity":"","overlay-gradient":""},"tablet":{"background-color":"","background-image":"","background-repeat":"repeat","background-position":"center center","background-size":"auto","background-attachment":"scroll","background-type":"","background-media":"","overlay-type":"","overlay-color":"","overlay-opacity":"","overlay-gradient":""},"mobile":{"background-color":"","background-image":"","background-repeat":"repeat","background-position":"center center","background-size":"auto","background-attachment":"scroll","background-type":"","background-media":"","overlay-type":"","overlay-color":"","overlay-opacity":"","overlay-gradient":""}},"ast-content-background-meta":{"desktop":{"background-color":"var(--ast-global-color-5)","background-image":"","background-repeat":"repeat","background-position":"center center","background-size":"auto","background-attachment":"scroll","background-type":"","background-media":"","overlay-type":"","overlay-color":"","overlay-opacity":"","overlay-gradient":""},"tablet":{"background-color":"var(--ast-global-color-5)","background-image":"","background-repeat":"repeat","background-position":"center center","background-size":"auto","background-attachment":"scroll","background-type":"","background-media":"","overlay-type":"","overlay-color":"","overlay-opacity":"","overlay-gradient":""},"mobile":{"background-color":"var(--ast-global-color-5)","background-image":"","background-repeat":"repeat","background-position":"center center","background-size":"auto","background-attachment":"scroll","background-type":"","background-media":"","overlay-type":"","overlay-color":"","overlay-opacity":"","overlay-gradient":""}}},"product_brand":[],"product_cat":[22],"product_tag":[434,424,425,415,418,433,429,416,431,427,432,428,430,423,426,419,422,420,421,417],"class_list":{"0":"post-1933","1":"product","2":"type-product","3":"status-publish","4":"has-post-thumbnail","6":"product_cat-wire-saw-machine","7":"product_tag-advanced-manufacturing-equipment","8":"product_tag-brittle-material-processing","9":"product_tag-ceramic-cutting","10":"product_tag-diamond-wire-saw","11":"product_tag-dual-station-cutting-machine","12":"product_tag-high-precision-saw","13":"product_tag-led-substrate-slicing","14":"product_tag-multi-wire-cutting-machine","15":"product_tag-ndfeb-magnet-slicing","16":"product_tag-optical-glass-cutting","17":"product_tag-oscillating-cutting","18":"product_tag-photovoltaic-wafer-cutting","19":"product_tag-precious-metal-cutting","20":"product_tag-precision-cutting","21":"product_tag-quartz-cutting","22":"product_tag-sapphire-cutting","23":"product_tag-semiconductor-wafer-slicing","24":"product_tag-sic-cutting","25":"product_tag-silicon-carbide-saw","26":"product_tag-single-wire-saw","27":"desktop-align-left","28":"tablet-align-left","29":"mobile-align-left","30":"ast-product-gallery-layout-horizontal-slider","31":"ast-product-tabs-layout-horizontal","33":"first","34":"instock","35":"shipping-taxable","36":"product-type-simple"},"_links":{"self":[{"href":"https:\/\/www.zmsh-semitech.com\/cs\/wp-json\/wp\/v2\/product\/1933","targetHints":{"allow":["GET"]}}],"collection":[{"href":"https:\/\/www.zmsh-semitech.com\/cs\/wp-json\/wp\/v2\/product"}],"about":[{"href":"https:\/\/www.zmsh-semitech.com\/cs\/wp-json\/wp\/v2\/types\/product"}],"replies":[{"embeddable":true,"href":"https:\/\/www.zmsh-semitech.com\/cs\/wp-json\/wp\/v2\/comments?post=1933"}],"version-history":[{"count":3,"href":"https:\/\/www.zmsh-semitech.com\/cs\/wp-json\/wp\/v2\/product\/1933\/revisions"}],"predecessor-version":[{"id":2101,"href":"https:\/\/www.zmsh-semitech.com\/cs\/wp-json\/wp\/v2\/product\/1933\/revisions\/2101"}],"wp:featuredmedia":[{"embeddable":true,"href":"https:\/\/www.zmsh-semitech.com\/cs\/wp-json\/wp\/v2\/media\/1934"}],"wp:attachment":[{"href":"https:\/\/www.zmsh-semitech.com\/cs\/wp-json\/wp\/v2\/media?parent=1933"}],"wp:term":[{"taxonomy":"product_brand","embeddable":true,"href":"https:\/\/www.zmsh-semitech.com\/cs\/wp-json\/wp\/v2\/product_brand?post=1933"},{"taxonomy":"product_cat","embeddable":true,"href":"https:\/\/www.zmsh-semitech.com\/cs\/wp-json\/wp\/v2\/product_cat?post=1933"},{"taxonomy":"product_tag","embeddable":true,"href":"https:\/\/www.zmsh-semitech.com\/cs\/wp-json\/wp\/v2\/product_tag?post=1933"}],"curies":[{"name":"wp","href":"https:\/\/api.w.org\/{rel}","templated":true}]}}