{"id":1737,"date":"2026-01-23T01:45:47","date_gmt":"2026-01-23T01:45:47","guid":{"rendered":"https:\/\/www.zmsh-semitech.com\/?post_type=product&#038;p=1737"},"modified":"2026-01-23T01:47:36","modified_gmt":"2026-01-23T01:47:36","slug":"sic-single-crystal-resistance-heating-growth-furnace-for-6-inch-8-inch-and-12-inch-wafer-production-pvt-method","status":"publish","type":"product","link":"https:\/\/www.zmsh-semitech.com\/cs\/product\/sic-single-crystal-resistance-heating-growth-furnace-for-6-inch-8-inch-and-12-inch-wafer-production-pvt-method\/","title":{"rendered":"Pec pro r\u016fst monokrystal\u016f SiC s odporov\u00fdm oh\u0159evem pro v\u00fdrobu 6palcov\u00fdch, 8palcov\u00fdch a 12palcov\u00fdch desti\u010dek (metoda PVT)"},"content":{"rendered":"<h2 data-start=\"477\" data-end=\"500\">P\u0159ehled produkt\u016f<\/h2>\n<p>&nbsp;<\/p>\n<p data-start=\"502\" data-end=\"769\">Pec ZMSH pro r\u016fst monokrystal\u016f SiC s odporov\u00fdm oh\u0159evem je vysokoteplotn\u00ed syst\u00e9m pro r\u016fst krystal\u016f speci\u00e1ln\u011b navr\u017een\u00fd pro v\u00fdrobu monokrystal\u016f karbidu k\u0159em\u00edku o velk\u00e9m pr\u016fm\u011bru, kter\u00fd podporuje v\u00fdrobu 6palcov\u00fdch, 8palcov\u00fdch a 12palcov\u00fdch SiC desti\u010dek.<\/p>\n<p><img fetchpriority=\"high\" decoding=\"async\" class=\"size-medium wp-image-1741 alignright\" src=\"https:\/\/www.zmsh-semitech.com\/wp-content\/uploads\/2026\/01\/pl204262693-sic_single_crystal_resistance_heating_crystal_growth_furnace_for_6inch_8inch_12inch_sic_wafers_manufacture-300x199.webp\" alt=\"\" width=\"300\" height=\"199\" srcset=\"https:\/\/www.zmsh-semitech.com\/wp-content\/uploads\/2026\/01\/pl204262693-sic_single_crystal_resistance_heating_crystal_growth_furnace_for_6inch_8inch_12inch_sic_wafers_manufacture-300x199.webp 300w, https:\/\/www.zmsh-semitech.com\/wp-content\/uploads\/2026\/01\/pl204262693-sic_single_crystal_resistance_heating_crystal_growth_furnace_for_6inch_8inch_12inch_sic_wafers_manufacture.webp 590w\" sizes=\"(max-width: 300px) 100vw, 300px\" \/><\/p>\n<p data-start=\"502\" data-end=\"769\">uring.<\/p>\n<p data-start=\"771\" data-end=\"1198\">Pec je navr\u017eena na principu fyzik\u00e1ln\u00edho transportu par (PVT) a integruje p\u0159esn\u00e9 \u0159\u00edzen\u00ed odporov\u00e9ho oh\u0159evu, stabiln\u00ed rozlo\u017een\u00ed tepeln\u00e9ho pole, \u0159\u00edzen\u00ed prost\u0159ed\u00ed s vysok\u00fdm vakuem a p\u0159esnou regulaci tlaku.<br data-start=\"1021\" data-end=\"1024\" \/>Tato konfigurace umo\u017e\u0148uje r\u016fst monokrystal\u016f SiC s vysokou \u010distotou a n\u00edzkou hustotou defekt\u016f vhodn\u00fdch pro pokro\u010dil\u00e9 aplikace v\u00fdkonov\u00fdch polovodi\u010d\u016f a elektronick\u00fdch za\u0159\u00edzen\u00ed.<\/p>\n<p data-start=\"1200\" data-end=\"1400\">Syst\u00e9m je vyvinut tak, aby spl\u0148oval po\u017eadavky pr\u016fmyslov\u00e9 v\u00fdroby a zaji\u0161\u0165oval stabilitu procesu, opakovatelnost a dlouhodobou provozn\u00ed spolehlivost v prost\u0159ed\u00ed velk\u00e9ho r\u016fstu krystal\u016f SiC.<\/p>\n<p data-start=\"1200\" data-end=\"1400\">\n<h2 data-start=\"1407\" data-end=\"1441\">Z\u00e1kladn\u00ed technick\u00e9 schopnosti<\/h2>\n<p>&nbsp;<\/p>\n<h3 data-start=\"1443\" data-end=\"1491\">Vysoce stabiln\u00ed odporov\u00fd topn\u00fd syst\u00e9m<\/h3>\n<p data-start=\"1492\" data-end=\"1742\">Pec vyu\u017e\u00edv\u00e1 v\u00edcez\u00f3novou strukturu odporov\u00e9ho oh\u0159evu k dosa\u017een\u00ed rovnom\u011brn\u00e9ho axi\u00e1ln\u00edho a radi\u00e1ln\u00edho rozlo\u017een\u00ed teploty. T\u00edm se minimalizuj\u00ed tepeln\u00e9 gradienty, sni\u017euje vnit\u0159n\u00ed nap\u011bt\u00ed a zlep\u0161uje se struktur\u00e1ln\u00ed integrita krystal\u016f b\u011bhem procesu r\u016fstu.<\/p>\n<h3 data-start=\"1744\" data-end=\"1790\">P\u0159esn\u00e1 tepeln\u00e1 a tlakov\u00e1 regulace<\/h3>\n<ul data-start=\"1791\" data-end=\"1929\">\n<li data-start=\"1791\" data-end=\"1839\">\n<p data-start=\"1793\" data-end=\"1839\">Maxim\u00e1ln\u00ed provozn\u00ed teplota a\u017e 2500 \u00b0C<\/p>\n<\/li>\n<li data-start=\"1840\" data-end=\"1880\">\n<p data-start=\"1842\" data-end=\"1880\">P\u0159esnost regulace teploty: \u00b11 \u00b0C<\/p>\n<\/li>\n<li data-start=\"1881\" data-end=\"1929\">\n<p data-start=\"1883\" data-end=\"1929\">\u0160irok\u00fd rozsah regulace tlaku: 1-700 mbar<\/p>\n<\/li>\n<\/ul>\n<p data-start=\"1931\" data-end=\"2090\">Tyto parametry zaji\u0161\u0165uj\u00ed stabiln\u00ed termodynamick\u00e9 prost\u0159ed\u00ed nezbytn\u00e9 pro \u0159\u00edzenou sublimaci, transport par a rekrystalizaci krystal\u016f p\u0159i r\u016fstu SiC.<\/p>\n<h3 data-start=\"2092\" data-end=\"2138\">Kapacita pro r\u016fst krystal\u016f o velk\u00e9m pr\u016fm\u011bru<\/h3>\n<p data-start=\"2139\" data-end=\"2348\">D\u00edky pr\u016fm\u011bru kel\u00edmku 900 mm syst\u00e9m podporuje r\u016fst 8palcov\u00fdch a 12palcov\u00fdch ingot\u016f SiC nov\u00e9 generace, co\u017e v\u00fdrobc\u016fm umo\u017e\u0148uje roz\u0161\u00ed\u0159it v\u00fdrobu a z\u00e1rove\u0148 zv\u00fd\u0161it v\u00fdt\u011b\u017enost a konzistenci pl\u00e1tk\u016f.<\/p>\n<h3 data-start=\"2350\" data-end=\"2388\">R\u016fstov\u00e9 prost\u0159ed\u00ed s vysok\u00fdm vakuem<\/h3>\n<p data-start=\"2389\" data-end=\"2551\">V peci je udr\u017eov\u00e1na r\u016fstov\u00e1 komora s n\u00edzk\u00fdm \u00fanikem a vysok\u00fdm vakuem, co\u017e zaji\u0161\u0165uje sn\u00ed\u017een\u00ed rizika kontaminace, vy\u0161\u0161\u00ed \u010distotu krystal\u016f a stabiln\u00ed dlouhodob\u00fd provoz.<\/p>\n<h2 data-start=\"2558\" data-end=\"2588\"><\/h2>\n<h2 data-start=\"2558\" data-end=\"2588\">Pr\u016fmyslov\u00e9 aplikace<img decoding=\"async\" class=\"size-medium wp-image-1739 alignright\" src=\"https:\/\/www.zmsh-semitech.com\/wp-content\/uploads\/2026\/01\/pl204262670-sic_single_crystal_resistance_heating_crystal_growth_furnace_for_6inch_8inch_12inch_sic_wafers_manufacture-300x300.webp\" alt=\"\" width=\"300\" height=\"300\" srcset=\"https:\/\/www.zmsh-semitech.com\/wp-content\/uploads\/2026\/01\/pl204262670-sic_single_crystal_resistance_heating_crystal_growth_furnace_for_6inch_8inch_12inch_sic_wafers_manufacture-300x300.webp 300w, https:\/\/www.zmsh-semitech.com\/wp-content\/uploads\/2026\/01\/pl204262670-sic_single_crystal_resistance_heating_crystal_growth_furnace_for_6inch_8inch_12inch_sic_wafers_manufacture-150x150.webp 150w, https:\/\/www.zmsh-semitech.com\/wp-content\/uploads\/2026\/01\/pl204262670-sic_single_crystal_resistance_heating_crystal_growth_furnace_for_6inch_8inch_12inch_sic_wafers_manufacture-600x600.webp 600w, https:\/\/www.zmsh-semitech.com\/wp-content\/uploads\/2026\/01\/pl204262670-sic_single_crystal_resistance_heating_crystal_growth_furnace_for_6inch_8inch_12inch_sic_wafers_manufacture-100x100.webp 100w, https:\/\/www.zmsh-semitech.com\/wp-content\/uploads\/2026\/01\/pl204262670-sic_single_crystal_resistance_heating_crystal_growth_furnace_for_6inch_8inch_12inch_sic_wafers_manufacture.webp 607w\" sizes=\"(max-width: 300px) 100vw, 300px\" \/><\/h2>\n<p>&nbsp;<\/p>\n<ul data-start=\"2590\" data-end=\"2828\">\n<li data-start=\"2590\" data-end=\"2624\">\n<p data-start=\"2592\" data-end=\"2624\">V\u00fdkonov\u00e9 polovodi\u010dov\u00e9 substr\u00e1ty<\/p>\n<\/li>\n<li data-start=\"2625\" data-end=\"2659\">\n<p data-start=\"2627\" data-end=\"2659\">Nap\u00e1jec\u00ed moduly pro elektrick\u00e1 vozidla<\/p>\n<\/li>\n<li data-start=\"2660\" data-end=\"2701\">\n<p data-start=\"2662\" data-end=\"2701\">Vysokonap\u011b\u0165ov\u00e1 za\u0159\u00edzen\u00ed MOSFET a diody<\/p>\n<\/li>\n<li data-start=\"2702\" data-end=\"2747\">\n<p data-start=\"2704\" data-end=\"2747\">Syst\u00e9my p\u0159em\u011bny energie z obnoviteln\u00fdch zdroj\u016f<\/p>\n<\/li>\n<li data-start=\"2748\" data-end=\"2795\">\n<p data-start=\"2750\" data-end=\"2795\">Vysokofrekven\u010dn\u00ed a radiofrekven\u010dn\u00ed elektronick\u00e9 sou\u010d\u00e1stky<\/p>\n<\/li>\n<li data-start=\"2796\" data-end=\"2828\">\n<p data-start=\"2798\" data-end=\"2828\">Pr\u016fmyslov\u00e1 v\u00fdkonov\u00e1 elektronika<\/p>\n<\/li>\n<\/ul>\n<p>&nbsp;<\/p>\n<h2 data-start=\"2835\" data-end=\"2866\">Technick\u00e9 specifikace<\/h2>\n<p>&nbsp;<\/p>\n<div class=\"TyagGW_tableContainer\">\n<div class=\"group TyagGW_tableWrapper flex flex-col-reverse w-fit\" tabindex=\"-1\">\n<table class=\"w-fit min-w-(--thread-content-width)\" data-start=\"2868\" data-end=\"3773\">\n<thead data-start=\"2868\" data-end=\"2901\">\n<tr data-start=\"2868\" data-end=\"2901\">\n<th data-start=\"2868\" data-end=\"2874\" data-col-size=\"sm\">Ne.<\/th>\n<th data-start=\"2874\" data-end=\"2890\" data-col-size=\"sm\">Specifikace<\/th>\n<th data-start=\"2890\" data-end=\"2901\" data-col-size=\"md\">Podrobnosti na<\/th>\n<\/tr>\n<\/thead>\n<tbody data-start=\"2936\" data-end=\"3773\">\n<tr data-start=\"2936\" data-end=\"2961\">\n<td data-start=\"2936\" data-end=\"2940\" data-col-size=\"sm\">1<\/td>\n<td data-start=\"2940\" data-end=\"2948\" data-col-size=\"sm\">Model<\/td>\n<td data-start=\"2948\" data-end=\"2961\" data-col-size=\"md\">PVT-RS-40<\/td>\n<\/tr>\n<tr data-start=\"2962\" data-end=\"3024\">\n<td data-start=\"2962\" data-end=\"2966\" data-col-size=\"sm\">2<\/td>\n<td data-start=\"2966\" data-end=\"2999\" data-col-size=\"sm\">Rozm\u011bry pece (D \u00d7 \u0160 \u00d7 V)<\/td>\n<td data-start=\"2999\" data-end=\"3024\" data-col-size=\"md\">2500 \u00d7 2400 \u00d7 3456 mm<\/td>\n<\/tr>\n<tr data-start=\"3025\" data-end=\"3059\">\n<td data-start=\"3025\" data-end=\"3029\" data-col-size=\"sm\">3<\/td>\n<td data-start=\"3029\" data-end=\"3049\" data-col-size=\"sm\">Pr\u016fm\u011br kel\u00edmku<\/td>\n<td data-start=\"3049\" data-end=\"3059\" data-col-size=\"md\">900 mm<\/td>\n<\/tr>\n<tr data-start=\"3060\" data-end=\"3127\">\n<td data-start=\"3060\" data-end=\"3064\" data-col-size=\"sm\">4<\/td>\n<td data-start=\"3064\" data-end=\"3091\" data-col-size=\"sm\">Nejvy\u0161\u0161\u00ed tlak vakua<\/td>\n<td data-start=\"3091\" data-end=\"3127\" data-col-size=\"md\">6 \u00d7 10-\u2074 Pa (po 1,5 h vakua)<\/td>\n<\/tr>\n<tr data-start=\"3128\" data-end=\"3174\">\n<td data-start=\"3128\" data-end=\"3132\" data-col-size=\"sm\">5<\/td>\n<td data-start=\"3132\" data-end=\"3147\" data-col-size=\"sm\">M\u00edra \u00faniku<\/td>\n<td data-start=\"3147\" data-end=\"3174\" data-col-size=\"md\">\u22645 Pa \/ 12 h (vypalov\u00e1n\u00ed)<\/td>\n<\/tr>\n<tr data-start=\"3175\" data-end=\"3214\">\n<td data-start=\"3175\" data-end=\"3179\" data-col-size=\"sm\">6<\/td>\n<td data-start=\"3179\" data-end=\"3205\" data-col-size=\"sm\">Pr\u016fm\u011br rota\u010dn\u00edho h\u0159\u00eddele<\/td>\n<td data-start=\"3205\" data-end=\"3214\" data-col-size=\"md\">50 mm<\/td>\n<\/tr>\n<tr data-start=\"3215\" data-end=\"3249\">\n<td data-start=\"3215\" data-end=\"3219\" data-col-size=\"sm\">7<\/td>\n<td data-start=\"3219\" data-end=\"3236\" data-col-size=\"sm\">Rychlost ot\u00e1\u010den\u00ed<\/td>\n<td data-start=\"3236\" data-end=\"3249\" data-col-size=\"md\">0,5-5 ot\u00e1\u010dek za minutu<\/td>\n<\/tr>\n<tr data-start=\"3250\" data-end=\"3302\">\n<td data-start=\"3250\" data-end=\"3254\" data-col-size=\"sm\">8<\/td>\n<td data-start=\"3254\" data-end=\"3271\" data-col-size=\"sm\">Zp\u016fsob vyt\u00e1p\u011bn\u00ed<\/td>\n<td data-start=\"3271\" data-end=\"3302\" data-col-size=\"md\">Elektrick\u00e9 odporov\u00e9 vyt\u00e1p\u011bn\u00ed<\/td>\n<\/tr>\n<tr data-start=\"3303\" data-end=\"3347\">\n<td data-start=\"3303\" data-end=\"3307\" data-col-size=\"sm\">9<\/td>\n<td data-start=\"3307\" data-end=\"3337\" data-col-size=\"sm\">Maxim\u00e1ln\u00ed teplota pece<\/td>\n<td data-start=\"3337\" data-end=\"3347\" data-col-size=\"md\">2500\u00b0C<\/td>\n<\/tr>\n<tr data-start=\"3348\" data-end=\"3389\">\n<td data-start=\"3348\" data-end=\"3352\" data-col-size=\"sm\">10<\/td>\n<td data-start=\"3352\" data-end=\"3368\" data-col-size=\"sm\">Topn\u00fd v\u00fdkon<\/td>\n<td data-start=\"3368\" data-end=\"3389\" data-col-size=\"md\">40 kW \u00d7 2 + 20 kW<\/td>\n<\/tr>\n<tr data-start=\"3390\" data-end=\"3453\">\n<td data-start=\"3390\" data-end=\"3394\" data-col-size=\"sm\">11<\/td>\n<td data-start=\"3394\" data-end=\"3420\" data-col-size=\"sm\">M\u011b\u0159en\u00ed teploty<\/td>\n<td data-start=\"3420\" data-end=\"3453\" data-col-size=\"md\">Dvoubarevn\u00fd infra\u010derven\u00fd pyrometr<\/td>\n<\/tr>\n<tr data-start=\"3454\" data-end=\"3492\">\n<td data-start=\"3454\" data-end=\"3458\" data-col-size=\"sm\">12<\/td>\n<td data-start=\"3458\" data-end=\"3478\" data-col-size=\"sm\">Teplotn\u00ed rozsah<\/td>\n<td data-start=\"3478\" data-end=\"3492\" data-col-size=\"md\">900-3000\u00b0C<\/td>\n<\/tr>\n<tr data-start=\"3493\" data-end=\"3528\">\n<td data-start=\"3493\" data-end=\"3497\" data-col-size=\"sm\">13<\/td>\n<td data-start=\"3497\" data-end=\"3520\" data-col-size=\"sm\">P\u0159esnost teploty<\/td>\n<td data-start=\"3520\" data-end=\"3528\" data-col-size=\"md\">\u00b11\u00b0C<\/td>\n<\/tr>\n<tr data-start=\"3529\" data-end=\"3564\">\n<td data-start=\"3529\" data-end=\"3533\" data-col-size=\"sm\">14<\/td>\n<td data-start=\"3533\" data-end=\"3550\" data-col-size=\"sm\">Rozsah tlaku<\/td>\n<td data-start=\"3550\" data-end=\"3564\" data-col-size=\"md\">1-700 mbar<\/td>\n<\/tr>\n<tr data-start=\"3565\" data-end=\"3617\">\n<td data-start=\"3565\" data-end=\"3569\" data-col-size=\"sm\">15<\/td>\n<td data-start=\"3569\" data-end=\"3597\" data-col-size=\"sm\">P\u0159esnost regulace tlaku<\/td>\n<td data-start=\"3597\" data-end=\"3617\" data-col-size=\"md\">\u00b10,5% v pln\u00e9m rozsahu<\/td>\n<\/tr>\n<tr data-start=\"3618\" data-end=\"3691\">\n<td data-start=\"3618\" data-end=\"3622\" data-col-size=\"sm\">16<\/td>\n<td data-start=\"3622\" data-end=\"3639\" data-col-size=\"sm\">Typ operace<\/td>\n<td data-start=\"3639\" data-end=\"3691\" data-col-size=\"md\">Spodn\u00ed pln\u011bn\u00ed, manu\u00e1ln\u00ed nebo automatick\u00e9 bezpe\u010dnostn\u00ed re\u017eimy<\/td>\n<\/tr>\n<tr data-start=\"3692\" data-end=\"3773\">\n<td data-start=\"3692\" data-end=\"3696\" data-col-size=\"sm\">17<\/td>\n<td data-start=\"3696\" data-end=\"3722\" data-col-size=\"sm\">Voliteln\u00e9 konfigurace<\/td>\n<td data-start=\"3722\" data-end=\"3773\" data-col-size=\"md\">V\u00edcez\u00f3nov\u00e9 vyt\u00e1p\u011bn\u00ed, du\u00e1ln\u00ed sledov\u00e1n\u00ed teploty<\/td>\n<\/tr>\n<\/tbody>\n<\/table>\n<\/div>\n<\/div>\n<h2 data-start=\"3780\" data-end=\"3813\"><\/h2>\n<h2 data-start=\"3780\" data-end=\"3813\">V\u00fdkonnost r\u016fstu krystal\u016f<\/h2>\n<p>&nbsp;<\/p>\n<p data-start=\"3815\" data-end=\"3894\">Syst\u00e9m umo\u017e\u0148uje v\u00fdrobu vysoce kvalitn\u00edch monokrystal\u016f SiC s:<\/p>\n<ul data-start=\"3896\" data-end=\"4036\">\n<li data-start=\"3896\" data-end=\"3923\">\n<p data-start=\"3898\" data-end=\"3923\">N\u00edzk\u00e1 hustota dislokac\u00ed<\/p>\n<\/li>\n<li data-start=\"3924\" data-end=\"3954\">\n<p data-start=\"3926\" data-end=\"3954\">Vysok\u00e1 struktur\u00e1ln\u00ed jednotnost<\/p>\n<\/li>\n<li data-start=\"3955\" data-end=\"3987\">\n<p data-start=\"3957\" data-end=\"3987\">Stabiln\u00ed elektrick\u00e9 vlastnosti<\/p>\n<\/li>\n<li data-start=\"3988\" data-end=\"4036\">\n<p data-start=\"3990\" data-end=\"4036\">Vynikaj\u00edc\u00ed tepeln\u00e9 a mechanick\u00e9 vlastnosti<\/p>\n<\/li>\n<\/ul>\n<p data-start=\"4038\" data-end=\"4178\">Tyto vlastnosti jsou rozhoduj\u00edc\u00ed pro polovodi\u010dov\u00e9 desti\u010dky pou\u017e\u00edvan\u00e9 p\u0159i v\u00fdrob\u011b vysoce v\u00fdkonn\u00fdch, vysokonap\u011b\u0165ov\u00fdch a vysokofrekven\u010dn\u00edch za\u0159\u00edzen\u00ed.<\/p>\n<p data-start=\"4038\" data-end=\"4178\">\n<h2 data-start=\"4185\" data-end=\"4217\">ZMSH Engineering Services<\/h2>\n<p>&nbsp;<\/p>\n<h3 data-start=\"4219\" data-end=\"4254\">Vlastn\u00ed konfigurace syst\u00e9mu<\/h3>\n<p data-start=\"4255\" data-end=\"4405\">Strukturu pece, topn\u00e9 z\u00f3ny, \u0159\u00eddic\u00ed syst\u00e9my a rozm\u011bry komory lze p\u0159izp\u016fsobit podle rozsahu v\u00fdroby a po\u017eadavk\u016f na velikost pl\u00e1tk\u016f.<\/p>\n<h3 data-start=\"4407\" data-end=\"4445\">Instalace a uveden\u00ed do provozu<\/h3>\n<p data-start=\"4446\" data-end=\"4564\">Instalaci, kalibraci a provozn\u00ed ov\u011b\u0159en\u00ed syst\u00e9mu na m\u00edst\u011b zaji\u0161\u0165uj\u00ed profesion\u00e1ln\u00ed technick\u00e9 t\u00fdmy.<\/p>\n<h3 data-start=\"4566\" data-end=\"4592\">Technick\u00e9 \u0161kolen\u00ed<\/h3>\n<p data-start=\"4593\" data-end=\"4699\">Programy \u0161kolen\u00ed obsluhy zahrnuj\u00ed obsluhu za\u0159\u00edzen\u00ed, \u0159\u00edzen\u00ed proces\u016f, \u00fadr\u017ebu a diagnostiku poruch.<\/p>\n<h3 data-start=\"4701\" data-end=\"4726\">Dlouhodob\u00e1 podpora<\/h3>\n<p data-start=\"4727\" data-end=\"4835\">Technick\u00e1 podpora po celou dobu \u017eivotnosti, servisn\u00ed slu\u017eby a dod\u00e1vky n\u00e1hradn\u00edch d\u00edl\u016f zaji\u0161\u0165uj\u00ed stabiln\u00ed dlouhodob\u00fd provoz.<\/p>\n<h2 data-start=\"4842\" data-end=\"4852\"><\/h2>\n<h2 data-start=\"4842\" data-end=\"4852\">\u010cASTO KLADEN\u00c9 DOTAZY<\/h2>\n<p>&nbsp;<\/p>\n<p data-start=\"4854\" data-end=\"5148\">Ot\u00e1zka 1: Jakou metodu r\u016fstu krystal\u016f tato pec pou\u017e\u00edv\u00e1?<br data-start=\"4911\" data-end=\"4914\" \/>Odpov\u011b\u010f: Pec pracuje na z\u00e1klad\u011b metody fyzik\u00e1ln\u00edho transportu par (PVT), kter\u00e1 umo\u017e\u0148uje \u0159\u00edzenou sublimaci a rekrystalizaci karbidu k\u0159em\u00edku p\u0159i vysok\u00fdch teplot\u00e1ch, tak\u017ee je vhodn\u00e1 pro vysoce kvalitn\u00ed r\u016fst monokrystal\u016f.<\/p>\n<p data-start=\"5150\" data-end=\"5371\">O2: Jak\u00e9 velikosti pl\u00e1tk\u016f pec zvl\u00e1dne?<br data-start=\"5199\" data-end=\"5202\" \/>Odpov\u011b\u010f: Syst\u00e9m je navr\u017een pro 6palcov\u00fd, 8palcov\u00fd a 12palcov\u00fd r\u016fst monokrystal\u016f karbidu k\u0159em\u00edku a podporuje sou\u010dasn\u00e9 i p\u0159\u00ed\u0161t\u00ed generace po\u017eadavk\u016f na v\u00fdrobu desti\u010dek.<\/p>\n<p data-start=\"5373\" data-end=\"5637\">Ot\u00e1zka 3: Je pec vhodn\u00e1 pro pr\u016fmyslovou v\u00fdrobu?<br data-start=\"5437\" data-end=\"5440\" \/>Odpov\u011b\u010f: Ano. Syst\u00e9m je navr\u017een pro nep\u0159etr\u017eit\u00fd pr\u016fmyslov\u00fd provoz a nab\u00edz\u00ed vysokou tepelnou stabilitu, opakovatelnost procesu a dlouhodobou spolehlivost pro rozs\u00e1hl\u00e9 v\u00fdrobn\u00ed linky na krystaly SiC.<\/p>","protected":false},"excerpt":{"rendered":"<p>Vysokoteplotn\u00ed pec pro r\u016fst monokrystal\u016f SiC s odporov\u00fdm oh\u0159evem pro v\u00fdrobu 6palcov\u00fdch, 8palcov\u00fdch a 12palcov\u00fdch desti\u010dek. Navr\u017eeno pro stabiln\u00ed r\u016fst krystal\u016f PVT a pr\u016fmyslovou v\u00fdrobu.<\/p>","protected":false},"featured_media":1738,"comment_status":"open","ping_status":"closed","template":"","meta":{"site-sidebar-layout":"default","site-content-layout":"","ast-site-content-layout":"default","site-content-style":"default","site-sidebar-style":"default","ast-global-header-display":"","ast-banner-title-visibility":"","ast-main-header-display":"","ast-hfb-above-header-display":"","ast-hfb-below-header-display":"","ast-hfb-mobile-header-display":"","site-post-title":"","ast-breadcrumbs-content":"","ast-featured-img":"","footer-sml-layout":"","ast-disable-related-posts":"","theme-transparent-header-meta":"default","adv-header-id-meta":"","stick-header-meta":"default","header-above-stick-meta":"","header-main-stick-meta":"","header-below-stick-meta":"","astra-migrate-meta-layouts":"set","ast-page-background-enabled":"default","ast-page-background-meta":{"desktop":{"background-color":"var(--ast-global-color-4)","background-image":"","background-repeat":"repeat","background-position":"center center","background-size":"auto","background-attachment":"scroll","background-type":"","background-media":"","overlay-type":"","overlay-color":"","overlay-opacity":"","overlay-gradient":""},"tablet":{"background-color":"","background-image":"","background-repeat":"repeat","background-position":"center center","background-size":"auto","background-attachment":"scroll","background-type":"","background-media":"","overlay-type":"","overlay-color":"","overlay-opacity":"","overlay-gradient":""},"mobile":{"background-color":"","background-image":"","background-repeat":"repeat","background-position":"center center","background-size":"auto","background-attachment":"scroll","background-type":"","background-media":"","overlay-type":"","overlay-color":"","overlay-opacity":"","overlay-gradient":""}},"ast-content-background-meta":{"desktop":{"background-color":"var(--ast-global-color-5)","background-image":"","background-repeat":"repeat","background-position":"center center","background-size":"auto","background-attachment":"scroll","background-type":"","background-media":"","overlay-type":"","overlay-color":"","overlay-opacity":"","overlay-gradient":""},"tablet":{"background-color":"var(--ast-global-color-5)","background-image":"","background-repeat":"repeat","background-position":"center center","background-size":"auto","background-attachment":"scroll","background-type":"","background-media":"","overlay-type":"","overlay-color":"","overlay-opacity":"","overlay-gradient":""},"mobile":{"background-color":"var(--ast-global-color-5)","background-image":"","background-repeat":"repeat","background-position":"center center","background-size":"auto","background-attachment":"scroll","background-type":"","background-media":"","overlay-type":"","overlay-color":"","overlay-opacity":"","overlay-gradient":""}}},"product_brand":[],"product_cat":[15],"product_tag":[141,142,143,139,137,140,138],"class_list":{"0":"post-1737","1":"product","2":"type-product","3":"status-publish","4":"has-post-thumbnail","6":"product_cat-crystal-growth-furnace","7":"product_tag-12-inch-sic-growth-furnace","8":"product_tag-8-inch-sic-crystal-furnace","9":"product_tag-resistance-heating-crystal-growth-furnace","10":"product_tag-sic-pvt-growth-furnace","11":"product_tag-sic-single-crystal-growth-furnace","12":"product_tag-sic-wafer-manufacturing-equipment","13":"product_tag-silicon-carbide-crystal-growth-furnace","14":"desktop-align-left","15":"tablet-align-left","16":"mobile-align-left","17":"ast-product-gallery-layout-horizontal-slider","18":"ast-product-tabs-layout-horizontal","20":"first","21":"instock","22":"shipping-taxable","23":"product-type-simple"},"_links":{"self":[{"href":"https:\/\/www.zmsh-semitech.com\/cs\/wp-json\/wp\/v2\/product\/1737","targetHints":{"allow":["GET"]}}],"collection":[{"href":"https:\/\/www.zmsh-semitech.com\/cs\/wp-json\/wp\/v2\/product"}],"about":[{"href":"https:\/\/www.zmsh-semitech.com\/cs\/wp-json\/wp\/v2\/types\/product"}],"replies":[{"embeddable":true,"href":"https:\/\/www.zmsh-semitech.com\/cs\/wp-json\/wp\/v2\/comments?post=1737"}],"version-history":[{"count":3,"href":"https:\/\/www.zmsh-semitech.com\/cs\/wp-json\/wp\/v2\/product\/1737\/revisions"}],"predecessor-version":[{"id":1744,"href":"https:\/\/www.zmsh-semitech.com\/cs\/wp-json\/wp\/v2\/product\/1737\/revisions\/1744"}],"wp:featuredmedia":[{"embeddable":true,"href":"https:\/\/www.zmsh-semitech.com\/cs\/wp-json\/wp\/v2\/media\/1738"}],"wp:attachment":[{"href":"https:\/\/www.zmsh-semitech.com\/cs\/wp-json\/wp\/v2\/media?parent=1737"}],"wp:term":[{"taxonomy":"product_brand","embeddable":true,"href":"https:\/\/www.zmsh-semitech.com\/cs\/wp-json\/wp\/v2\/product_brand?post=1737"},{"taxonomy":"product_cat","embeddable":true,"href":"https:\/\/www.zmsh-semitech.com\/cs\/wp-json\/wp\/v2\/product_cat?post=1737"},{"taxonomy":"product_tag","embeddable":true,"href":"https:\/\/www.zmsh-semitech.com\/cs\/wp-json\/wp\/v2\/product_tag?post=1737"}],"curies":[{"name":"wp","href":"https:\/\/api.w.org\/{rel}","templated":true}]}}