{"id":1636,"date":"2026-03-17T07:52:18","date_gmt":"2026-03-17T07:52:18","guid":{"rendered":"https:\/\/www.zmsh-semitech.com\/?post_type=product&#038;p=1636"},"modified":"2026-03-20T07:39:36","modified_gmt":"2026-03-20T07:39:36","slug":"6-8-inch-silicon-sic-wafer-quad-polishing-automation-line-with-cleaning-and-re-mounting-loop","status":"publish","type":"product","link":"https:\/\/www.zmsh-semitech.com\/cs\/product\/6-8-inch-silicon-sic-wafer-quad-polishing-automation-line-with-cleaning-and-re-mounting-loop\/","title":{"rendered":"6-8palcov\u00e1 automatiza\u010dn\u00ed linka na le\u0161t\u011bn\u00ed k\u0159em\u00edkov\u00fdch a SiC desti\u010dek se smy\u010dkou pro \u010di\u0161t\u011bn\u00ed a op\u011btovnou mont\u00e1\u017e"},"content":{"rendered":"<h2 data-start=\"323\" data-end=\"346\">P\u0159ehled produkt\u016f<\/h2>\n<p data-start=\"348\" data-end=\"597\">\u010cty\u0159n\u00e1sobn\u00e1 automatiza\u010dn\u00ed linka pro le\u0161t\u011bn\u00ed 6-8palcov\u00fdch k\u0159em\u00edkov\u00fdch a SiC desti\u010dek s \u010distic\u00ed a mont\u00e1\u017en\u00ed smy\u010dkou je pln\u011b integrovan\u00e1 procesn\u00ed platforma pro n\u00e1sledn\u00e9 le\u0161t\u011bn\u00ed, kter\u00e1 je ur\u010dena pro velkos\u00e9riovou v\u00fdrobu k\u0159em\u00edkov\u00fdch a karbidk\u0159em\u00edkov\u00fdch desti\u010dek.<\/p>\n<p data-start=\"599\" data-end=\"886\">Syst\u00e9m spojuje le\u0161t\u011bn\u00ed \u010dty\u0159mi hlavami, automatickou demont\u00e1\u017e desti\u010dek, manipulaci s keramick\u00fdmi nosi\u010di, \u010di\u0161t\u011bn\u00ed nosi\u010d\u016f a p\u0159esnou op\u011btovnou mont\u00e1\u017e desti\u010dek do nep\u0159etr\u017eit\u00e9ho uzav\u0159en\u00e9ho toku, \u010d\u00edm\u017e eliminuje ru\u010dn\u00ed manipulaci a zaji\u0161\u0165uje maxim\u00e1ln\u00ed stabilitu, opakovatelnost a v\u00fdt\u011b\u017enost procesu.<\/p>\n<p data-start=\"888\" data-end=\"1066\">Je optimalizov\u00e1n pro v\u00fdkonn\u00e9 polovodi\u010dov\u00e9 desti\u010dky, substr\u00e1ty SiC a pokro\u010dil\u00e9 obalov\u00e9 aplikace, kde je d\u016fle\u017eit\u00e1 rovinnost, integrita povrchu a kontrola kontaminace.<\/p>\n<p data-start=\"888\" data-end=\"1066\"><img fetchpriority=\"high\" decoding=\"async\" class=\"aligncenter wp-image-1646 size-full\" src=\"https:\/\/www.zmsh-semitech.com\/wp-content\/uploads\/2026\/01\/1572413524100.jpg\" alt=\"\" width=\"800\" height=\"515\" srcset=\"https:\/\/www.zmsh-semitech.com\/wp-content\/uploads\/2026\/01\/1572413524100.jpg 800w, https:\/\/www.zmsh-semitech.com\/wp-content\/uploads\/2026\/01\/1572413524100-300x193.jpg 300w, https:\/\/www.zmsh-semitech.com\/wp-content\/uploads\/2026\/01\/1572413524100-768x494.jpg 768w, https:\/\/www.zmsh-semitech.com\/wp-content\/uploads\/2026\/01\/1572413524100-600x386.jpg 600w\" sizes=\"(max-width: 800px) 100vw, 800px\" \/><\/p>\n<h2 data-start=\"1073\" data-end=\"1107\">Koncepce procesu s uzav\u0159enou smy\u010dkou<\/h2>\n<p data-start=\"1109\" data-end=\"1218\">Na rozd\u00edl od tradi\u010dn\u00edch polomanu\u00e1ln\u00edch le\u0161tic\u00edch linek funguje tento syst\u00e9m jako skute\u010dn\u00fd uzav\u0159en\u00fd cyklus:<\/p>\n<p data-start=\"1220\" data-end=\"1292\">Le\u0161t\u011bn\u00ed \u2192 Demont\u00e1\u017e \u2192 \u010ci\u0161t\u011bn\u00ed nosi\u010de \u2192 Op\u011btovn\u00e1 mont\u00e1\u017e \u2192 Le\u0161t\u011bn\u00ed<\/p>\n<p data-start=\"1294\" data-end=\"1508\">Keramick\u00e9 nosi\u010de automaticky cirkuluj\u00ed uvnit\u0159 syst\u00e9mu, zat\u00edmco desti\u010dky jsou p\u0159esn\u011b odeb\u00edr\u00e1ny a znovu montov\u00e1ny za p\u0159\u00edsn\u011b kontrolovan\u00fdch podm\u00ednek.<br data-start=\"1440\" data-end=\"1443\" \/>Tato architektura zaji\u0161\u0165uje, \u017ee ka\u017ed\u00fd cyklus le\u0161t\u011bn\u00ed za\u010d\u00edn\u00e1:<\/p>\n<ul data-start=\"1509\" data-end=\"1622\">\n<li data-start=\"1509\" data-end=\"1538\">\n<p data-start=\"1511\" data-end=\"1538\">\u010cist\u00fd nosn\u00fd povrch<\/p>\n<\/li>\n<li data-start=\"1539\" data-end=\"1573\">\n<p data-start=\"1541\" data-end=\"1573\">P\u0159esn\u011b um\u00edst\u011bn\u00e1 desti\u010dka<\/p>\n<\/li>\n<li data-start=\"1574\" data-end=\"1622\">\n<p data-start=\"1576\" data-end=\"1622\">Stabiln\u00ed a opakovateln\u00e9 mont\u00e1\u017en\u00ed rozhran\u00ed<\/p>\n<\/li>\n<\/ul>\n<p data-start=\"1624\" data-end=\"1733\">V\u00fdsledkem je ni\u017e\u0161\u00ed l\u00e1mavost pl\u00e1tk\u016f, lep\u0161\u00ed rovnom\u011brnost tlou\u0161\u0165ky a vy\u0161\u0161\u00ed konzistence jednotliv\u00fdch d\u00e1vek.<\/p>\n<p data-start=\"1624\" data-end=\"1733\"><img decoding=\"async\" class=\"aligncenter wp-image-1647 size-large\" src=\"https:\/\/www.zmsh-semitech.com\/wp-content\/uploads\/2026\/01\/6-8-Inch-Silicon-SiC-Wafer-Quad-Polishing-Automation-Line-with-Cleaning-and-Re-Mounting-Loop-1024x1024.jpg\" alt=\"\" width=\"1024\" height=\"1024\" srcset=\"\" sizes=\"(max-width: 1024px) 100vw, 1024px\" data-srcset=\"\" \/><\/p>\n<h2 data-start=\"1740\" data-end=\"1782\">Procesn\u011b kritick\u00fd in\u017een\u00fdrsk\u00fd design<\/h2>\n<h3 data-start=\"1784\" data-end=\"1817\">Manipulace s desti\u010dkami p\u0159i n\u00edzk\u00e9m nam\u00e1h\u00e1n\u00ed<\/h3>\n<p data-start=\"1818\" data-end=\"1951\">Speci\u00e1ln\u00ed profily pohybu a trajektorie demont\u00e1\u017ee se pou\u017e\u00edvaj\u00ed k \u0159\u00edzen\u00ed zrychlen\u00ed, kontaktn\u00ed s\u00edly a \u00fahlu odd\u011blen\u00ed, co\u017e sni\u017euje:<\/p>\n<ul data-start=\"1952\" data-end=\"2019\">\n<li data-start=\"1952\" data-end=\"1969\">\n<p data-start=\"1954\" data-end=\"1969\">Odlamov\u00e1n\u00ed hran<\/p>\n<\/li>\n<li data-start=\"1970\" data-end=\"1986\">\n<p data-start=\"1972\" data-end=\"1986\">Mikrotrhliny<\/p>\n<\/li>\n<li data-start=\"1987\" data-end=\"2019\">\n<p data-start=\"1989\" data-end=\"2019\">Deformace desti\u010dek zp\u016fsoben\u00e1 nap\u011bt\u00edm<\/p>\n<\/li>\n<\/ul>\n<p data-start=\"2021\" data-end=\"2136\">To je d\u016fle\u017eit\u00e9 zejm\u00e9na u desti\u010dek SiC, kter\u00e9 jsou tvrd\u00e9, k\u0159ehk\u00e9 a velmi citliv\u00e9 na mechanick\u00e9 n\u00e1razy.<\/p>\n<h3 data-start=\"2143\" data-end=\"2185\">Obnova nosi\u010d\u016f Ultra-Clean<\/h3>\n<p data-start=\"2186\" data-end=\"2365\">P\u0159ed ka\u017ed\u00fdm cyklem op\u011btovn\u00e9 mont\u00e1\u017ee se keramick\u00e9 nosi\u010de uvedou do stavu p\u0159ipraven\u00e9ho pro zpracov\u00e1n\u00ed odstran\u011bn\u00edm zbytk\u016f ka\u0161e, jemn\u00fdch \u010d\u00e1stic a chemick\u00fdch vrstev.<br data-start=\"2348\" data-end=\"2351\" \/>T\u00edm se zabr\u00e1n\u00ed:<\/p>\n<ul data-start=\"2366\" data-end=\"2458\">\n<li data-start=\"2366\" data-end=\"2396\">\n<p data-start=\"2368\" data-end=\"2396\">\u0160kr\u00e1bance zp\u016fsoben\u00e9 \u010d\u00e1sticemi<\/p>\n<\/li>\n<li data-start=\"2397\" data-end=\"2431\">\n<p data-start=\"2399\" data-end=\"2431\">M\u00edstn\u00ed nerovnom\u011brnost le\u0161t\u011bn\u00ed<\/p>\n<\/li>\n<li data-start=\"2432\" data-end=\"2458\">\n<p data-start=\"2434\" data-end=\"2458\">N\u00e1hodn\u00e9 povrchov\u00e9 vady<\/p>\n<\/li>\n<\/ul>\n<p data-start=\"2460\" data-end=\"2527\">kter\u00e9 jsou hlavn\u00edmi faktory sni\u017euj\u00edc\u00edmi v\u00fdnosy p\u0159i CMP a \u010dty\u0159n\u00e1sobn\u00e9m le\u0161t\u011bn\u00ed.<\/p>\n<h3 data-start=\"2534\" data-end=\"2585\">P\u0159esn\u00e9 op\u011btovn\u00e9 namontov\u00e1n\u00ed pro rovnom\u011brn\u00e9 le\u0161t\u011bn\u00ed<\/h3>\n<p data-start=\"2586\" data-end=\"2616\">Ovl\u00e1dac\u00ed prvky jednotky pro op\u011btovnou mont\u00e1\u017e:<\/p>\n<ul data-start=\"2617\" data-end=\"2697\">\n<li data-start=\"2617\" data-end=\"2638\">\n<p data-start=\"2619\" data-end=\"2638\">Mont\u00e1\u017en\u00ed tlak<\/p>\n<\/li>\n<li data-start=\"2639\" data-end=\"2658\">\n<p data-start=\"2641\" data-end=\"2658\">Zarovn\u00e1n\u00ed desti\u010dek<\/p>\n<\/li>\n<li data-start=\"2659\" data-end=\"2697\">\n<p data-start=\"2661\" data-end=\"2697\">Plochost po cel\u00e9 plo\u0161e nosi\u010de<\/p>\n<\/li>\n<\/ul>\n<p data-start=\"2699\" data-end=\"2822\">T\u00edm je zaru\u010deno, \u017ee v\u0161echny desti\u010dky budou b\u011bhem dal\u0161\u00edho \u010dty\u0159n\u00e1sobn\u00e9ho le\u0161tic\u00edho cyklu vystaveny stejn\u00e9mu le\u0161tic\u00edmu tlaku, co\u017e vede k:<\/p>\n<ul data-start=\"2823\" data-end=\"2926\">\n<li data-start=\"2823\" data-end=\"2867\">\n<p data-start=\"2825\" data-end=\"2867\">Zlep\u0161en\u00e1 TTV (celkov\u00e1 odchylka tlou\u0161\u0165ky)<\/p>\n<\/li>\n<li data-start=\"2868\" data-end=\"2896\">\n<p data-start=\"2870\" data-end=\"2896\">Lep\u0161\u00ed drsnost povrchu<\/p>\n<\/li>\n<li data-start=\"2897\" data-end=\"2926\">\n<p data-start=\"2899\" data-end=\"2926\">Vy\u0161\u0161\u00ed v\u00fdt\u011b\u017enost pou\u017eiteln\u00fdch pl\u00e1tk\u016f<\/p>\n<\/li>\n<\/ul>\n<h2 data-start=\"2933\" data-end=\"2962\">Flexibilita v\u00fdroby<\/h2>\n<p data-start=\"2964\" data-end=\"3062\">Syst\u00e9m podporuje v\u00edce konfigurac\u00ed desti\u010dek a nosi\u010d\u016f, co\u017e umo\u017e\u0148uje v\u00fdrobn\u00edm z\u00e1vod\u016fm vyladit linku pro:<\/p>\n<ul data-start=\"3063\" data-end=\"3163\">\n<li data-start=\"3063\" data-end=\"3089\">\n<p data-start=\"3065\" data-end=\"3089\">Maxim\u00e1ln\u00ed propustnost<\/p>\n<\/li>\n<li data-start=\"3090\" data-end=\"3122\">\n<p data-start=\"3092\" data-end=\"3122\">Maxim\u00e1ln\u00ed kontrola rovinnosti<\/p>\n<\/li>\n<li data-start=\"3123\" data-end=\"3163\">\n<p data-start=\"3125\" data-end=\"3163\">Sm\u00ed\u0161en\u00e1 6palcov\u00e1 a 8palcov\u00e1 v\u00fdroba<\/p>\n<\/li>\n<\/ul>\n<p data-start=\"3165\" data-end=\"3203\">D\u00edky tomu je linka vhodn\u00e1 pro oba typy:<\/p>\n<ul data-start=\"3204\" data-end=\"3283\">\n<li data-start=\"3204\" data-end=\"3243\">\n<p data-start=\"3206\" data-end=\"3243\">Velkoobjemov\u00e1 v\u00fdroba energetick\u00fdch za\u0159\u00edzen\u00ed<\/p>\n<\/li>\n<li data-start=\"3244\" data-end=\"3283\">\n<p data-start=\"3246\" data-end=\"3283\">Zpracov\u00e1n\u00ed vysoce hodnotn\u00fdch substr\u00e1t\u016f SiC<\/p>\n<\/li>\n<\/ul>\n<h2 data-start=\"3290\" data-end=\"3317\">Typick\u00e9 aplikace<\/h2>\n<ul data-start=\"3319\" data-end=\"3498\">\n<li data-start=\"3319\" data-end=\"3385\">\n<p data-start=\"3321\" data-end=\"3385\">Si a SiC v\u00fdkonov\u00e9 polovodi\u010dov\u00e9 desti\u010dky (MOSFET, IGBT, diody)<\/p>\n<\/li>\n<li data-start=\"3386\" data-end=\"3425\">\n<p data-start=\"3388\" data-end=\"3425\">SiC substr\u00e1ty a epitaxn\u00ed desti\u010dky<\/p>\n<\/li>\n<li data-start=\"3426\" data-end=\"3455\">\n<p data-start=\"3428\" data-end=\"3455\">Pokro\u010dil\u00e9 obalov\u00e9 desti\u010dky<\/p>\n<\/li>\n<li data-start=\"3456\" data-end=\"3498\">\n<p data-start=\"3458\" data-end=\"3498\">Vysoce p\u0159esn\u00e9 le\u0161t\u011bn\u00e9 k\u0159em\u00edkov\u00e9 desti\u010dky<\/p>\n<\/li>\n<\/ul>\n<h3 data-start=\"58\" data-end=\"102\"><strong data-start=\"62\" data-end=\"102\">\u010casto kladen\u00e9 ot\u00e1zky - Dal\u0161\u00ed technick\u00e9 ot\u00e1zky<\/strong><\/h3>\n<p data-start=\"104\" data-end=\"461\"><strong>Ot\u00e1zka 1: Jak syst\u00e9m minimalizuje l\u00e1m\u00e1n\u00ed desti\u010dek u k\u0159ehk\u00fdch SiC desti\u010dek?<\/strong><br data-start=\"179\" data-end=\"182\" \/>Linka vyu\u017e\u00edv\u00e1 algoritmy pro demont\u00e1\u017e s n\u00edzk\u00fdm nam\u00e1h\u00e1n\u00edm a \u0159\u00edzen\u00e9 profily pohybu, kter\u00e9 pe\u010dliv\u011b \u0159\u00edd\u00ed zrychlen\u00ed, \u00fahel odd\u011blen\u00ed a kontaktn\u00ed s\u00edlu. T\u00edm se p\u0159edch\u00e1z\u00ed odlamov\u00e1n\u00ed hran, mikrotrhlin\u00e1m a deformac\u00edm desti\u010dek zp\u016fsoben\u00fdm nap\u011bt\u00edm, co\u017e jsou b\u011b\u017en\u00e9 probl\u00e9my u substr\u00e1t\u016f SiC.<\/p>\n<p data-start=\"468\" data-end=\"792\"><strong>Ot\u00e1zka 2: Zvl\u00e1dne smy\u010dka pro \u010di\u0161t\u011bn\u00ed a op\u011btovnou mont\u00e1\u017e v\u00edce specifikac\u00ed nosi\u010d\u016f?<\/strong><br data-start=\"553\" data-end=\"556\" \/>Ano, vyrovn\u00e1vac\u00ed a \u010distic\u00ed moduly nosi\u010de podporuj\u00ed v\u00edce pr\u016fm\u011br\u016f keramick\u00fdch nosi\u010d\u016f (nap\u0159. 485 mm a 576 mm) a po\u010dty desti\u010dek na nosi\u010di. To umo\u017e\u0148uje v\u00fdrobu 6palcov\u00fdch a 8palcov\u00fdch desti\u010dek sm\u00ed\u0161en\u00e9 velikosti bez p\u0159eru\u0161en\u00ed linky.<\/p>\n<p data-start=\"799\" data-end=\"1201\"><strong>Ot\u00e1zka 3: Jak syst\u00e9m zaji\u0161\u0165uje opakovatelnou kvalitu le\u0161t\u011bn\u00ed nap\u0159\u00ed\u010d \u0161ar\u017eemi?<\/strong><br data-start=\"878\" data-end=\"881\" \/>D\u00edky kombinaci velmi \u010dist\u00fdch nosn\u00fdch ploch, p\u0159esn\u00e9ho zarovn\u00e1n\u00ed desti\u010dek a kontroly rovinnosti je ka\u017ed\u00e1 desti\u010dka namontov\u00e1na za stejn\u00fdch podm\u00ednek. To zaru\u010duje konzistentn\u00ed le\u0161tic\u00ed tlak, rovnom\u011brn\u00fd \u00fab\u011br materi\u00e1lu a minim\u00e1ln\u00ed TTV, co\u017e vede ke stabiln\u00ed v\u00fdt\u011b\u017enosti a kvalit\u011b povrchu nap\u0159\u00ed\u010d v\u00fdrobn\u00edmi d\u00e1vkami.<\/p>","protected":false},"excerpt":{"rendered":"<p>\u010cty\u0159n\u00e1sobn\u00e1 automatiza\u010dn\u00ed linka pro le\u0161t\u011bn\u00ed 6-8palcov\u00fdch k\u0159em\u00edkov\u00fdch a SiC desti\u010dek s \u010distic\u00ed a mont\u00e1\u017en\u00ed smy\u010dkou je pln\u011b integrovan\u00e1 procesn\u00ed platforma pro n\u00e1sledn\u00e9 le\u0161t\u011bn\u00ed, kter\u00e1 je ur\u010dena pro velkos\u00e9riovou v\u00fdrobu k\u0159em\u00edkov\u00fdch a karbidk\u0159em\u00edkov\u00fdch desti\u010dek.<\/p>","protected":false},"featured_media":1642,"comment_status":"open","ping_status":"closed","template":"","meta":{"site-sidebar-layout":"default","site-content-layout":"","ast-site-content-layout":"default","site-content-style":"default","site-sidebar-style":"default","ast-global-header-display":"","ast-banner-title-visibility":"","ast-main-header-display":"","ast-hfb-above-header-display":"","ast-hfb-below-header-display":"","ast-hfb-mobile-header-display":"","site-post-title":"","ast-breadcrumbs-content":"","ast-featured-img":"","footer-sml-layout":"","ast-disable-related-posts":"","theme-transparent-header-meta":"default","adv-header-id-meta":"","stick-header-meta":"default","header-above-stick-meta":"","header-main-stick-meta":"","header-below-stick-meta":"","astra-migrate-meta-layouts":"set","ast-page-background-enabled":"default","ast-page-background-meta":{"desktop":{"background-color":"var(--ast-global-color-4)","background-image":"","background-repeat":"repeat","background-position":"center center","background-size":"auto","background-attachment":"scroll","background-type":"","background-media":"","overlay-type":"","overlay-color":"","overlay-opacity":"","overlay-gradient":""},"tablet":{"background-color":"","background-image":"","background-repeat":"repeat","background-position":"center center","background-size":"auto","background-attachment":"scroll","background-type":"","background-media":"","overlay-type":"","overlay-color":"","overlay-opacity":"","overlay-gradient":""},"mobile":{"background-color":"","background-image":"","background-repeat":"repeat","background-position":"center center","background-size":"auto","background-attachment":"scroll","background-type":"","background-media":"","overlay-type":"","overlay-color":"","overlay-opacity":"","overlay-gradient":""}},"ast-content-background-meta":{"desktop":{"background-color":"var(--ast-global-color-5)","background-image":"","background-repeat":"repeat","background-position":"center center","background-size":"auto","background-attachment":"scroll","background-type":"","background-media":"","overlay-type":"","overlay-color":"","overlay-opacity":"","overlay-gradient":""},"tablet":{"background-color":"var(--ast-global-color-5)","background-image":"","background-repeat":"repeat","background-position":"center center","background-size":"auto","background-attachment":"scroll","background-type":"","background-media":"","overlay-type":"","overlay-color":"","overlay-opacity":"","overlay-gradient":""},"mobile":{"background-color":"var(--ast-global-color-5)","background-image":"","background-repeat":"repeat","background-position":"center center","background-size":"auto","background-attachment":"scroll","background-type":"","background-media":"","overlay-type":"","overlay-color":"","overlay-opacity":"","overlay-gradient":""}}},"product_brand":[],"product_cat":[15],"product_tag":[100,105,104,107,106,109,103,108,110,102,101],"class_list":{"0":"post-1636","1":"product","2":"type-product","3":"status-publish","4":"has-post-thumbnail","6":"product_cat-crystal-growth-furnace","7":"product_tag-6-8-inch","8":"product_tag-automatic-de-mounting","9":"product_tag-automation-line","10":"product_tag-carrier-cleaning","11":"product_tag-ceramic-carrier","12":"product_tag-closed-loop-system","13":"product_tag-quad-polishing","14":"product_tag-re-mounting","15":"product_tag-semiconductor-equipment","16":"product_tag-sic-wafer","17":"product_tag-silicon-wafer","18":"desktop-align-left","19":"tablet-align-left","20":"mobile-align-left","21":"ast-product-gallery-layout-horizontal-slider","22":"ast-product-tabs-layout-horizontal","24":"first","25":"instock","26":"shipping-taxable","27":"product-type-simple"},"_links":{"self":[{"href":"https:\/\/www.zmsh-semitech.com\/cs\/wp-json\/wp\/v2\/product\/1636","targetHints":{"allow":["GET"]}}],"collection":[{"href":"https:\/\/www.zmsh-semitech.com\/cs\/wp-json\/wp\/v2\/product"}],"about":[{"href":"https:\/\/www.zmsh-semitech.com\/cs\/wp-json\/wp\/v2\/types\/product"}],"replies":[{"embeddable":true,"href":"https:\/\/www.zmsh-semitech.com\/cs\/wp-json\/wp\/v2\/comments?post=1636"}],"version-history":[{"count":2,"href":"https:\/\/www.zmsh-semitech.com\/cs\/wp-json\/wp\/v2\/product\/1636\/revisions"}],"predecessor-version":[{"id":1967,"href":"https:\/\/www.zmsh-semitech.com\/cs\/wp-json\/wp\/v2\/product\/1636\/revisions\/1967"}],"wp:featuredmedia":[{"embeddable":true,"href":"https:\/\/www.zmsh-semitech.com\/cs\/wp-json\/wp\/v2\/media\/1642"}],"wp:attachment":[{"href":"https:\/\/www.zmsh-semitech.com\/cs\/wp-json\/wp\/v2\/media?parent=1636"}],"wp:term":[{"taxonomy":"product_brand","embeddable":true,"href":"https:\/\/www.zmsh-semitech.com\/cs\/wp-json\/wp\/v2\/product_brand?post=1636"},{"taxonomy":"product_cat","embeddable":true,"href":"https:\/\/www.zmsh-semitech.com\/cs\/wp-json\/wp\/v2\/product_cat?post=1636"},{"taxonomy":"product_tag","embeddable":true,"href":"https:\/\/www.zmsh-semitech.com\/cs\/wp-json\/wp\/v2\/product_tag?post=1636"}],"curies":[{"name":"wp","href":"https:\/\/api.w.org\/{rel}","templated":true}]}}