{"id":1534,"date":"2025-12-26T05:59:04","date_gmt":"2025-12-26T05:59:04","guid":{"rendered":"https:\/\/www.zmsh-semitech.com\/?post_type=product&#038;p=1534"},"modified":"2025-12-26T06:11:05","modified_gmt":"2025-12-26T06:11:05","slug":"compact-high-precision-laser-micro-drilling-machine-for-ultra-fine-holes-and-multi-material-compatibility","status":"publish","type":"product","link":"https:\/\/www.zmsh-semitech.com\/cs\/product\/compact-high-precision-laser-micro-drilling-machine-for-ultra-fine-holes-and-multi-material-compatibility\/","title":{"rendered":"Kompaktn\u00ed vysoce p\u0159esn\u00fd laserov\u00fd mikrovrtac\u00ed stroj pro velmi jemn\u00e9 otvory a kompatibilitu s r\u016fzn\u00fdmi materi\u00e1ly"},"content":{"rendered":"<p data-start=\"257\" data-end=\"610\">Kompaktn\u00ed vysoce p\u0159esn\u00e1 laserov\u00e1 mikrovrta\u010dka je navr\u017eena pro prost\u0159ed\u00ed s omezen\u00fdm prostorem a poskytuje v\u00fdjime\u010dnou p\u0159esnost a u\u017eivatelsky p\u0159\u00edv\u011btiv\u00fd provoz. Tento kompaktn\u00ed syst\u00e9m je ide\u00e1ln\u00ed pro velmi jemn\u00e9 vrt\u00e1n\u00ed otvor\u016f do hloubky 0,005 mm a zaji\u0161\u0165uje spolehliv\u00fd v\u00fdkon s minim\u00e1ln\u00edm tepeln\u00fdm dopadem, co\u017e vede k \u010dist\u00fdm okraj\u016fm otvor\u016f a sn\u00ed\u017een\u00ed oxidace.<\/p>\n<p data-start=\"612\" data-end=\"862\">Tento univerz\u00e1ln\u00ed stroj podporuje v\u00fdm\u011bnn\u00e9 laserov\u00e9 zdroje pro r\u016fzn\u00e9 materi\u00e1ly, co\u017e zvy\u0161uje kompatibilitu a efektivitu. Jeho intuitivn\u00ed softwarov\u00e9 rozhran\u00ed usnad\u0148uje obsluhu zku\u0161en\u00fdm oper\u00e1tor\u016fm i nov\u00e1\u010dk\u016fm.<\/p>\n<p data-start=\"612\" data-end=\"862\"><img fetchpriority=\"high\" decoding=\"async\" class=\"wp-image-1536 aligncenter\" src=\"https:\/\/www.zmsh-semitech.com\/wp-content\/uploads\/2025\/12\/22.png\" alt=\"\" width=\"400\" height=\"581\" \/><\/p>\n<h3 data-start=\"869\" data-end=\"892\"><strong data-start=\"873\" data-end=\"890\">Kl\u00ed\u010dov\u00e9 vlastnosti:<\/strong><\/h3>\n<ul data-start=\"893\" data-end=\"1260\">\n<li data-start=\"893\" data-end=\"974\">\n<p data-start=\"895\" data-end=\"974\"><strong data-start=\"895\" data-end=\"914\">Kompaktn\u00ed design:<\/strong> Ide\u00e1ln\u00ed pro mal\u00e9 prostory bez sn\u00ed\u017een\u00ed v\u00fdkonu<\/p>\n<\/li>\n<li data-start=\"975\" data-end=\"1033\">\n<p data-start=\"977\" data-end=\"1033\"><strong data-start=\"977\" data-end=\"996\">Vysok\u00e1 p\u0159esnost:<\/strong> Dosahuje otvor\u016f o velikosti pouh\u00fdch 0,005 mm<\/p>\n<\/li>\n<li data-start=\"1034\" data-end=\"1099\">\n<p data-start=\"1036\" data-end=\"1099\"><strong data-start=\"1036\" data-end=\"1052\">Snadn\u00e9 pou\u017e\u00edv\u00e1n\u00ed:<\/strong> U\u017eivatelsky p\u0159\u00edv\u011btiv\u00e9 rozhran\u00ed pro jednoduch\u00e9 ovl\u00e1d\u00e1n\u00ed<\/p>\n<\/li>\n<li data-start=\"1100\" data-end=\"1189\">\n<p data-start=\"1102\" data-end=\"1189\"><strong data-start=\"1102\" data-end=\"1135\">Kompatibilita s v\u00edce materi\u00e1ly:<\/strong> Vym\u011bniteln\u00e9 laserov\u00e9 zdroje pro r\u016fzn\u00e9 materi\u00e1ly<\/p>\n<\/li>\n<li data-start=\"1190\" data-end=\"1260\">\n<p data-start=\"1192\" data-end=\"1260\"><strong data-start=\"1192\" data-end=\"1219\">Minim\u00e1ln\u00ed tepeln\u00fd dopad:<\/strong> Sn\u00ed\u017een\u00ed oxidace kolem vyvrtan\u00fdch otvor\u016f<\/p>\n<\/li>\n<\/ul>\n<h3 data-start=\"1267\" data-end=\"1298\"><strong data-start=\"1271\" data-end=\"1296\">Pou\u017eiteln\u00e9 materi\u00e1ly:<\/strong><\/h3>\n<p data-start=\"1299\" data-end=\"1351\">Vhodn\u00e9 pro \u0161irokou \u0161k\u00e1lu materi\u00e1l\u016f, v\u010detn\u011b:<\/p>\n<ul data-start=\"1352\" data-end=\"1487\">\n<li data-start=\"1352\" data-end=\"1412\">\n<p data-start=\"1354\" data-end=\"1412\">Kovy, jako je nerezov\u00e1 ocel, uhl\u00edkov\u00e1 ocel a slitiny.<\/p>\n<\/li>\n<li data-start=\"1413\" data-end=\"1450\">\n<p data-start=\"1415\" data-end=\"1450\">Keramika a velmi tvrd\u00e9 materi\u00e1ly<\/p>\n<\/li>\n<li data-start=\"1451\" data-end=\"1487\">\n<p data-start=\"1453\" data-end=\"1487\">Drah\u00e9 kameny, jako je saf\u00edr<\/p>\n<\/li>\n<\/ul>\n<h3 data-start=\"1494\" data-end=\"1525\"><strong data-start=\"1498\" data-end=\"1523\">P\u0159\u00edklady pou\u017eit\u00ed:<\/strong><\/h3>\n<ol data-start=\"1527\" data-end=\"2374\">\n<li data-start=\"1527\" data-end=\"1679\">\n<p data-start=\"1530\" data-end=\"1679\"><strong data-start=\"1530\" data-end=\"1563\">T301 Vrt\u00e1n\u00ed nerezov\u00e9 oceli<\/strong><br data-start=\"1563\" data-end=\"1566\" \/>P\u0159esn\u00e9 mikrootvory vrtan\u00e9 na sou\u010d\u00e1stech z nerezov\u00e9 oceli T301 pro pr\u016fmyslov\u00e9 a mechanick\u00e9 aplikace.<\/p>\n<\/li>\n<li data-start=\"1681\" data-end=\"1817\">\n<p data-start=\"1684\" data-end=\"1817\"><strong data-start=\"1684\" data-end=\"1711\">Vrt\u00e1n\u00ed saf\u00edrov\u00fdch plech\u016f<\/strong><br data-start=\"1711\" data-end=\"1714\" \/>Velmi jemn\u00e9 vrt\u00e1n\u00ed na saf\u00edrov\u00fdch desk\u00e1ch, vhodn\u00e9 pro optiku, elektroniku a polovodi\u010de.<\/p>\n<\/li>\n<li data-start=\"1819\" data-end=\"1956\">\n<p data-start=\"1822\" data-end=\"1956\"><strong data-start=\"1822\" data-end=\"1852\">D\u00e1vkovac\u00ed tryska Vrt\u00e1n\u00ed<\/strong><br data-start=\"1852\" data-end=\"1855\" \/>Vysoce p\u0159esn\u00e9 mikrootvory pro trysky na d\u00e1vkov\u00e1n\u00ed lepidla nebo tekutin zaji\u0161\u0165uj\u00ed p\u0159esnou regulaci pr\u016ftoku.<\/p>\n<\/li>\n<li data-start=\"1958\" data-end=\"2092\">\n<p data-start=\"1961\" data-end=\"2092\"><strong data-start=\"1961\" data-end=\"1993\">Saf\u00edrov\u00e9 vrt\u00e1n\u00ed slep\u00fdch otvor\u016f<\/strong><br data-start=\"1993\" data-end=\"1996\" \/>Vrt\u00e1n\u00ed slep\u00fdch otvor\u016f do saf\u00edru, ide\u00e1ln\u00ed pro p\u0159esn\u00e9 d\u00edly, kde je kontrola hloubky kritick\u00e1.<\/p>\n<\/li>\n<li data-start=\"2094\" data-end=\"2247\">\n<p data-start=\"2097\" data-end=\"2247\"><strong data-start=\"2097\" data-end=\"2139\">Vrt\u00e1n\u00ed otvor\u016f ve tvaru p\u00edsmene T z nerezov\u00e9 oceli<\/strong><br data-start=\"2139\" data-end=\"2142\" \/>Specializovan\u00e9 vrt\u00e1n\u00ed otvor\u016f ve tvaru T do nerezov\u00e9 oceli pro mechanickou mont\u00e1\u017e a zak\u00e1zkov\u00e9 komponenty.<\/p>\n<\/li>\n<li data-start=\"2249\" data-end=\"2374\">\n<p data-start=\"2252\" data-end=\"2374\"><strong data-start=\"2252\" data-end=\"2276\">\u0158ez\u00e1n\u00ed m\u011bd\u011bn\u00e9ho plechu<\/strong><br data-start=\"2276\" data-end=\"2279\" \/>P\u0159esn\u00e9 \u0159ez\u00e1n\u00ed m\u011bd\u011bn\u00fdch plech\u016f pro elektroniku, desky plo\u0161n\u00fdch spoj\u016f a mikrokomponenty.<\/p>\n<\/li>\n<\/ol>\n<p><img decoding=\"async\" class=\"wp-image-1538 size-full aligncenter\" src=\"https:\/\/www.zmsh-semitech.com\/wp-content\/uploads\/2025\/12\/drilling-case3.png\" alt=\"\" width=\"800\" height=\"600\" srcset=\"https:\/\/www.zmsh-semitech.com\/wp-content\/uploads\/2025\/12\/drilling-case3.png 800w, https:\/\/www.zmsh-semitech.com\/wp-content\/uploads\/2025\/12\/drilling-case3-300x225.png 300w, https:\/\/www.zmsh-semitech.com\/wp-content\/uploads\/2025\/12\/drilling-case3-768x576.png 768w, https:\/\/www.zmsh-semitech.com\/wp-content\/uploads\/2025\/12\/drilling-case3-600x450.png 600w\" sizes=\"(max-width: 800px) 100vw, 800px\" \/><\/p>","protected":false},"excerpt":{"rendered":"<p>Kompaktn\u00ed vysoce p\u0159esn\u00e1 laserov\u00e1 mikrovrta\u010dka je navr\u017eena pro prost\u0159ed\u00ed s omezen\u00fdm prostorem a poskytuje v\u00fdjime\u010dnou p\u0159esnost a u\u017eivatelsky p\u0159\u00edv\u011btiv\u00fd provoz. Tento kompaktn\u00ed syst\u00e9m je ide\u00e1ln\u00ed pro velmi jemn\u00e9 vrt\u00e1n\u00ed otvor\u016f do hloubky 0,005 mm a zaji\u0161\u0165uje spolehliv\u00fd v\u00fdkon s minim\u00e1ln\u00edm tepeln\u00fdm dopadem, co\u017e vede k \u010dist\u00fdm okraj\u016fm otvor\u016f a sn\u00ed\u017een\u00ed oxidace.<\/p>","protected":false},"featured_media":1535,"comment_status":"open","ping_status":"closed","template":"","meta":{"site-sidebar-layout":"default","site-content-layout":"","ast-site-content-layout":"default","site-content-style":"default","site-sidebar-style":"default","ast-global-header-display":"","ast-banner-title-visibility":"","ast-main-header-display":"","ast-hfb-above-header-display":"","ast-hfb-below-header-display":"","ast-hfb-mobile-header-display":"","site-post-title":"","ast-breadcrumbs-content":"","ast-featured-img":"","footer-sml-layout":"","ast-disable-related-posts":"","theme-transparent-header-meta":"default","adv-header-id-meta":"","stick-header-meta":"default","header-above-stick-meta":"","header-main-stick-meta":"","header-below-stick-meta":"","astra-migrate-meta-layouts":"set","ast-page-background-enabled":"default","ast-page-background-meta":{"desktop":{"background-color":"var(--ast-global-color-4)","background-image":"","background-repeat":"repeat","background-position":"center center","background-size":"auto","background-attachment":"scroll","background-type":"","background-media":"","overlay-type":"","overlay-color":"","overlay-opacity":"","overlay-gradient":""},"tablet":{"background-color":"","background-image":"","background-repeat":"repeat","background-position":"center center","background-size":"auto","background-attachment":"scroll","background-type":"","background-media":"","overlay-type":"","overlay-color":"","overlay-opacity":"","overlay-gradient":""},"mobile":{"background-color":"","background-image":"","background-repeat":"repeat","background-position":"center center","background-size":"auto","background-attachment":"scroll","background-type":"","background-media":"","overlay-type":"","overlay-color":"","overlay-opacity":"","overlay-gradient":""}},"ast-content-background-meta":{"desktop":{"background-color":"var(--ast-global-color-5)","background-image":"","background-repeat":"repeat","background-position":"center center","background-size":"auto","background-attachment":"scroll","background-type":"","background-media":"","overlay-type":"","overlay-color":"","overlay-opacity":"","overlay-gradient":""},"tablet":{"background-color":"var(--ast-global-color-5)","background-image":"","background-repeat":"repeat","background-position":"center center","background-size":"auto","background-attachment":"scroll","background-type":"","background-media":"","overlay-type":"","overlay-color":"","overlay-opacity":"","overlay-gradient":""},"mobile":{"background-color":"var(--ast-global-color-5)","background-image":"","background-repeat":"repeat","background-position":"center center","background-size":"auto","background-attachment":"scroll","background-type":"","background-media":"","overlay-type":"","overlay-color":"","overlay-opacity":"","overlay-gradient":""}}},"product_brand":[],"product_cat":[20],"product_tag":[53,54,49,48,55,46,47,56],"class_list":{"0":"post-1534","1":"product","2":"type-product","3":"status-publish","4":"has-post-thumbnail","6":"product_cat-laser-drilling-machine","7":"product_tag-compact-design","8":"product_tag-high-precision","9":"product_tag-laser-cutting","10":"product_tag-laser-micro-drilling","11":"product_tag-multi-material-compatibility","12":"product_tag-picosecond-laser","13":"product_tag-precision-laser-drilling","14":"product_tag-sapphire-drilling","15":"desktop-align-left","16":"tablet-align-left","17":"mobile-align-left","18":"ast-product-gallery-layout-horizontal-slider","19":"ast-product-gallery-with-no-image","20":"ast-product-tabs-layout-horizontal","22":"first","23":"instock","24":"shipping-taxable","25":"product-type-simple"},"_links":{"self":[{"href":"https:\/\/www.zmsh-semitech.com\/cs\/wp-json\/wp\/v2\/product\/1534","targetHints":{"allow":["GET"]}}],"collection":[{"href":"https:\/\/www.zmsh-semitech.com\/cs\/wp-json\/wp\/v2\/product"}],"about":[{"href":"https:\/\/www.zmsh-semitech.com\/cs\/wp-json\/wp\/v2\/types\/product"}],"replies":[{"embeddable":true,"href":"https:\/\/www.zmsh-semitech.com\/cs\/wp-json\/wp\/v2\/comments?post=1534"}],"version-history":[{"count":1,"href":"https:\/\/www.zmsh-semitech.com\/cs\/wp-json\/wp\/v2\/product\/1534\/revisions"}],"predecessor-version":[{"id":1539,"href":"https:\/\/www.zmsh-semitech.com\/cs\/wp-json\/wp\/v2\/product\/1534\/revisions\/1539"}],"wp:featuredmedia":[{"embeddable":true,"href":"https:\/\/www.zmsh-semitech.com\/cs\/wp-json\/wp\/v2\/media\/1535"}],"wp:attachment":[{"href":"https:\/\/www.zmsh-semitech.com\/cs\/wp-json\/wp\/v2\/media?parent=1534"}],"wp:term":[{"taxonomy":"product_brand","embeddable":true,"href":"https:\/\/www.zmsh-semitech.com\/cs\/wp-json\/wp\/v2\/product_brand?post=1534"},{"taxonomy":"product_cat","embeddable":true,"href":"https:\/\/www.zmsh-semitech.com\/cs\/wp-json\/wp\/v2\/product_cat?post=1534"},{"taxonomy":"product_tag","embeddable":true,"href":"https:\/\/www.zmsh-semitech.com\/cs\/wp-json\/wp\/v2\/product_tag?post=1534"}],"curies":[{"name":"wp","href":"https:\/\/api.w.org\/{rel}","templated":true}]}}